{"id":162,"date":"2017-03-02T08:10:36","date_gmt":"2017-03-02T07:10:36","guid":{"rendered":"http:\/\/forseth.se\/idet\/?page_id=162"},"modified":"2017-03-02T08:19:51","modified_gmt":"2017-03-02T07:19:51","slug":"bortbytingar-i-industrisamhallet","status":"publish","type":"page","link":"https:\/\/forseth.se\/?page_id=162","title":{"rendered":"Bortbytingar i industrisamh\u00e4llet"},"content":{"rendered":"<p style=\"text-align: center;\">S\u00c5DAN FAR, S\u00c5DAN SON \u2013 gratistidning.com 2014-10-26<\/p>\n<p style=\"text-align: center;\"><a href=\"https:\/\/forseth.se\/idet\/wp-content\/uploads\/2017\/03\/Saadan-far-saadan-son.jpg\"><img loading=\"lazy\" decoding=\"async\" class=\"alignnone wp-image-168\" src=\"https:\/\/forseth.se\/idet\/wp-content\/uploads\/2017\/03\/Saadan-far-saadan-son-1024x705.jpg\" width=\"1000\" height=\"689\" srcset=\"https:\/\/forseth.se\/wp-content\/uploads\/2017\/03\/Saadan-far-saadan-son-1024x705.jpg 1024w, https:\/\/forseth.se\/wp-content\/uploads\/2017\/03\/Saadan-far-saadan-son-300x207.jpg 300w, https:\/\/forseth.se\/wp-content\/uploads\/2017\/03\/Saadan-far-saadan-son-768x529.jpg 768w, https:\/\/forseth.se\/wp-content\/uploads\/2017\/03\/Saadan-far-saadan-son.jpg 1289w\" sizes=\"auto, (max-width: 767px) 89vw, (max-width: 1000px) 54vw, (max-width: 1071px) 543px, 580px\" \/><\/a><\/p>\n<p>&nbsp;<\/p>\n<style type=\"text\/css\">\n\t<!-- @page { margin: 2cm } P { margin-bottom: 0.21cm } A:link { so-language: zxx } --><br \/>\t<\/style>\n<p style=\"text-align: center;\"><span style=\"color: #800000;\"><span style=\"font-family: Verdana,sans-serif;\"><span style=\"font-size: xx-large;\"><b>Bortbytingar i industrisamh\u00e4llet<\/b><\/span><\/span><\/span><\/p>\n<p style=\"text-align: center;\"><span style=\"color: #800000;\"><span style=\"font-family: Verdana,sans-serif;\"><span style=\"font-size: xx-large;\"><b>och annat man kan f\u00e5 se p\u00e5 bio om man verkligen vill<\/b><\/span><\/span><\/span><\/p>\n<p style=\"text-align: center;\"><span style=\"color: #800000;\"><span style=\"font-family: Helvetica,sans-serif;\"><span style=\"font-size: x-large;\"><b>Inte kan det v\u00e4l h\u00e4nda idag, att nyf\u00f6dda p\u00e5 BB blir bortbytta? Det h\u00f6r v\u00e4l gamla tider till att frukta, att om man sl\u00e4pper den nyf\u00f6dda ur sikte ett \u00f6gonblick i skogsbrynet kan skogsr\u00e5et komma och byta bort ungen mot sitt eget \u00e4ttel\u00e4gg?<\/b><\/span><\/span><\/span><\/p>\n<p><span style=\"color: #800000;\"><span style=\"font-family: Georgia,serif;\"><span style=\"font-size: x-large;\">Inte ligger v\u00e4l modern idag d\u00e4r p\u00e5 britsen i det moderna sjukhuset och fruktar att personalen i ett obevakat \u00f6gonblick ska blanda ihop ett par av barnen?<\/span><\/span><\/span><\/p>\n<p><span style=\"color: #800000;\"><span style=\"font-family: Georgia,serif;\"><span style=\"font-size: x-large;\">Icke desto mindre \u00e4r det just vad som sker i den japanska filmen <\/span><\/span><span style=\"font-family: Georgia,serif;\"><span style=\"font-size: x-large;\"><i>S\u00e5dan far, s\u00e5dan son<\/i><\/span><\/span><span style=\"font-family: Georgia,serif;\"><span style=\"font-size: x-large;\"> fr\u00e5n f\u00f6rra \u00e5ret. En v\u00e4lutbildad medelklassfamilj g\u00f6r allt f\u00f6r att deras lille sex\u00e5ring ska l\u00e4ra sig spela p\u00e5 musikinstrument, och n\u00e5gon helt annanstans lever en annan sex\u00e5ring sitt liv i en arbetarfamilj.<\/span><\/span><\/span><\/p>\n<p><span style=\"color: #800000;\"><span style=\"font-family: Georgia,serif;\"><span style=\"font-size: x-large;\">En dag f\u00e5r b\u00e4gge familjerna ett telefonsamtal fr\u00e5n sjukhuset: \u226bDet har skett ett misstag. F\u00f6r sex \u00e5r sedan&#8230;\u226a<\/span><\/span><\/span><\/p>\n<p><span style=\"color: #800000;\"><span style=\"font-family: Georgia,serif;\"><span style=\"font-size: x-large;\">Om det h\u00e4r skulle vara m\u00f6jligt i Sverige vet jag inte, men man kan v\u00e4l tr\u00f6sta sig med, att skogsr\u00e5et nog inte hade ringt upp och erk\u00e4nt bytet av unge.<\/span><\/span><\/span><\/p>\n<p><span style=\"color: #800000;\"><span style=\"font-family: Georgia,serif;\"><span style=\"font-size: x-large;\">Denna japanska film visar filmstudion p\u00e5 Folkets hus nu p\u00e5 torsdag 30 oktober. En film av denna kategori brukar vi kalla <\/span><\/span><span style=\"font-family: Georgia,serif;\"><span style=\"font-size: x-large;\"><i>drama.<\/i><\/span><\/span><span style=\"font-family: Georgia,serif;\"><span style=\"font-size: x-large;\"> Drama \u00e4r den kategori som Kiruna filmstudio visar mest av. Dramer kan vara m\u00f6rka eller ljusa. Tidigare denna m\u00e5nad hade vi ett amerikanskt drama som hette <\/span><\/span><span style=\"font-family: Georgia,serif;\"><span style=\"font-size: x-large;\"><i>Her.<\/i><\/span><\/span><span style=\"font-family: Georgia,serif;\"><span style=\"font-size: x-large;\">\u00a0Filmen var ljus och drog mycket folk. Namnet antyder lite romantik, och jo \u2013 romantik \u00e4r ett s\u00e4kert kort. Det visar filmstudion ocks\u00e5 mycket av.<\/span><\/span><\/span><\/p>\n<p><span style=\"color: #800000;\"><span style=\"font-family: Georgia,serif;\"><span style=\"font-size: x-large;\">Men Kiruna filmstudio och Arctic light filmfestival \u00e4r de tv\u00e5 \u226bfilmklubbar\u226a, som st\u00e5r f\u00f6r det stora filmutbudet i Kiruna. D\u00e5 kan man inte vara enkelsp\u00e5rig utan m\u00e5ste visa upp en m\u00e5ngfald av filmkategorier.<\/span><\/span><\/span><\/p>\n<p><span style=\"color: #800000;\"><span style=\"font-family: Georgia,serif;\"><span style=\"font-size: x-large;\">Och filmstudions oktoberserie \u00e4r ett bra exempel p\u00e5 det. Seriens f\u00f6rsta film var <\/span><\/span><span style=\"font-family: Georgia,serif;\"><span style=\"font-size: x-large;\"><i>Clint Eastwoods<\/i><\/span><\/span><span style=\"font-family: Georgia,serif;\"><span style=\"font-size: x-large;\"> genombrottsrulle, spaghettiv\u00e4stern <\/span><\/span><span style=\"font-family: Georgia,serif;\"><span style=\"font-size: x-large;\"><i>F\u00f6r en handfull dollar<\/i><\/span><\/span><span style=\"font-family: Georgia,serif;\"><span style=\"font-size: x-large;\"> fr\u00e5n 1964. I odubbad originalversion d\u00e4r Clintan talade italienska! Efter \u226bHer\u226a kom en finsk tok-action som aldrig visats h\u00e4r f\u00f6rut, <\/span><\/span><span style=\"font-family: Georgia,serif;\"><span style=\"font-size: x-large;\"><i>The last border<\/i><\/span><\/span><span style=\"font-family: Georgia,serif;\"><span style=\"font-size: x-large;\"> (1993) \u2013 om en lagl\u00f6s framtid p\u00e5 Nordkalotten, d\u00e4r ett vilt mc-g\u00e4ng styr som de vill men st\u00f6ter p\u00e5 b\u00e5de samiska och engelska partisaner, oj-oj! Och veckan d\u00e4refter en h\u00e5rdkokt holl\u00e4ndsk film om motst\u00e5ndsr\u00f6relsen under andra v\u00e4rldskriget, <\/span><\/span><span style=\"font-family: Georgia,serif;\"><span style=\"font-size: x-large;\"><i>Black book<\/i><\/span><\/span><span style=\"font-family: Georgia,serif;\"><span style=\"font-size: x-large;\"> (2006).<\/span><\/span><\/span><\/p>\n<p><span style=\"color: #800000;\"><span style=\"font-family: Georgia,serif;\"><span style=\"font-size: x-large;\">Kom sedan och s\u00e4g, den som t\u00f6rs, att Kiruna filmstudio \u00e4gnar sig \u00e5t att pilla sig i naveln!<\/span><\/span><\/span><\/p>\n<p><span style=\"color: #800000;\"><span style=\"font-family: Georgia,serif;\"><span style=\"font-size: x-large;\">Nu blir det filmfestival f\u00f6r 25:e \u00e5ret. Men innan dess allts\u00e5 en film till i filmstudions oktoberserie, \u226bS\u00e5dan far, s\u00e5dan son\u226a. Och denna filmklubb firar 60 \u00e5r i \u00e5r!<\/span><\/span><\/span><\/p>\n<p><span style=\"color: #800000;\"><span style=\"font-family: Georgia,serif;\"><span style=\"font-size: x-large;\">Bara en s\u00e5dan sak!<\/span><\/span><\/span><\/p>\n<p>&nbsp;<\/p>\n<p style=\"text-align: right;\"><em><span style=\"color: #800000;\"><span style=\"font-family: Georgia,serif;\"><span style=\"font-size: x-large;\">En id\u00e9 i idet av Bj\u00f6rn Forseth<\/span><\/span><\/span><\/em><\/p>\n<p style=\"text-align: center;\"><a href=\"..\/idet\">\u00c5ter<\/a><\/p>\n","protected":false},"excerpt":{"rendered":"<p>S\u00c5DAN FAR, S\u00c5DAN SON \u2013 gratistidning.com 2014-10-26 &nbsp; Bortbytingar i industrisamh\u00e4llet och annat man kan f\u00e5 se p\u00e5 bio om man verkligen vill Inte kan det v\u00e4l h\u00e4nda idag, att nyf\u00f6dda p\u00e5 BB blir bortbytta? Det h\u00f6r v\u00e4l gamla tider till att frukta, att om man sl\u00e4pper den nyf\u00f6dda ur sikte ett \u00f6gonblick i skogsbrynet &hellip; <\/p>\n<p class=\"link-more\"><a href=\"https:\/\/forseth.se\/?page_id=162\" class=\"more-link\">Forts\u00e4tt l\u00e4sa<span class=\"screen-reader-text\"> \u201dBortbytingar i industrisamh\u00e4llet\u201d<\/span><\/a><\/p>\n","protected":false},"author":1,"featured_media":0,"parent":0,"menu_order":3,"comment_status":"closed","ping_status":"closed","template":"","meta":{"footnotes":""},"class_list":["post-162","page","type-page","status-publish","hentry"],"_links":{"self":[{"href":"https:\/\/forseth.se\/index.php?rest_route=\/wp\/v2\/pages\/162","targetHints":{"allow":["GET"]}}],"collection":[{"href":"https:\/\/forseth.se\/index.php?rest_route=\/wp\/v2\/pages"}],"about":[{"href":"https:\/\/forseth.se\/index.php?rest_route=\/wp\/v2\/types\/page"}],"author":[{"embeddable":true,"href":"https:\/\/forseth.se\/index.php?rest_route=\/wp\/v2\/users\/1"}],"replies":[{"embeddable":true,"href":"https:\/\/forseth.se\/index.php?rest_route=%2Fwp%2Fv2%2Fcomments&post=162"}],"version-history":[{"count":8,"href":"https:\/\/forseth.se\/index.php?rest_route=\/wp\/v2\/pages\/162\/revisions"}],"predecessor-version":[{"id":171,"href":"https:\/\/forseth.se\/index.php?rest_route=\/wp\/v2\/pages\/162\/revisions\/171"}],"wp:attachment":[{"href":"https:\/\/forseth.se\/index.php?rest_route=%2Fwp%2Fv2%2Fmedia&parent=162"}],"curies":[{"name":"wp","href":"https:\/\/api.w.org\/{rel}","templated":true}]}}