{"id":224,"date":"2017-03-07T10:14:20","date_gmt":"2017-03-07T09:14:20","guid":{"rendered":"http:\/\/forseth.se\/idet\/?page_id=224"},"modified":"2017-03-07T10:16:49","modified_gmt":"2017-03-07T09:16:49","slug":"leoparden-ett-kostymdrama","status":"publish","type":"page","link":"https:\/\/forseth.se\/?page_id=224","title":{"rendered":"Leoparden, ett kostymdrama"},"content":{"rendered":"<p style=\"text-align: center;\">LEOPARDEN \u2013 gratistidning.com 2015-01-12<\/p>\n<p>&nbsp;<\/p>\n<p><span style=\"color: #800000;\"><a href=\"https:\/\/forseth.se\/idet\/wp-content\/uploads\/2017\/03\/Leoparden-Claudia-Cardinale-Alain-Delon.jpg\"><img loading=\"lazy\" decoding=\"async\" class=\"aligncenter wp-image-225\" src=\"https:\/\/forseth.se\/idet\/wp-content\/uploads\/2017\/03\/Leoparden-Claudia-Cardinale-Alain-Delon.jpg\" width=\"1000\" height=\"750\" srcset=\"https:\/\/forseth.se\/wp-content\/uploads\/2017\/03\/Leoparden-Claudia-Cardinale-Alain-Delon.jpg 860w, https:\/\/forseth.se\/wp-content\/uploads\/2017\/03\/Leoparden-Claudia-Cardinale-Alain-Delon-300x225.jpg 300w, https:\/\/forseth.se\/wp-content\/uploads\/2017\/03\/Leoparden-Claudia-Cardinale-Alain-Delon-768x576.jpg 768w\" sizes=\"auto, (max-width: 767px) 89vw, (max-width: 1000px) 54vw, (max-width: 1071px) 543px, 580px\" \/><\/a><\/span><\/p>\n<style type=\"text\/css\">\n\t<!-- @page { margin: 2cm } P { margin-bottom: 0.21cm } --><br \/>\t<\/style>\n<p>&nbsp;<\/p>\n<p lang=\"sv-SE\" align=\"CENTER\"><span style=\"color: #800000;\"><span style=\"font-family: HelveticaNeue-Bold;\"><span style=\"font-size: 300%;\"><b>Leoparden<\/b><\/span><\/span><\/span><\/p>\n<p lang=\"sv-SE\" align=\"CENTER\"><span style=\"color: #800000;\"><span style=\"font-family: Georgia-BoldItalic,cursive;\"><span style=\"font-size: large;\"><i><b>God kv\u00e4ll!<\/b><\/i><\/span><\/span><\/span><\/p>\n<p lang=\"sv-SE\" align=\"CENTER\"><span style=\"color: #800000;\"><span style=\"font-family: Georgia-BoldItalic,cursive;\"><span style=\"font-size: large;\"><i><b>Regiss\u00f6ren anser att det vore ol\u00e4mpligt att visa den h\u00e4r filmen utan ett varnande ord. \u2026 Ni kanske blir chockade. \u2026 S\u00e5 om n\u00e5gon av er inte vill uts\u00e4tta era nerver f\u00f6r denna p\u00e5frestning har ni chansen att\u2026<\/b><\/i><\/span><\/span><\/span><\/p>\n<p lang=\"sv-SE\" align=\"CENTER\"><span style=\"color: #800000;\"><span style=\"font-family: Georgia-BoldItalic,cursive;\"><span style=\"font-size: large;\"><i><b>Tja, vi har varnat er.<\/b><\/i><\/span><\/span><\/span><\/p>\n<p lang=\"sv-SE\" align=\"LEFT\"><span style=\"color: #800000;\"><span style=\"font-family: Georgia,serif;\"><span style=\"font-size: large;\">S\u00e5 inledde producenten filmen <span style=\"font-family: Georgia-Italic,cursive;\"><i>Frankenstein \u2013 mannen som skapade en m\u00e4nniska,<\/i><\/span> som filmstudion visade i fredags. Den ungdomliga publiken tog kanske ett djupt andetag, men ingen l\u00e4mnade sin plats\u2026<\/span><\/span><\/span><\/p>\n<p lang=\"sv-SE\" align=\"LEFT\"><span style=\"color: #800000;\"><span style=\"font-family: Georgia,serif;\"><span style=\"font-size: large;\">Den filmen var fr\u00e5n 1931, och kanske var man mer l\u00e4ttskr\u00e4md p\u00e5 den tiden. Hur skulle de ha reagerat, om de f\u00e5tt ett f\u00f6rhandsbesked fr\u00e5n v\u00e5r tid om att vi klonat f\u00e5ret Shaun (eller vad djuret nu hette)?<\/span><\/span><\/span><\/p>\n<p lang=\"sv-SE\" align=\"LEFT\"><span style=\"color: #800000;\"><span style=\"font-family: Georgia,serif;\"><span style=\"font-size: large;\">Kiruna filmstudio har v\u00e4l inte direkt gjort sig k\u00e4nd f\u00f6r monsterfilmer, men smaken \u00e4r delad och s\u00e5som bj\u00f6rn \u00e4r undertecknad all\u00e4tare. Filmstudions f\u00f6rest\u00e4llning nu p\u00e5 torsdag kommer med s\u00e4kerhet <span style=\"font-family: Georgia-Italic,cursive;\"><i>inte<\/i><\/span> att inledas med ett varningens ord, trots att filmen heter <span style=\"font-family: Georgia-Italic,cursive;\"><i>Leoparden.<\/i><\/span> Man skulle kunna f\u00f6rledas att tro, att det blir mycket rytande och slitande i antilopers ben och in\u00e4lvor \u2013 en riktig <span style=\"font-family: Georgia-Italic,cursive;\"><i>splatter<\/i><\/span>film, s\u00e5ledes! Redan nu kan jag emellertid f\u00f6rs\u00e4kra, att n\u00e5got s\u00e5dant blodbad blir det inte. Faktum \u00e4r, att filmen inte handlar om leoparder alls \u2013 inte fyrtassade i alla fall. Den som sett fram emot att p\u00e5 stor bioduk f\u00e5 se en fantastisk naturfilm fr\u00e5n djupa djungler; den m\u00e5ste jag g\u00f6ra besviken.<\/span><\/span><\/span><\/p>\n<p lang=\"sv-SE\" align=\"LEFT\"><span style=\"color: #800000;\"><span style=\"font-family: Georgia,serif;\"><span style=\"font-size: large;\">Nej, bakom det st\u00e5tliga namnet st\u00e5r en italiensk furste i slutet av 1800-talet, spelad av den lika st\u00e5tlige amerikanske sk\u00e5despelaren <span style=\"font-family: Georgia-Italic,cursive;\"><i>Burt Lancaster,<\/i><\/span> f\u00f6reg\u00e5ngare till dagens \u00f6gonfr\u00f6jd <span style=\"font-family: Georgia-Italic,cursive;\"><i>George Clooney.<\/i><\/span> I likhet med den senare idag var den f\u00f6rre vid mitten av 1900-talet en av Hollywoods mest uppburna hj\u00e4ltefigurer fr\u00e5n filmer som <span style=\"font-family: Georgia-Italic,cursive;\"><i>H\u00f6ken och pilen<\/i><\/span> 1950, <span style=\"font-family: Georgia-Italic,cursive;\"><i>R\u00f6de piraten<\/i><\/span> 1952, <span style=\"font-family: Georgia-Italic,cursive;\"><i>H\u00e4rifr\u00e5n till evigheten<\/i><\/span> 1953 och <span style=\"font-family: Georgia-Italic,cursive;\"><i>F\u00e5ngen fr\u00e5n Alcatraz<\/i><\/span> 1962. Fr\u00e5n b\u00f6rjan var han cirkusakrobat, s\u00e5 hans kropp gjorde sig bra i badbyxor eller h\u00f6ftskynke, och han kunde sl\u00e5 knut p\u00e5 sig sj\u00e4lv utan hj\u00e4lp av stuntman.<\/span><\/span><\/span><\/p>\n<p lang=\"sv-SE\" align=\"LEFT\"><span style=\"color: #800000;\"><span style=\"font-family: Georgia,serif;\"><span style=\"font-size: large;\">Men han ville mer \u00e4n att bara visa bringan. 1963 skulle den store italienske regiss\u00f6ren <span style=\"font-family: Georgia-Italic,cursive;\"><i>Luchino Visconti<\/i><\/span> g\u00f6ra film av den sicilianske fursten <span style=\"font-family: Georgia-Italic,cursive;\"><i>Giuseppe Tomasi di Lampedusas<\/i><\/span> roman <span style=\"font-family: Georgia-Italic,cursive;\"><i>Leoparden<\/i><\/span> och ville ha den sovjetiske sk\u00e5despelaren <span style=\"font-family: Georgia-Italic,cursive;\"><i>Nikolaj Tjerkasov<\/i><\/span> i titelrollen <span style=\"font-family: Georgia-Italic,cursive;\"><i>(furst don Fabrizio Salina),<\/i><\/span> men producenten ville ha en sk\u00e5despelare \u201dmed pondus\u201d. Mot Viscontis vilja valde de Lancaster, som senare ber\u00e4ttade:<\/span><\/span><\/span><\/p>\n<p lang=\"sv-SE\" style=\"padding-left: 30px;\" align=\"JUSTIFY\"><span style=\"color: #800000;\"><span style=\"font-family: Georgia,serif;\"><span style=\"font-size: large;\">De ville ha en ryss, men han var f\u00f6r gammal. De ville ha Laurence Olivier, men han hade inte tid. N\u00e4r jag kom p\u00e5 tal sa Visconti: \u201d\u00c5 nej, en cowboy!\u201d. Men jag hade just gjort <span style=\"font-family: Georgia-Italic,cursive;\"><i>Dom i N\u00fcrnberg<\/i><\/span> (1961). Den hade han sett, och han beh\u00f6vde tre miljoner dollar, som 20<sup>th<\/sup> Century-Fox kunde erbjuda om de tog en amerikansk stj\u00e4rna, och d\u00e5 gick det som det gick. Det skulle visa sig bli ett sk\u00f6nt \u00e4ktenskap!<\/span><\/span><\/span><\/p>\n<p lang=\"sv-SE\" align=\"LEFT\"><span style=\"color: #800000;\"><span style=\"font-family: Georgia,serif;\"><span style=\"font-size: large;\">S\u00e5 sk\u00f6nt b\u00f6rjade det nu inte. Visconti var s\u00e5 missn\u00f6jd med valet av huvudrollsinnehavare, att han trakasserade Lancaster under de f\u00f6rsta veckornas filmande. Till slut slog Lancaster n\u00e4ven i bordet inf\u00f6r \u00f6ppen rid\u00e5 \u2013 om man kan s\u00e4ga s\u00e5 om ett upptr\u00e4de i en studio. Han tog upp regiss\u00f6rens mobbande av honom med s\u00e5dan emfas, att Visconti f\u00f6ll pladask f\u00f6r det lidelsefulla och allvarliga utbrottet och blev Lancasters v\u00e4n f\u00f6r evigt (de gjorde ocks\u00e5 senare en film tillsammans: <span style=\"font-family: Georgia-Italic,cursive;\"><i>V\u00e5ld och passion<\/i><\/span> 1974).<\/span><\/span><\/span><\/p>\n<p lang=\"sv-SE\" align=\"LEFT\"><span style=\"color: #800000;\"><span style=\"font-family: Georgia,serif;\"><span style=\"font-size: large;\">Att Lancaster g\u00e5tt och blivit \u201dkarakt\u00e4rssk\u00e5despelare\u201d l\u00e4r ha d\u00e4mpat Hollywoods intresse f\u00f6r honom i framtida hj\u00e4lteroller.<\/span><\/span><\/span><\/p>\n<p lang=\"sv-SE\" align=\"LEFT\"><span style=\"color: #800000;\"><span style=\"font-family: Georgia,serif;\"><span style=\"font-size: large;\">Burt Lancaster \u00e4r allts\u00e5 i Leoparden en \u00e4ldre, stilig karl, och han har d\u00e4r en rival, som ocks\u00e5 var sin tids affisch i franska flickrum: <span style=\"font-family: Georgia-Italic,cursive;\"><i>Alain Delon.<\/i><\/span> Leopardens kvinnliga spets i triangeldramat \u00e4r <span style=\"font-family: Georgia-Italic,cursive;\"><i>Claudia Cardinale.<\/i><\/span> Om damerna finner Lancaster och Delon oemotst\u00e5ndliga, s\u00e5 kallar undertecknad Cardinale fullst\u00e4ndigt undersk\u00f6n. Och triangeldramer, s\u00e4rskilt i slott och herres\u00e4ten med krusiduller och kr\u00e5s i kostymerna, \u00e4r v\u00e4l n\u00e5got som drar alla dem, som gillar passion och drama.<\/span><\/span><\/span><\/p>\n<p lang=\"sv-SE\" align=\"LEFT\"><span style=\"color: #800000;\"><span style=\"font-family: Georgia,serif;\"><span style=\"font-size: large;\">Men all\u00e4tare f\u00e5r lite annat till livs ocks\u00e5. Det \u00e4r en turbulent tid: det \u00e4r uppror och riket Italien h\u00e5ller p\u00e5 att enas. Den gamla feodala \u00f6verklassen, adeln, h\u00e5ller p\u00e5 att f\u00f6rlora sin st\u00e4llning. <span style=\"font-family: Georgia-Italic,cursive;\"><i>En f\u00f6rlorad v\u00e4rld<\/i><\/span> heter det n\u00e4r man filmar adelns nedg\u00e5ng p\u00e5 engelska. \u201dDe sista leoparderna\u201d skulle man kunna kalla det med furst di Salinas ord.<\/span><\/span><\/span><\/p>\n<p align=\"RIGHT\"><span style=\"color: #800000;\"><em><span style=\"font-family: Verdana Italic,sans-serif;\"><span style=\"font-size: medium;\">En id\u00e9 i idet av Bj\u00f6rn Forseth<\/span><\/span><\/em><\/span><\/p>\n<p style=\"text-align: center;\" align=\"RIGHT\"><a href=\"..\/idet\">\u00c5ter<\/a><\/p>\n","protected":false},"excerpt":{"rendered":"<p>LEOPARDEN \u2013 gratistidning.com 2015-01-12 &nbsp; &nbsp; Leoparden God kv\u00e4ll! Regiss\u00f6ren anser att det vore ol\u00e4mpligt att visa den h\u00e4r filmen utan ett varnande ord. \u2026 Ni kanske blir chockade. \u2026 S\u00e5 om n\u00e5gon av er inte vill uts\u00e4tta era nerver f\u00f6r denna p\u00e5frestning har ni chansen att\u2026 Tja, vi har varnat er. S\u00e5 inledde producenten &hellip; <\/p>\n<p class=\"link-more\"><a href=\"https:\/\/forseth.se\/?page_id=224\" class=\"more-link\">Forts\u00e4tt l\u00e4sa<span class=\"screen-reader-text\"> \u201dLeoparden, ett kostymdrama\u201d<\/span><\/a><\/p>\n","protected":false},"author":1,"featured_media":0,"parent":0,"menu_order":12,"comment_status":"closed","ping_status":"closed","template":"","meta":{"footnotes":""},"class_list":["post-224","page","type-page","status-publish","hentry"],"_links":{"self":[{"href":"https:\/\/forseth.se\/index.php?rest_route=\/wp\/v2\/pages\/224","targetHints":{"allow":["GET"]}}],"collection":[{"href":"https:\/\/forseth.se\/index.php?rest_route=\/wp\/v2\/pages"}],"about":[{"href":"https:\/\/forseth.se\/index.php?rest_route=\/wp\/v2\/types\/page"}],"author":[{"embeddable":true,"href":"https:\/\/forseth.se\/index.php?rest_route=\/wp\/v2\/users\/1"}],"replies":[{"embeddable":true,"href":"https:\/\/forseth.se\/index.php?rest_route=%2Fwp%2Fv2%2Fcomments&post=224"}],"version-history":[{"count":5,"href":"https:\/\/forseth.se\/index.php?rest_route=\/wp\/v2\/pages\/224\/revisions"}],"predecessor-version":[{"id":231,"href":"https:\/\/forseth.se\/index.php?rest_route=\/wp\/v2\/pages\/224\/revisions\/231"}],"wp:attachment":[{"href":"https:\/\/forseth.se\/index.php?rest_route=%2Fwp%2Fv2%2Fmedia&parent=224"}],"curies":[{"name":"wp","href":"https:\/\/api.w.org\/{rel}","templated":true}]}}