{"id":242,"date":"2017-03-07T10:39:04","date_gmt":"2017-03-07T09:39:04","guid":{"rendered":"http:\/\/forseth.se\/idet\/?page_id=242"},"modified":"2017-03-07T10:40:11","modified_gmt":"2017-03-07T09:40:11","slug":"sa-%ef%bb%bftalte-von-trier","status":"publish","type":"page","link":"https:\/\/forseth.se\/?page_id=242","title":{"rendered":"S\u00e5 \ufefftalte von Trier"},"content":{"rendered":"<p style=\"text-align: center;\">NYMPHOMANIAC 2 \u2013\u00a0gratistidning.com 2015-02-02<\/p>\n<p>&nbsp;<\/p>\n<p><span style=\"color: #800000;\"><a href=\"https:\/\/forseth.se\/idet\/wp-content\/uploads\/2017\/03\/Lars-von-Trier-Friedrich-Nietzsche.jpg\"><img loading=\"lazy\" decoding=\"async\" class=\"aligncenter wp-image-243\" src=\"https:\/\/forseth.se\/idet\/wp-content\/uploads\/2017\/03\/Lars-von-Trier-Friedrich-Nietzsche.jpg\" width=\"1000\" height=\"1133\" srcset=\"https:\/\/forseth.se\/wp-content\/uploads\/2017\/03\/Lars-von-Trier-Friedrich-Nietzsche.jpg 4096w, https:\/\/forseth.se\/wp-content\/uploads\/2017\/03\/Lars-von-Trier-Friedrich-Nietzsche-265x300.jpg 265w, https:\/\/forseth.se\/wp-content\/uploads\/2017\/03\/Lars-von-Trier-Friedrich-Nietzsche-768x870.jpg 768w, https:\/\/forseth.se\/wp-content\/uploads\/2017\/03\/Lars-von-Trier-Friedrich-Nietzsche-904x1024.jpg 904w\" sizes=\"auto, (max-width: 767px) 89vw, (max-width: 1000px) 54vw, (max-width: 1071px) 543px, 580px\" \/><\/a><\/span><\/p>\n<style type=\"text\/css\">\n\t<!-- @page { margin: 2cm } P { margin-bottom: 0.21cm } --><br \/>\n\t<\/style>\n<p>&nbsp;<\/p>\n<p lang=\"sv-SE\" align=\"CENTER\">\n<p lang=\"sv-SE\" align=\"CENTER\"><span style=\"color: #800000;\"><span style=\"font-family: HelveticaNeue-Bold;\"><span style=\"font-size: 300%;\"><b>S\u00e5 talte von Trier<\/b><\/span><\/span><\/span><\/p>\n<p lang=\"sv-SE\" align=\"CENTER\"><span style=\"color: #800000;\"><span style=\"font-family: Georgia-BoldItalic,cursive;\"><span style=\"font-size: large;\"><i><b>Vad kan den d\u00e5tida filosofen Friedrich Nietzsche och den nutida regiss\u00f6ren Lars von Trier ha gemensamt?<\/b><\/i><\/span><\/span><\/span><\/p>\n<p lang=\"sv-SE\" align=\"CENTER\">\n<p lang=\"sv-SE\" align=\"LEFT\"><span style=\"color: #800000;\"><span style=\"font-family: Georgia,serif;\"><span style=\"font-size: large;\">Kiruna filmstudio har just visat <span style=\"font-family: Georgia-Italic,cursive;\"><i>Nymphomaniac I<\/i><\/span> och ska p\u00e5 torsdag se avslutningen, nummer II, fr\u00e5n 2013 och har upplevt vissa samband. <span style=\"font-family: Georgia-Italic,cursive;\"><i>Charlotte Gainsbourg<\/i><\/span> \u201dbiktar sig\u201d f\u00f6r <span style=\"font-family: Georgia-Italic,cursive;\"><i>Stellan Skarsg\u00e5rd,<\/i><\/span> som inte \u00e4r n\u00e5gon pr\u00e4st utan bara en v\u00e4nlig m\u00e4nniska, som tar sig tid att lysna. Den trasiga kvinnan k\u00e4nner sig besatt av en demon av n\u00e4stan bibliska proportioner, skulle man kunna s\u00e4ga: hon \u00e4r sjukligt nymfomanisk. I vanligt spr\u00e5kbruk: hon s\u00e4tter p\u00e5 alla karlar som kommer i hennes v\u00e4g.<\/span><\/span><\/span><\/p>\n<p lang=\"sv-SE\" align=\"LEFT\"><span style=\"color: #800000;\"><span style=\"font-family: Georgia,serif;\"><span style=\"font-size: large;\">Samband finns med andra filmer av <span style=\"font-family: Georgia-Italic,cursive;\"><i>Lars von Trier.<\/i><\/span> Nymfomanfilmens tv\u00e5 delar ing\u00e5r som en del i en \u201ddepressionstrilogi\u201d, vars f\u00f6rsta film (fr\u00e5n 2009) hette <span style=\"font-family: Georgia-Italic,cursive;\"><i>Antichrist.<\/i><\/span> Men filosofen <span style=\"font-family: Georgia-Italic,cursive;\"><i>Friedrich Nietzsche<\/i><\/span> hade redan 1895 skrivit en kyrkokritisk bok som hette <span style=\"font-family: Georgia-Italic,cursive;\"><i>Antikrist.<\/i><\/span> \u00c4r det en tillf\u00e4llighet? Och \u00e4r det en tillf\u00e4llighet, att Lars von Trier i en sj\u00e4lvbiografisk film kallar sig <span style=\"font-family: Georgia-Italic,cursive;\"><i>Erik Nietzsche?<\/i><\/span> M\u00e5nne den unge Nietzsche \u2013 det vill s\u00e4ga Trier sj\u00e4lv \u2013 \u00e4r lika s\u00e4ker p\u00e5 sig sj\u00e4lv som sin namne Nietzsche, filosofen?<\/span><\/span><\/span><\/p>\n<p lang=\"sv-SE\" align=\"LEFT\"><span style=\"color: #800000;\"><span style=\"font-family: Georgia,serif;\"><span style=\"font-size: large;\">Jod\u00e5, Lars von Trier \u00e4r s\u00e4ker p\u00e5 sig sj\u00e4lv och han trotsar auktoriteter precis som filosofen. S\u00e5 mycket till och med, att han blev utkastad fr\u00e5n filmfestivalen i Cannes 2011 f\u00f6r att han \u201dskojat\u201d om att han hade f\u00f6rst\u00e5else f\u00f6r <span style=\"font-family: Georgia-Italic,cursive;\"><i>Adolf Hitler.<\/i><\/span> Friedrich Nietzsche skojade inte, n\u00e4r han 1883 l\u00e4t vishetsl\u00e4raren <span style=\"font-family: Georgia-Italic,cursive;\"><i>Zarathustra<\/i><\/span> s\u00e4ga: \u201dGud \u00e4r d\u00f6d!\u201d. Det kunde man bli nackad f\u00f6r p\u00e5 den tiden, inte bara f\u00f6rklarad som icke \u00f6nskv\u00e4rd person p\u00e5 en festival. Att vara <span style=\"font-family: Georgia-Italic,cursive;\"><i>enfant terrible<\/i><\/span> kunde allts\u00e5 f\u00e5 terribla f\u00f6ljder.<\/span><\/span><\/span><\/p>\n<p lang=\"sv-SE\" align=\"LEFT\"><span style=\"color: #800000;\"><span style=\"font-family: Georgia,serif;\"><span style=\"font-size: large;\">Men sagde Hitler var nog f\u00f6rtjust i Nietzsche:<\/span><\/span><\/span><\/p>\n<p lang=\"sv-SE\" style=\"padding-left: 30px;\" align=\"LEFT\"><span style=\"color: #800000;\"><span style=\"font-family: Georgia,serif;\"><span style=\"font-size: large;\">Si, jag f\u00f6rkunnar eder \u00f6verm\u00e4nniskan! <\/span><\/span><\/span><\/p>\n<p lang=\"sv-SE\" style=\"padding-left: 30px;\" align=\"LEFT\"><span style=\"color: #800000;\"><span style=\"font-family: Georgia,serif;\"><span style=\"font-size: large;\">\u00d6verm\u00e4nniskan \u00e4r jordens mening. Eder vilja skall s\u00e4ga: \u00f6verm\u00e4nniskan vare jordens mening! \u2013 \u2013 \u2013 En g\u00e5ng var brottet mot Gud det st\u00f6rsta brottet, men Gud dog och d\u00e4rmed dogo \u00e4ven hans f\u00f6rbrytare. Att bryta mot jorden \u00e4r nu det fruktansv\u00e4rdaste.<\/span><\/span><\/span><\/p>\n<p lang=\"sv-SE\" align=\"LEFT\"><span style=\"color: #800000;\"><span style=\"font-family: Georgia,serif;\"><span style=\"font-size: large;\">S\u00e5 talade Zarathustra i Albert Erikssons \u00f6vers\u00e4ttning.<\/span><\/span><\/span><\/p>\n<p lang=\"sv-SE\" align=\"LEFT\"><span style=\"color: #800000;\"><span style=\"font-family: Georgia,serif;\"><span style=\"font-size: large;\">H\u00e4r kan nog alla klentrogna och milj\u00f6medvetna h\u00e5lla med den gode Nietzsche \u2013 bortsett fr\u00e5n det d\u00e4r om \u00f6verm\u00e4nniskan, som dock s\u00e4kert \u00e4r det som korpralen och m\u00e5laren Hitler mest f\u00e4ste sig vid. Fast han kan nog ha missf\u00f6rst\u00e5tt Nietzsches mening. Och filosofens syster gjorde efter hans d\u00f6d allt f\u00f6r att framst\u00e4lla Nietzsches ideer som en f\u00f6rel\u00f6pare till nazismens ideer \u2013 till och med med textf\u00f6rfalskning, har man funnit i senare forskning. Kanske b\u00e5de hans och von Triers ideer vantolkats? Om det v\u00e5gar jag inte yttra mig.<\/span><\/span><\/span><\/p>\n<p lang=\"sv-SE\" align=\"LEFT\"><span style=\"color: #800000;\"><span style=\"font-family: Georgia,serif;\"><span style=\"font-size: large;\">Men f\u00f6rvisso har Nietzsche skrivit in sig i filmhistorien, fast den moderna filmen kom till f\u00f6rst n\u00e5gra \u00e5r f\u00f6re hans d\u00f6d \u00e5r 1900. Inte bara f\u00f6r att Lars von Trier tagit hans efternamn f\u00f6r att kanske framst\u00e4lla sig sj\u00e4lv som samma andas barn. Nej, v\u00e4ldigt mycket tydligare:<\/span><\/span><\/span><\/p>\n<p lang=\"sv-SE\" align=\"LEFT\"><span style=\"color: #800000;\"><span style=\"font-family: Georgia,serif;\"><span style=\"font-size: large;\">N\u00e4r <span style=\"font-family: Georgia-Italic,cursive;\"><i>Stanley Kubrick<\/i><\/span> 1968 gjorde den epokg\u00f6rande science fiction-filmen <span style=\"font-family: Georgia-Italic,cursive;\"><i>2001 \u2013 ett rymd\u00e4ventyr,<\/i><\/span> l\u00e4t han filmen \u00f6ppnas med en magnifik \u201djorduppg\u00e5ng\u201d, det vill s\u00e4ga att biopubliken fick se jordsk\u00e4ran stiga upp \u00f6ver m\u00e5nens horisont p\u00e5 en j\u00e4ttestor filmduk. Och det skedde till en av de pampigaste tondikterna i musikhistorien: <span style=\"font-family: Georgia-Italic,cursive;\"><i>S\u00e5 talade Zarathustra<\/i><\/span> av <span style=\"font-family: Georgia-Italic,cursive;\"><i>Richard Strauss.<\/i><\/span><\/span><\/span><\/span><\/p>\n<p lang=\"sv-SE\" align=\"LEFT\"><span style=\"color: #800000;\"><span style=\"font-family: Georgia,serif;\"><span style=\"font-size: large;\">Men nog tycker jag att Nietzsche \u00e4r lite av en bak\u00e5tstr\u00e4vare, vilket alla som l\u00e4ser den h\u00e4r kr\u00f6nikan torde h\u00e5lla med om: <\/span><\/span><\/span><\/p>\n<p lang=\"sv-SE\" style=\"padding-left: 30px;\" align=\"LEFT\"><span style=\"color: #800000;\"><span style=\"font-family: Georgia,serif;\"><span style=\"font-size: large;\">Att var och en f\u00e5r l\u00e4ra sig att l\u00e4sa f\u00f6rst\u00f6r i l\u00e4ngden inte bara skrivandet utan \u00e4ven t\u00e4nkandet. En g\u00e5ng var anden gud, sedan blev anden m\u00e4nniska, och nu blir han till och med en simpel medelsvensson.<\/span><\/span><\/span><\/p>\n<p lang=\"sv-SE\" align=\"LEFT\"><span style=\"color: #800000;\"><span style=\"font-family: Georgia,serif;\"><span style=\"font-size: large;\">S\u00e5 talade Zarathustra i min \u00f6vers\u00e4ttning.<\/span><\/span><\/span><\/p>\n<p align=\"RIGHT\"><span style=\"font-family: HelveticaNeue-Italic,cursive; color: #800000;\"><span style=\"font-size: medium;\"><span lang=\"sv-SE\"><i>En id\u00e9 i idet av Bj\u00f6rn Forseth<\/i><\/span><\/span><\/span><\/p>\n<p style=\"text-align: center;\" align=\"RIGHT\"><a href=\"..\/idet\">\u00c5ter<\/a><\/p>\n","protected":false},"excerpt":{"rendered":"<p>NYMPHOMANIAC 2 \u2013\u00a0gratistidning.com 2015-02-02 &nbsp; &nbsp; S\u00e5 talte von Trier Vad kan den d\u00e5tida filosofen Friedrich Nietzsche och den nutida regiss\u00f6ren Lars von Trier ha gemensamt? Kiruna filmstudio har just visat Nymphomaniac I och ska p\u00e5 torsdag se avslutningen, nummer II, fr\u00e5n 2013 och har upplevt vissa samband. Charlotte Gainsbourg \u201dbiktar sig\u201d f\u00f6r Stellan Skarsg\u00e5rd, &hellip; <\/p>\n<p class=\"link-more\"><a href=\"https:\/\/forseth.se\/?page_id=242\" class=\"more-link\">Forts\u00e4tt l\u00e4sa<span class=\"screen-reader-text\"> \u201dS\u00e5 \ufefftalte von Trier\u201d<\/span><\/a><\/p>\n","protected":false},"author":1,"featured_media":0,"parent":0,"menu_order":15,"comment_status":"closed","ping_status":"closed","template":"","meta":{"footnotes":""},"class_list":["post-242","page","type-page","status-publish","hentry"],"_links":{"self":[{"href":"https:\/\/forseth.se\/index.php?rest_route=\/wp\/v2\/pages\/242","targetHints":{"allow":["GET"]}}],"collection":[{"href":"https:\/\/forseth.se\/index.php?rest_route=\/wp\/v2\/pages"}],"about":[{"href":"https:\/\/forseth.se\/index.php?rest_route=\/wp\/v2\/types\/page"}],"author":[{"embeddable":true,"href":"https:\/\/forseth.se\/index.php?rest_route=\/wp\/v2\/users\/1"}],"replies":[{"embeddable":true,"href":"https:\/\/forseth.se\/index.php?rest_route=%2Fwp%2Fv2%2Fcomments&post=242"}],"version-history":[{"count":4,"href":"https:\/\/forseth.se\/index.php?rest_route=\/wp\/v2\/pages\/242\/revisions"}],"predecessor-version":[{"id":247,"href":"https:\/\/forseth.se\/index.php?rest_route=\/wp\/v2\/pages\/242\/revisions\/247"}],"wp:attachment":[{"href":"https:\/\/forseth.se\/index.php?rest_route=%2Fwp%2Fv2%2Fmedia&parent=242"}],"curies":[{"name":"wp","href":"https:\/\/api.w.org\/{rel}","templated":true}]}}