{"id":258,"date":"2017-03-07T11:01:31","date_gmt":"2017-03-07T10:01:31","guid":{"rendered":"http:\/\/forseth.se\/idet\/?page_id=258"},"modified":"2017-03-07T11:18:58","modified_gmt":"2017-03-07T10:18:58","slug":"goethe-in-love","status":"publish","type":"page","link":"https:\/\/forseth.se\/?page_id=258","title":{"rendered":"Goethe \u00e4r k\u00e4r!"},"content":{"rendered":"<p style=\"text-align: center;\">GOETHE IN LOVE\u00a0\u2013 gratistidning.com 2015-02-16<\/p>\n<p><span style=\"color: #800000;\"><a href=\"https:\/\/forseth.se\/idet\/wp-content\/uploads\/2017\/03\/Goethe-in-love.jpg\"><img loading=\"lazy\" decoding=\"async\" class=\"aligncenter wp-image-259\" src=\"https:\/\/forseth.se\/idet\/wp-content\/uploads\/2017\/03\/Goethe-in-love-1024x718.jpg\" width=\"1000\" height=\"701\" srcset=\"https:\/\/forseth.se\/wp-content\/uploads\/2017\/03\/Goethe-in-love-1024x718.jpg 1024w, https:\/\/forseth.se\/wp-content\/uploads\/2017\/03\/Goethe-in-love-300x210.jpg 300w, https:\/\/forseth.se\/wp-content\/uploads\/2017\/03\/Goethe-in-love-768x538.jpg 768w, https:\/\/forseth.se\/wp-content\/uploads\/2017\/03\/Goethe-in-love.jpg 2000w\" sizes=\"auto, (max-width: 767px) 89vw, (max-width: 1000px) 54vw, (max-width: 1071px) 543px, 580px\" \/><\/a><\/span><\/p>\n<p style=\"text-align: center;\">\n<style type=\"text\/css\">\n\t<!-- @page { margin: 2cm } P { margin-bottom: 0.21cm } --><br \/>\t<\/style>\n<\/p>\n<p>&nbsp;<\/p>\n<p lang=\"sv-SE\" align=\"CENTER\"><span style=\"color: #800000;\"><span style=\"font-family: HelveticaNeue-Bold;\"><span style=\"font-size: 300%;\"><b>Goethe \u00e4r k\u00e4r!<\/b><\/span><\/span><\/span><\/p>\n<p lang=\"sv-SE\" align=\"CENTER\"><span style=\"color: #800000;\"> <span style=\"font-family: Georgia,serif;\"><span style=\"font-size: large;\"><span style=\"font-family: Georgia-BoldItalic,cursive;\"><i><b>Bellman var en stor poet<\/b><\/i><\/span><\/span><\/span><\/span><\/p>\n<p lang=\"sv-SE\" align=\"CENTER\"><span style=\"color: #800000;\"><span style=\"font-family: Georgia-BoldItalic,cursive;\"><span style=\"font-size: large;\"><i><b>han skrev dassigt n\u00e4r han sket.<\/b><\/i><\/span><\/span><\/span><\/p>\n<p lang=\"sv-SE\" align=\"LEFT\"><span style=\"color: #800000;\">\u2013 <span style=\"font-family: Georgia,serif;\"><span style=\"font-size: large;\">N\u00e5got i den stilen brukade st\u00e5 p\u00e5 toalettd\u00f6rrars innersida p\u00e5 diverse regementen f\u00f6rr. Vad de skriver i tysktalande toalettmilj\u00f6er vet jag inte, men fritt \u00f6versatt skulle man kunna ers\u00e4tta Bellman med Goethe, som ju var en stor poet.<\/span><\/span><\/span><\/p>\n<p lang=\"sv-SE\" align=\"LEFT\"><span style=\"color: #800000;\"><span style=\"font-family: Georgia,serif;\"><span style=\"font-size: large;\">Den som tillh\u00f6rde borgarst\u00e5ndet p\u00e5 1700-talet levde i milj\u00f6er, d\u00e4r man skrev. Inom borgarst\u00e5ndet m\u00e5ste man kunna l\u00e4sa och skriva f\u00f6r att sk\u00f6ta r\u00e4kenskaper och kunna d\u00f6ma vid tinget: Tillh\u00f6rde man borgarst\u00e5ndet skulle man f\u00f6ra sig s\u00e5 v\u00e4l att man gjorde st\u00e5ndet (samh\u00e4llsklassen) heder, inte beblanda sig med m\u00e4nniskor av l\u00e4gre h\u00e4rkomst. Helst skulle man komma sig upp i livet. D\u00e5 d\u00f6g inte att man gav efter f\u00f6r sina lustar f\u00f6r mycket. \u2013 \u00c5jo, m\u00e4n kunde f\u00f6rvisso f\u00f6rlusta sig och f\u00f6rst\u00f6ra livet f\u00f6r kvinnor de gjort p\u00e5 sm\u00e4llen, det har m\u00e4n alltid kunna komma undan med. Men att bli n\u00e5got s\u00e5 fjolligt som att bli k\u00e4r och riskera att gifta ner sig d\u00f6g inte. Ej heller att \u00e4gna sig \u00e5t st\u00e5ndsvidriga syssels\u00e4ttningar som till exempel att dikta. Det vore knapsu \u2013 om nu 1700-talets tyskar och preussare uttryckte sig s\u00e5.<\/span><\/span><\/span><\/p>\n<p lang=\"sv-SE\" align=\"LEFT\"><span style=\"color: #800000;\"><span style=\"font-family: Georgia,serif;\"><span style=\"font-size: large;\">S\u00e5dana var f\u00f6ruts\u00e4ttningarna f\u00f6r unge herr Johann Wolfgang (\u00e4nnu inte <span style=\"font-family: Georgia-Italic,cursive;\"><i>von)<\/i><\/span> Goethe, som vi alla vet fanns p\u00e5 riktigt. Huruvida han i verkligheten retades f\u00f6r att hans namn stavades med oe i st\u00e4llet f\u00f6r \u00f6, det vet jag inte. Men s\u00e5 \u00e4r det i alla fall i filmen <span style=\"font-family: Georgia-Italic,cursive;\"><i>Goethe in love<\/i><\/span> (2010). Som alla ungdomar med griller passade han d\u00e5ligt in p\u00e5 l\u00e4roanstalterna som enligt faderns planer skulle g\u00f6ra honom till jurist. Om han bara kunde l\u00e5ta bli poesifjantet!<\/span><\/span><\/span><\/p>\n<p lang=\"sv-SE\" align=\"LEFT\"><span style=\"color: #800000;\"><span style=\"font-family: Georgia,serif;\"><span style=\"font-size: large;\">Men ocks\u00e5 som alla ungdomar blev han k\u00e4r. Och k\u00e4r i fel kvinna, till p\u00e5 k\u00f6pet. Inte i en som kunde hj\u00e4lpa faderns svaga ekonomi p\u00e5 f\u00f6tter. Goethe k\u00e4r, bah! Livslust och l\u00e4ngtan kunde man v\u00e4l se mellan fingrarna med under ungdoms\u00e5ren, men sedan skulle man gifta sig som det passade familj och anseende b\u00e4st.<\/span><\/span><\/span><\/p>\n<p lang=\"sv-SE\" align=\"LEFT\"><span style=\"color: #800000;\"><span style=\"font-family: Georgia,serif;\"><span style=\"font-size: large;\">Livslust och l\u00e4ngtan blir <span style=\"font-family: Georgia-Italic,cursive;\"><i>Sturm und Drang<\/i><\/span> p\u00e5 tyska, och s\u00e5 kallas en period i tysk litteratur, en period som h\u00e4ndelsevis sammanfaller med unge Goethes genombrott. Grabbarna i g\u00e4nget talar i st\u00e4llet om \u201dSturm und Trink\u201d n\u00e4r de ska festa och dricka.<\/span><\/span><\/span><\/p>\n<p lang=\"sv-SE\" align=\"LEFT\"><span style=\"color: #800000;\"><span style=\"font-family: Georgia,serif;\"><span style=\"font-size: large;\">Och s\u00e5 kommer sk\u00f6na Lotte i unge Johanns v\u00e4g. D\u00e5 f\u00e5r livslusten utlopp p\u00e5 riktigt, och det h\u00e4nde ocks\u00e5 i verkligheten, vilket Goethe sedan nedtecknade i en av litteraturens klassiker: <span style=\"font-family: Georgia-Italic,cursive;\"><i>Den unge Werthers lidanden<\/i><\/span> 1774.<\/span><\/span><\/span><\/p>\n<p lang=\"sv-SE\" align=\"LEFT\"><span style=\"color: #800000;\"><span style=\"font-family: Georgia,serif;\"><span style=\"font-size: large;\">Som sagt: storma och drick s\u00e5 mycket du vill och gl\u00f6m det sedan, f\u00f6r \u00e4mbetsman ska du bli och gifta dig ska du med n\u00e5gon som f\u00f6r sl\u00e4kten och f\u00f6rm\u00f6genheten vidare!<\/span><\/span><\/span><\/p>\n<p lang=\"sv-SE\" align=\"LEFT\"><span style=\"color: #800000;\">\u201d<span style=\"font-family: Georgia,serif;\"><span style=\"font-size: large;\">Goethe in love\u201d \u00e4r f\u00f6rvisso engelska, men det \u00e4r den s\u00e5 kallade svenska titeln p\u00e5 filmen. Goethe var k\u00e4r i Lotte p\u00e5 tyska, och av filmen kan man se hur lik k\u00e4rleken mellan tv\u00e5 unga \u00e4r p\u00e5 1700-talet och 2000-talet. D\u00e5tidens tv\u00e5ngs\u00e4ktenskap och tv\u00e5ngs\u00e4ktenskap som hindrar dagens G\u00f6te och Lotta att f\u00e5 varann skapar s\u00e4kert samma lidanden.<\/span><\/span><\/span><\/p>\n<p lang=\"sv-SE\" align=\"LEFT\"><span style=\"color: #800000;\"><span style=\"font-family: Georgia,serif;\"><span style=\"font-size: large;\"><span lang=\"sv-SE\">Se sj\u00e4lv veckans myllrande inblick i 1700-talets v\u00e4rld, vetja! Och visst \u00e4r filmens Goethe <\/span><span style=\"font-family: Georgia-Italic,cursive;\"><span lang=\"sv-SE\"><i>(Alexander Fehling)<\/i><\/span><\/span><span lang=\"sv-SE\"> lik den verklige!<\/span><\/span><\/span><\/span><\/p>\n<p lang=\"sv-SE\" align=\"RIGHT\"><span style=\"color: #800000;\"><span style=\"font-family: Georgia,serif;\"><span style=\"font-size: large;\"><span style=\"font-family: HelveticaNeue-Italic,cursive;\"><span style=\"font-size: medium;\"><span lang=\"sv-SE\"><i>En id\u00e9 i idet av Bj\u00f6rn Forseth<\/i><\/span><\/span><\/span><\/span><\/span><\/span><\/p>\n<p lang=\"sv-SE\" style=\"text-align: center;\" align=\"RIGHT\"><a href=\"..\/idet\">\u00c5ter<\/a><\/p>\n","protected":false},"excerpt":{"rendered":"<p>GOETHE IN LOVE\u00a0\u2013 gratistidning.com 2015-02-16 &nbsp; Goethe \u00e4r k\u00e4r! Bellman var en stor poet han skrev dassigt n\u00e4r han sket. \u2013 N\u00e5got i den stilen brukade st\u00e5 p\u00e5 toalettd\u00f6rrars innersida p\u00e5 diverse regementen f\u00f6rr. Vad de skriver i tysktalande toalettmilj\u00f6er vet jag inte, men fritt \u00f6versatt skulle man kunna ers\u00e4tta Bellman med Goethe, som ju &hellip; <\/p>\n<p class=\"link-more\"><a href=\"https:\/\/forseth.se\/?page_id=258\" class=\"more-link\">Forts\u00e4tt l\u00e4sa<span class=\"screen-reader-text\"> \u201dGoethe \u00e4r k\u00e4r!\u201d<\/span><\/a><\/p>\n","protected":false},"author":1,"featured_media":0,"parent":0,"menu_order":17,"comment_status":"closed","ping_status":"closed","template":"","meta":{"footnotes":""},"class_list":["post-258","page","type-page","status-publish","hentry"],"_links":{"self":[{"href":"https:\/\/forseth.se\/index.php?rest_route=\/wp\/v2\/pages\/258","targetHints":{"allow":["GET"]}}],"collection":[{"href":"https:\/\/forseth.se\/index.php?rest_route=\/wp\/v2\/pages"}],"about":[{"href":"https:\/\/forseth.se\/index.php?rest_route=\/wp\/v2\/types\/page"}],"author":[{"embeddable":true,"href":"https:\/\/forseth.se\/index.php?rest_route=\/wp\/v2\/users\/1"}],"replies":[{"embeddable":true,"href":"https:\/\/forseth.se\/index.php?rest_route=%2Fwp%2Fv2%2Fcomments&post=258"}],"version-history":[{"count":4,"href":"https:\/\/forseth.se\/index.php?rest_route=\/wp\/v2\/pages\/258\/revisions"}],"predecessor-version":[{"id":273,"href":"https:\/\/forseth.se\/index.php?rest_route=\/wp\/v2\/pages\/258\/revisions\/273"}],"wp:attachment":[{"href":"https:\/\/forseth.se\/index.php?rest_route=%2Fwp%2Fv2%2Fmedia&parent=258"}],"curies":[{"name":"wp","href":"https:\/\/api.w.org\/{rel}","templated":true}]}}