{"id":267,"date":"2017-03-07T11:15:42","date_gmt":"2017-03-07T10:15:42","guid":{"rendered":"http:\/\/forseth.se\/idet\/?page_id=267"},"modified":"2017-03-07T11:15:42","modified_gmt":"2017-03-07T10:15:42","slug":"kameldamen","status":"publish","type":"page","link":"https:\/\/forseth.se\/?page_id=267","title":{"rendered":"Kameldamen"},"content":{"rendered":"<p style=\"text-align: center;\">TRACKS \u2013 gratistidning.com 2015-03-02<\/p>\n<p style=\"text-align: center;\">\n<p><span style=\"color: #800000;\"><a href=\"https:\/\/forseth.se\/idet\/wp-content\/uploads\/2017\/03\/Tracks.jpg\"><img loading=\"lazy\" decoding=\"async\" class=\"aligncenter wp-image-269 size-full\" src=\"https:\/\/forseth.se\/idet\/wp-content\/uploads\/2017\/03\/Tracks.jpg\" width=\"1000\" height=\"666\" srcset=\"https:\/\/forseth.se\/wp-content\/uploads\/2017\/03\/Tracks.jpg 1000w, https:\/\/forseth.se\/wp-content\/uploads\/2017\/03\/Tracks-300x200.jpg 300w, https:\/\/forseth.se\/wp-content\/uploads\/2017\/03\/Tracks-768x511.jpg 768w\" sizes=\"auto, (max-width: 767px) 89vw, (max-width: 1000px) 54vw, (max-width: 1071px) 543px, 580px\" \/><\/a><\/p>\n<style type=\"text\/css\">\n\t<!--\n\t\t@page { margin: 2cm }\n\t\tP { margin-bottom: 0.21cm }\n\t-->\n\t<\/style>\n<p><\/span><\/p>\n<p lang=\"sv-SE\" align=\"CENTER\"><span style=\"color: #800000;\"><span style=\"font-family: HelveticaNeue-Bold;\"><span style=\"font-size: 300%;\"><b>Kameldamen<\/b><\/span><\/span><\/span><\/p>\n<p lang=\"sv-SE\" align=\"CENTER\"><span style=\"color: #800000;\"><span style=\"font-family: Georgia-BoldItalic,cursive;\"><span style=\"font-size: large;\"><i><b>Nu trodde v\u00e4l n\u00e5gon, att Annonsbladet skulle b\u00f6rja publicera Alexandre Dumas k\u00e4nda roman Kameliadamen som f\u00f6ljetong. Men det st\u00e5r faktiskt inte Kameliadamen i \u00f6verskriften, felskrivningen \u00e4r avsiktlig.<\/b><\/i><\/span><\/span><\/span><\/p>\n<p lang=\"sv-SE\" align=\"LEFT\"><span style=\"color: #800000;\"><span style=\"font-family: Georgia,serif;\"><span style=\"font-size: large;\">Omkring 1975 hade tre fj\u00e4rdedelar av nittonhundratalet klarats av utan att m\u00e4nskligheten utpl\u00e5nat sig sj\u00e4lv i ett atomkrig. Just d\u00e5 tog Vietnamkriget slut, i vilket stormakt A \u00e4nd\u00e5 hade lyckats utpl\u00e5na en r\u00e4tt betydande del av vietnameserna. I den s\u00e5 kallade v\u00e4stv\u00e4rlden blev detta att Vietnam inte kuvades en seger ocks\u00e5 f\u00f6r alla de aktiva, som st\u00f6tt frihetskampen. Det fanns ocks\u00e5 en \u00f6vervintrande grupp aktivister, som kanske var mer aktiv med blommor och bin och att leva ut sitt innersta \u00e4n att ta verklig st\u00e4llning. <span style=\"font-family: Georgia-Italic,cursive;\"><i>Dom kallar oss mods<\/i><\/span> fanns det en svensk film som hette 1968. \u201dDom kallar oss hippies\u201d, t\u00e4nker jag n\u00e4rmare p\u00e5. N\u00e5gon s\u00e5dan film fanns inte, men hippies och flower-power fanns. Det \u00e4r v\u00e4l d\u00e4rifr\u00e5n uttrycket <span style=\"font-family: Georgia-Italic,cursive;\"><i>flummig<\/i><\/span> kommit, kant\u00e4nka. Faktum \u00e4r, att det \u00e4r belagt sedan 1973, allts\u00e5 vid denna tid.<\/span><\/span><\/span><\/p>\n<p lang=\"sv-SE\" align=\"LEFT\"><span style=\"color: #800000;\"><span style=\"font-family: Georgia,serif;\"><span style=\"font-size: large;\">Och vad h\u00e4nde d\u00e5 en hippie i Australien vid denna tid? F\u00f6dd 1950 var <span style=\"font-family: Georgia-Italic,cursive;\"><i>Robyn Davidson<\/i><\/span> d\u00e5 i r\u00e4ttan \u00e5lder f\u00f6r att visa framf\u00f6tterna.<\/span><\/span><\/span><\/p>\n<p lang=\"sv-SE\" style=\"padding-left: 30px;\" align=\"LEFT\"><span style=\"color: #800000;\"><span style=\"font-family: Georgia,serif;\"><span style=\"font-size: large;\">H\u00e4r kan tarvas en f\u00f6rklaring f\u00f6r yngre l\u00e4sare. Idag kan det vara sv\u00e5rt att f\u00f6rst\u00e5, att just innan den h\u00e4r perioden fick inte flickorna delta i fotboll p\u00e5 gymnastiklektioner och vi grabbar uppfostrades att dra ut slanan i tid, s\u00e5 att inte tjejen blev gravid. Men preventivpillret kom som en riktig flower-power, och tjejer ins\u00e5g att de var fullv\u00e4rdiga medborgare och ocks\u00e5 borde f\u00e5 b\u00e5de spela fotboll och g\u00f6ra allt annat som killarna fick g\u00f6ra.<\/span><\/span><\/span><\/p>\n<p lang=\"sv-SE\" align=\"LEFT\"><span style=\"color: #800000;\"><span style=\"font-family: Georgia,serif;\"><span style=\"font-size: large;\">Det hade just Robyn Davidson kommit fram till. Hon stack till en avl\u00e4gsen plats, Australiens svar p\u00e5 Rostuj\u00e1vri: Alice springs. D\u00e4rifr\u00e5n ville hon vandra genom \u00f6knen ut till havet, en str\u00e4cka p\u00e5 en s\u00e5d\u00e4r 270 mil. Att alla karlar sa till henne, att det d\u00e4r inte var n\u00e5got f\u00f6r fruntimmer och att hon inte skulle klara av det \u00e4nd\u00e5 \u2013 det blev, som vi kunde ana, rena rama sporrarna f\u00f6r henne att s\u00e4tta f\u00e4rden i st\u00e5nd.<\/span><\/span><\/span><\/p>\n<p lang=\"sv-SE\" align=\"LEFT\"><span style=\"color: #800000;\"><span style=\"font-family: Georgia,serif;\"><span style=\"font-size: large;\">Hon genomf\u00f6rde till slut fotvandringen tillsammans med en jycke och fyra individer av sl\u00e4ktet <span style=\"font-family: Georgia-Italic,cursive;\"><i>Came\u2019lus.<\/i><\/span> Kameler allts\u00e5, och s\u00e5lunda \u00e4r det hon som var Kameldamen. Detta sagt med full respekt! Det var precis vad urinv\u00e5naren och konstn\u00e4ren <span style=\"font-family: Georgia-Italic,cursive;\"><i>Jean Burke<\/i><\/span> kallade en tavla till hennes \u00e4ra 2011. Burkes fader hade l\u00e4rt Robyn att hitta vatten i \u00f6knen. Man m\u00e5ste ge henne en eloge f\u00f6r att hon f\u00f6rberett f\u00e4rden genom att l\u00e4sa ett av de lokala spr\u00e5ken, <span style=\"font-family: Georgia-Italic,cursive;\"><i>pitjantjatjara.<\/i><\/span><\/span><\/span><\/span><\/p>\n<p lang=\"sv-SE\" align=\"LEFT\"><span style=\"color: #800000;\"><span style=\"font-family: Georgia,serif;\"><span style=\"font-size: large;\">Robyn, fortfarande en hippie enligt egen utsago, lever idag i h\u00f6g\u00f6nsklig v\u00e4lm\u00e5ga, vilket antagligen inte \u00e4r fallet med hennes d\u00e5tida reskamrater. Nu har hennes \u00e4ventyr blivit film. F\u00f6rst hade hon skrivit ned sina erfarenheter i boken <span style=\"font-family: Georgia-Italic,cursive;\"><i>P\u00e5 kamelrygg genom \u00f6knen<\/i><\/span> (i original heter den som nu filmen ocks\u00e5 g\u00f6r: <span style=\"font-family: Georgia-Italic,cursive;\"><i>Tracks<\/i><\/span> \u2013 det h\u00e4r \u00e4r ett exempel p\u00e5 en knivig situation, som en \u00f6vers\u00e4ttare kan r\u00e5ka i. Hade titeln f\u00e5tt bli \u201dSp\u00e5r\u201d, skulle m\u00e5nga trott att den stod att finna p\u00e5 hyllan f\u00f6r jakt och fiskelitteratur). Att boken fanns skulle ju r\u00e4cka f\u00f6r att skriva manus p\u00e5, men att huvudpersonen ocks\u00e5 fanns i livet var s\u00e4kert en tillg\u00e5ng vid inspelningen, som hon medverkade vid.<\/span><\/span><\/span><\/p>\n<p lang=\"sv-SE\" align=\"LEFT\"><span style=\"color: #800000;\"><span style=\"font-family: Georgia,serif;\"><span style=\"font-size: large;\">Den h\u00e4r filmen om kameldamen, Tracks (hade premi\u00e4r 2014), visar nu filmstudion. En gammal v\u00e4n till mig f\u00f6rklarade en g\u00e5ng, varf\u00f6r han aldrig l\u00e4ste romaner: \u201dVarf\u00f6r skulle jag l\u00e4sa n\u00e5got som \u00e4r <span style=\"font-family: Georgia-Italic,cursive;\"><i>p\u00e5hittat?<\/i><\/span> Jag blev nog svaret skyldig, men den h\u00e4r historien om kameldamen \u00e4r ju inte p\u00e5hittad, s\u00e5 d\u00e4r finns ett starkt argument att g\u00e5 p\u00e5 bio f\u00f6r den, som gillar sj\u00e4lvupplevda ber\u00e4ttelser, d\u00e4r m\u00e4nniskor klarar livhanken mot alla odds. Och mycket riktigt: n\u00e4r filmstudion f\u00f6r n\u00e5got \u00e5r sedan visade en annan sannf\u00e4rdig film om en person, som ensam ute i vildmark utan telefont\u00e4ckning fastnat med ena armen under ett klippblock han om\u00f6jligen kunde komma loss ifr\u00e5n, d\u00e5 kom faktiskt n\u00e5gra nya sj\u00e4lar och k\u00f6pte medlemskort f\u00f6r att se denna och endast denna film <span style=\"font-family: Georgia-Italic,cursive;\"><i>(127 timmar<\/i><\/span> hette den, 2010).<\/span><\/span><\/span><\/p>\n<p lang=\"sv-SE\" align=\"LEFT\"><span style=\"color: #800000;\"><span style=\"font-family: Georgia,serif;\"><span style=\"font-size: large;\"><span lang=\"sv-SE\">Kanske var de s\u00e5dana som min v\u00e4n, som inte l\u00e4ste romaner?<\/span><\/span><\/span><\/span><\/p>\n<p lang=\"sv-SE\" align=\"LEFT\">\n<p lang=\"sv-SE\" align=\"LEFT\">\n<p lang=\"sv-SE\" align=\"RIGHT\"><span style=\"color: #800000;\"><span style=\"font-family: Georgia,serif;\"><span style=\"font-size: large;\"><span style=\"font-family: HelveticaNeue-Italic,cursive;\"><span style=\"font-size: medium;\"><span lang=\"sv-SE\"><i>En id\u00e9 i idet av Bj\u00f6rn Forseth<\/i><\/span><\/span><\/span><\/span><\/span><\/span><\/p>\n<p lang=\"sv-SE\" align=\"RIGHT\">\n<p lang=\"sv-SE\" align=\"RIGHT\">\n<p lang=\"sv-SE\" style=\"text-align: center;\" align=\"RIGHT\"><a href=\"..\/idet\">\u00c5ter<\/a><\/p>\n","protected":false},"excerpt":{"rendered":"<p>TRACKS \u2013 gratistidning.com 2015-03-02 Kameldamen Nu trodde v\u00e4l n\u00e5gon, att Annonsbladet skulle b\u00f6rja publicera Alexandre Dumas k\u00e4nda roman Kameliadamen som f\u00f6ljetong. Men det st\u00e5r faktiskt inte Kameliadamen i \u00f6verskriften, felskrivningen \u00e4r avsiktlig. Omkring 1975 hade tre fj\u00e4rdedelar av nittonhundratalet klarats av utan att m\u00e4nskligheten utpl\u00e5nat sig sj\u00e4lv i ett atomkrig. Just d\u00e5 tog Vietnamkriget slut, &hellip; <\/p>\n<p class=\"link-more\"><a href=\"https:\/\/forseth.se\/?page_id=267\" class=\"more-link\">Forts\u00e4tt l\u00e4sa<span class=\"screen-reader-text\"> \u201dKameldamen\u201d<\/span><\/a><\/p>\n","protected":false},"author":1,"featured_media":0,"parent":0,"menu_order":19,"comment_status":"closed","ping_status":"closed","template":"","meta":{"footnotes":""},"class_list":["post-267","page","type-page","status-publish","hentry"],"_links":{"self":[{"href":"https:\/\/forseth.se\/index.php?rest_route=\/wp\/v2\/pages\/267","targetHints":{"allow":["GET"]}}],"collection":[{"href":"https:\/\/forseth.se\/index.php?rest_route=\/wp\/v2\/pages"}],"about":[{"href":"https:\/\/forseth.se\/index.php?rest_route=\/wp\/v2\/types\/page"}],"author":[{"embeddable":true,"href":"https:\/\/forseth.se\/index.php?rest_route=\/wp\/v2\/users\/1"}],"replies":[{"embeddable":true,"href":"https:\/\/forseth.se\/index.php?rest_route=%2Fwp%2Fv2%2Fcomments&post=267"}],"version-history":[{"count":2,"href":"https:\/\/forseth.se\/index.php?rest_route=\/wp\/v2\/pages\/267\/revisions"}],"predecessor-version":[{"id":271,"href":"https:\/\/forseth.se\/index.php?rest_route=\/wp\/v2\/pages\/267\/revisions\/271"}],"wp:attachment":[{"href":"https:\/\/forseth.se\/index.php?rest_route=%2Fwp%2Fv2%2Fmedia&parent=267"}],"curies":[{"name":"wp","href":"https:\/\/api.w.org\/{rel}","templated":true}]}}