{"id":277,"date":"2017-03-08T10:38:11","date_gmt":"2017-03-08T09:38:11","guid":{"rendered":"http:\/\/forseth.se\/idet\/?page_id=277"},"modified":"2017-03-08T10:38:11","modified_gmt":"2017-03-08T09:38:11","slug":"brollopskaos","status":"publish","type":"page","link":"https:\/\/forseth.se\/?page_id=277","title":{"rendered":"Br\u00f6llopskaos"},"content":{"rendered":"<p style=\"text-align: center;\">BR\u00d6LLOPSKAOS \u2013 gratistidning.com 2015-03-07<\/p>\n<p><span style=\"color: #800000;\"><\/p>\n<style type=\"text\/css\">\n\t<!--\n\t\t@page { margin: 2cm }\n\t\tP { margin-bottom: 0.21cm }\n\t-->\n\t<\/style>\n<p><a href=\"https:\/\/forseth.se\/idet\/wp-content\/uploads\/2017\/03\/Broellopskaos.jpg\"><img loading=\"lazy\" decoding=\"async\" class=\"aligncenter size-full wp-image-279\" src=\"https:\/\/forseth.se\/idet\/wp-content\/uploads\/2017\/03\/Broellopskaos.jpg\" alt=\"\" width=\"1000\" height=\"666\" srcset=\"https:\/\/forseth.se\/wp-content\/uploads\/2017\/03\/Broellopskaos.jpg 1000w, https:\/\/forseth.se\/wp-content\/uploads\/2017\/03\/Broellopskaos-300x200.jpg 300w, https:\/\/forseth.se\/wp-content\/uploads\/2017\/03\/Broellopskaos-768x511.jpg 768w\" sizes=\"auto, (max-width: 767px) 89vw, (max-width: 1000px) 54vw, (max-width: 1071px) 543px, 580px\" \/><\/a><\/span><\/p>\n<p lang=\"sv-SE\" align=\"CENTER\">\n<p lang=\"sv-SE\" align=\"CENTER\"><span style=\"color: #800000;\"><span style=\"font-family: HelveticaNeue-Bold;\"><span style=\"font-size: 300%;\"><b>Br\u00f6llopskaos<\/b><\/span><\/span><\/span><\/p>\n<p lang=\"sv-SE\" align=\"CENTER\">\n<p lang=\"sv-SE\" align=\"CENTER\"><span style=\"color: #800000;\">\u201d<span style=\"font-family: Georgia-BoldItalic,cursive;\"><span style=\"font-size: large;\"><i><b>Qu\u2019est-ce qu\u2019on a fait au Bon Dieu?\u201d Smaka p\u00e5 den franska frasen. Ob\u00e9lix skulle ha knackat sig i skallen \u2013 <\/b><span style=\"font-family: Georgia-Italic,cursive;\">toc-toc \u2013<\/span><b> och sagt \u201dDe \u00e4r knepiga, fransoserna\u201d.<\/b><\/i><\/span><\/span><\/span><\/p>\n<p lang=\"sv-SE\" align=\"CENTER\">\n<p lang=\"sv-SE\" align=\"LEFT\"><span style=\"color: #800000;\"><span style=\"font-family: Georgia,serif;\"><span style=\"font-size: large;\">Men Ob\u00e9lix och Ast\u00e9rix var ju fransosernas f\u00f6reg\u00e5ngare, s\u00e5 kanske inte \u00e4nd\u00e5. Smaka \u00e4nd\u00e5 p\u00e5 det franska sp\u00e5kets s\u00e4tt att knyta ihop en massa sm\u00e5ord med svalda \u00e4ndelser. Ordagrant skulle det v\u00e4l p\u00e5 svenska bli n\u00e5got i stil med \u201dVad \u00e4r det man har gjort mot den gode guden\u201d? I ledigare spr\u00e5kbruk skulle vi nog s\u00e4ga \u201dHerre Gud \u2013 vad har vi gjort f\u00f6r ont?\u201d<\/span><\/span><\/span><\/p>\n<p lang=\"sv-SE\" align=\"LEFT\"><span style=\"color: #800000;\"><span style=\"font-family: Georgia,serif;\"><span style=\"font-size: large;\">Ja, vad har de gjort f\u00f6r ont, det f\u00f6rm\u00f6gna franska par i \u00f6vre medel\u00e5ldern, som inte f\u00e5r sina \u00e4ttel\u00e4gg att leva upp till god, katolsk och fransk standard? Deras fyra d\u00f6ttrar har ju f\u00e5tt v\u00e4xa upp i en herrg\u00e5rd omgiven av stora gr\u00e4smattor och skog l\u00e5ngt fr\u00e5n sjabbiga f\u00f6rorter och f\u00e5tt g\u00e5 i skolor med lika v\u00e4lartade vita, franska barn som de sj\u00e4lva utan att n\u00e5gon klasskamrat talat f\u00f6rortsfranska. De har f\u00e5tt spisa det franska k\u00f6kets alla l\u00e4ckerheter och f\u00e5tt g\u00e5 p\u00e5 gudstj\u00e4nster i en katolsk byakyrka med pr\u00e4ster som levt i celibat.<\/span><\/span><\/span><\/p>\n<p lang=\"sv-SE\" align=\"LEFT\"><span style=\"color: #800000;\"><span style=\"font-family: Georgia,serif;\"><span style=\"font-size: large;\">De fyra sm\u00e5 flickorna har vuxit upp till fyra granna kvinnor som alla \u00e4r prydnader f\u00f6r sin \u2013 \u00f6&#8230; \u2013 ras. Av dem kan man v\u00e4nta sig att de ing\u00e5r i st\u00e5ndsenliga \u00e4ktenskap och avlar s\u00f6ta sm\u00e5 vita keruber, som s\u00e4ger <span style=\"font-family: Georgia-Italic,cursive;\"><i>bien s\u00fbr<\/i><\/span> i ett\u00e5rs\u00e5ldern och tillber sina morf\u00f6r\u00e4ldrars gud. Mormor och morfar \u00e4r s\u00e5 g\u00e4rna redo att st\u00e4lla upp som barnvakter.<\/span><\/span><\/span><\/p>\n<p lang=\"sv-SE\" align=\"LEFT\"><span style=\"color: #800000;\"><span style=\"font-family: Georgia,serif;\"><span style=\"font-size: large;\">Och vad \u00e4r tacken? N\u00e4r den f\u00f6rsta dottern gifter sig, s\u00e5 \u00e4r mannen muselman! Klart mamma och pappa har sv\u00e5rt att se glada ut p\u00e5 br\u00f6llopsfotot. Nu f\u00e5r man v\u00e4l halal-mat n\u00e4r man ska vara barnvakt.<\/span><\/span><\/span><\/p>\n<p lang=\"sv-SE\" align=\"LEFT\"><span style=\"color: #800000;\"><span style=\"font-family: Georgia,serif;\"><span style=\"font-size: large;\">Men det finns ju tre d\u00f6ttrar kvar. S\u00e5 gifter sig den andra \u2013 med en jude! Nej, nej \u2013 mamma och pappa \u00e4r inte religionsfanatiker. Dreyfussaff\u00e4ren f\u00f6r hundra \u00e5r sedan var en skandal, men ska barnen nu inte kunna g\u00e5 med sina morf\u00f6r\u00e4ldrar i kyrkan p\u00e5 s\u00f6ndag utan m\u00e5ste g\u00e5 i synagogan dagen innan?<\/span><\/span><\/span><\/p>\n<p lang=\"sv-SE\" align=\"LEFT\"><span style=\"color: #800000;\"><span style=\"font-family: Georgia,serif;\"><span style=\"font-size: large;\">Det tar p\u00e5 att bli morf\u00f6r\u00e4ldrar under s\u00e5dana h\u00e4r omst\u00e4ndigheter. Tv\u00e5 d\u00f6ttrar \u00e4r \u00e4nd\u00e5 kvar, s\u00e5 sannolikheten f\u00f6r fler avsteg fr\u00e5n den r\u00e4tta v\u00e4gen \u00e4r liten. S\u00e5 g\u00e5r den tredje dottern och gifter sig med en kines\u2026<\/span><\/span><\/span><\/p>\n<p lang=\"sv-SE\" align=\"LEFT\"><span style=\"color: #800000;\"><span style=\"font-family: Georgia,serif;\"><span style=\"font-size: large;\">Nej, morf\u00f6r\u00e4ldrarna \u00e4r inga rasister, men ska man \u00e4nd\u00e5 inte f\u00e5 beh\u00e5lla n\u00e5gra traditioner? En dotter kvar. Hur skulle n\u00e5got kunna g\u00e5 snett nu?<\/span><\/span><\/span><\/p>\n<p lang=\"sv-SE\" align=\"LEFT\"><span style=\"color: #800000;\">\u201d<span style=\"font-family: Georgia,serif;\"><span style=\"font-size: large;\">Qu\u2019est-ce qu\u2019on a fait au Bon Dieu?\u201d \u00e4r n\u00e5got det bekymrade gamla paret fr\u00e5gar sig i m\u00f6rka stunder. Det \u00e4r ocks\u00e5 originaltiteln p\u00e5 filmen <span style=\"font-family: Georgia-Italic,cursive;\"><i>Br\u00f6llopskaos.<\/i><\/span> Om det hade varit en svensk film skulle man kunna f\u00f6rest\u00e4lla sig huvudpersonerna i form av herrskapet Snorrenberg i en lummig och rymlig stadsdel i huvudstadens natursk\u00f6na omgivningar. Deras d\u00f6ttrar har kanske rentav g\u00e5tt p\u00e5 en anrik internatskola i V\u00e4rmland och sluppit h\u00f6ra rinkebysvenska. \u00c4nd\u00e5 gifter sig en av dem med en blatte \u2013 inte f\u00f6r att f\u00f6r\u00e4ldrarna har n\u00e5got emot blattar, men s\u00e5dana h\u00f6r liksom inte till vanligheterna i deras kretsar. Och n\u00e4sta dotter gifter sig med en jude, och de \u00e4r ju s\u00e5 kinkiga med mat och morfar kanske m\u00e5ste ha kalott p\u00e5 skallen n\u00e4r han blir hembjuden. Och att tredje dottern blir med kines \u00e4r ju rena kulturkrocken. Hur ska f\u00f6rresten alla familjerna kunna umg\u00e5s? Kan juden och muslimen dra j\u00e4mnt och kan man f\u00f6resl\u00e5 ett parti kinaschack utan att n\u00e5gon blir kr\u00e4nkt?<\/span><\/span><\/span><\/p>\n<p lang=\"sv-SE\" align=\"LEFT\"><span style=\"color: #800000;\"><span style=\"font-family: Georgia,serif;\"><span style=\"font-size: large;\">Huvudpersonerna i Br\u00f6llopskaos \u00e4r inte precis politiskt korrekta, och det \u00e4r inte filmen heller. <span style=\"font-family: Georgia-Italic,cursive;\"><i>Stormvarning utf\u00e4rdas:<\/i><\/span> i filmen kan tabubelagda ord uttalas och utan f\u00f6rvr\u00e4ngning textas p\u00e5 svenska! Om publiken skulle r\u00e5ka skratta till \u00e5t n\u00e5got som inte \u00e4r PK, s\u00e5 tv\u00e5r Kiruna filmstudio sina h\u00e4nder.<\/span><\/span><\/span><\/p>\n<p lang=\"sv-SE\" align=\"LEFT\"><span style=\"color: #800000;\"><span style=\"font-family: Georgia,serif;\"><span style=\"font-size: large;\"><span lang=\"sv-SE\">Eller som ett amerikanskt dataprogram skulle ha uttryckt det: vi friskriver oss fr\u00e5n allt ansvar ifall produkten skulle r\u00e5ka framkalla skratt.<\/span><\/span><\/span><\/span><\/p>\n<p lang=\"sv-SE\" align=\"LEFT\">\n<p lang=\"sv-SE\" align=\"RIGHT\"><span style=\"color: #800000;\"><span style=\"font-family: Georgia,serif;\"><span style=\"font-size: large;\"><span style=\"font-family: HelveticaNeue-Italic,cursive;\"><span style=\"font-size: medium;\"><span lang=\"sv-SE\"><i>En id\u00e9 i idet av Bj\u00f6rn Forseth<\/i><\/span><\/span><\/span><\/span><\/span><\/span><\/p>\n<p lang=\"sv-SE\" align=\"RIGHT\">\n<p lang=\"sv-SE\" align=\"RIGHT\">\n<p lang=\"sv-SE\" style=\"text-align: center;\" align=\"RIGHT\"><a href=\"..\/idet\">\u00c5ter<\/a><\/p>\n","protected":false},"excerpt":{"rendered":"<p>BR\u00d6LLOPSKAOS \u2013 gratistidning.com 2015-03-07 Br\u00f6llopskaos \u201dQu\u2019est-ce qu\u2019on a fait au Bon Dieu?\u201d Smaka p\u00e5 den franska frasen. Ob\u00e9lix skulle ha knackat sig i skallen \u2013 toc-toc \u2013 och sagt \u201dDe \u00e4r knepiga, fransoserna\u201d. Men Ob\u00e9lix och Ast\u00e9rix var ju fransosernas f\u00f6reg\u00e5ngare, s\u00e5 kanske inte \u00e4nd\u00e5. Smaka \u00e4nd\u00e5 p\u00e5 det franska sp\u00e5kets s\u00e4tt att knyta ihop &hellip; <\/p>\n<p class=\"link-more\"><a href=\"https:\/\/forseth.se\/?page_id=277\" class=\"more-link\">Forts\u00e4tt l\u00e4sa<span class=\"screen-reader-text\"> \u201dBr\u00f6llopskaos\u201d<\/span><\/a><\/p>\n","protected":false},"author":1,"featured_media":0,"parent":0,"menu_order":20,"comment_status":"closed","ping_status":"closed","template":"","meta":{"footnotes":""},"class_list":["post-277","page","type-page","status-publish","hentry"],"_links":{"self":[{"href":"https:\/\/forseth.se\/index.php?rest_route=\/wp\/v2\/pages\/277","targetHints":{"allow":["GET"]}}],"collection":[{"href":"https:\/\/forseth.se\/index.php?rest_route=\/wp\/v2\/pages"}],"about":[{"href":"https:\/\/forseth.se\/index.php?rest_route=\/wp\/v2\/types\/page"}],"author":[{"embeddable":true,"href":"https:\/\/forseth.se\/index.php?rest_route=\/wp\/v2\/users\/1"}],"replies":[{"embeddable":true,"href":"https:\/\/forseth.se\/index.php?rest_route=%2Fwp%2Fv2%2Fcomments&post=277"}],"version-history":[{"count":1,"href":"https:\/\/forseth.se\/index.php?rest_route=\/wp\/v2\/pages\/277\/revisions"}],"predecessor-version":[{"id":280,"href":"https:\/\/forseth.se\/index.php?rest_route=\/wp\/v2\/pages\/277\/revisions\/280"}],"wp:attachment":[{"href":"https:\/\/forseth.se\/index.php?rest_route=%2Fwp%2Fv2%2Fmedia&parent=277"}],"curies":[{"name":"wp","href":"https:\/\/api.w.org\/{rel}","templated":true}]}}