{"id":324,"date":"2017-03-14T20:21:39","date_gmt":"2017-03-14T19:21:39","guid":{"rendered":"http:\/\/forseth.se\/idet\/?page_id=324"},"modified":"2017-03-14T20:32:47","modified_gmt":"2017-03-14T19:32:47","slug":"kvinnan-i-rummet","status":"publish","type":"page","link":"https:\/\/forseth.se\/?page_id=324","title":{"rendered":"Kvinnan i det slutna rummet"},"content":{"rendered":"<p style=\"text-align: center;\">KVINNAN I RUMMET \u2013 gratistidning.com 2015-05-04<\/p>\n<p><span style=\"color: #800000;\"><a href=\"https:\/\/forseth.se\/idet\/wp-content\/uploads\/2017\/03\/Kvinnan-i-rummet.jpeg\"><img loading=\"lazy\" decoding=\"async\" class=\"aligncenter size-full wp-image-325\" src=\"https:\/\/forseth.se\/idet\/wp-content\/uploads\/2017\/03\/Kvinnan-i-rummet.jpeg\" alt=\"\" width=\"1000\" height=\"562\" srcset=\"https:\/\/forseth.se\/wp-content\/uploads\/2017\/03\/Kvinnan-i-rummet.jpeg 1000w, https:\/\/forseth.se\/wp-content\/uploads\/2017\/03\/Kvinnan-i-rummet-300x169.jpeg 300w, https:\/\/forseth.se\/wp-content\/uploads\/2017\/03\/Kvinnan-i-rummet-768x432.jpeg 768w\" sizes=\"auto, (max-width: 767px) 89vw, (max-width: 1000px) 54vw, (max-width: 1071px) 543px, 580px\" \/><\/a><\/span><\/p>\n<style type=\"text\/css\">\n\t<!-- @page { margin: 2cm } P { margin-bottom: 0.21cm } --><br \/>\t<\/style>\n<p>&nbsp;<\/p>\n<p lang=\"sv-SE\" align=\"CENTER\"><span style=\"color: #800000;\"><span style=\"font-family: HelveticaNeue-Bold;\"><span style=\"font-size: 300%;\"><b>Kvinnan i det slutna rummet<\/b><\/span><\/span><\/span><\/p>\n<p lang=\"sv-SE\" align=\"CENTER\"><span style=\"color: #800000;\"><span style=\"font-family: Georgia-BoldItalic,cursive;\"><span style=\"font-size: large;\"><i><b>\u00c4r det politiskt korrekt att g\u00f6ra narr av blattar?<\/b><\/i><\/span><\/span><\/span><\/p>\n<p lang=\"sv-SE\" align=\"LEFT\"><span style=\"color: #800000;\"><span style=\"font-family: Georgia,serif;\"><span style=\"font-size: large;\">Se d\u00e4r redan i ingressen, att jag inte \u00e4r politiskt korrekt.<span style=\"font-family: Georgia-Italic,cursive;\"><i> Man kallar inte m\u00e4nniskor f\u00f6r blattar, Bj\u00f6rn!<\/i><\/span> Och inte f\u00f6r svartskallar eller skinnskallar heller.<\/span><\/span><\/span><\/p>\n<p lang=\"sv-SE\" align=\"LEFT\"><span style=\"color: #800000;\"><span style=\"font-family: Georgia,serif;\"><span style=\"font-size: large;\">Nu \u00e4r det bara s\u00e5, att dessa ord anv\u00e4nds i stor utstr\u00e4ckning av dem det handlar om sj\u00e4lva. Lyssna bara p\u00e5 SR-programmet <span style=\"font-family: Georgia-Italic,cursive;\"><i>Ring P1,<\/i><\/span> vetja! Det \u00e4r till och med s\u00e5 att det f\u00f6rd\u00f6mda ordet neger ocks\u00e5 anv\u00e4nds av en del som sj\u00e4lva \u00e4r just \u2013 negrer. Ni som s\u00e5g filmstudiofilmen <span style=\"font-family: Georgia-Italic,cursive;\"><i>Br\u00f6llopskaos<\/i><\/span> i mars vet ocks\u00e5, att d\u00e4r anv\u00e4ndes alla tabubelagda ord de kunde komma \u00f6ver i satiriskt syfte.<\/span><\/span><\/span><\/p>\n<p lang=\"sv-SE\" align=\"LEFT\"><span style=\"color: #800000;\"><span style=\"font-family: Georgia,serif;\"><span style=\"font-size: large;\">S\u00e5 i satir g\u00e5r det an? Och var g\u00e5r d\u00e5 gr\u00e4nserna, fr\u00e5gar sig v\u00e4n av ordning. Och hur vet man f\u00f6rresten om n\u00e5got handlar om satir?<\/span><\/span><\/span><\/p>\n<p lang=\"sv-SE\" align=\"LEFT\"><span style=\"color: #800000;\"><span style=\"font-family: Georgia,serif;\"><span style=\"font-size: large;\">Den diskussionen blev h\u00f6gaktuell, n\u00e4r v\u00e5r f\u00f6rra kulturminister <span style=\"font-family: Georgia-Italic,cursive;\"><i>Lena Adehlson Liljeroth<\/i><\/span> v\u00e5ren 2012 skar upp en chokladglacerad t\u00e5rta f\u00f6rest\u00e4llande en stereotypt utformad negress i naturlig storlek i samband med ett jubileum p\u00e5 Moderna museet. T\u00e5rtan b\u00f6rjade j\u00e4mra sig h\u00f6gljutt n\u00e4r hon stack kniven i den, varp\u00e5 hon klappade negresst\u00e5rtan p\u00e5 huvudet och fr\u00e5gade om lilla t\u00e5rtan ville ha en bit. Det ville lilla t\u00e5rtan. \u00c4ta en bit av sig sj\u00e4lv, allts\u00e5.<\/span><\/span><\/span><\/p>\n<p lang=\"sv-SE\" align=\"LEFT\"><span style=\"color: #800000;\"><span style=\"font-family: Georgia,serif;\"><span style=\"font-size: large;\">Foton fr\u00e5n tillf\u00e4llet inbj\u00f6d till spekulationer. Det sas, att ministern stack kniven i en svart kvinnas sk\u00f6te. Det gjorde hon inte. Statyt\u00e5rtan slutade ungef\u00e4r vid naveln. Det vet jag, f\u00f6r jag var d\u00e4r.<\/span><\/span><\/span><\/p>\n<p lang=\"sv-SE\" style=\"padding-left: 30px;\" align=\"LEFT\"><span style=\"color: #800000;\"><span style=\"font-family: Georgia,serif;\"><span style=\"font-size: large;\">OBS! Gl\u00f6m alla konspirationsteorier! Att jag var d\u00e4r var en ren tillf\u00e4llighet, och s\u00e5 \u00e4r jag inte den som tackar nej till gratis t\u00e5rta, n\u00e4r det bjuds.<\/span><\/span><\/span><\/p>\n<p lang=\"sv-SE\" align=\"LEFT\"><span style=\"color: #800000;\"><span style=\"font-family: Georgia,serif;\"><span style=\"font-size: large;\">Po\u00e4ngen i den sig j\u00e4mrande t\u00e5rtan var, att den var en s\u00e5 kallad <span style=\"font-family: Georgia-Italic,cursive;\"><i>performance,<\/i><\/span> ett konstverk i vilket konstn\u00e4ren sj\u00e4lv \u00e4r aktiv. H\u00e4r var det konstn\u00e4ren <span style=\"font-family: Georgia-Italic,cursive;\"><i>Makode Linde,<\/i><\/span> som satt under det dukbeh\u00e4ngda t\u00e5rtbordet med sitt huvud uppstucket genom ett h\u00e5l, chokladglacerat som en Tintin-neger, s\u00e5 att det s\u00e5g ut att tillh\u00f6ra t\u00e5rtan. Han s\u00e5g allts\u00e5 varje g\u00e5ng n\u00e4r n\u00e5gon skulle sticka kniven i \u201dhonom\u201d och kunde j\u00e4mra sig vid alldeles r\u00e4tta tillf\u00e4llena.<\/span><\/span><\/span><\/p>\n<p lang=\"sv-SE\" align=\"LEFT\"><span style=\"color: #800000;\"><span style=\"font-family: Georgia,serif;\"><span style=\"font-size: large;\">Och nu var det s\u00e5, att Makode Linde sj\u00e4lv \u00e4r neger, och den h\u00e4r t\u00e5rtan var hans s\u00e4tt att satirisera och peka ut stereotypa f\u00f6rest\u00e4llningar.<\/span><\/span><\/span><\/p>\n<p lang=\"sv-SE\" style=\"padding-left: 30px;\" align=\"LEFT\"><span style=\"color: #800000;\"><span style=\"font-family: Georgia,serif;\"><span style=\"font-size: large;\">L\u00e4gg m\u00e4rke till, att jag inte kallar Linde \u201dsvart\u201d, som \u00e4r mycket mer accepterat, men som jag tycker borde tabubel\u00e4ggas lika mycket som neger, som ju betyder\u2026 svart! Och Linde \u00e4r inte svart, snarare ljusbrun. Den \u201dsvarte\u201d pappan i Br\u00f6llopskaos, kan alla som s\u00e5g filmen intyga, var inte svart utan m\u00f6rkbrun. Men de flesta personer i filmen var dock sk\u00e4ra \u2013 inte vita, ocks\u00e5 ett ord som borde f\u00f6rd\u00f6mas.<\/span><\/span><\/span><\/p>\n<p lang=\"sv-SE\" align=\"LEFT\"><span style=\"color: #800000;\"><span style=\"font-family: Georgia,serif;\"><span style=\"font-size: large;\">Veckans film <span style=\"font-family: Georgia-Italic,cursive;\"><i>Kvinnan i rummet<\/i><\/span> d\u00e5, vad kan den ha med det h\u00e4r att g\u00f6ra? Jo, deckare i litteratur och film har ofta som huvudperson en kommissarie, som har en hustru som lagar mat fast\u00e4n hon inte kan s\u00e5 att kommissarien hellre jobbar \u00e4n g\u00e5r hem och \u00e4ter middag <span style=\"font-family: Georgia-Italic,cursive;\"><i>(Hitchcock),<\/i><\/span> som \u00e4r en torrboll som kommer p\u00e5 l\u00f6sningar p\u00e5 sina fall b\u00e4st n\u00e4r han \u00e4r dyngrak <span style=\"font-family: Georgia-Italic,cursive;\"><i>(Nesb\u00f8),<\/i><\/span> som f\u00f6r att bevisa att kvinnor kan gifter sig med jobbet hellre \u00e4n med en karl och d\u00e4rvid g\u00f6r abort n\u00e4r hon f\u00e5tt sin sista chans till barn hellre \u00e4n att tappa fart i karri\u00e4ren <span style=\"font-family: Georgia-Italic,cursive;\"><i>(la Plante),<\/i><\/span> som demolerar sitt privatliv f\u00f6r att han g\u00e5r in f\u00f6r polisarbetet utan tanke p\u00e5 andra <span style=\"font-family: Georgia-Italic,cursive;\"><i>(Mankell).<\/i><\/span> Det \u00e4r egentligen bara kommissarie Beck av <span style=\"font-family: Georgia-Italic,cursive;\"><i>Sj\u00f6wall\/Wahl\u00f6\u00f6<\/i><\/span> som \u00e4r en helt alldaglig m\u00e4nniska; i de deckarna \u00e4r det en av hans kollegor som \u00e4r en m\u00e4rklig typ.<\/span><\/span><\/span><\/p>\n<p lang=\"sv-SE\" align=\"LEFT\"><span style=\"color: #800000;\"><span style=\"font-family: Georgia,serif;\"><span style=\"font-size: large;\">Kvinnan i rummet (Kvinden i buret) \u00e4r av <span style=\"font-family: Georgia-Italic,cursive;\"><i>Jussi Adler-Olsen<\/i><\/span> och filmades 2013. H\u00e4r \u00e4r <span style=\"font-family: Georgia-Italic,cursive;\"><i>b\u00e5de<\/i><\/span> huvudpersonen <span style=\"font-family: Georgia-Italic,cursive;\"><i>och<\/i><\/span> hans kollegor typer som sticker ut. En ilsken kriminalare (spelad av <span style=\"font-family: Georgia-Italic,cursive;\"><i>Nikolaj Lie Kaas)<\/i><\/span> ogillas av en stor del av personalen p\u00e5 polishuset i K\u00f6penhamn och placeras d\u00e4rf\u00f6r i ett k\u00e4llarrum utan f\u00f6nster f\u00f6r att l\u00e4sa igenom gamla ouppklarade fall. Till sin tj\u00e4nst f\u00e5r han en uppassare, som fr\u00e4mst ska st\u00e4da och h\u00e5lla k\u00e4llarlokalerna i skick. Men, en f\u00f6rfattare med sinne f\u00f6r detaljer n\u00f6jer sig inte med bara det. St\u00e4daren (som naturligtvis \u00e4r \u201dblatte\u201d) \u00e4r uppm\u00e4rksam och h\u00f6r och ser s\u00e5dant han inte \u00e4r anst\u00e4lld f\u00f6r att h\u00f6ra och se; ja \u2013 som inga utomst\u00e5ende ska h\u00f6ra eller se. Av det drar han slutsatser och blir med tiden en del av utredningarna, vilket han naturligtvis inte f\u00e5r, eftersom han helt enkelt inte \u00e4r polis.<\/span><\/span><\/span><\/p>\n<p lang=\"sv-SE\" align=\"LEFT\"><span style=\"color: #800000;\"><span style=\"font-family: Georgia,serif;\"><span style=\"font-size: large;\">\u00c4r det d\u00e5 satir eller bara humor p\u00e5 invandrares bekostnad att han k\u00f6r bil som en galning, rullar ut en b\u00f6nematta i st\u00e4dskrubben flera g\u00e5nger om dagen, lagar olidligt s\u00f6tt te \u00e5t sin chef och blandar ihop ord och uttryck i det danska spr\u00e5ket?<\/span><\/span><\/span><\/p>\n<p lang=\"sv-SE\" align=\"LEFT\"><span style=\"color: #800000;\"><span style=\"font-family: Georgia,serif;\"><span style=\"font-size: large;\">Det \u00f6verl\u00e5ter jag \u00e5t envar att sj\u00e4lv bed\u00f6ma. Sk\u00e5despelaren som f\u00f6rest\u00e4ller denne stereotypa (?) invandrare \u00e4r svenske <span style=\"font-family: Georgia-Italic,cursive;\"><i>Fares Fares,<\/i><\/span> som v\u00e4l borde kunna ta rollen p\u00e5 \u201dr\u00e4tt s\u00e4tt\u201d.<\/span><\/span><\/span><\/p>\n<p lang=\"sv-SE\" align=\"LEFT\"><span style=\"color: #800000;\"><span style=\"font-family: Georgia,serif;\"><span style=\"font-size: large;\">Vad nu det \u00e4r. Bara det att jag skriver att just Fares skulle ta en roll som invandrare p\u00e5 \u201dr\u00e4tt s\u00e4tt\u201d \u00e4r kanske etniskt-politiskt misst\u00e4nkt?<\/span><\/span><\/span><\/p>\n<p lang=\"sv-SE\" align=\"LEFT\"><span style=\"color: #800000;\"><span style=\"font-family: Georgia,serif;\"><span style=\"font-size: large;\">Detta \u00e4r f\u00f6rsta filmen i en blivande serie, eftersom det kommit ut en rad b\u00f6cker om det omaka paret. En rasande sp\u00e4nnande serie kriminalfall som b\u00f6cker, s\u00e5 jag hoppas filmerna lever upp till det. Kirunaborna f\u00e5r p\u00e5 torsdag sj\u00e4lva chans att k\u00e4nna av det. G\u00f6r de det, s\u00e5 kan vi visa n\u00e4sta Jussi Adler-Olsenfilm ocks\u00e5. D\u00e5 vankas det en rolig typ till.<\/span><\/span><\/span><\/p>\n<p lang=\"sv-SE\" align=\"RIGHT\"><span style=\"color: #800000;\"><span style=\"font-family: HelveticaNeue-Italic,cursive;\"><span style=\"font-size: medium;\"><i>En id\u00e9 i idet av Bj\u00f6rn Forseth<\/i><\/span><\/span><\/span><\/p>\n<p align=\"CENTER\"><a href=\"..\/idet\">\u00c5ter<\/a><\/p>\n","protected":false},"excerpt":{"rendered":"<p>KVINNAN I RUMMET \u2013 gratistidning.com 2015-05-04 &nbsp; Kvinnan i det slutna rummet \u00c4r det politiskt korrekt att g\u00f6ra narr av blattar? Se d\u00e4r redan i ingressen, att jag inte \u00e4r politiskt korrekt. Man kallar inte m\u00e4nniskor f\u00f6r blattar, Bj\u00f6rn! Och inte f\u00f6r svartskallar eller skinnskallar heller. Nu \u00e4r det bara s\u00e5, att dessa ord anv\u00e4nds &hellip; <\/p>\n<p class=\"link-more\"><a href=\"https:\/\/forseth.se\/?page_id=324\" class=\"more-link\">Forts\u00e4tt l\u00e4sa<span class=\"screen-reader-text\"> \u201dKvinnan i det slutna rummet\u201d<\/span><\/a><\/p>\n","protected":false},"author":1,"featured_media":0,"parent":0,"menu_order":27,"comment_status":"closed","ping_status":"closed","template":"","meta":{"footnotes":""},"class_list":["post-324","page","type-page","status-publish","hentry"],"_links":{"self":[{"href":"https:\/\/forseth.se\/index.php?rest_route=\/wp\/v2\/pages\/324","targetHints":{"allow":["GET"]}}],"collection":[{"href":"https:\/\/forseth.se\/index.php?rest_route=\/wp\/v2\/pages"}],"about":[{"href":"https:\/\/forseth.se\/index.php?rest_route=\/wp\/v2\/types\/page"}],"author":[{"embeddable":true,"href":"https:\/\/forseth.se\/index.php?rest_route=\/wp\/v2\/users\/1"}],"replies":[{"embeddable":true,"href":"https:\/\/forseth.se\/index.php?rest_route=%2Fwp%2Fv2%2Fcomments&post=324"}],"version-history":[{"count":3,"href":"https:\/\/forseth.se\/index.php?rest_route=\/wp\/v2\/pages\/324\/revisions"}],"predecessor-version":[{"id":337,"href":"https:\/\/forseth.se\/index.php?rest_route=\/wp\/v2\/pages\/324\/revisions\/337"}],"wp:attachment":[{"href":"https:\/\/forseth.se\/index.php?rest_route=%2Fwp%2Fv2%2Fmedia&parent=324"}],"curies":[{"name":"wp","href":"https:\/\/api.w.org\/{rel}","templated":true}]}}