{"id":339,"date":"2017-03-14T20:40:38","date_gmt":"2017-03-14T19:40:38","guid":{"rendered":"http:\/\/forseth.se\/idet\/?page_id=339"},"modified":"2017-03-14T20:41:21","modified_gmt":"2017-03-14T19:41:21","slug":"kvinnor-banditer-slavinnor","status":"publish","type":"page","link":"https:\/\/forseth.se\/?page_id=339","title":{"rendered":"Kvinnor, banditer, slavinnor"},"content":{"rendered":"<p style=\"text-align: center;\">BANDIT QUEEN och BELLE \u2013 gratistidning.com 2015-05-25<\/p>\n<p>&nbsp;<\/p>\n<p><span style=\"color: #800000;\"><a href=\"https:\/\/forseth.se\/idet\/wp-content\/uploads\/2017\/03\/Bandit-queen-3.jpg\"><img loading=\"lazy\" decoding=\"async\" class=\"aligncenter wp-image-340\" src=\"https:\/\/forseth.se\/idet\/wp-content\/uploads\/2017\/03\/Bandit-queen-3.jpg\" alt=\"\" width=\"1000\" height=\"615\" srcset=\"https:\/\/forseth.se\/wp-content\/uploads\/2017\/03\/Bandit-queen-3.jpg 494w, https:\/\/forseth.se\/wp-content\/uploads\/2017\/03\/Bandit-queen-3-300x185.jpg 300w\" sizes=\"auto, (max-width: 767px) 89vw, (max-width: 1000px) 54vw, (max-width: 1071px) 543px, 580px\" \/><\/a><\/span><\/p>\n<p><span style=\"color: #800000;\"><a href=\"https:\/\/forseth.se\/idet\/wp-content\/uploads\/2017\/03\/Belle.jpeg\"><img loading=\"lazy\" decoding=\"async\" class=\"aligncenter size-full wp-image-341\" src=\"https:\/\/forseth.se\/idet\/wp-content\/uploads\/2017\/03\/Belle.jpeg\" alt=\"\" width=\"1000\" height=\"600\" srcset=\"https:\/\/forseth.se\/wp-content\/uploads\/2017\/03\/Belle.jpeg 1000w, https:\/\/forseth.se\/wp-content\/uploads\/2017\/03\/Belle-300x180.jpeg 300w, https:\/\/forseth.se\/wp-content\/uploads\/2017\/03\/Belle-768x461.jpeg 768w\" sizes=\"auto, (max-width: 767px) 89vw, (max-width: 1000px) 54vw, (max-width: 1071px) 543px, 580px\" \/><\/a><\/span><\/p>\n<style type=\"text\/css\">\n\t<!-- @page { margin: 2cm } P { margin-bottom: 0.21cm } --><br \/>\n\t<\/style>\n<p>&nbsp;<\/p>\n<p lang=\"sv-SE\" align=\"CENTER\"><span style=\"color: #800000;\"><span style=\"font-family: HelveticaNeue-Bold;\"><span style=\"font-size: 300%;\"><b>Kvinnor,<br \/>\nbanditer,<br \/>\nslavinnor<\/b><\/span><\/span><\/span><\/p>\n<p lang=\"sv-SE\" align=\"CENTER\"><span style=\"color: #800000;\"><span style=\"font-family: Georgia-BoldItalic,cursive;\"><span style=\"font-size: large;\"><i><b>Jag \u00e4r banditernas gudinna, era dj\u00e4vlar!<\/b><\/i><\/span><\/span><\/span><\/p>\n<p lang=\"sv-SE\" align=\"LEFT\"><span style=\"color: #800000;\"><span style=\"font-family: Georgia,serif;\"><span style=\"font-size: large;\">S\u00e5 s\u00e4ger en liten flicka i den indiska filmen <span style=\"font-family: Georgia-Italic,cursive;\"><i>Bandit queen,<\/i><\/span> som handlar om henne sj\u00e4lv. Och hon vet inte, hur r\u00e4tt hon ska f\u00e5.<\/span><\/span><\/span><\/p>\n<p lang=\"sv-SE\" style=\"padding-left: 30px;\" align=\"LEFT\"><span style=\"color: #800000;\"><span style=\"font-family: Georgia,serif;\"><span style=\"font-size: large;\">Men f\u00f6rst: skarpsynta iakttagare m\u00e5 ha uppt\u00e4ckt, att Kiruna filmstudios varum\u00e4rke sedan f\u00f6rra veckan inte kr\u00f6ner undertecknads filmkr\u00f6nikor. I st\u00e4llet finns d\u00e4r mitt sj\u00e4lvportr\u00e4tt. Detta ska klarg\u00f6ra, att mina kr\u00f6nikor \u00e4r och har varit personliga betraktelser som ingen i filmstudion l\u00e4st eller kunnat ta st\u00e4llning till. D\u00e4rmed ska det i forts\u00e4ttningen tydligt framg\u00e5, att filmkr\u00f6nikorna fr\u00e5n Idet \u00e4r mina och ingen annans.<\/span><\/span><\/span><\/p>\n<p lang=\"sv-SE\" align=\"LEFT\"><span style=\"color: #800000;\"><span style=\"font-family: Georgia,serif;\"><span style=\"font-size: large;\">\u00c5ter till Indien! Fyra m\u00e4n d\u00f6mdes till d\u00f6den f\u00f6r den grova v\u00e5ldt\u00e4kten p\u00e5 en 23-\u00e5rig studentska i New Delhi 2012. Vi minns vilka j\u00e4ttelika demonstrationer d\u00e5det utl\u00f6ste \u00f6ver hela Indien. Men Nobelpristagaren <span style=\"font-family: Georgia-Italic,cursive;\"><i>Arundhati Roy<\/i><\/span> sa, att det var bara f\u00f6r att offret var fr\u00e5n medelklassen. Hade hon varit en fattig flicka av l\u00e5g kast p\u00e5 landet hade ingen straffats och ingen demonstrerat.<\/span><\/span><\/span><\/p>\n<p lang=\"sv-SE\" align=\"LEFT\"><span style=\"color: #800000;\"><span style=\"font-family: Georgia,serif;\"><span style=\"font-size: large;\">Och banditernas gudinna var en s\u00e5dan. F\u00f6r snart femtio \u00e5r sedan giftes hon som elva\u00e5ring bort i utbyte mot en cykel och en ko och blev omg\u00e5ende v\u00e5ldtagen, vilket hon sedermera blev ocks\u00e5 i massomfattning utan att n\u00e5gon straffades f\u00f6r det eller n\u00e5gon demonstrerade mot det. Hennes reaktion blev att bli bandit och utkr\u00e4va gruvlig h\u00e4mnd p\u00e5 de m\u00e4n som sk\u00e4ndat henne.<\/span><\/span><\/span><\/p>\n<p lang=\"sv-SE\" align=\"LEFT\"><span style=\"color: #800000;\"><span style=\"font-family: Georgia,serif;\"><span style=\"font-size: large;\">D\u00e5 hon var av l\u00e5g kast kom hennes r\u00f6varband att f\u00e5 ett slags \u201dRobin Hood\u201d-status bland den fattiga landsbygdsbefolkningen av l\u00e5g kast i hennes hemstat Uttar Pradesh.<\/span><\/span><\/span><\/p>\n<p lang=\"sv-SE\" align=\"LEFT\"><span style=\"color: #800000;\"><span style=\"font-family: Georgia,serif;\"><span style=\"font-size: large;\">Att betala med \u00f6ga f\u00f6r \u00f6ga och tand f\u00f6r tand \u00e4r kanske den r\u00e4tta medicinen? Inte f\u00f6r att jag tror att utbildning i feministiskt sj\u00e4lvf\u00f6rsvar har den m\u00e5ls\u00e4ttningen, men filmen Bandit queen fr\u00e5n 1994 v\u00e4cker onekligen tanken. Ty den verkliga banditdrottningen <span style=\"font-family: Georgia-Italic,cursive;\"><i>Phoolan Devis<\/i><\/span> v\u00e5ldsamma framfart \u00e4ger rum mot en monstru\u00f6s bakgrund, som fast\u00e4n det \u00e4r en spelfilm kan vara sv\u00e5r att uth\u00e4rda f\u00f6r publiken; det \u00e4r b\u00e4st att jag varnar!<\/span><\/span><\/span><\/p>\n<p lang=\"sv-SE\" align=\"LEFT\"><span style=\"color: #800000;\"><span style=\"font-family: Georgia,serif;\"><span style=\"font-size: large;\">Men flickor r\u00e5kar som bekant illa ut inte bara i Indien \u2013 det g\u00f6r pojkar ocks\u00e5, fast flickor g\u00f6r det f\u00f6r att de \u00e4r flickor \u2013 och v\u00e5rt land \u00e4r inget undantag. Det kan vara en av anledningarna till att Kiruna filmstudio visar Bandit queen p\u00e5 torsdag och en annan film som heter <span style=\"font-family: Georgia-Italic,cursive;\"><i>Belle<\/i><\/span> dagen efter, b\u00e4gge p\u00e5 folkh\u00f6gskolan. Temat g\u00e5r igen i den andra filmen.<\/span><\/span><\/span><\/p>\n<p lang=\"sv-SE\" align=\"LEFT\"><span style=\"color: #800000;\"><span style=\"font-family: Georgia,serif;\"><span style=\"font-size: large;\">Dock p\u00e5 ett helt annat s\u00e4tt. Belle \u00e4r en film fr\u00e5n 2013 som utspelas i England p\u00e5 1700-talet, och flickebarnet \u00e4r frukten av en brittisk sj\u00f6officer och en slavinna i kolonierna. \u00c4r det allts\u00e5 en k\u00e4rleksfilm?<\/span><\/span><\/span><\/p>\n<p lang=\"sv-SE\" align=\"LEFT\"><span style=\"color: #800000;\"><span style=\"font-family: Georgia,serif;\"><span style=\"font-size: large;\">Nja, slavinnan och sj\u00f6officeren har nog inte f\u00f6renat sina kroppsv\u00e4tskor av romantiska sk\u00e4l, den ena har gissningsvis inte \u201dgivit sig\u201d \u00e5t den andre f\u00f6r hans vackra bl\u00e5 \u00f6gons skull. Men man kan v\u00e4l \u00e4nd\u00e5 s\u00e4ga, att fadern s\u00e5 sm\u00e5ningom \u201dtar sitt ansvar\u201d f\u00f6r det barn som f\u00f6ds genom att han ser till att det f\u00e5r en god uppfostran p\u00e5 engelska herres\u00e4ten.<\/span><\/span><\/span><\/p>\n<p lang=\"sv-SE\" align=\"LEFT\"><span style=\"color: #800000;\"><span style=\"font-family: Georgia,serif;\"><span style=\"font-size: large;\">Nu anar v\u00e4l den insatte l\u00e4saren, att flickans mamma inte s\u00e5g genomsnittsengelsk ut. Slav kunde f\u00f6rvisso p\u00e5 den tiden en egendomsl\u00f6s person bli som inte p\u00e5 n\u00e5got vis kunde betala sina skulder. I Europa hade man \u201dg\u00e4ldstugor\u201d, d\u00e4r s\u00e5dana m\u00e4nniskor ber\u00f6vades sin frihet fast\u00e4n de inte beg\u00e5tt n\u00e5got brott. Man kunde ocks\u00e5 f\u00e5 betala \u201din natura\u201d genom att bli slav, och d\u00e5 spelade det ingen roll om man var ljushyllt eller aldrig s\u00e5 blond. Men det vanliga i kolonierna var \u00e4nd\u00e5, att slavarna eller deras f\u00f6rf\u00e4der h\u00e4mtats fr\u00e5n Afrika. Knappast ljushyllta och blonda, allts\u00e5.<\/span><\/span><\/span><\/p>\n<p lang=\"sv-SE\" align=\"LEFT\"><span style=\"color: #800000;\"><span style=\"font-family: Georgia,serif;\"><span style=\"font-size: large;\">En flicka som v\u00e4xer upp till engelsk herrskapsdam p\u00e5 1700-talet kan nog passera som vilken fin fr\u00f6ken som helst fram till dess hon \u00e4r vuxen nog att delta i den riktiga societeten. D\u00e5, om inte f\u00f6rr, kommer n\u00e5gon p\u00e5 att \u2013 herregud, mamsellen \u00e4r ju afrikan!<\/span><\/span><\/span><\/p>\n<p lang=\"sv-SE\" align=\"LEFT\"><span style=\"color: #800000;\"><span style=\"font-family: Georgia,serif;\"><span style=\"font-size: large;\">Jag hoppas att filmstudion en dag kan visa en film som p\u00e5 ett ov\u00e4ntat s\u00e4tt tacklade det h\u00e4r fenomenet n\u00e4r det i filmens samtid var verklighet: <span style=\"font-family: Georgia-Italic,cursive;\"><i>Elia Kazans<\/i><\/span> uppr\u00f6rande <span style=\"font-family: Georgia-Italic,cursive;\"><i>En droppe negerblod<\/i><\/span> fr\u00e5n 1949. Men som flera andra starka filmer fr\u00e5n det \u00e5rtiondet \u00e4r den hart n\u00e4r om\u00f6jlig att f\u00e5 tag p\u00e5.<\/span><\/span><\/span><\/p>\n<p lang=\"sv-SE\" align=\"LEFT\"><span style=\"color: #800000;\"><span style=\"font-family: Georgia,serif;\"><span style=\"font-size: large;\">Alltnog, de tv\u00e5 filmer som p\u00e5 torsdag och fredag g\u00e5r upp p\u00e5 folkh\u00f6gskolan \u00e4r starka nog!<\/span><\/span><\/span><\/p>\n<p lang=\"sv-SE\" align=\"LEFT\"><span style=\"color: #800000;\"><span style=\"font-family: Georgia,serif;\"><span style=\"font-size: large;\">(En tr\u00e5kig brasklapp om Belle som \u00e4r t\u00e4nkt att g\u00e5 p\u00e5 fredag klockan 17; d\u00e5 \u00e4r det sv\u00e5rt att f\u00e5 n\u00e5gon att h\u00e5lla i visningen.)<\/span><\/span><\/span><\/p>\n<p lang=\"sv-SE\" align=\"RIGHT\"><span style=\"color: #800000;\"><span style=\"font-family: HelveticaNeue-Italic,cursive;\"><span style=\"font-size: medium;\"><i>En id\u00e9 i idet av Bj\u00f6rn Forseth<\/i><\/span><\/span><\/span><\/p>\n<p lang=\"sv-SE\" style=\"text-align: center;\" align=\"RIGHT\"><a href=\"..\/idet\">\u00c5ter<\/a><\/p>\n","protected":false},"excerpt":{"rendered":"<p>BANDIT QUEEN och BELLE \u2013 gratistidning.com 2015-05-25 &nbsp; &nbsp; Kvinnor, banditer, slavinnor Jag \u00e4r banditernas gudinna, era dj\u00e4vlar! S\u00e5 s\u00e4ger en liten flicka i den indiska filmen Bandit queen, som handlar om henne sj\u00e4lv. Och hon vet inte, hur r\u00e4tt hon ska f\u00e5. Men f\u00f6rst: skarpsynta iakttagare m\u00e5 ha uppt\u00e4ckt, att Kiruna filmstudios varum\u00e4rke sedan &hellip; <\/p>\n<p class=\"link-more\"><a href=\"https:\/\/forseth.se\/?page_id=339\" class=\"more-link\">Forts\u00e4tt l\u00e4sa<span class=\"screen-reader-text\"> \u201dKvinnor, banditer, slavinnor\u201d<\/span><\/a><\/p>\n","protected":false},"author":1,"featured_media":0,"parent":0,"menu_order":29,"comment_status":"closed","ping_status":"closed","template":"","meta":{"footnotes":""},"class_list":["post-339","page","type-page","status-publish","hentry"],"_links":{"self":[{"href":"https:\/\/forseth.se\/index.php?rest_route=\/wp\/v2\/pages\/339","targetHints":{"allow":["GET"]}}],"collection":[{"href":"https:\/\/forseth.se\/index.php?rest_route=\/wp\/v2\/pages"}],"about":[{"href":"https:\/\/forseth.se\/index.php?rest_route=\/wp\/v2\/types\/page"}],"author":[{"embeddable":true,"href":"https:\/\/forseth.se\/index.php?rest_route=\/wp\/v2\/users\/1"}],"replies":[{"embeddable":true,"href":"https:\/\/forseth.se\/index.php?rest_route=%2Fwp%2Fv2%2Fcomments&post=339"}],"version-history":[{"count":2,"href":"https:\/\/forseth.se\/index.php?rest_route=\/wp\/v2\/pages\/339\/revisions"}],"predecessor-version":[{"id":343,"href":"https:\/\/forseth.se\/index.php?rest_route=\/wp\/v2\/pages\/339\/revisions\/343"}],"wp:attachment":[{"href":"https:\/\/forseth.se\/index.php?rest_route=%2Fwp%2Fv2%2Fmedia&parent=339"}],"curies":[{"name":"wp","href":"https:\/\/api.w.org\/{rel}","templated":true}]}}