{"id":355,"date":"2017-03-15T15:51:47","date_gmt":"2017-03-15T14:51:47","guid":{"rendered":"http:\/\/forseth.se\/idet\/?page_id=355"},"modified":"2017-03-15T15:51:47","modified_gmt":"2017-03-15T14:51:47","slug":"i-de-lugnaste-vatten","status":"publish","type":"page","link":"https:\/\/forseth.se\/?page_id=355","title":{"rendered":"I de lugnaste vatten\u2026"},"content":{"rendered":"<p style=\"text-align: center;\">Garbo och Mesch &#8211; gratistidning.com 2015-06-23<\/p>\n<p><span style=\"color: #800000;\"><a href=\"https:\/\/forseth.se\/idet\/wp-content\/uploads\/2017\/03\/Borg-Mesch-och-jag.jpg\"><img loading=\"lazy\" decoding=\"async\" class=\"aligncenter size-full wp-image-356\" src=\"https:\/\/forseth.se\/idet\/wp-content\/uploads\/2017\/03\/Borg-Mesch-och-jag.jpg\" alt=\"\" width=\"1000\" height=\"750\" srcset=\"https:\/\/forseth.se\/wp-content\/uploads\/2017\/03\/Borg-Mesch-och-jag.jpg 1000w, https:\/\/forseth.se\/wp-content\/uploads\/2017\/03\/Borg-Mesch-och-jag-300x225.jpg 300w, https:\/\/forseth.se\/wp-content\/uploads\/2017\/03\/Borg-Mesch-och-jag-768x576.jpg 768w\" sizes=\"auto, (max-width: 767px) 89vw, (max-width: 1000px) 54vw, (max-width: 1071px) 543px, 580px\" \/><\/a> <\/p>\n<style type=\"text\/css\">\n\t<!--\n\t\t@page { margin: 2cm }\n\t\tP { margin-bottom: 0.21cm }\n\t\tA:link { so-language: zxx }\n\t-->\n\t<\/style>\n<p><\/span><\/p>\n<p align=\"CENTER\"><span style=\"color: #800000;\"><span style=\"font-family: HelveticaNeue;\"><span style=\"font-size: 300%;\"><b>I de lugnaste vatten\u2026<\/b><\/span><\/span><\/span><\/p>\n<p><span style=\"color: #800000;\">\u201d<span style=\"font-family: Georgia,serif;\"><span style=\"font-size: large;\"><i><b>I de lugnaste vattnen g\u00e5r de st\u00f6rsta fiskarna\u201d, s\u00e4ger man. Om Kiruna \u00e4r det lugnaste av Sveriges vatten \u2013 vilka \u00e4r d\u00e5 de st\u00f6rsta fiskarna?<\/b><\/i><\/span><\/span><\/span><\/p>\n<p><span style=\"color: #800000;\"><span style=\"font-family: Georgia,serif;\"><span style=\"font-size: large;\">Tales\u00e4ttet syftar v\u00e4l n\u00e4rmast p\u00e5, att d\u00e4r man minst anar det g\u00e5r fula fiskar omkring, vilka i sin tur inte \u00e4r malar eller g\u00e4ddor utan riktigt m\u00e4nskliga skurkar. Man kan utvidga tales\u00e4ttet till, att i den lugnaste lilla h\u00e5la kan de mest sp\u00e4nnande personer bo utan att andra inv\u00e5nare har en aning om det.<\/span><\/span><\/span><\/p>\n<p><span style=\"color: #800000;\"><span style=\"font-family: Georgia,serif;\"><span style=\"font-size: large;\">Kiruna en h\u00e5la? Jag h\u00f6r fnysningen. Fast en g\u00e5ng var Kiruna en riktig h\u00e5la, ett slags Klondyke d\u00e4r det gick vilt till. Men det satte s\u00e5dana som <\/span><\/span><span style=\"font-family: Georgia,serif;\"><span style=\"font-size: large;\"><i>Hjalmar Lundbohm<\/i><\/span><\/span><span style=\"font-family: Georgia,serif;\"><span style=\"font-size: large;\"> stopp f\u00f6r genom att g\u00f6ra ett riktigt samh\u00e4lle av k\u00e5kstaden. Idag har vi v\u00e4l inte l\u00e4ngre n\u00e5gra stora personligheter av hans, <\/span><\/span><span style=\"font-family: Georgia,serif;\"><span style=\"font-size: large;\"><i>Johan Turis<\/i><\/span><\/span><span style=\"font-family: Georgia,serif;\"><span style=\"font-size: large;\"> eller <\/span><\/span><span style=\"font-family: Georgia,serif;\"><span style=\"font-size: large;\"><i>Emilie Demants<\/i><\/span><\/span><span style=\"font-family: Georgia,serif;\"><span style=\"font-size: large;\"> kaliber?<\/span><\/span><\/span><\/p>\n<p><span style=\"color: #800000;\"><span style=\"font-family: Georgia,serif;\"><span style=\"font-size: large;\">Tja, p\u00e5 midsommarafton kom jag i samspr\u00e5k med ett par turister, som \u00f6ver en karta diskuterade vilken v\u00e4g de skulle ta till n\u00e5got st\u00e4lle, varf\u00f6r jag fr\u00e5gade om jag kunde hj\u00e4lpa till. De skulle bes\u00f6ka damens gammelfarfars grav, f\u00f6rklarade de. Hon hette <\/span><\/span><span style=\"font-family: Georgia,serif;\"><span style=\"font-size: large;\"><i>Mesch,<\/i><\/span><\/span><span style=\"font-family: Georgia,serif;\"><span style=\"font-size: large;\"> och gammelfarfars f\u00f6rnamn var <\/span><\/span><span style=\"font-family: Georgia,serif;\"><span style=\"font-size: large;\"><i>Borg\u2026<\/i><\/span><\/span><\/span><\/p>\n<p><span style=\"color: #800000;\"><span style=\"font-family: Georgia,serif;\"><span style=\"font-size: large;\">Jag ser p\u00e5 min h\u00f6gra hand. Denna hand har tryckt en hand tillh\u00f6rig en \u00e4ttling till den store Borg Mesch!<\/span><\/span><\/span><\/p>\n<p><span style=\"color: #800000;\"><span style=\"font-family: Georgia,serif;\"><span style=\"font-size: large;\">En annan gammal storhet som vi \u00e4nnu kan sp\u00e5ra \u00e4r gruvarbetarbasen <\/span><\/span><span style=\"font-family: Georgia,serif;\"><span style=\"font-size: large;\"><i>Oskar Lindell <\/i><\/span><\/span><span style=\"font-family: Georgia,serif;\"><span style=\"font-size: large;\">p\u00e5 <\/span><\/span><span style=\"font-family: Georgia,serif;\"><span style=\"font-size: large;\"><i>Kirsten Kj\u00e6rs<\/i><\/span><\/span><span style=\"font-family: Georgia,serif;\"><span style=\"font-size: large;\"> tavla i Folkets hus, ty han var farfarsbror till sin portr\u00e4ttlike \u00e4ttling <\/span><\/span><span style=\"font-family: Georgia,serif;\"><span style=\"font-size: large;\"><i>Johannes,<\/i><\/span><\/span><span style=\"font-family: Georgia,serif;\"><span style=\"font-size: large;\"> som till f\u00f6r n\u00e5gon m\u00e5nad sedan \u00e4nnu vandrade p\u00e5 Kirunas gator (men nu har flyttat s\u00f6derut).<\/span><\/span><\/span><\/p>\n<p><span style=\"color: #800000;\"><span style=\"font-family: Georgia,serif;\"><span style=\"font-size: large;\">Jaja, det \u00e4r nog gott och v\u00e4l \u2013men vad har detta med film att g\u00f6ra? undrar kanske n\u00e5gon. N\u00e5, Borg Mesch-\u00e4ttlingen ber\u00e4ttade, att hennes bror och dennes b\u00e4gge ton\u00e5riga barn varit totalt ointresserade av sin store namnes g\u00f6randen och l\u00e5tanden. De senare reagerade p\u00e5 ton\u00e5ringars vis p\u00e5 sin fasters ber\u00e4ttelser med \u201d\u00d6\u00f6\u00f6\u201d. Tills de en dag kom till Kiruna och fick sig ett f\u00f6redrag om stadens tidiga historia till livs. D\u00e5 v\u00e4cktes de ur den t\u00f6rnrosas\u00f6mn de vilat i och blev eld och l\u00e5gor.<\/span><\/span><\/span><\/p>\n<p><span style=\"color: #800000;\"><span style=\"font-family: Georgia,serif;\"><span style=\"font-size: large;\">Detta har bara med film att g\u00f6ra d\u00e4rf\u00f6r att h\u00e4ndelsef\u00f6rloppet liknar en mycket traditionell dramaturgi inom sk\u00f6nlitteratur, teater och film. Nyligen visade SVT dramaserien <\/span><\/span><span style=\"font-family: Georgia,serif;\"><span style=\"font-size: large;\"><i>Restless<\/i><\/span><\/span><span style=\"font-family: Georgia,serif;\"><span style=\"font-size: large;\"> fr\u00e5n 2012 om en ung, frigjord och sj\u00e4lvst\u00e4ndig hippie p\u00e5 sjuttiotalet med en lite jobbig mamma <\/span><\/span><span style=\"font-family: Georgia,serif;\"><span style=\"font-size: large;\"><i>(Charlotte Rampling) <\/i><\/span><\/span><span style=\"font-family: Georgia,serif;\"><span style=\"font-size: large;\">boende p\u00e5 landet, en mamma som bara blir \u00e4nnu jobbigare av att hon har n\u00e5gon l\u00f6jlig f\u00f6rf\u00f6ljelsemani. Dottern: (st\u00f6n) \u201dKom igen nu\u201d! S\u00e5 p\u00e5st\u00e5r sig mamman till och med ha levt under falsk flagg i hela dotterns liv. Kul att f\u00e5 veta det som vuxen! Men det \u00e4r inte det v\u00e4rsta: mamman har varit spion.<\/span><\/span><\/span><\/p>\n<p><span style=\"color: #800000;\"><span style=\"font-family: Georgia,serif;\"><span style=\"font-size: large;\">Resten av dramaturgin kan var och en f\u00f6rest\u00e4lla sig. N\u00e5got liknande och \u00e4nd\u00e5 helt olikt \u00e4r dramaturgin i <\/span><\/span><span style=\"font-family: Georgia,serif;\"><span style=\"font-size: large;\"><i>Fredrik Backmans<\/i><\/span><\/span><span style=\"font-family: Georgia,serif;\"><span style=\"font-size: large;\"> roman <\/span><\/span><span style=\"font-family: Georgia,serif;\"><span style=\"font-size: large;\"><i>Min mormor h\u00e4lsar och s\u00e4ger f\u00f6rl\u00e5t,<\/i><\/span><\/span><span style=\"font-family: Georgia,serif;\"><span style=\"font-size: large;\"> d\u00e4r en sju\u00e5ring (n\u00e4stan \u00e5tta) med n\u00e4ra f\u00f6rh\u00e5llande till sin sv\u00e4rjande och vilda mormor efter den senares d\u00f6d i cancer uppt\u00e4cker det ena efter det andra som tyder p\u00e5, att mormor egentligen var mer av en superhj\u00e4lte \u00e4n en vanlig mormor.<\/span><\/span><\/span><\/p>\n<p><span style=\"color: #800000;\"><span style=\"font-family: Georgia,serif;\"><span style=\"font-size: large;\">\u00c5ter aprop\u00e5 film, s\u00e5 ber\u00e4ttade nyligen f\u00f6r mig en h\u00e4r i v\u00e5r lugna stad boende dam, Anna (n\u00e4stan 94), om att hon i sin ungdom jobbade som piga i utkanten av Stockholm, i en stadsdel d\u00e4r m\u00e5nga inom filmen bodde. I huset kom och gick sk\u00e5despelare och regiss\u00f6rer, och en som hon ibland tr\u00e4ffade hette <\/span><\/span><span style=\"font-family: Georgia,serif;\"><span style=\"font-size: large;\"><i>Greta Garbo\u2026<\/i><\/span><\/span><\/span><\/p>\n<p><span style=\"color: #800000;\"><span style=\"font-family: Georgia,serif;\"><span style=\"font-size: large;\">Mitt ibland oss finns allts\u00e5 personligheter med sp\u00e4nnande historier. Kanske n\u00e5gon bland dina grannar?\u00a0Eller n\u00e5gon bland \u00e5terv\u00e4ndarna under Kirunafestivalen? \u2013 D\u00e5 \u00e4r det dags att skriva om dem.\u00a0Eller g\u00f6ra en film om dem. Den dramaturgiska uppbyggnaden har vi ju redan beskrivit!<\/span><\/span><\/span><\/p>\n<p align=\"RIGHT\"><span style=\"color: #800000;\"><span style=\"font-family: HelveticaNeue;\"><span style=\"font-size: large;\"><i>En id\u00e9 i idet av Bj\u00f6rn Forseth<\/i><\/span><\/span><\/span><\/p>\n<p align=\"RIGHT\">\n<p style=\"text-align: center;\" align=\"RIGHT\"><a href=\"..\/idet\">\u00c5ter<\/a><\/p>\n","protected":false},"excerpt":{"rendered":"<p>Garbo och Mesch &#8211; gratistidning.com 2015-06-23 I de lugnaste vatten\u2026 \u201dI de lugnaste vattnen g\u00e5r de st\u00f6rsta fiskarna\u201d, s\u00e4ger man. Om Kiruna \u00e4r det lugnaste av Sveriges vatten \u2013 vilka \u00e4r d\u00e5 de st\u00f6rsta fiskarna? Tales\u00e4ttet syftar v\u00e4l n\u00e4rmast p\u00e5, att d\u00e4r man minst anar det g\u00e5r fula fiskar omkring, vilka i sin tur inte &hellip; <\/p>\n<p class=\"link-more\"><a href=\"https:\/\/forseth.se\/?page_id=355\" class=\"more-link\">Forts\u00e4tt l\u00e4sa<span class=\"screen-reader-text\"> \u201dI de lugnaste vatten\u2026\u201d<\/span><\/a><\/p>\n","protected":false},"author":1,"featured_media":0,"parent":0,"menu_order":32,"comment_status":"closed","ping_status":"closed","template":"","meta":{"footnotes":""},"class_list":["post-355","page","type-page","status-publish","hentry"],"_links":{"self":[{"href":"https:\/\/forseth.se\/index.php?rest_route=\/wp\/v2\/pages\/355","targetHints":{"allow":["GET"]}}],"collection":[{"href":"https:\/\/forseth.se\/index.php?rest_route=\/wp\/v2\/pages"}],"about":[{"href":"https:\/\/forseth.se\/index.php?rest_route=\/wp\/v2\/types\/page"}],"author":[{"embeddable":true,"href":"https:\/\/forseth.se\/index.php?rest_route=\/wp\/v2\/users\/1"}],"replies":[{"embeddable":true,"href":"https:\/\/forseth.se\/index.php?rest_route=%2Fwp%2Fv2%2Fcomments&post=355"}],"version-history":[{"count":1,"href":"https:\/\/forseth.se\/index.php?rest_route=\/wp\/v2\/pages\/355\/revisions"}],"predecessor-version":[{"id":358,"href":"https:\/\/forseth.se\/index.php?rest_route=\/wp\/v2\/pages\/355\/revisions\/358"}],"wp:attachment":[{"href":"https:\/\/forseth.se\/index.php?rest_route=%2Fwp%2Fv2%2Fmedia&parent=355"}],"curies":[{"name":"wp","href":"https:\/\/api.w.org\/{rel}","templated":true}]}}