{"id":403,"date":"2017-03-23T17:15:45","date_gmt":"2017-03-23T16:15:45","guid":{"rendered":"http:\/\/forseth.se\/idet\/?page_id=403"},"modified":"2017-03-23T17:34:38","modified_gmt":"2017-03-23T16:34:38","slug":"aug-31-2015-fimpen-en-knatte-med-glod","status":"publish","type":"page","link":"https:\/\/forseth.se\/?page_id=403","title":{"rendered":"Fimpen \u2013 en knatte med gl\u00f6d"},"content":{"rendered":"<p style=\"text-align: center;\">FIMPEN \u2013 gratistidning.com 2015-08-31<\/p>\n<p>&nbsp;<\/p>\n<p><span style=\"color: #800000;\"><a href=\"https:\/\/forseth.se\/idet\/wp-content\/uploads\/2017\/03\/Fimpen.jpg\"><img loading=\"lazy\" decoding=\"async\" class=\"aligncenter size-full wp-image-404\" src=\"https:\/\/forseth.se\/idet\/wp-content\/uploads\/2017\/03\/Fimpen.jpg\" alt=\"\" width=\"1000\" height=\"1127\" srcset=\"https:\/\/forseth.se\/wp-content\/uploads\/2017\/03\/Fimpen.jpg 1000w, https:\/\/forseth.se\/wp-content\/uploads\/2017\/03\/Fimpen-266x300.jpg 266w, https:\/\/forseth.se\/wp-content\/uploads\/2017\/03\/Fimpen-768x866.jpg 768w, https:\/\/forseth.se\/wp-content\/uploads\/2017\/03\/Fimpen-909x1024.jpg 909w\" sizes=\"auto, (max-width: 767px) 89vw, (max-width: 1000px) 54vw, (max-width: 1071px) 543px, 580px\" \/><\/a><\/span><\/p>\n<style type=\"text\/css\">\n\t<!-- @page { margin: 2cm } P { margin-bottom: 0.21cm } --><br \/>\t<\/style>\n<p>&nbsp;<\/p>\n<p lang=\"sv-SE\" align=\"CENTER\"><span style=\"color: #800000;\"><span style=\"font-family: HelveticaNeue-Bold;\"><span style=\"font-size: 300%;\"><b>Fimpen<\/b><\/span><\/span><\/span><\/p>\n<p lang=\"sv-SE\" align=\"CENTER\"><span style=\"color: #800000;\"><span style=\"font-family: HelveticaNeue-Bold;\"><span style=\"font-size: 300%;\"><b>\u2013 en knatte med gl\u00f6d<\/b><\/span><\/span><\/span><\/p>\n<p lang=\"sv-SE\" align=\"CENTER\"><span style=\"color: #800000;\"><span style=\"font-family: Georgia-BoldItalic,cursive;\"><span style=\"font-size: large;\"><i><b>Fotboll \u00e4r fotboll, film \u00e4r film och aldrig m\u00f6tas de tv\u00e5.<\/b><\/i><\/span><\/span><\/span><\/p>\n<p lang=\"sv-SE\" align=\"LEFT\"><span style=\"color: #800000;\"><span style=\"font-family: Georgia,serif;\"><span style=\"font-size: large;\">S\u00e5 kan man travestera \u2013 leka med \u2013 tales\u00e4ttet. Nu p\u00e5 torsdag den 3 september bevisar filmstudion, att tales\u00e4ttet har fel.<\/span><\/span><\/span><\/p>\n<p lang=\"sv-SE\" align=\"LEFT\"><span style=\"color: #800000;\"><span style=\"font-family: Georgia,serif;\"><span style=\"font-size: large;\">D\u00e5 kommer n\u00e4mligen de bl\u00e5gulas p\u00e5 1970-talet legendariska f\u00f6rbundskapten <span style=\"font-family: Georgia-Italic,cursive;\"><i>Georg \u201d\u00c5by\u201d Ericson<\/i><\/span> att spela mot <span style=\"font-family: Georgia-Italic,cursive;\"><i>Magnus H\u00e4renstam.<\/i><\/span> M\u00e5lvakten <span style=\"font-family: Georgia-Italic,cursive;\"><i>Ronnie Hellstr\u00f6m<\/i><\/span> och <span style=\"font-family: Georgia-Italic,cursive;\"><i>Monica Zetterlund<\/i><\/span> kommer att upptr\u00e4da p\u00e5 samma bioduk, <span style=\"font-family: Georgia-Italic,cursive;\"><i>Ralf Edstr\u00f6m, Roland Sandberg <\/i><\/span>och<span style=\"font-family: Georgia-Italic,cursive;\"><i> Benno Magnusson<\/i><\/span> kommer att spela mot <span style=\"font-family: Georgia-Italic,cursive;\"><i>Ernst-Hugo J\u00e4reg\u00e5rd<\/i><\/span> och<\/span><\/span><\/span><\/p>\n<p lang=\"sv-SE\" align=\"CENTER\"><span style=\"color: #800000;\"><span style=\"font-family: Georgia,serif;\"><span style=\"font-size: large;\"><span style=\"font-family: Georgia-Bold;\"><b>alla spelar mot <\/b><\/span><span style=\"font-family: Georgia-BoldItalic,cursive;\"><i><b>FIMPEN<\/b><\/i><\/span><span style=\"font-family: Georgia-Italic,cursive;\"><i>!<\/i><\/span><\/span><\/span><\/span><\/p>\n<p lang=\"sv-SE\" align=\"LEFT\"><span style=\"color: #800000;\"><span style=\"font-family: Georgia,serif;\"><span style=\"font-size: large;\">Vad \u00e4r nu det h\u00e4r f\u00f6r skoj? \u2013 H\u00e4lften av de uppr\u00e4knade personerna \u00e4r ju \u00e4kta fotbollsspelare fr\u00e5n sjuttiotalet och h\u00e4lften \u00e4kta sk\u00e5despelare. Men vem farao \u00e4r Fimpen?<\/span><\/span><\/span><\/p>\n<p lang=\"sv-SE\" align=\"LEFT\"><span style=\"color: #800000;\"><span style=\"font-family: Georgia,serif;\"><span style=\"font-size: large;\">Jo, Fimpen \u00e4r stj\u00e4rnan i det bl\u00e5gula landslaget. Ingen annan fotbollsspelare har 1973 hans suver\u00e4na f\u00f6rm\u00e5ga att dribbla bort motst\u00e5ndare och liksom krypa under dem och nita bollen i till och med det sovjetiska m\u00e5let. Han \u00e4r det \u00e5rets superstj\u00e4rna p\u00e5 fotbollshimlen. Fimpen \u00e4r sex \u00e5r gammal.<\/span><\/span><\/span><\/p>\n<p lang=\"sv-SE\" align=\"LEFT\"><span style=\"color: #800000;\"><span style=\"font-family: Georgia,serif;\"><span style=\"font-size: large;\">Det visste ni inte, va, fotbollsn\u00f6rdar! Inte ni filmn\u00f6rdar heller, f\u00f6rresten. Va?!<\/span><\/span><\/span><\/p>\n<p lang=\"sv-SE\" align=\"LEFT\"><span style=\"color: #800000;\"><span style=\"font-family: Georgia,serif;\"><span style=\"font-size: large;\">Men p\u00e5 torsdag f\u00e5r ni bildbeviset. Hammarbyliraren Magnus H\u00e4renstam blir en dag bortdribblad av sex\u00e5ringen Fimpen p\u00e5 en f\u00f6rortsg\u00e5rd, f\u00e5r fruktansv\u00e4rd prestations\u00e5ngest och tvingas deprimerad l\u00e4mna laget men n\u00e4mner i sammanhanget sex\u00e5ringen, som lagledaren d\u00e5 l\u00e5ter fylla den tomma platsen. Och det ena leder till det andra, vilket betyder att Georg \u2019\u00c5by\u2019 Ericson en dag ber Fimpen ansluta sig till landslaget.<\/span><\/span><\/span><\/p>\n<p lang=\"sv-SE\" align=\"LEFT\"><span style=\"color: #800000;\"><span style=\"font-family: Georgia,serif;\"><span style=\"font-size: large;\">Men inte har n\u00e5gon sex\u00e5ring platsat hos de bl\u00e5gula, s\u00e4ger ni d\u00e4r hemma tvivlande. Men s\u00e5 kom och kolla filmen, d\u00e5! Och kom sedan inte och s\u00e4g, att inte \u00c5by, Ronnie, Ralf och de andra \u00e4r de verkliga \u00c5by, Ronnie, Ralf och de andra! F\u00f6r hela det svenska landslaget spelar match efter match i Stockholm, Madeira och Moskva med just denne lille Fimpen.<\/span><\/span><\/span><\/p>\n<p lang=\"sv-SE\" align=\"LEFT\"><span style=\"color: #800000;\"><span style=\"font-family: Georgia,serif;\"><span style=\"font-size: large;\">Ni kommer att k\u00e4nna igen R\u00e5sunda fotbollsstadion, Leninstadion och Ljusst\u00f6parbacken i Gr\u00f6ndal, och publiken \u00e4r den riktiga. Den sovjetiske m\u00e5lvakten <span style=\"font-family: Georgia-Italic,cursive;\"><i>Jevgenij Rudakov,<\/i><\/span> som f\u00f6rst inte vill vara med och larva sig mot den lille svennen p\u00e5 den stora Leninstadion, blir efter ett tag s\u00e5 fascinerad att han sopar undan statisten som ska f\u00f6rest\u00e4lla honom och sj\u00e4lv st\u00e4ller sig i m\u00e5let.<\/span><\/span><\/span><\/p>\n<p lang=\"sv-SE\" align=\"LEFT\"><span style=\"color: #800000;\"><span style=\"font-family: Georgia,serif;\"><span style=\"font-size: large;\">Och, jod\u00e5, Monica Zetterlund och Ernst-Hugo J\u00e4reg\u00e5rd \u00e4r ocks\u00e5 de riktiga. F\u00f6r det \u00e4r trots allt en spelfilm. Men vilken regiss\u00f6r kan ha lyckats engagera Monica och Ernst-Hugo <span style=\"font-family: Georgia-Italic,cursive;\"><i>och samtidigt<\/i><\/span> \u00c5by och Rudakov? Svaret \u00e4r logiskt: om \u00c5by <span style=\"font-family: Georgia-Bold;\"><b>\u00e4r<\/b><\/span> det svenska fotbollslandslaget 1973 s\u00e5 <span style=\"font-family: Georgia-Bold;\"><b>\u00e4r<\/b><\/span> <span style=\"font-family: Georgia-Italic,cursive;\"><i>Bo Widerberg<\/i><\/span> det svenska filmlandslaget samma \u00e5r.<\/span><\/span><\/span><\/p>\n<p lang=\"sv-SE\" align=\"LEFT\"><span style=\"color: #800000;\"><span style=\"font-family: Georgia,serif;\"><span style=\"font-size: large;\">Nu v\u00e4nder jag mig inte till dagens ungdom, som v\u00e4l inte k\u00e4nner till n\u00e5gon av dessa tv\u00e5. Men er, som f\u00f6ljde med 1973, utmanar jag (om ni \u00e4r filmn\u00f6rdar): k\u00e4nner ni till Bo Widerberg s\u00e5 ska ni k\u00e4nna till Georg \u2019\u00c5by\u2019 Ericson. Och (om ni \u00e4r fotbollsn\u00f6rdar): k\u00e4nner ni till \u2019\u00c5by\u2019, s\u00e5 ska ni k\u00e4nna till Bo!<\/span><\/span><\/span><\/p>\n<p lang=\"sv-SE\" align=\"LEFT\"><span style=\"color: #800000;\"><span style=\"font-family: Georgia,serif;\"><span style=\"font-size: large;\">Dagens unga m\u00e5 vara obekanta med dessa, men b\u00e4gge \u00e4r v\u00e4rda en film. Georg \u2019\u00c5by\u2019 Ericson ledde det svenska fotbollslandslaget i 91 A-landskamper under 1970-talet och Bo Widerberg gjorde internationellt uppm\u00e4rksammade filmer som <span style=\"font-family: Georgia-Italic,cursive;\"><i>Kvarteret Korpen<\/i><\/span> (1963),<span style=\"font-family: Georgia-Italic,cursive;\"><i> Elvira Madigan <\/i><\/span>(1967) och<span style=\"font-family: Georgia-Italic,cursive;\"><i> Mannen p\u00e5 taket<\/i><\/span> (1976).<\/span><\/span><\/span><\/p>\n<p lang=\"sv-SE\" align=\"LEFT\"><span style=\"color: #800000;\"><span style=\"font-family: Georgia,serif;\"><span style=\"font-size: large;\">M\u00e5nga ser Widerberg som ytterst allvarlig, rentav dyster. Har man filmatiserat <span style=\"font-family: Georgia-Italic,cursive;\"><i>Torgny Lindgrens Ormens v\u00e4g p\u00e5 h\u00e4lleberget <\/i><\/span>(1986), s\u00e5 kan man f\u00f6rst\u00e5 det. Men h\u00e4r kommer han med en rolig fotbollskomedi 1974, s\u00e5 hur f\u00f6rklarar man det? Jo \u2013 Bo Widerberg var inte bara filmregiss\u00f6r, han var fotbollsn\u00f6rd ocks\u00e5!<\/span><\/span><\/span><\/p>\n<p lang=\"sv-SE\" align=\"LEFT\"><span style=\"color: #800000;\"><span style=\"font-family: Georgia,serif;\"><span style=\"font-size: large;\">Och det skulle kanske en fotbollsn\u00f6rd till f\u00f6r att \u00f6vertala \u00c5by och hela landslaget att sl\u00e4ppa in den lille sex\u00e5rige parveln, ta med honom p\u00e5 turneerna och l\u00e5ta honom spela p\u00e5 de riktiga arenorna inf\u00f6r tiotusetals betalande \u00e5sk\u00e5dare!<\/span><\/span><\/span><\/p>\n<p lang=\"sv-SE\" align=\"LEFT\"><span style=\"color: #800000;\"><span style=\"font-family: Georgia,serif;\"><span style=\"font-size: large;\">Kiruna filmstudio har f\u00e5tt upp denna nyss upprustade kopia av Fimpen efter personligt tillm\u00f6tesg\u00e5ende fr\u00e5n Bos son <span style=\"font-family: Georgia-Italic,cursive;\"><i>Martin Widerberg.<\/i><\/span><\/span><\/span><\/span><\/p>\n<p lang=\"sv-SE\" align=\"RIGHT\"><span style=\"color: #800000;\"><span style=\"font-family: HelveticaNeue-Italic,cursive;\"><span style=\"font-size: medium;\"><i>En id\u00e9 i idet av Bj\u00f6rn Forseth<\/i><\/span><\/span><\/span><\/p>\n<p lang=\"sv-SE\" style=\"text-align: center;\" align=\"RIGHT\"><a href=\"..\/idet\">\u00c5ter<\/a><\/p>\n","protected":false},"excerpt":{"rendered":"<p>FIMPEN \u2013 gratistidning.com 2015-08-31 &nbsp; &nbsp; Fimpen \u2013 en knatte med gl\u00f6d Fotboll \u00e4r fotboll, film \u00e4r film och aldrig m\u00f6tas de tv\u00e5. S\u00e5 kan man travestera \u2013 leka med \u2013 tales\u00e4ttet. Nu p\u00e5 torsdag den 3 september bevisar filmstudion, att tales\u00e4ttet har fel. D\u00e5 kommer n\u00e4mligen de bl\u00e5gulas p\u00e5 1970-talet legendariska f\u00f6rbundskapten Georg \u201d\u00c5by\u201d &hellip; <\/p>\n<p class=\"link-more\"><a href=\"https:\/\/forseth.se\/?page_id=403\" class=\"more-link\">Forts\u00e4tt l\u00e4sa<span class=\"screen-reader-text\"> \u201dFimpen \u2013 en knatte med gl\u00f6d\u201d<\/span><\/a><\/p>\n","protected":false},"author":1,"featured_media":0,"parent":0,"menu_order":34,"comment_status":"closed","ping_status":"closed","template":"","meta":{"footnotes":""},"class_list":["post-403","page","type-page","status-publish","hentry"],"_links":{"self":[{"href":"https:\/\/forseth.se\/index.php?rest_route=\/wp\/v2\/pages\/403","targetHints":{"allow":["GET"]}}],"collection":[{"href":"https:\/\/forseth.se\/index.php?rest_route=\/wp\/v2\/pages"}],"about":[{"href":"https:\/\/forseth.se\/index.php?rest_route=\/wp\/v2\/types\/page"}],"author":[{"embeddable":true,"href":"https:\/\/forseth.se\/index.php?rest_route=\/wp\/v2\/users\/1"}],"replies":[{"embeddable":true,"href":"https:\/\/forseth.se\/index.php?rest_route=%2Fwp%2Fv2%2Fcomments&post=403"}],"version-history":[{"count":3,"href":"https:\/\/forseth.se\/index.php?rest_route=\/wp\/v2\/pages\/403\/revisions"}],"predecessor-version":[{"id":420,"href":"https:\/\/forseth.se\/index.php?rest_route=\/wp\/v2\/pages\/403\/revisions\/420"}],"wp:attachment":[{"href":"https:\/\/forseth.se\/index.php?rest_route=%2Fwp%2Fv2%2Fmedia&parent=403"}],"curies":[{"name":"wp","href":"https:\/\/api.w.org\/{rel}","templated":true}]}}