{"id":488,"date":"2017-04-04T20:10:07","date_gmt":"2017-04-04T18:10:07","guid":{"rendered":"http:\/\/forseth.se\/idet\/?page_id=488"},"modified":"2017-04-04T20:10:07","modified_gmt":"2017-04-04T18:10:07","slug":"vald-for-barn","status":"publish","type":"page","link":"https:\/\/forseth.se\/?page_id=488","title":{"rendered":"V\u00e5ld f\u00f6r barn"},"content":{"rendered":"<p style=\"text-align: center;\">LAGL\u00d6S \u2013 gratistidning.com 2015-12-07<\/p>\n<p style=\"text-align: center;\"><span style=\"color: #800000;\"><a href=\"https:\/\/forseth.se\/idet\/wp-content\/uploads\/2017\/04\/Lagloes.jpg\"><img loading=\"lazy\" decoding=\"async\" class=\"aligncenter wp-image-489\" src=\"https:\/\/forseth.se\/idet\/wp-content\/uploads\/2017\/04\/Lagloes.jpg\" alt=\"\" width=\"1000\" height=\"563\" srcset=\"https:\/\/forseth.se\/wp-content\/uploads\/2017\/04\/Lagloes.jpg 805w, https:\/\/forseth.se\/wp-content\/uploads\/2017\/04\/Lagloes-300x169.jpg 300w, https:\/\/forseth.se\/wp-content\/uploads\/2017\/04\/Lagloes-768x432.jpg 768w\" sizes=\"auto, (max-width: 767px) 89vw, (max-width: 1000px) 54vw, (max-width: 1071px) 543px, 580px\" \/><\/a><\/p>\n<style type=\"text\/css\">\n\t<!--\n\t\t@page { margin: 2cm }\n\t\tP { margin-bottom: 0.21cm }\n\t-->\n\t<\/style>\n<p><\/span><\/p>\n<p lang=\"sv-SE\" align=\"CENTER\"><span style=\"color: #800000;\"><span style=\"font-family: HelveticaNeue-Bold;\"><span style=\"font-size: 300%;\"><b>V\u00e5ld f\u00f6r barn<\/b><\/span><\/span><\/span><\/p>\n<p lang=\"sv-SE\" align=\"CENTER\"><span style=\"color: #800000;\"><span style=\"font-family: Georgia-BoldItalic,cursive;\"><span style=\"font-size: large;\"><b><span style=\"font-family: Georgia-Bold;\">Mads Mikkelsen<\/span><i> \u00e4r en h\u00e5rd figur. Ser i alla fall ut som en. En riktig karlakarl. En s\u00e5\u2019n skulle man va\u2019!<\/i><\/b><\/span><\/span><\/span><\/p>\n<p lang=\"sv-SE\" align=\"LEFT\"><span style=\"color: #800000;\"><span style=\"font-family: Georgia,serif;\"><span style=\"font-size: large;\">Men det \u00e4r man ju inte. \u2013 Det finns andra som \u00e4r det, i verkliga livet. Jag har tr\u00e4ffat s\u00e5dana d\u00e4r nordiska vikingatyper. De brukar vara j\u00e4ttegulliga. F\u00f6r de \u00e4r inte sk\u00e5despelare och beh\u00f6ver inte spela tuffa. Man viker \u00e4nd\u00e5 \u00e5t sidan, n\u00e4r man m\u00f6ter dem i en gr\u00e4nd en m\u00f6rk natt.<\/span><\/span><\/span><\/p>\n<p lang=\"sv-SE\" align=\"LEFT\"><span style=\"color: #800000;\"><span style=\"font-family: Georgia,serif;\"><span style=\"font-size: large;\">Men nu ska jag inte f\u00f6rdjupa mig i dem utan i en annan sk\u00e5despelare med riktig karlakarlsutstr\u00e5lning: <span style=\"font-family: Georgia-Italic,cursive;\"><i>Daniel Craig,<\/i><\/span> Storbritanniens svar p\u00e5 Danmarks Mikkelsen. De tv\u00e5 f\u00f6renas i den senaste <span style=\"font-family: Georgia-Italic,cursive;\"><i>James Bond-<\/i><\/span>filmen i det att Bond (Craig) ett kort \u00f6gonblick g\u00e5r f\u00f6rbi ett portr\u00e4tt av Mikkelsen. Denna den senaste Bondfilmen hade jag inte t\u00e4nkt se men blev tipsad om hur sp\u00e4nnande den var och s\u00e5g den d\u00e4rf\u00f6r h\u00e4rom dagen tillsammans med en lumparkompis, som p\u00e5 den tid vi tj\u00e4nade Kronan var just en av dessa sn\u00e4lla men av sig sj\u00e4lva tuffa, nordiska typer. Och attackdykare var han ju. Nu \u00e4r hans rond\u00f6r s\u00e5dan, att han inte l\u00e4ngre f\u00e5r p\u00e5 sig en v\u00e5tdr\u00e4kt. S\u00e5 kan det g\u00e5.<\/span><\/span><\/span><\/p>\n<p lang=\"sv-SE\" align=\"LEFT\"><span style=\"color: #800000;\"><span style=\"font-family: Georgia,serif;\"><span style=\"font-size: large;\">Tipset var bra, filmen <span style=\"font-family: Georgia-Italic,cursive;\"><i>var<\/i><\/span> oerh\u00f6rt sp\u00e4nnande <span style=\"font-family: Georgia-Italic,cursive;\"><i>(Spectre<\/i><\/span> heter den f\u00f6rresten). Vi s\u00e5g den i hans hemstad, inte min, d\u00e4r Svensk filmindustri som p\u00e5 de flesta h\u00e5ll dominerar biomarknaden. Ordinarie biljettpris var hutl\u00f6sa 145 kronor. F\u00f6rvisso f\u00f6rekommer i storst\u00e4derna varierande priser p\u00e5 biobiljetter, och 3-D-filmer betingar \u00e4ven i Kiruna ett h\u00f6gre pris p\u00e5 grund av alla glas\u00f6gon som ska diskas. Men 145 kronor f\u00f6r en film som inte ens var i 3-D!<\/span><\/span><\/span><\/p>\n<p lang=\"sv-SE\" align=\"LEFT\"><span style=\"color: #800000;\"><span style=\"font-family: Georgia,serif;\"><span style=\"font-size: large;\">Jag kan inte annat \u00e4n f\u00f6rest\u00e4lla mig, att filmbolaget sk\u00e4r pipor i vassen, f\u00f6r Bondfilmer \u00e4r s\u00e4kra kassakor. De \u00e4r som kaffe \u2013 priset f\u00e5r vara vad som helst, de ska \u00e4nd\u00e5 ses (eller kokas). \u00c4nd\u00e5 var den stora biosalongen full av familjer.<\/span><\/span><\/span><\/p>\n<p lang=\"sv-SE\" align=\"LEFT\"><span style=\"color: #800000;\"><span style=\"font-family: Georgia,serif;\"><span style=\"font-size: large;\">Ja, ni l\u00e4ste r\u00e4tt: familjer. Spectre har n\u00e4mligen f\u00e5tt en \u00e5ldersgr\u00e4ns p\u00e5 11 \u00e5r, och d\u00e5 brukar ju \u00e4ven sju\u00e5ringar sl\u00e4ppas in i f\u00f6r\u00e4ldrars s\u00e4llskap. Ni, som kan er Bond, torde \u00e5t detta h\u00f6ja p\u00e5 \u00f6gonbrynen, men er andra vill jag upplysa, att filmerna om James Bond inte \u00e4r som forna tiders vilda v\u00e4stern-filmer. Det \u00e4r inte bara pang \u2013 du \u00e4r d\u00f6d. I Bondfilmerna \u00e4r v\u00e5ldet mycket mindre likt dataspel. Elakt v\u00e5ld visades redan i de tidigare filmerna, och idag demonstreras elakt v\u00e5ld ungef\u00e4r som man dissekerar d\u00f6ingar i detalj inf\u00f6r l\u00e4karstudenter. Det \u00e4r inte de brittiska filmmakarna, som sp\u00e5rat ur. En f\u00f6rr\u00e5ande trend har k\u00e4nnetecknat filmutvecklingen i \u00e5rtionden. Min generations elva\u00e5ringar fick inte se en kniv tr\u00e4ffa det br\u00f6st den kastats mot \u2013 det \u00f6gonblicket var bortklippt p\u00e5 matin\u00e9er som visade barntill\u00e5tna versioner av vuxenfilmer. Men om vi lyckats slinka in p\u00e5 den barnf\u00f6rbjudna versionen var det d\u00f6dsh\u00e4ftigt att f\u00e5 se kniven sjunka in i hj\u00e4ltens fiende. Vi ville k\u00e4nna oss stora och se scener <span style=\"font-family: Georgia-Italic,cursive;\"><i>realistiskt<\/i><\/span> \u00e5tergivna.<\/span><\/span><\/span><\/p>\n<p lang=\"sv-SE\" align=\"LEFT\"><span style=\"color: #800000;\"><span style=\"font-family: Georgia,serif;\"><span style=\"font-size: large;\">Och jag tror det \u00e4r det, som drivit fram den f\u00f6rr\u00e5ande filmstilen. F\u00f6r med modern teknik kan man visa v\u00e5ldet realistiskt, och producenterna vill inte spara in p\u00e5 det, eftersom bolagen t\u00e4vlar om att ha de v\u00e4rsta scenerna och f\u00e5 de st\u00f6rsta biljettint\u00e4kterna.<\/span><\/span><\/span><\/p>\n<p lang=\"sv-SE\" align=\"LEFT\"><span style=\"color: #800000;\"><span style=\"font-family: Georgia,serif;\"><span style=\"font-size: large;\">D\u00e4r kommer \u00e5ldersgr\u00e4nsen in. Elva\u00e5rsgr\u00e4nsen inf\u00f6rdes en g\u00e5ng i tiden, n\u00e4r man insett att publiken vant sig vid h\u00e5rdare tag, och att gapet mellan barntill\u00e5tet och -f\u00f6rbjudet blivit f\u00f6r stort. Vi hade till f\u00f6r n\u00e5gra \u00e5r sedan filmcensur i Sverige. K\u00e4nda kulturknuttar kampanjade mot censuren som otidsenlig och odemokratisk. Det hade de f\u00f6rst\u00e5s r\u00e4tt i, men att \u2013 som den hederv\u00e4rde <span style=\"font-family: Georgia-Italic,cursive;\"><i>Jan Guillou<\/i><\/span> i teve f\u00f6r m\u00e5nga \u00e5r sedan \u2013 demonstrera hur felaktigt det var med censur genom att i ett program visa n\u00e5gra bortklippta scener ur St\u00e5lmannen eller vad det var\u2026 Det var ett felsteg. F\u00f6r det f\u00f6rsta kan man inte bed\u00f6ma en films f\u00f6rr\u00e5ande inverkan av en scen ryckt ur sitt sammanhang. F\u00f6r det andra handlade det faktiskt om, att filmerna i fr\u00e5ga blivit klippta trots att censuren <span style=\"font-family: Georgia-Italic,cursive;\"><i>inte<\/i><\/span> kr\u00e4vt det. Den ville barnf\u00f6rbjuda filmerna, inte klippa dem. Men d\u00e5 skulle bolagen f\u00f6rlora mycket publik i en m\u00e5lgrupp, vars pengar de ville ha. F\u00f6r att f\u00e5 en elva\u00e5rsgr\u00e4ns gick bolagen d\u00e4rf\u00f6r med p\u00e5 klipp.<\/span><\/span><\/span><\/p>\n<p lang=\"sv-SE\" align=\"LEFT\"><span style=\"color: #800000;\"><span style=\"font-family: Georgia,serif;\"><span style=\"font-size: large;\">Nu finns ingen censur l\u00e4ngre, men \u00e5ldersgr\u00e4nser ska enligt riksdagsbeslut forts\u00e4tta att s\u00e4ttas p\u00e5 filmer som visas offentligt (filmstudion \u00e4r ett slutet s\u00e4llskap, dess filmer kan faktiskt ses av under\u00e5riga, men d\u00e5 b\u00f6r man i f\u00f6rv\u00e4g kolla med n\u00e5gon ansvarig i filmstudion). Biofilmer har allts\u00e5 \u00e5ldersgr\u00e4nser som vid hot om vite ska f\u00f6ljas. Och d\u00e5 \u00e4r jag tillbaka vid Spectre.<\/span><\/span><\/span><\/p>\n<p lang=\"sv-SE\" align=\"LEFT\"><span style=\"color: #800000;\"><span style=\"font-family: Georgia,serif;\"><span style=\"font-size: large;\">F\u00f6rutom enstaka familjer satt det grupper av barn i mellanstadie\u00e5ldern (pojkar) i min omedelbara n\u00e4rhet. De flesta klarar v\u00e5ld p\u00e5 bio, men sammanhanget spelar ocks\u00e5 in: sp\u00e4nningen, handlingen. En del \u00e4r ouppfostrade nog att b\u00f6rja SMSa mitt under en rafflande film. Fast det g\u00f6r mest \u00e4ldre ungdom, som inte f\u00f6rst\u00e5r varf\u00f6r de blir tillsagda. De h\u00e4r barnen b\u00f6rjade fingra p\u00e5 mobilerna f\u00f6r att sp\u00e4nningen var f\u00f6r stark, tror jag. En av dem b\u00f6rjade, n\u00e4r det var som mest rafflande, spela ett spel p\u00e5 mobilen. Vid ett tillf\u00e4lle ropade han h\u00f6gt n\u00e5got som uppenbarligen var till f\u00f6r att inge mod i barm \u2013 p\u00e5 honom sj\u00e4lv. Som den gubbj\u00e4vel jag \u00e4r lutade jag mig mot honom och sa, att han skulle upptr\u00e4da som en vuxen, vilket han verkade ta \u00e5t sig. Men hans grupp var orolig och mitt i en sp\u00e4nnande filmscen gick han ut och handlade l\u00e4sk och popcorn \u00e5t hela g\u00e4nget och var borta i flera minuter. N\u00e5gra av pojkarna kan inte ha f\u00f6rst\u00e5tt vad som h\u00e4nde p\u00e5 duken, n\u00e4r de varit ute s\u00e5 l\u00e4nge eller h\u00e5llit p\u00e5 med annat.<\/span><\/span><\/span><\/p>\n<p lang=\"sv-SE\" style=\"padding-left: 30px;\" align=\"LEFT\"><span style=\"color: #800000;\"><span style=\"font-family: Georgia,serif;\"><span style=\"font-size: large;\">Oss emellan b\u00f6r det finnas en surgubbe eller surk\u00e4rring i varje kvarter, en som sitter i f\u00f6nstret och registrerar vad barn och unga h\u00e5ller p\u00e5 med ute p\u00e5 g\u00e5rden. S\u00e5dana finns i alla kulturer \u2013 eller fanns. De bidrar till den allm\u00e4nna uppfostran.<\/span><\/span><\/span><\/p>\n<p lang=\"sv-SE\" align=\"LEFT\"><span style=\"color: #800000;\"><span style=\"font-family: Georgia,serif;\"><span style=\"font-size: large;\">De h\u00e4r ungarna som s\u00e5g Spectre hade jag kunnat f\u00e5 fadersk\u00e4nslor f\u00f6r, n\u00e4r jag m\u00e4rkte att de inte busade utan bara inte klarade av sp\u00e4nningen. Den \u00f6verm\u00e4ktigt v\u00e5ldsamma sp\u00e4nningen. <\/span><\/span><\/span><\/p>\n<p lang=\"sv-SE\" align=\"LEFT\"><span style=\"color: #800000;\"><span style=\"font-family: Georgia,serif;\"><span style=\"font-size: large;\">Det var ju ingen enkel film. Det var ingen barnfilm. Och dessa barn pungslogs med 145 kronor per skalle! Av kommersiella sk\u00e4l f\u00f6rst\u00e5s, men var det av kommersiella sk\u00e4l som Statens medier\u00e5d gav filmen en elva\u00e5rsgr\u00e4ns? Myndigheten ska inte l\u00e5ta sig p\u00e5verkas av filmbolagen, h\u00e4r anar jag ugglor i mossen. Och f\u00f6r\u00e4ldrar m\u00e5ste ta sig en funderare \u00f6ver, om de ska ge efter f\u00f6r tjat fr\u00e5n s\u00f6ta sm\u00e5ttingar som vill se gubbar skjutas genom hj\u00e4rnan bara f\u00f6r att \u201dalla andra f\u00e5r\u201d.<\/span><\/span><\/span><\/p>\n<p lang=\"sv-SE\" align=\"LEFT\"><span style=\"color: #800000;\"><span style=\"font-family: Georgia,serif;\"><span style=\"font-size: large;\"><span lang=\"sv-SE\">Mads Mikkelsen, d\u00e5? Jo, f\u00f6rra torsdagen visade filmstudion en film med honom i huvudrollen: <\/span><span style=\"font-family: Georgia-Italic,cursive;\"><span lang=\"sv-SE\"><i>Lagl\u00f6s.<\/i><\/span><\/span><span lang=\"sv-SE\"> I original heter filmen Michael Kohlhaas, som var en fransk James Bond p\u00e5 1600-talet, dock inte i n\u00e5got majest\u00e4ts hemliga tj\u00e4nst utan k\u00e4mpande f\u00f6r sin egen r\u00e4tt. En tuff typ, som jag sa. Barnf\u00f6rbjuden. \u2013 Den h\u00e4r kr\u00f6nikan skulle ha publicerats d\u00e5, ty denna torsdag visas ju den amerikanska <\/span><span style=\"font-family: Georgia-Italic,cursive;\"><span lang=\"sv-SE\"><i>Boyhood,<\/i><\/span><\/span><span lang=\"sv-SE\"> i vilken<\/span><span style=\"font-family: Georgia-Italic,cursive;\"><span lang=\"sv-SE\"><i> Patricia Arquette, Ethan Hawke <\/i><\/span><\/span><span lang=\"sv-SE\">och alla andra \u00e5ldras tolv \u00e5r p\u00e5 riktigt!<\/span><\/span><\/span><\/span><\/p>\n<p lang=\"sv-SE\" align=\"LEFT\">\n<p align=\"RIGHT\"><span style=\"color: #800000;\"><em><span style=\"font-family: Arial Italic,sans-serif;\"><span style=\"font-size: large;\"><span lang=\"sv-SE\">En id\u00e9 i idet av Bj\u00f6rn Forseth<\/span><\/span><\/span><\/em><\/span><\/p>\n<p style=\"text-align: center;\">\n<p style=\"text-align: center;\"><a href=\"..\/idet\">\u00c5ter<\/a><\/p>\n","protected":false},"excerpt":{"rendered":"<p>LAGL\u00d6S \u2013 gratistidning.com 2015-12-07 V\u00e5ld f\u00f6r barn Mads Mikkelsen \u00e4r en h\u00e5rd figur. Ser i alla fall ut som en. En riktig karlakarl. En s\u00e5\u2019n skulle man va\u2019! Men det \u00e4r man ju inte. \u2013 Det finns andra som \u00e4r det, i verkliga livet. Jag har tr\u00e4ffat s\u00e5dana d\u00e4r nordiska vikingatyper. De brukar vara j\u00e4ttegulliga. &hellip; <\/p>\n<p class=\"link-more\"><a href=\"https:\/\/forseth.se\/?page_id=488\" class=\"more-link\">Forts\u00e4tt l\u00e4sa<span class=\"screen-reader-text\"> \u201dV\u00e5ld f\u00f6r barn\u201d<\/span><\/a><\/p>\n","protected":false},"author":1,"featured_media":0,"parent":0,"menu_order":47,"comment_status":"closed","ping_status":"closed","template":"","meta":{"footnotes":""},"class_list":["post-488","page","type-page","status-publish","hentry"],"_links":{"self":[{"href":"https:\/\/forseth.se\/index.php?rest_route=\/wp\/v2\/pages\/488","targetHints":{"allow":["GET"]}}],"collection":[{"href":"https:\/\/forseth.se\/index.php?rest_route=\/wp\/v2\/pages"}],"about":[{"href":"https:\/\/forseth.se\/index.php?rest_route=\/wp\/v2\/types\/page"}],"author":[{"embeddable":true,"href":"https:\/\/forseth.se\/index.php?rest_route=\/wp\/v2\/users\/1"}],"replies":[{"embeddable":true,"href":"https:\/\/forseth.se\/index.php?rest_route=%2Fwp%2Fv2%2Fcomments&post=488"}],"version-history":[{"count":1,"href":"https:\/\/forseth.se\/index.php?rest_route=\/wp\/v2\/pages\/488\/revisions"}],"predecessor-version":[{"id":490,"href":"https:\/\/forseth.se\/index.php?rest_route=\/wp\/v2\/pages\/488\/revisions\/490"}],"wp:attachment":[{"href":"https:\/\/forseth.se\/index.php?rest_route=%2Fwp%2Fv2%2Fmedia&parent=488"}],"curies":[{"name":"wp","href":"https:\/\/api.w.org\/{rel}","templated":true}]}}