{"id":498,"date":"2017-04-04T20:28:05","date_gmt":"2017-04-04T18:28:05","guid":{"rendered":"http:\/\/forseth.se\/idet\/?page_id=498"},"modified":"2017-04-04T20:29:04","modified_gmt":"2017-04-04T18:29:04","slug":"svinalangorna","status":"publish","type":"page","link":"https:\/\/forseth.se\/?page_id=498","title":{"rendered":"Svinal\u00e4ngorna"},"content":{"rendered":"<p style=\"text-align: center;\">SVINAL\u00c4NGORNA \u2013 gratistidning.com 2016-01-19<\/p>\n<p><a href=\"https:\/\/forseth.se\/idet\/wp-content\/uploads\/2017\/04\/Svinalaengorna.jpeg\"><img loading=\"lazy\" decoding=\"async\" class=\"size-full wp-image-499\" src=\"https:\/\/forseth.se\/idet\/wp-content\/uploads\/2017\/04\/Svinalaengorna.jpeg\" alt=\"\" width=\"1000\" height=\"707\" srcset=\"https:\/\/forseth.se\/wp-content\/uploads\/2017\/04\/Svinalaengorna.jpeg 1000w, https:\/\/forseth.se\/wp-content\/uploads\/2017\/04\/Svinalaengorna-300x212.jpeg 300w, https:\/\/forseth.se\/wp-content\/uploads\/2017\/04\/Svinalaengorna-768x543.jpeg 768w\" sizes=\"auto, (max-width: 767px) 89vw, (max-width: 1000px) 54vw, (max-width: 1071px) 543px, 580px\" \/><\/a><\/p>\n<p style=\"text-align: center;\">\n<style type=\"text\/css\">\n\t<!-- @page { margin: 2cm } P { margin-bottom: 0.21cm } --><br \/>\n\t<\/style>\n<\/p>\n<p lang=\"sv-SE\" align=\"CENTER\"><span style=\"color: #800000;\"><span style=\"font-family: HelveticaNeue-Bold;\"><span style=\"font-size: 300%;\"><b>Svinal\u00e4ngorna<\/b><\/span><\/span><\/span><\/p>\n<p lang=\"sv-SE\" align=\"CENTER\"><span style=\"color: #800000;\"><span style=\"font-family: Georgia-BoldItalic,cursive;\"><span style=\"font-size: large;\"><i><b>Den som kom ut med det namnet borde f\u00e5 p\u00e5 nosen, s\u00e4ger en \u00e4ldre dam boende i Fridhem.<\/b><\/i><\/span><\/span><\/span><\/p>\n<p lang=\"sv-SE\" align=\"LEFT\"><span style=\"color: #800000;\"><span style=\"font-family: Georgia,serif;\"><span style=\"font-size: large;\">Fridhem \u00e4r ett bostadsomr\u00e5de i Ystad, det som f\u00f6rfattarinnan <span style=\"font-family: Georgia-Italic,cursive;\"><i>Susanna Alakoski<\/i><\/span> v\u00e4xte upp i. Men hennes roman <span style=\"font-family: Georgia-Italic,cursive;\"><i>Svinal\u00e4ngorna<\/i><\/span> fr\u00e5n 2006 (film med samma namn 2010) \u00e4r uppkallad efter omr\u00e5det, som den f\u00f6rargade damen strax efter bokens publicering alls inte vill kalla f\u00f6r svinal\u00e4ngor. Beteckningen k\u00e4nns inte igen av traktens folk, som <span style=\"font-family: Georgia-Italic,cursive;\"><i>Sydsvenska dagbladet Sn\u00e4llposten<\/i><\/span> intervjuar den 18 december 2006. En annan fridhemmare s\u00e4ger, att \u201ddet enda jag kan t\u00e4nka mig \u00e4r att de sa s\u00e5 d\u00e4rborta f\u00f6r att de tyckte vi svinade\u201d. Och d\u00e5 syftar han p\u00e5 patriciervillor p\u00e5 andra sidan omr\u00e5dets huvudgata.<\/span><\/span><\/span><\/p>\n<p lang=\"sv-SE\" align=\"LEFT\"><span style=\"color: #800000;\"><span style=\"font-family: Georgia,serif;\"><span style=\"font-size: large;\">Att det gick vilt till i nybyggda bostadsomr\u00e5den \u00e4r inget Ystadsfenomen. Miljonprogrammet p\u00e5 1960-talet skapade fr\u00e4scha bost\u00e4der \u00e5t folket i jungfruliga stadsdelar landet runt. De m\u00e5ste naturligtvis f\u00e5 tid p\u00e5 sig att bli n\u00e5got. \u201d\u00c4r det s\u00e5 m\u00e4rkv\u00e4rdigt att vi har f\u00e5tt statarl\u00e4ngorna att st\u00e5 upp?\u201d fr\u00e5gade sig <span style=\"font-family: Georgia-Italic,cursive;\"><i>Birgitta Andersson<\/i><\/span> i en sketch 1961. \u201dSvinal\u00e4ngorna\u201d syftar p\u00e5, att de <span style=\"font-family: Georgia-Italic,cursive;\"><i>inte<\/i><\/span> stod upp.<\/span><\/span><\/span><\/p>\n<p lang=\"sv-SE\" align=\"LEFT\"><span style=\"color: #800000;\"><span style=\"font-family: Georgia,serif;\"><span style=\"font-size: large;\">Det \u00e4r ett mycket sk\u00e5nskt uttryck. P\u00e5 den tiden var inte jordbrukssamh\u00e4llet \u00e4nnu utrotat. Precis som klassk\u00e4nslor och -attityder s\u00e5som fridhemmarens begreppsanalys ovan och som i Alakoskis roman bland finska arbetskraftsinvandrare, fanns i Sk\u00e5ne en ned\u00e4rvd konflikt mellan arbetare och b\u00f6nder.<\/span><\/span><\/span><\/p>\n<p lang=\"sv-SE\" align=\"LEFT\"><span style=\"color: #800000;\"><span style=\"font-family: Georgia,serif;\"><span style=\"font-size: large;\">Jag har tr\u00e4ffat folk, som blivit uppr\u00f6rda av uttrycket \u201darbetare och b\u00f6nder\u201d, som om inte b\u00f6nder vore arbetare. Det \u00e4r klart, att b\u00f6nder arbetar, men om man i v\u00e5rt land idag t\u00e4nker p\u00e5 en bonde, t\u00e4nker man p\u00e5 en str\u00e4vsam person i ett utrotningshotat sm\u00e5bruk. Men i Sk\u00e5ne fanns \u00e4nnu p\u00e5 sextiotalet fideikommisser och gods, kvarlevor av ett feodalt samh\u00e4lle. \u00c4garna av dem kunde kalla sig b\u00f6nder. Med dem k\u00e4nde enkla sm\u00e5b\u00f6nder sig inte solidariska. Och d\u00e4r levde \u00e4nnu ett arbetarklassens hat mot storb\u00f6nder kvar efter trettiotalets n\u00f6d\u00e5r, d\u00e5 arbetare f\u00e5tt jobb och logi hos dem \u2013 i ett stall eller svinal\u00e4nga. Jag k\u00e4nde en g\u00e5ng en ursk\u00e5nsk sotare, som sj\u00f6ng de s\u00e5nger som <span style=\"font-family: Georgia-Italic,cursive;\"><i>Peps Persson<\/i><\/span> 1977 f\u00f6revigade f\u00f6r oss andra i <span style=\"font-family: Georgia-Italic,cursive;\"><i>Fyra tunnlann bedor om da\u2019n\u2026<\/i><\/span><\/span><\/span><\/span><\/p>\n<p lang=\"sv-SE\" align=\"LEFT\"><span style=\"color: #800000;\"><span style=\"font-family: Georgia,serif;\"><span style=\"font-size: large;\">Filmen Svinal\u00e4ngorna g\u00e5r denna torsdag p\u00e5 filmstudion. F\u00f6r den, som inte vet n\u00e5got om den eller om boken, s\u00e5 vill jag g\u00f6ra klart, att den inte \u00e4r ett inl\u00e4gg i debatten om f\u00f6rortsomr\u00e5den som getton eller om arkitektur. Nej, det \u00e4r ett drama om ett mycket mer allm\u00e4ngiltigt problem: sprit i hemmet och barn som v\u00e4xer upp och tvingas till alldeles f\u00f6r tidigt ansvar f\u00f6r sina egna f\u00f6r\u00e4ldrar. Eftersom historien \u00e4r sj\u00e4lvupplevd av Alakoski \u00e4r den v\u00e4l en s\u00e5dan, som \u201dm\u00e5ste ut\u201d. S\u00e5 b\u00f6rjar m\u00e5nga f\u00f6rfattare. De har n\u00e5got som m\u00e5ste ber\u00e4ttas. F\u00f6r en del r\u00e4cker det med det, de skriver sedan inget mer. F\u00f6r andra rullar det p\u00e5 sedan skrivkl\u00e5dan \u00f6verg\u00e5tt i sk\u00f6n konst.<\/span><\/span><\/span><\/p>\n<p lang=\"sv-SE\" align=\"LEFT\"><span style=\"color: #800000;\"><span style=\"font-family: Georgia,serif;\"><span style=\"font-size: large;\">Det \u00e4r ocks\u00e5 sk\u00f6n konst att g\u00f6ra god film av en god bok. V\u00e5r f\u00f6rn\u00e4ma sk\u00e5despelerska <span style=\"font-family: Georgia-Italic,cursive;\"><i>Pernilla August<\/i><\/span> har regisserat, vilket var hennes l\u00e5ngfilmsdebut som regiss\u00f6r. Susanna Alakoskis alter ego Leena spelas som barn av <span style=\"font-family: Georgia-Italic,cursive;\"><i>Tehilla Blad,<\/i><\/span> som har sina egna syskon <span style=\"font-family: Georgia-Italic,cursive;\"><i>Junior<\/i><\/span> och <span style=\"font-family: Georgia-Italic,cursive;\"><i>Alpha<\/i><\/span> som syskon \u00e4ven i filmen. Den vuxna Leena spelas av <span style=\"font-family: Georgia-Italic,cursive;\"><i>Noomi Rapace<\/i><\/span> och Leenas man av <span style=\"font-family: Georgia-Italic,cursive;\"><i>Ola Rapace.<\/i><\/span> De har inte samma efternamn av en slump utan var vid inspelningstillf\u00e4llet gifta. Som det kan bli ibland!<\/span><\/span><\/span><\/p>\n<p lang=\"sv-SE\" align=\"LEFT\"><span style=\"color: #800000;\"><span style=\"font-family: Georgia,serif;\"><span style=\"font-size: large;\">Men sk\u00e5nska \u00e4r inte deras grej. Det \u00e4r v\u00e4l heller inte det viktigaste i en s\u00e5dan h\u00e4r pj\u00e4s. Alakoski d\u00e4remot talar sk\u00e5nska och finska. En kombination som jag finner f\u00f6rbryllande. Jag vet, att det \u00e4r f\u00e5nigt t\u00e4nkt. Men inte helt om\u00e4nskligt, kanske? En av mina arbetskamrater p\u00e5 den tid jag var svetsare var krigsbarn, uppvuxen i V\u00e4rmland. N\u00e4r han talade finska p\u00e5 jobbet log kamraterna, f\u00f6r att det l\u00e4t s\u00e5 roligt med finska med v\u00e4rmlandsstuk.<\/span><\/span><\/span><\/p>\n<p lang=\"sv-SE\" align=\"LEFT\"><span style=\"color: #800000;\"><span style=\"font-family: Georgia,serif;\"><span style=\"font-size: large;\">Se allts\u00e5 p\u00e5 torsdag Ystad fr\u00e5n en annan sida \u00e4n kommissarie Wallanders!<\/span><\/span><\/span><\/p>\n<p align=\"RIGHT\"><span style=\"color: #800000;\"><em><span style=\"font-family: Arial Italic,sans-serif;\"><span style=\"font-size: large;\"><span lang=\"sv-SE\">En id\u00e9 i idet av Bj\u00f6rn Forseth<\/span><\/span><\/span><\/em><\/span><\/p>\n<p style=\"text-align: center;\"><a href=\"..\/idet\">\u00c5ter<\/a><\/p>\n","protected":false},"excerpt":{"rendered":"<p>SVINAL\u00c4NGORNA \u2013 gratistidning.com 2016-01-19 Svinal\u00e4ngorna Den som kom ut med det namnet borde f\u00e5 p\u00e5 nosen, s\u00e4ger en \u00e4ldre dam boende i Fridhem. Fridhem \u00e4r ett bostadsomr\u00e5de i Ystad, det som f\u00f6rfattarinnan Susanna Alakoski v\u00e4xte upp i. Men hennes roman Svinal\u00e4ngorna fr\u00e5n 2006 (film med samma namn 2010) \u00e4r uppkallad efter omr\u00e5det, som den f\u00f6rargade &hellip; <\/p>\n<p class=\"link-more\"><a href=\"https:\/\/forseth.se\/?page_id=498\" class=\"more-link\">Forts\u00e4tt l\u00e4sa<span class=\"screen-reader-text\"> \u201dSvinal\u00e4ngorna\u201d<\/span><\/a><\/p>\n","protected":false},"author":1,"featured_media":0,"parent":0,"menu_order":50,"comment_status":"closed","ping_status":"closed","template":"","meta":{"footnotes":""},"class_list":["post-498","page","type-page","status-publish","hentry"],"_links":{"self":[{"href":"https:\/\/forseth.se\/index.php?rest_route=\/wp\/v2\/pages\/498","targetHints":{"allow":["GET"]}}],"collection":[{"href":"https:\/\/forseth.se\/index.php?rest_route=\/wp\/v2\/pages"}],"about":[{"href":"https:\/\/forseth.se\/index.php?rest_route=\/wp\/v2\/types\/page"}],"author":[{"embeddable":true,"href":"https:\/\/forseth.se\/index.php?rest_route=\/wp\/v2\/users\/1"}],"replies":[{"embeddable":true,"href":"https:\/\/forseth.se\/index.php?rest_route=%2Fwp%2Fv2%2Fcomments&post=498"}],"version-history":[{"count":2,"href":"https:\/\/forseth.se\/index.php?rest_route=\/wp\/v2\/pages\/498\/revisions"}],"predecessor-version":[{"id":501,"href":"https:\/\/forseth.se\/index.php?rest_route=\/wp\/v2\/pages\/498\/revisions\/501"}],"wp:attachment":[{"href":"https:\/\/forseth.se\/index.php?rest_route=%2Fwp%2Fv2%2Fmedia&parent=498"}],"curies":[{"name":"wp","href":"https:\/\/api.w.org\/{rel}","templated":true}]}}