{"id":509,"date":"2017-04-06T10:11:22","date_gmt":"2017-04-06T08:11:22","guid":{"rendered":"http:\/\/forseth.se\/idet\/?page_id=509"},"modified":"2021-02-08T20:28:28","modified_gmt":"2021-02-08T19:28:28","slug":"meikalaiset-i-skyttegrav","status":"publish","type":"page","link":"https:\/\/forseth.se\/?page_id=509","title":{"rendered":"Meik\u00e4l\u00e4iset i skyttegrav"},"content":{"rendered":"<p style=\"text-align: center;\">OK\u00c4ND SOLDAT \u2013 gratistidning.com 2016-02-07<\/p>\n<p style=\"text-align: center;\">\n<style type=\"text\/css\">\n\t<!-- @page { margin: 2cm } P { margin-bottom: 0.21cm } --><br \/>\t<\/style>\n<\/p>\n<p><img loading=\"lazy\" decoding=\"async\" class=\"aligncenter size-full wp-image-1889\" src=\"https:\/\/forseth.se\/idet\/wp-content\/uploads\/2021\/02\/Okaend-soldat.jpg\" alt=\"\" width=\"1000\" height=\"563\" srcset=\"https:\/\/forseth.se\/wp-content\/uploads\/2021\/02\/Okaend-soldat.jpg 1000w, https:\/\/forseth.se\/wp-content\/uploads\/2021\/02\/Okaend-soldat-300x169.jpg 300w, https:\/\/forseth.se\/wp-content\/uploads\/2021\/02\/Okaend-soldat-768x432.jpg 768w\" sizes=\"auto, (max-width: 767px) 89vw, (max-width: 1000px) 54vw, (max-width: 1071px) 543px, 580px\" \/><\/p>\n<p lang=\"sv-SE\" style=\"text-align: center;\" align=\"RIGHT\"><span style=\"color: #800000;\"><span style=\"font-family: HelveticaNeue-Bold;\"><span style=\"font-size: 300%;\"><b>Meik\u00e4l\u00e4iset<\/b><\/span><\/span><\/span><\/p>\n<p lang=\"sv-SE\" style=\"text-align: center;\" align=\"RIGHT\"><span style=\"color: #800000;\"><span style=\"font-family: HelveticaNeue-Bold;\"><span style=\"font-size: 300%;\"><b>i skyttegrav<\/b><\/span><\/span><\/span><\/p>\n<p lang=\"sv-SE\" align=\"CENTER\"><span style=\"color: #800000;\"><span style=\"font-family: Georgia-BoldItalic,cursive;\"><span style=\"font-size: large;\"><i><b>En del tycker inte krigsfilmer \u00e4r kul.<\/b><\/i><\/span><\/span><\/span><\/p>\n<p lang=\"sv-SE\" align=\"LEFT\"><span style=\"color: #800000;\"><span style=\"font-family: Georgia,serif;\"><span style=\"font-size: large;\">Krigsfilmer ska inte vara kul, det h\u00f6r till sakens natur. Men en del tycker inte om att se dem f\u00f6r att de ogillar att se allt v\u00e5ld. Inte ens om de har dokument\u00e4r pr\u00e4gel eller egentligen har syftet att f\u00e5 publiken att ogilla krig. Dem ska jag inte f\u00f6rs\u00f6ka \u00f6vertala.<\/span><\/span><\/span><\/p>\n<p lang=\"sv-SE\" align=\"LEFT\"><span style=\"color: #800000;\"><span style=\"font-family: Georgia,serif;\"><span style=\"font-size: large;\">Idag existerar ingen moraldiskussion om krig eller f\u00f6rsvar. Det gjorde det p\u00e5 den s\u00e5 kallade 68-v\u00e4nsterns tid. V\u00e4rnpliktiga kunde f\u00e5 utst\u00e5 tr\u00e5kningar f\u00f6r att de inte hade stake nog att totalv\u00e4gra, och officerare kunde kallas m\u00f6rdare. P\u00e5 plussidan kunde man i alla fall notera, att det diskuterades moral: kunde krig vara r\u00e4ttf\u00e4rdigt? Borde man v\u00e4nda andra kinden till eller f\u00f6rsvara sig, om man anf\u00f6lls av Hitlertyskland?<\/span><\/span><\/span><\/p>\n<p lang=\"sv-SE\" align=\"LEFT\"><span style=\"color: #800000;\"><span style=\"font-family: Georgia,serif;\"><span style=\"font-size: large;\">Kanske p\u00e5verkade tidens debatt staten, eftersom den d\u00f6pte om Krigsmakten till F\u00f6rsvarsmakten. F\u00f6r Sveriges del var v\u00e4l det naturligt, men idag kallar varenda stormakt sig F\u00f6rsvaret, n\u00e4r de bombar ute i v\u00e4rlden.<\/span><\/span><\/span><\/p>\n<p lang=\"sv-SE\" align=\"LEFT\"><span style=\"color: #800000;\"><span style=\"font-family: Georgia,serif;\"><span style=\"font-size: large;\">Dagens f\u00f6rsvarsdebatt \u2013 som nu handlar om ifall staten ska \u00e5ta sig att bli v\u00e4rdland \u00e5t Nato \u2013 v\u00e4cker f\u00f6ga intresse bland unga, tycks det mig. Milj\u00f6hoten intresserar m\u00e5nga fler. T\u00e4nk om de anade, hur milj\u00f6f\u00f6rst\u00f6rande krigf\u00f6ring \u00e4r!<\/span><\/span><\/span><\/p>\n<p lang=\"sv-SE\" align=\"LEFT\"><span style=\"color: #800000;\"><span style=\"font-family: Georgia,serif;\"><span style=\"font-size: large;\">Vi h\u00e4r hemma kan sticka till fj\u00e4lls eller skogs n\u00e4r vi vill, det kan inte Bosniens inv\u00e5nare. De m\u00e5ste kolla minkartor f\u00f6rst. \u00c5ker de ut p\u00e5 en skogsbilv\u00e4g tar de risker. P\u00e5 gamla asfalterade v\u00e4gar syns det, om n\u00e5gon under inb\u00f6rdeskriget p\u00e5 1990-talet gr\u00e4vt ner minor, men p\u00e5 grusv\u00e4gar?<\/span><\/span><\/span><\/p>\n<p lang=\"sv-SE\" align=\"LEFT\"><span style=\"color: #800000;\"><span style=\"font-family: Georgia,serif;\"><span style=\"font-size: large;\">Krig efterl\u00e4mnar alltid el\u00e4ndes el\u00e4nde, men \u00e4nd\u00e5: var skulle Finland st\u00e5 idag, om de inte hade gjort v\u00e4pnat motst\u00e5nd 1939\u20131940? Men sedan var de f\u00f6rst\u00e5s med i Operation Barbarossa ocks\u00e5 \u2013 eller <span style=\"font-family: Georgia-Italic,cursive;\"><i>forts\u00e4ttningskriget.<\/i><\/span><\/span><\/span><\/span><\/p>\n<p lang=\"sv-SE\" align=\"LEFT\"><span style=\"color: #800000;\"><span style=\"font-family: Georgia,serif;\"><span style=\"font-size: large;\">Undersergeant <span style=\"font-family: Georgia-Italic,cursive;\"><i>V\u00e4in\u00f6 Linna<\/i><\/span> var med. Det han och hans vapenbr\u00f6der upplevde beh\u00f6vde han komma ut med efter\u00e5t. Som textilarbetare efter kriget f\u00f6rs\u00f6kte sig Linna p\u00e5 att skriva romaner. Det blev inga kioskv\u00e4ltare, men kamraterna uppmuntrade honom att g\u00e5 vidare, och 1954 slog han igenom med besked med en roman om en kulspruteplutons vederm\u00f6dor: <span style=\"font-family: Georgia-Italic,cursive;\"><i>Ok\u00e4nd soldat.<\/i><\/span><\/span><\/span><\/span><\/p>\n<p lang=\"sv-SE\" align=\"LEFT\"><span style=\"color: #800000;\"><span style=\"font-family: Georgia,serif;\"><span style=\"font-size: large;\">Alla har v\u00e4l h\u00f6rt uttrycket ok\u00e4nd soldat. Under Triumfb\u00e5gen i Paris brinner den eviga elden \u00f6ver den ok\u00e4nde soldatens grav. \u00d6verallt i det som f\u00f6rut var Sovjetunionen brukar man efter sitt br\u00f6llop l\u00e4gga blommorna p\u00e5 den lokala ok\u00e4nde soldatens grav, d\u00e4r det ocks\u00e5 brinner en evig l\u00e5ga. Linnas bok s\u00e5gs i hemlandet med viss tvekan av arm\u00e9n, eftersom figurerna i boken inte framst\u00e4llts som hj\u00e4ltar utan som folk \u00e4r mest. Men folket k\u00f6pte boken som besatta, f\u00f6r de visste. Linnas bok har sedan kommit att anses som v\u00e4rldens b\u00e4sta roman om krig, oavsett vilken sida man st\u00e5tt p\u00e5.<\/span><\/span><\/span><\/p>\n<p lang=\"sv-SE\" align=\"LEFT\"><span style=\"color: #800000;\"><span style=\"font-family: Georgia,serif;\"><span style=\"font-size: large;\">Redan \u00e5ret efter spelade <span style=\"font-family: Georgia-Italic,cursive;\"><i>Edvin Laine<\/i><\/span> in en film efter romanen. Ocks\u00e5 den slog igenom stort, och trots att <span style=\"font-family: Georgia-Italic,cursive;\"><i>Rauni Mollberg<\/i><\/span> 1985 spelade in en ny version i f\u00e4rg, s\u00e5 \u00e4r Laines version \u201doriginalet\u201d som bildat underlag f\u00f6r psykologiska kurser och minnesvisningar.<\/span><\/span><\/span><\/p>\n<p lang=\"sv-SE\" align=\"LEFT\"><span style=\"color: #800000;\">\u201d<span style=\"font-family: Georgia,serif;\"><span style=\"font-size: large;\">Ok\u00e4nd soldat\u201d skildrar Kriget, inte ett krig. Andra har ocks\u00e5 gjort det. <span style=\"font-family: Georgia-Italic,cursive;\"><i>Erich Maria Remarque<\/i><\/span> gjorde det med <span style=\"font-family: Georgia-Italic,cursive;\"><i>P\u00e5 v\u00e4stfronten intet nytt<\/i><\/span> 1929 (filmad av <span style=\"font-family: Georgia-Italic,cursive;\"><i>Lewis Milestone<\/i><\/span> 1930), <span style=\"font-family: Georgia-Italic,cursive;\"><i>Andrej Tarkovskij <\/i><\/span>gjorde 1962 <span style=\"font-family: Georgia-Italic,cursive;\"><i>Ivans barndom<\/i><\/span> om ett barn som inte f\u00e5r n\u00e5got annat liv \u00e4n kriget, <span style=\"font-family: Georgia-Italic,cursive;\"><i>Giuseppe De Santis <\/i><\/span>regisserade 1964 en italiensk-sovjetisk film som enligt undertecknad b\u00e4ttre \u00e4n n\u00e5gon annan visade, att krig inte \u00e4r kul:<span style=\"font-family: Georgia-Italic,cursive;\"><i> Italienare, duktigt folk.<\/i><\/span> <span style=\"font-family: Georgia-Italic,cursive;\"><i>Oliver Stones Plutonen<\/i><\/span> (1986) och <span style=\"font-family: Georgia-Italic,cursive;\"><i>Terrence Malicks Den tunna r\u00f6da linjen<\/i><\/span> (1998) var ocks\u00e5 filmer av \u201dOk\u00e4nd soldats\u201d sort, medan <span style=\"font-family: Georgia-Italic,cursive;\"><i>Elem Klimovs G\u00e5 och se<\/i><\/span> fr\u00e5n 1985 var filmhistoriens mest fruktansv\u00e4rda beskrivning av nazityska illg\u00e4rningar. Den fick jag efter ett fax fr\u00e5n Moskva lov att visa f\u00f6r alla Kirunas gymnasister och niondeklassare i slutet av \u00e5ttiotalet (men jag gl\u00f6mde Karesuando, beklagar).<\/span><\/span><\/span><\/p>\n<p lang=\"sv-SE\" align=\"LEFT\"><span style=\"color: #800000;\"><span style=\"font-family: Georgia,serif;\"><span style=\"font-size: large;\">Nu p\u00e5 torsdag visar filmstudion \u201dOk\u00e4nd soldat\u201d, originalet.<\/span><\/span><\/span><\/p>\n<p align=\"RIGHT\"><span style=\"color: #800000;\"><em><span style=\"font-family: Arial Italic,sans-serif;\"><span style=\"font-size: large;\"><span lang=\"sv-SE\">En id\u00e9 i idet av Bj\u00f6rn Forseth<\/span><\/span><\/span><\/em><\/span><\/p>\n<p style=\"text-align: center;\" align=\"RIGHT\"><a href=\"..\/idet\">\u00c5ter<\/a><\/p>\n","protected":false},"excerpt":{"rendered":"<p>OK\u00c4ND SOLDAT \u2013 gratistidning.com 2016-02-07 Meik\u00e4l\u00e4iset i skyttegrav En del tycker inte krigsfilmer \u00e4r kul. Krigsfilmer ska inte vara kul, det h\u00f6r till sakens natur. Men en del tycker inte om att se dem f\u00f6r att de ogillar att se allt v\u00e5ld. Inte ens om de har dokument\u00e4r pr\u00e4gel eller egentligen har syftet att f\u00e5 &hellip; <\/p>\n<p class=\"link-more\"><a href=\"https:\/\/forseth.se\/?page_id=509\" class=\"more-link\">Forts\u00e4tt l\u00e4sa<span class=\"screen-reader-text\"> \u201dMeik\u00e4l\u00e4iset i skyttegrav\u201d<\/span><\/a><\/p>\n","protected":false},"author":1,"featured_media":0,"parent":0,"menu_order":52,"comment_status":"closed","ping_status":"closed","template":"","meta":{"footnotes":""},"class_list":["post-509","page","type-page","status-publish","hentry"],"_links":{"self":[{"href":"https:\/\/forseth.se\/index.php?rest_route=\/wp\/v2\/pages\/509","targetHints":{"allow":["GET"]}}],"collection":[{"href":"https:\/\/forseth.se\/index.php?rest_route=\/wp\/v2\/pages"}],"about":[{"href":"https:\/\/forseth.se\/index.php?rest_route=\/wp\/v2\/types\/page"}],"author":[{"embeddable":true,"href":"https:\/\/forseth.se\/index.php?rest_route=\/wp\/v2\/users\/1"}],"replies":[{"embeddable":true,"href":"https:\/\/forseth.se\/index.php?rest_route=%2Fwp%2Fv2%2Fcomments&post=509"}],"version-history":[{"count":4,"href":"https:\/\/forseth.se\/index.php?rest_route=\/wp\/v2\/pages\/509\/revisions"}],"predecessor-version":[{"id":1892,"href":"https:\/\/forseth.se\/index.php?rest_route=\/wp\/v2\/pages\/509\/revisions\/1892"}],"wp:attachment":[{"href":"https:\/\/forseth.se\/index.php?rest_route=%2Fwp%2Fv2%2Fmedia&parent=509"}],"curies":[{"name":"wp","href":"https:\/\/api.w.org\/{rel}","templated":true}]}}