{"id":512,"date":"2017-04-06T10:16:24","date_gmt":"2017-04-06T08:16:24","guid":{"rendered":"http:\/\/forseth.se\/idet\/?page_id=512"},"modified":"2017-04-06T10:17:11","modified_gmt":"2017-04-06T08:17:11","slug":"meikalaiset-i-skyttegrav-en-del-tycker-inte-krigsfilmer-ar-kul-krigsfilmer-ska-inte-vara-kul-det-hor-till-sakens-natur-men-en-del-tycker-inte-om-att-se-dem-for-att-de-ogillar-att-se-allt-vald-inte","status":"publish","type":"page","link":"https:\/\/forseth.se\/?page_id=512","title":{"rendered":"Mitt liv som idiot"},"content":{"rendered":"<p style=\"text-align: center;\">TRAINWRECK \u2013 gratistidning.com 2016-02-08<\/p>\n<p style=\"text-align: center;\">\n<style type=\"text\/css\">\n\t<!-- @page { margin: 2cm } P { margin-bottom: 0.21cm } --><br \/>\n\t<\/style>\n<\/p>\n<p><a href=\"https:\/\/forseth.se\/idet\/wp-content\/uploads\/2017\/04\/Trainwreck1.jpg\"><img loading=\"lazy\" decoding=\"async\" class=\"aligncenter size-full wp-image-513\" src=\"https:\/\/forseth.se\/idet\/wp-content\/uploads\/2017\/04\/Trainwreck1.jpg\" alt=\"\" width=\"1000\" height=\"563\" srcset=\"https:\/\/forseth.se\/wp-content\/uploads\/2017\/04\/Trainwreck1.jpg 1000w, https:\/\/forseth.se\/wp-content\/uploads\/2017\/04\/Trainwreck1-300x169.jpg 300w, https:\/\/forseth.se\/wp-content\/uploads\/2017\/04\/Trainwreck1-768x432.jpg 768w\" sizes=\"auto, (max-width: 767px) 89vw, (max-width: 1000px) 54vw, (max-width: 1071px) 543px, 580px\" \/><\/a><\/p>\n<p>&nbsp;<\/p>\n<p style=\"text-align: center;\">\n<style type=\"text\/css\">\n\t<!-- @page { margin: 2cm } P { margin-bottom: 0.21cm } --><br \/>\n\t<\/style>\n<\/p>\n<p lang=\"sv-SE\" align=\"CENTER\"><span style=\"color: #000000;\"><span style=\"font-family: HelveticaNeue-Bold;\"><span style=\"font-size: 300%;\"><b><span style=\"color: #800000;\">Mitt liv som idiot<\/span><\/b><\/span><\/span><\/span><\/p>\n<p lang=\"sv-SE\" align=\"CENTER\"><span style=\"color: #800000;\">\u201d<span style=\"font-family: Georgia-BoldItalic,cursive;\"><span style=\"font-size: large;\"><i><b>Mitt liv som hund\u201d var en film som slog. Betyder rubriken h\u00e4r ovanf\u00f6r, att det nu kommer en uppf\u00f6ljare om livet som bj\u00f6rn?<\/b><\/i><\/span><\/span><\/span><\/p>\n<p lang=\"sv-SE\" align=\"LEFT\"><span style=\"color: #800000;\"><span style=\"font-family: Georgia,serif;\"><span style=\"font-size: large;\">Tyv\u00e4rr m\u00e5ste jag g\u00f6ra en del l\u00e4sare besvikna: det h\u00e4r ska inte handla om undertecknads egendomliga \u00f6den.<\/span><\/span><\/span><\/p>\n<p lang=\"sv-SE\" align=\"LEFT\"><span style=\"color: #800000;\"><span style=\"font-family: Georgia,serif;\"><span style=\"font-size: large;\">Nej, <span style=\"font-family: Georgia-Italic,cursive;\"><i>Mitt liv som idiot<\/i><\/span> \u00e4r undertiteln p\u00e5 en amerikansk film fr\u00e5n 2007 med huvudtiteln <span style=\"font-family: Georgia-Italic,cursive;\"><i>Trainwreck.<\/i><\/span> Idioten i fr\u00e5ga \u00e4r en obalanserad f\u00f6re detta alkoholist med \u201dsj\u00e4lvf\u00f6rv\u00e5llad uppm\u00e4rksamhetsbrist\u201d, l\u00e4s- och skrivsv\u00e5righeter samt Tourettes syndrom. Denne gosse Ruda fr\u00e5n New Yorks \u00d6fre \u00d6stermalm m\u00f6ter Kvinnan, som i sin str\u00e4van efter en guldkantad tillvaro f\u00f6rs\u00f6ker f\u00e5 honom att ta sig i kragen. L\u00e5ter som en hyfsad satir p\u00e5 hollywoodsk pekoral.<\/span><\/span><\/span><\/p>\n<p lang=\"sv-SE\" align=\"LEFT\"><span style=\"color: #800000;\"><span style=\"font-family: Georgia,serif;\"><span style=\"font-size: large;\">Men \u201dTrainwreck\u201d? Filmen handlar uppenbarligen inte om en t\u00e5gkollission resulterande i ett vrak. Nu kan ju vrak syfta p\u00e5 en m\u00e4nniska och \u201dtrain\u201d kan syfta p\u00e5 tr\u00e4ning. Idioten kanske blivit ett vrak av ett \u00f6verm\u00e5tt av tr\u00e4ningstimmar p\u00e5 Manhattans fl\u00e5digaste gym? Denna teori f\u00e5r v\u00e4l anses s\u00e5 god som n\u00e5gon, f\u00f6r jag har inte sett filmen och avser inte ens att se den.<\/span><\/span><\/span><\/p>\n<p lang=\"sv-SE\" align=\"LEFT\"><span style=\"color: #800000;\"><span style=\"font-family: Georgia,serif;\"><span style=\"font-size: large;\">Det \u00e4r n\u00e4mligen s\u00e5, att jag s\u00f6kte p\u00e5 \u201dTrainwreck\u201d och fick tr\u00e4ff p\u00e5 fel film. Filmstudion visar p\u00e5 torsdag <span style=\"font-family: Georgia-Bold;\"><b>en helt annan film<\/b><\/span>, som ocks\u00e5 heter <span style=\"font-family: Georgia-Italic,cursive;\"><i>Trainwreck<\/i><\/span> (gjord f\u00f6rra \u00e5ret). Till skillnad fr\u00e5n den tidigare n\u00e4mnda g\u00f6r denna film inte anspr\u00e5k p\u00e5 verklighetsunderlag utan \u00e4r helt enkelt en komedi. Men staden \u00e4r densamma, och den finns ju i verkligheten. \u00c4ven h\u00e4r finns en Kvinna med stort K, ty hon \u00e4r n\u00e4mligen huvudpersonen. Huruvida hon framst\u00e4lls eller framst\u00e4ller sig som idiot \u00e5terst\u00e5r att se.<\/span><\/span><\/span><\/p>\n<p lang=\"sv-SE\" align=\"LEFT\"><span style=\"color: #800000;\"><span style=\"font-family: Georgia,serif;\"><span style=\"font-size: large;\">Kvinnan spelas av st\u00e5upparen <span style=\"font-family: Georgia-Italic,cursive;\"><i>Amy Schumer,<\/i><\/span> som \u00e4ven framtr\u00e4tt i teveshower och -filmer under sitt eget namn, vilket hon tydligen g\u00f6r \u00e4ven i \u201dTrainwreck\u201d. Jag n\u00e4mner henne s\u00e4rskilt, d\u00e4rf\u00f6r att hon ocks\u00e5 skrivit filmens manus om en flicka (Amy, allts\u00e5), som som liten f\u00e5r l\u00e4ra sig att monogami \u00e4r orealistiskt. Vad kan det bli av ett flickebarn som v\u00e4xer upp med den livsh\u00e5llningen annat \u00e4n en livsnjutare av casanovisk klass? F\u00f6rr skulle en s\u00e5dan dam kallas \u201den fallen kvinna\u201d, men idag \u00e4r det helt okej f\u00f6r tjejer att bete sig precis som killar. Och d\u00e5 \u00e4r det v\u00e4l bra att manuset skrivits av en tjej.<\/span><\/span><\/span><\/p>\n<p lang=\"sv-SE\" align=\"LEFT\"><span style=\"color: #800000;\"><span style=\"font-family: Georgia,serif;\"><span style=\"font-size: large;\">Som jag f\u00f6rst\u00e5r det kommer handlingen \u00e4nd\u00e5 inte att kretsa kring v\u00e4llust som d\u00f6r i v\u00e4llust, som Amys 1700-talsf\u00f6reg\u00e5ngare <span style=\"font-family: Georgia-Italic,cursive;\"><i>Fanny Hill<\/i><\/span> kallade det i sina memoarer. Det blir ett m\u00e5tt romantik ocks\u00e5 \u2013 \u00f6verraskande romantik f\u00e5r man hoppas. F\u00f6r romantik utan \u00f6verraskningar \u00e4r ju som att \u00e4ta g\u00e5s utan sm\u00f6r, eller hur nu uttrycket g\u00e5r.<\/span><\/span><\/span><\/p>\n<p lang=\"sv-SE\" align=\"LEFT\"><span style=\"color: #800000;\"><span style=\"font-family: Georgia,serif;\"><span style=\"font-size: large;\">Det hinner jag inte kolla upp, nu brinner det n\u00e4mligen i knutarna, f\u00f6r jag har r\u00e5kat skicka in en kr\u00f6nika om <span style=\"font-family: Georgia-Italic,cursive;\"><i>Ok\u00e4nd soldat,<\/i><\/span> som ju filmstudion visar f\u00f6rst n\u00e4sta vecka. \u2013 Vem var nu en idiot? fr\u00e5gar ni er kanske. Med visst fog.<\/span><\/span><\/span><\/p>\n<p align=\"RIGHT\"><span style=\"color: #800000;\"><em><span style=\"font-family: Arial Italic,sans-serif;\"><span style=\"font-size: large;\"><span lang=\"sv-SE\">En id\u00e9 i idet av Bj\u00f6rn Forseth<\/span><\/span><\/span><\/em><\/span><\/p>\n<p>&nbsp;<\/p>\n<p style=\"text-align: center;\" align=\"RIGHT\"><a href=\"..\/idet\">\u00c5ter<\/a><\/p>\n","protected":false},"excerpt":{"rendered":"<p>TRAINWRECK \u2013 gratistidning.com 2016-02-08 &nbsp; Mitt liv som idiot \u201dMitt liv som hund\u201d var en film som slog. Betyder rubriken h\u00e4r ovanf\u00f6r, att det nu kommer en uppf\u00f6ljare om livet som bj\u00f6rn? Tyv\u00e4rr m\u00e5ste jag g\u00f6ra en del l\u00e4sare besvikna: det h\u00e4r ska inte handla om undertecknads egendomliga \u00f6den. Nej, Mitt liv som idiot \u00e4r &hellip; <\/p>\n<p class=\"link-more\"><a href=\"https:\/\/forseth.se\/?page_id=512\" class=\"more-link\">Forts\u00e4tt l\u00e4sa<span class=\"screen-reader-text\"> \u201dMitt liv som idiot\u201d<\/span><\/a><\/p>\n","protected":false},"author":1,"featured_media":0,"parent":0,"menu_order":53,"comment_status":"closed","ping_status":"closed","template":"","meta":{"footnotes":""},"class_list":["post-512","page","type-page","status-publish","hentry"],"_links":{"self":[{"href":"https:\/\/forseth.se\/index.php?rest_route=\/wp\/v2\/pages\/512","targetHints":{"allow":["GET"]}}],"collection":[{"href":"https:\/\/forseth.se\/index.php?rest_route=\/wp\/v2\/pages"}],"about":[{"href":"https:\/\/forseth.se\/index.php?rest_route=\/wp\/v2\/types\/page"}],"author":[{"embeddable":true,"href":"https:\/\/forseth.se\/index.php?rest_route=\/wp\/v2\/users\/1"}],"replies":[{"embeddable":true,"href":"https:\/\/forseth.se\/index.php?rest_route=%2Fwp%2Fv2%2Fcomments&post=512"}],"version-history":[{"count":2,"href":"https:\/\/forseth.se\/index.php?rest_route=\/wp\/v2\/pages\/512\/revisions"}],"predecessor-version":[{"id":515,"href":"https:\/\/forseth.se\/index.php?rest_route=\/wp\/v2\/pages\/512\/revisions\/515"}],"wp:attachment":[{"href":"https:\/\/forseth.se\/index.php?rest_route=%2Fwp%2Fv2%2Fmedia&parent=512"}],"curies":[{"name":"wp","href":"https:\/\/api.w.org\/{rel}","templated":true}]}}