{"id":521,"date":"2017-04-06T10:30:09","date_gmt":"2017-04-06T08:30:09","guid":{"rendered":"http:\/\/forseth.se\/idet\/?page_id=521"},"modified":"2017-04-06T10:33:08","modified_gmt":"2017-04-06T08:33:08","slug":"nagot-kriminellt","status":"publish","type":"page","link":"https:\/\/forseth.se\/?page_id=521","title":{"rendered":"N\u00e5got kriminellt"},"content":{"rendered":"<p style=\"text-align: center;\">PSYCHO \u2013 gratistidning.com 2016-02-28<\/p>\n<p style=\"text-align: center;\">\n<style type=\"text\/css\">\n\t<!-- @page { margin: 2cm } P { margin-bottom: 0.21cm } --><br \/>\n\t<\/style>\n<\/p>\n<p><a href=\"https:\/\/forseth.se\/idet\/wp-content\/uploads\/2017\/04\/Psycho.jpg\"><img loading=\"lazy\" decoding=\"async\" class=\"aligncenter size-full wp-image-522\" src=\"https:\/\/forseth.se\/idet\/wp-content\/uploads\/2017\/04\/Psycho.jpg\" alt=\"\" width=\"1000\" height=\"1385\" srcset=\"https:\/\/forseth.se\/wp-content\/uploads\/2017\/04\/Psycho.jpg 1000w, https:\/\/forseth.se\/wp-content\/uploads\/2017\/04\/Psycho-217x300.jpg 217w, https:\/\/forseth.se\/wp-content\/uploads\/2017\/04\/Psycho-768x1064.jpg 768w, https:\/\/forseth.se\/wp-content\/uploads\/2017\/04\/Psycho-739x1024.jpg 739w\" sizes=\"auto, (max-width: 767px) 89vw, (max-width: 1000px) 54vw, (max-width: 1071px) 543px, 580px\" \/><\/a><\/p>\n<p lang=\"sv-SE\" align=\"CENTER\"><span style=\"color: #800000;\"><span style=\"font-family: Gotham-Bold;\"><span style=\"font-size: 300%;\"><b>N\u00e5got kriminellt<\/b><\/span><\/span><\/span><\/p>\n<p lang=\"sv-SE\" align=\"CENTER\"><span style=\"color: #800000;\"><span style=\"color: #800000;\"><span style=\"font-family: Gotham-BoldItalic,cursive;\"><span style=\"font-size: large;\"><i><b>\u201d<\/b><\/i><\/span><\/span><\/span><span style=\"font-family: Gotham-BoldItalic,cursive;\"><span style=\"font-size: large;\"><i><b>Ingen sl\u00e4pps in sedan huvudfilmen b\u00f6rjat\u201d.<\/b><\/i><\/span><\/span><\/span><\/p>\n<p lang=\"sv-SE\" align=\"LEFT\"><span style=\"color: #800000;\"><span style=\"font-family: Georgia,serif;\"><span style=\"font-size: large;\">Orden \u2013 ordern \u2013 \u00e4r <span style=\"font-family: NewCenturySchlbkLTStd-It,serif;\"><i>Alfred Hitchcocks.<\/i><\/span> Detta h\u00e4nde sig \u00e5r 1960 n\u00e4r den som skriver dessa rader var en liten pilt. \u2013 Goddagspilt till och med, skulle kanske n\u00e5gon anse, men det \u00e4r en annan historia.<\/span><\/span><\/span><\/p>\n<p lang=\"sv-SE\" align=\"LEFT\"><span style=\"color: #800000;\"><span style=\"font-family: Georgia,serif;\"><span style=\"font-size: large;\">Alfred Hitchcock var en brittisk filmregiss\u00f6r, f\u00f6dd 1899, adlad 1979, d\u00f6d 1980. I fem\u00e5rs\u00e5ldern skickades han enligt egen utsago av sin far till den lokala polisstationen med en lapp, p\u00e5 vilken fadern bad konstapeln att l\u00e5sa in pojken i fem minuter som straff f\u00f6r att han varit stygg. Det utl\u00f6ste en livsl\u00e5ng fruktan f\u00f6r poliser och or\u00e4ttvisa f\u00e4ngslanden, vilket skulle komma att gestaltas p\u00e5 vita duken fram\u00f6ver.<\/span><\/span><\/span><\/p>\n<p lang=\"sv-SE\" align=\"LEFT\"><span style=\"color: #800000;\"><span style=\"font-family: Georgia,serif;\"><span style=\"font-size: large;\">Unge Hitchcock blev ritare och industridesigner, v\u00e4cktes f\u00f6r fotografikonsten och fick b\u00f6rja teckna titelsekvenser till filmer. Vid sidan om satte han sig som \u00e5sk\u00e5dare p\u00e5 r\u00e4tteg\u00e5ngar i London\u2026<\/span><\/span><\/span><\/p>\n<p lang=\"sv-SE\" align=\"LEFT\"><span style=\"color: #800000;\"><span style=\"font-family: Georgia,serif;\"><span style=\"font-size: large;\">V\u00e4l inne i branschen f\u00f6rde kontakter honom till v\u00e4rldens modernaste filmstudio: Babelsberg utanf\u00f6r Berlin, d\u00e4r han gjorde viktiga l\u00e4rosp\u00e5n och l\u00e4rde sig tyska (som han sedan anv\u00e4nde sig av genom att sj\u00e4lv l\u00e4sa in de tyska trailrarna till sina filmer). <\/span><\/span><\/span><\/p>\n<p lang=\"sv-SE\" style=\"padding-left: 30px;\" align=\"LEFT\"><span style=\"color: #800000;\"><span style=\"font-family: Georgia,serif;\"><span style=\"font-size: large;\">Babelsberg \u00e4r \u00e4n idag en av de stora filmstudiorna. Den ligger i Potsdam en bit ifr\u00e5n Berlin och undgick att bombas under andra v\u00e4rldskriget. Idag g\u00f6rs massor av icke-tyska storproduktioner (som till exempel <span style=\"font-family: Gotham-BoldItalic,cursive;\"><i><b>Inglourious Basterds<\/b><\/i><\/span> 2008 och <span style=\"font-family: Gotham-BoldItalic,cursive;\"><i><b>Eddie the eagle<\/b><\/i><\/span> 2016), faktiskt i Studio Babelsberg. Jag var d\u00e4r h\u00e4rom \u00e5ret och l\u00e4t mig fotograferas i kulisser fr\u00e5n <span style=\"font-family: Gotham-BoldItalic,cursive;\"><i><b>Grand Budapest hotel<\/b><\/i><\/span> 2013.<\/span><\/span><\/span><\/p>\n<p lang=\"sv-SE\" align=\"LEFT\"><span style=\"color: #800000;\"><span style=\"font-family: Georgia,serif;\"><span style=\"font-size: large;\">Hitchcock gick den l\u00e5nga v\u00e4gen till regiss\u00f6r, gjorde n\u00e5gra bakslag men slog till slut igenom med en rafflare om jakten p\u00e5 en seriem\u00f6rdare: <span style=\"font-family: Georgia-Italic,cursive;\"><i>The Lodger: A Story of the London Fog<\/i><\/span> 1926 (aldrig visad i Sverige). H\u00e4refter var det n\u00e5got kriminellt i hans filmer.<\/span><\/span><\/span><\/p>\n<p lang=\"sv-SE\" align=\"LEFT\"><span style=\"color: #800000;\"><span style=\"font-family: Georgia,serif;\"><span style=\"font-size: large;\">The lodger var en stumfilm, liksom n\u00e4sta film: <span style=\"font-family: Georgia-Italic,cursive;\"><i>Utpressning<\/i><\/span> 1929. Men vid det laget hade optiskt ljud uppfunnits (som sedan g\u00e4llt hela v\u00e4rlden \u00f6ver \u00e4nda till 2010-talet!), och under filmningens g\u00e5ng gick man \u00f6ver till att spela in ljud.<\/span><\/span><\/span><\/p>\n<p lang=\"sv-SE\" align=\"LEFT\"><span style=\"color: #800000;\"><span style=\"font-family: Georgia,serif;\"><span style=\"font-size: large;\">Resten \u00e4r historia. Hitchcock v\u00e4rvades till Hollywood, d\u00e4r han gjorde o\u00e4ndligt m\u00e5nga sp\u00e4nnande filmer om n\u00e5got kriminellt.Och s\u00e5 blev det d\u00e5 1960. Vad var s\u00e5 m\u00e4rkv\u00e4rdigt med det? Jo, Hitchcock, som var s\u00e5 stor att han fick sina filmer gjorda i de dyraste format och s\u00e4rskilt i f\u00e4rg (vilket d\u00e5f\u00f6rtiden var ett reklamargument i bioannonserna), sl\u00e4ppte nu en svartvit film gjord med simpel teveteknik. Den hade han gjort med l\u00e5g budget, en enkel historia. Men denna enkla historia slog knockout p\u00e5 biopubliken \u00f6verallt. Den var helt enkelt en rysare som inte byggde p\u00e5 vare sig zombier eller vampyrer eller ens hinkvis med blod. Biopubliken blev skraj \u00e4nd\u00e5. Jag talar f\u00f6rst\u00e5s om <span style=\"font-family: Georgia-Italic,cursive;\"><i>Psycho.<\/i><\/span><\/span><\/span><\/span><\/p>\n<p lang=\"sv-SE\" align=\"LEFT\"><span style=\"color: #800000;\"><span style=\"font-family: Georgia,serif;\"><span style=\"font-size: large;\">Tyv\u00e4rr, tycker jag, brukar folk tala om Hitchcock som \u201dh\u00e4xm\u00e4staren\u201d. Detta kommer sig nog mest av Psycho, men ocks\u00e5 av <span style=\"font-family: Gotham-BoldItalic,cursive;\"><i><b>F\u00e5glarna<\/b><\/i><\/span> 1963. \u00c4nd\u00e5 var det mesta han gjorde psykologiska och mystiska rafflare.<\/span><\/span><\/span><\/p>\n<p lang=\"sv-SE\" align=\"LEFT\"><span style=\"color: #800000;\"><span style=\"font-family: Georgia,serif;\"><span style=\"font-size: large;\">Men hur kunde nu sm\u00e5ungar som jag k\u00e4nna till en s\u00e5 barnf\u00f6rbjuden film som Psycho? \u2013 Jo, p\u00e5 den tiden k\u00e4nde vi till vuxenfilmer f\u00f6r att de ofta gick som matin\u00e9. Bolagen hade klippt bort det som var ot\u00e4ckt, och vips blev det barntill\u00e5tet (elva\u00e5rsgr\u00e4ns fanns \u00e4nnu inte).<\/span><\/span><\/span><\/p>\n<p lang=\"sv-SE\" align=\"LEFT\"><span style=\"color: #800000;\"><span style=\"font-family: Georgia,serif;\"><span style=\"font-size: large;\">Men nog vandrade jag suckande utanf\u00f6r biografen d\u00e4r Psycho gick. Utanf\u00f6r stod Alfred Hitchcock i egen h\u00f6g person, fast i kartong. Han hade ett meddelande med sig. Det l\u00f6d:<\/span><\/span><\/span><\/p>\n<p lang=\"sv-SE\" style=\"padding-left: 30px;\" align=\"LEFT\"><span style=\"color: #800000;\">\u201d<span style=\"font-family: Georgia,serif;\"><span style=\"font-size: large;\">Denna biografs f\u00f6rest\u00e5ndare har instruerats att, med livet som insats, icke sl\u00e4ppa in n\u00e5gon person efter att filmen har b\u00f6rjat.\u201d<\/span><\/span><\/span><\/p>\n<p lang=\"sv-SE\" align=\"LEFT\"><span style=\"color: #800000;\"><span style=\"font-family: Georgia,serif;\"><span style=\"font-size: large;\">Fr\u00e5n 1960 till 2014 har jag undrat, varf\u00f6r ingen biograf fick sl\u00e4ppa in senkommen publik till just denna film. Idag vet jag, och den vetskapen t\u00e4nker jag dela med mig f\u00f6r publiken p\u00e5 torsdag, <span style=\"font-family: Gotham-Bold;\"><b>efter<\/b><\/span> filmstudions visning p\u00e5 Folkets hus av Psycho klockan 19, haha!<\/span><\/span><\/span><\/p>\n<p lang=\"sv-SE\" align=\"LEFT\">\n<p lang=\"sv-SE\" style=\"text-align: center;\" align=\"LEFT\"><a href=\"https:\/\/forseth.se\/idet\/wp-content\/uploads\/2017\/04\/Hitchcock-och-jag-kopia.jpg\"><img loading=\"lazy\" decoding=\"async\" class=\"aligncenter size-full wp-image-525\" src=\"https:\/\/forseth.se\/idet\/wp-content\/uploads\/2017\/04\/Hitchcock-och-jag-kopia.jpg\" alt=\"\" width=\"1000\" height=\"761\" srcset=\"https:\/\/forseth.se\/wp-content\/uploads\/2017\/04\/Hitchcock-och-jag-kopia.jpg 1000w, https:\/\/forseth.se\/wp-content\/uploads\/2017\/04\/Hitchcock-och-jag-kopia-300x228.jpg 300w, https:\/\/forseth.se\/wp-content\/uploads\/2017\/04\/Hitchcock-och-jag-kopia-768x584.jpg 768w\" sizes=\"auto, (max-width: 767px) 89vw, (max-width: 1000px) 54vw, (max-width: 1071px) 543px, 580px\" \/><\/a><\/p>\n<p align=\"RIGHT\"><span style=\"color: #800000;\"><em><span style=\"font-family: Arial Italic,sans-serif;\"><span style=\"font-size: large;\"><span lang=\"sv-SE\">En id\u00e9 i idet av Bj\u00f6rn Forseth<\/span><\/span><\/span><\/em><\/span><\/p>\n<p style=\"text-align: center;\" align=\"RIGHT\"><a href=\"..\/idet\">\u00c5ter<\/a><\/p>\n","protected":false},"excerpt":{"rendered":"<p>PSYCHO \u2013 gratistidning.com 2016-02-28 N\u00e5got kriminellt \u201dIngen sl\u00e4pps in sedan huvudfilmen b\u00f6rjat\u201d. Orden \u2013 ordern \u2013 \u00e4r Alfred Hitchcocks. Detta h\u00e4nde sig \u00e5r 1960 n\u00e4r den som skriver dessa rader var en liten pilt. \u2013 Goddagspilt till och med, skulle kanske n\u00e5gon anse, men det \u00e4r en annan historia. Alfred Hitchcock var en brittisk filmregiss\u00f6r, &hellip; <\/p>\n<p class=\"link-more\"><a href=\"https:\/\/forseth.se\/?page_id=521\" class=\"more-link\">Forts\u00e4tt l\u00e4sa<span class=\"screen-reader-text\"> \u201dN\u00e5got kriminellt\u201d<\/span><\/a><\/p>\n","protected":false},"author":1,"featured_media":0,"parent":0,"menu_order":55,"comment_status":"closed","ping_status":"closed","template":"","meta":{"footnotes":""},"class_list":["post-521","page","type-page","status-publish","hentry"],"_links":{"self":[{"href":"https:\/\/forseth.se\/index.php?rest_route=\/wp\/v2\/pages\/521","targetHints":{"allow":["GET"]}}],"collection":[{"href":"https:\/\/forseth.se\/index.php?rest_route=\/wp\/v2\/pages"}],"about":[{"href":"https:\/\/forseth.se\/index.php?rest_route=\/wp\/v2\/types\/page"}],"author":[{"embeddable":true,"href":"https:\/\/forseth.se\/index.php?rest_route=\/wp\/v2\/users\/1"}],"replies":[{"embeddable":true,"href":"https:\/\/forseth.se\/index.php?rest_route=%2Fwp%2Fv2%2Fcomments&post=521"}],"version-history":[{"count":3,"href":"https:\/\/forseth.se\/index.php?rest_route=\/wp\/v2\/pages\/521\/revisions"}],"predecessor-version":[{"id":526,"href":"https:\/\/forseth.se\/index.php?rest_route=\/wp\/v2\/pages\/521\/revisions\/526"}],"wp:attachment":[{"href":"https:\/\/forseth.se\/index.php?rest_route=%2Fwp%2Fv2%2Fmedia&parent=521"}],"curies":[{"name":"wp","href":"https:\/\/api.w.org\/{rel}","templated":true}]}}