{"id":546,"date":"2017-04-06T10:57:38","date_gmt":"2017-04-06T08:57:38","guid":{"rendered":"http:\/\/forseth.se\/idet\/?page_id=546"},"modified":"2017-04-06T10:57:38","modified_gmt":"2017-04-06T08:57:38","slug":"turingtestet","status":"publish","type":"page","link":"https:\/\/forseth.se\/?page_id=546","title":{"rendered":"Turingtestet"},"content":{"rendered":"<p style=\"text-align: center;\"><span style=\"color: #800000;\">THE IMITATION GAME \u2013 gratistidning.com 2016-04-04<\/span><\/p>\n<p style=\"text-align: center;\">\n<p style=\"text-align: center;\">\n<p style=\"text-align: center;\"><span style=\"color: #800000;\"><a href=\"https:\/\/forseth.se\/idet\/wp-content\/uploads\/2017\/04\/The-imitation-game.jpg\"><img loading=\"lazy\" decoding=\"async\" class=\"aligncenter size-full wp-image-548\" src=\"https:\/\/forseth.se\/idet\/wp-content\/uploads\/2017\/04\/The-imitation-game.jpg\" alt=\"\" width=\"1000\" height=\"633\" srcset=\"https:\/\/forseth.se\/wp-content\/uploads\/2017\/04\/The-imitation-game.jpg 1000w, https:\/\/forseth.se\/wp-content\/uploads\/2017\/04\/The-imitation-game-300x190.jpg 300w, https:\/\/forseth.se\/wp-content\/uploads\/2017\/04\/The-imitation-game-768x486.jpg 768w\" sizes=\"auto, (max-width: 767px) 89vw, (max-width: 1000px) 54vw, (max-width: 1071px) 543px, 580px\" \/><\/a><\/p>\n<style type=\"text\/css\">\n\t<!--\n\t\t@page { margin: 2cm }\n\t\tP { margin-bottom: 0.21cm }\n\t-->\n\t<\/style>\n<p><\/span><\/p>\n<p lang=\"sv-SE\" align=\"CENTER\"><span style=\"color: #800000;\"><span style=\"font-family: Gotham-Bold;\"><span style=\"font-size: 300%;\"><b>Turingtestet<\/b><\/span><\/span><\/span><\/p>\n<p lang=\"sv-SE\" align=\"CENTER\"><span style=\"color: #800000;\"><span style=\"font-family: Gotham-BoldItalic,cursive;\"><span style=\"font-size: large;\"><i><b>Ett helt liv g\u00e5r utan att man f\u00e5r ber\u00e4tta vad man varit med om. Det g\u00e4llde Astrid Lindgren under andra v\u00e4rldskriget, och det g\u00e4llde dem p\u00e5 Bletchley park.<\/b><\/i><\/span><\/span><\/span><\/p>\n<p lang=\"sv-SE\" align=\"LEFT\"><span style=\"color: #800000;\"><span style=\"font-family: Georgia,serif;\"><span style=\"font-size: large;\">Sommaren jag fyllde sexton for jag och en nybliven bekantskap \u2013 en trevlig, dubbelt s\u00e5 gammal, engelsman \u2013 omkring i hans bil i s\u00f6dra England p\u00e5 n\u00e5got slags sight-seeing. Vi \u00f6vernattade p\u00e5 enkla boenden och jag fick bra tr\u00e4ning i det anglosaxiska tungom\u00e5let, vilket f\u00f6r mig var vad turen handlade om. Mannen var samh\u00e4llsintresserad och fr\u00e5gade ut mig om Sverige, som d\u00e5f\u00f6rtiden ans\u00e5gs vara en hemort f\u00f6r naturlig och fri k\u00e4rlek. P\u00e5 film, i alla fall. D\u00e4rvid kom vi att ber\u00f6ra homosexualitet, vilket jag fick veta var en olaglighet i det f\u00f6renade kungariket. \u201dL\u00f6jligt\u201d, tyckte jag. \u201dHur s\u00e5?\u201d, fr\u00e5gade den engelske v\u00e4nnen. \u201dDet \u00e4r en sjukdom\u201d, svarade jag, \u201dman kan inte f\u00f6rbjuda en sjukdom\u201d.<\/span><\/span><\/span><\/p>\n<p lang=\"sv-SE\" align=\"LEFT\"><span style=\"color: #800000;\"><span style=\"font-family: Georgia,serif;\"><span style=\"font-size: large;\">Min v\u00e4n skrattade och undrade efter n\u00e5gra dagar, om alla svenska ungdomar var som jag. Det sa jag f\u00f6rst\u00e5s att de var. Och idag, en mans\u00e5lder efter den resan, som jag d\u00e5 inte f\u00f6rstod undertonen i, ber jag d\u00e4rf\u00f6r alla mina landsm\u00e4n om urs\u00e4kt f\u00f6r att jag framst\u00e4llt er som okunniga, oskuldsfulla v\u00e5p.<\/span><\/span><\/span><\/p>\n<p lang=\"sv-SE\" align=\"LEFT\"><span style=\"color: #800000;\"><span style=\"font-family: Georgia,serif;\"><span style=\"font-size: large;\">Alla i samma \u00e5ldersgrupp \u00e4r inte likadana i sina h\u00e5llningar, lika lite d\u00e5 som idag. Men senare generationer har en ben\u00e4genhet att ta saker f\u00f6r givna, s\u00e4rskilt i ett land som v\u00e5rt med en s\u00e5 l\u00e5ng period utan krig och katastrofer. D\u00e4rf\u00f6r kan man tycka, att det v\u00e4l \u00e4r sj\u00e4lvklart, att man f\u00e5r njuta sina lustar med vem fasen man vill utan att ta h\u00e4nsyn till k\u00f6n eller klass. S\u00e5 var det emellertid inte alls i Storbritannien fram till b\u00f6rjan av 1980-talet.<\/span><\/span><\/span><\/p>\n<p lang=\"sv-SE\" align=\"LEFT\"><span style=\"color: #800000;\"><span style=\"font-family: Georgia,serif;\"><span style=\"font-size: large;\">Samtidigt har homosexuella f\u00f6rbindelser varit ett allm\u00e4nt omskrivet fenomen p\u00e5 den brittiska \u00f6verklassens internatskolor. D\u00e4r hade deras framst\u00e5ende f\u00f6r\u00e4ldrar dumpat sina pojkar f\u00f6r att de skulle bibringas samma v\u00e4rderingar som de sj\u00e4lva, och d\u00e5 hade de pubertala stackarna inte mycket annat \u00e4n varandra att ta till. Och det h\u00f6r till saken, att vad landets herrars s\u00f6ner f\u00f6rbr\u00f6t sig mot alltid kunde sopas under mattan.<\/span><\/span><\/span><\/p>\n<p lang=\"sv-SE\" align=\"LEFT\"><span style=\"color: #800000;\"><span style=\"font-family: Georgia,serif;\"><span style=\"font-size: large;\">N\u00e4r d\u00e5 en pojke med s\u00e5dana \u00e5terh\u00e5llna lustar i st\u00e4llet levt ut n\u00e5gon genialisk f\u00f6rm\u00e5ga som till exempel matematik, s\u00e5 f\u00f6rst\u00e5r man l\u00e4tt, att hans sociala f\u00f6rm\u00e5ga kan ha kommit till korta och att han betraktats som en kuf av omgivningen.<\/span><\/span><\/span><\/p>\n<p lang=\"sv-SE\" align=\"LEFT\"><span style=\"color: #800000;\"><span style=\"font-family: Georgia,serif;\"><span style=\"font-size: large;\">Men kufar beh\u00f6vs! Kufar har v\u00e4nt ut och in p\u00e5 v\u00e5r f\u00f6rest\u00e4llningsv\u00e4rld mer \u00e4n en g\u00e5ng i historien. N\u00e4r andra v\u00e4rldskriget utk\u00e4mpades, var tyskarna till att b\u00f6rja med f\u00f6re alla sina konkurrenter p\u00e5 m\u00e5nga tekniska omr\u00e5den. Ett av f\u00f6rspr\u00e5ngen var krypteringsmaskinen <span style=\"font-family: Georgia-Italic,cursive;\"><i>Enigma,<\/i><\/span> med vilken de kunde s\u00e4nda meddelanden till alla sina f\u00f6rband utan att deras allierade mostst\u00e5ndare kunde avl\u00e4sa dem.<\/span><\/span><\/span><\/p>\n<p lang=\"sv-SE\" align=\"LEFT\"><span style=\"color: #800000;\"><span style=\"font-family: Georgia,serif;\"><span style=\"font-size: large;\">Trodde de. Ett exemplar av maskinen f\u00f6ll i britternas h\u00e4nder (f\u00f6r 16 \u00e5r sedan gjordes en Hollywoodfilm som framst\u00e4llde det som en amerikansk operation, <span style=\"font-family: Georgia-Italic,cursive;\"><i>U-571).<\/i><\/span> Men att h\u00e5lla i en kryptoapparat \u00e4r inte detsamma som att kunna dekryptera. Man beh\u00f6ver en kod. Och klipska matematiker.<\/span><\/span><\/span><\/p>\n<p lang=\"sv-SE\" align=\"LEFT\"><span style=\"color: #800000;\"><span style=\"font-family: Georgia,serif;\"><span style=\"font-size: large;\">H\u00e4r kommer <span style=\"font-family: Georgia-Italic,cursive;\"><i>Alan Turing<\/i><\/span> in i bilden, en pojke av den tidigare n\u00e4mnda sorten. En kuf och konstig typ, som ingen f\u00f6rst vill ta p\u00e5 allvar. Men det \u00e4r krig, och en underr\u00e4ttelsetj\u00e4nst som inte har huvudet p\u00e5 skaft och \u00e4r \u00f6ppen f\u00f6r nya infallsvinklar f\u00e5r ingen framg\u00e5ng. Britterna sl\u00e4pper till sist in Turing p\u00e5 Bletchley park norr om London (det har nyligen gjorts ett par teveserier med just namnet <span style=\"font-family: Georgia-Italic,cursive;\"><i>Bletchley park<\/i><\/span> om ytterst sk\u00e4rpta kvinnor d\u00e4r, vilka efter kriget fick \u00e5terg\u00e5 till att st\u00e5 vid spisen och f\u00f6da barn, eftersom deras tystnadsplikt om\u00f6jliggjorde f\u00f6r dem att ta upp sina insatser p\u00e5 n\u00e5gon meritf\u00f6rteckning). Inte f\u00f6rr\u00e4n 1974 sl\u00e4pptes informationen om Bletchley park, kvinnorna och Enigma och d\u00e4rmed Turings del i det, som kom att bli b\u00f6rjan p\u00e5 skapandet av elektronhj\u00e4rnan. Som vi idag kallar dator.<\/span><\/span><\/span><\/p>\n<p lang=\"sv-SE\" align=\"LEFT\"><span style=\"color: #800000;\"><span style=\"font-family: Georgia,serif;\"><span style=\"font-size: large;\">Sk\u00e5despelaren <span style=\"font-family: Georgia-Italic,cursive;\"><i>Benedict Cumberbatch<\/i><\/span> spelar Alan Turing i torsdagens film p\u00e5 Folkets hus om dessa h\u00e4ndelser, <span style=\"font-family: Georgia-Italic,cursive;\"><i>The imitation game<\/i><\/span> fr\u00e5n 2014. Titeln betyder kort och gott \u201dTuringtestet\u201d, hans prov f\u00f6r att avg\u00f6ra hur intelligent en maskin \u00e4r. Men vem \u00e4r Cumberbatch d\u00e5? Jo, en sk\u00e5despelare som i tevefilmer spelat andra genier: <span style=\"font-family: Georgia-Italic,cursive;\"><i>Stephen Hawking<\/i><\/span> (i <span style=\"font-family: Georgia-Italic,cursive;\"><i>Hawking<\/i><\/span> 2004) och <span style=\"font-family: Georgia-Italic,cursive;\"><i>Vincent van Gogh<\/i><\/span> (i <span style=\"font-family: Georgia-Italic,cursive;\"><i>van Gogh: Painted with words<\/i><\/span> 2010). Men hos oss i Sverige har han v\u00e4l slagit igenom som det p\u00e5hittade geniet <span style=\"font-family: Georgia-Italic,cursive;\"><i>Sherlock Holmes<\/i><\/span> i teveserien som flyttade handlingen till v\u00e5r tid <span style=\"font-family: Georgia-Italic,cursive;\"><i>(Sherlock<\/i><\/span> fr\u00e5n 2010).<\/span><\/span><\/span><\/p>\n<p lang=\"sv-SE\" align=\"LEFT\"><span style=\"color: #800000;\"><span style=\"font-family: Georgia,serif;\"><span style=\"font-size: large;\">Att det verkligen fanns kvinnor i Bletchley park framst\u00e4ller filmen med <span style=\"font-family: Georgia-Italic,cursive;\"><i>Keira Knightley\u2026<\/i><\/span><\/span><\/span><\/span><\/p>\n<p lang=\"sv-SE\" align=\"LEFT\">\n<p align=\"RIGHT\"><span style=\"color: #800000;\"><em><span style=\"font-family: Arial Italic,sans-serif;\"><span style=\"font-size: large;\"><span lang=\"sv-SE\">En id\u00e9 i idet av Bj\u00f6rn Forseth<\/span><\/span><\/span><\/em><\/span><\/p>\n<p align=\"RIGHT\">\n<p align=\"RIGHT\">\n<p style=\"text-align: center;\" align=\"RIGHT\"><a href=\"..\/idet\">\u00c5ter<\/a><\/p>\n","protected":false},"excerpt":{"rendered":"<p>THE IMITATION GAME \u2013 gratistidning.com 2016-04-04 Turingtestet Ett helt liv g\u00e5r utan att man f\u00e5r ber\u00e4tta vad man varit med om. Det g\u00e4llde Astrid Lindgren under andra v\u00e4rldskriget, och det g\u00e4llde dem p\u00e5 Bletchley park. Sommaren jag fyllde sexton for jag och en nybliven bekantskap \u2013 en trevlig, dubbelt s\u00e5 gammal, engelsman \u2013 omkring i &hellip; <\/p>\n<p class=\"link-more\"><a href=\"https:\/\/forseth.se\/?page_id=546\" class=\"more-link\">Forts\u00e4tt l\u00e4sa<span class=\"screen-reader-text\"> \u201dTuringtestet\u201d<\/span><\/a><\/p>\n","protected":false},"author":1,"featured_media":0,"parent":0,"menu_order":60,"comment_status":"closed","ping_status":"closed","template":"","meta":{"footnotes":""},"class_list":["post-546","page","type-page","status-publish","hentry"],"_links":{"self":[{"href":"https:\/\/forseth.se\/index.php?rest_route=\/wp\/v2\/pages\/546","targetHints":{"allow":["GET"]}}],"collection":[{"href":"https:\/\/forseth.se\/index.php?rest_route=\/wp\/v2\/pages"}],"about":[{"href":"https:\/\/forseth.se\/index.php?rest_route=\/wp\/v2\/types\/page"}],"author":[{"embeddable":true,"href":"https:\/\/forseth.se\/index.php?rest_route=\/wp\/v2\/users\/1"}],"replies":[{"embeddable":true,"href":"https:\/\/forseth.se\/index.php?rest_route=%2Fwp%2Fv2%2Fcomments&post=546"}],"version-history":[{"count":2,"href":"https:\/\/forseth.se\/index.php?rest_route=\/wp\/v2\/pages\/546\/revisions"}],"predecessor-version":[{"id":549,"href":"https:\/\/forseth.se\/index.php?rest_route=\/wp\/v2\/pages\/546\/revisions\/549"}],"wp:attachment":[{"href":"https:\/\/forseth.se\/index.php?rest_route=%2Fwp%2Fv2%2Fmedia&parent=546"}],"curies":[{"name":"wp","href":"https:\/\/api.w.org\/{rel}","templated":true}]}}