{"id":550,"date":"2017-04-06T11:01:41","date_gmt":"2017-04-06T09:01:41","guid":{"rendered":"http:\/\/forseth.se\/idet\/?page_id=550"},"modified":"2017-04-06T11:01:41","modified_gmt":"2017-04-06T09:01:41","slug":"familjen-belier","status":"publish","type":"page","link":"https:\/\/forseth.se\/?page_id=550","title":{"rendered":"Familjen B\u00e9lier"},"content":{"rendered":"<p style=\"text-align: center;\"><span style=\"color: #800000;\">FAMILJEN B\u00c9LIER \u2013 gratistidning.com 2016-04-11<\/span><\/p>\n<p style=\"text-align: center;\">\n<p style=\"text-align: center;\">\n<p style=\"text-align: center;\"><span style=\"color: #800000;\"><a href=\"https:\/\/forseth.se\/idet\/wp-content\/uploads\/2017\/04\/Familjen-Belier.jpg\"><img loading=\"lazy\" decoding=\"async\" class=\"aligncenter wp-image-551\" src=\"https:\/\/forseth.se\/idet\/wp-content\/uploads\/2017\/04\/Familjen-Belier.jpg\" alt=\"\" width=\"1000\" height=\"666\" srcset=\"https:\/\/forseth.se\/wp-content\/uploads\/2017\/04\/Familjen-Belier.jpg 980w, https:\/\/forseth.se\/wp-content\/uploads\/2017\/04\/Familjen-Belier-300x200.jpg 300w, https:\/\/forseth.se\/wp-content\/uploads\/2017\/04\/Familjen-Belier-768x512.jpg 768w\" sizes=\"auto, (max-width: 767px) 89vw, (max-width: 1000px) 54vw, (max-width: 1071px) 543px, 580px\" \/><\/a><\/span><\/p>\n<p lang=\"sv-SE\" align=\"CENTER\"><span style=\"color: #800000;\"><span style=\"font-family: Gotham-Bold;\"><span style=\"font-size: 300%;\"><b>Familjen B\u00e9lier<\/b><\/span><\/span><\/span><\/p>\n<p lang=\"sv-SE\" align=\"CENTER\"><span style=\"color: #800000;\"><span style=\"font-family: Gotham-BoldItalic,cursive;\"><span style=\"font-size: large;\"><i><b>F\u00f6rr i v\u00e4rlden spelade man Roliga familjen. S\u00e5 kom Familjen Flinta p\u00e5 teve, den var rolig. Sedan kom Familjen Addams, den var orolig. Och nu kommer d\u00f6va Familjen B\u00e9lier.<\/b><\/i><\/span><\/span><\/span><\/p>\n<p lang=\"sv-SE\" align=\"LEFT\"><span style=\"color: #800000;\"><span style=\"font-family: Georgia,serif;\"><span style=\"font-size: large;\">En filmtitel med ordet \u201dfamiljen\u201d i l\u00e5ter d\u00f6tr\u00e5kigt. Kanske mindre barn uppskattar det, men i den k\u00e4nsliga \u00e5ldern mellan dem och vuxna skulle man aldrig betala f\u00f6r att g\u00e5 p\u00e5 bio och se n\u00e5got s\u00e5 t\u00f6ntigt som en \u201dfamiljefilm\u201d.<\/span><\/span><\/span><\/p>\n<p lang=\"sv-SE\" align=\"LEFT\"><span style=\"color: #800000;\"><span style=\"font-family: Georgia,serif;\"><span style=\"font-size: large;\">N\u00e4r undertecknad sj\u00e4lv var i denna omtumlande tid i livet, h\u00f6rde jag d\u00e5 och d\u00e5 vuxna tala om det franska spr\u00e5ket som s\u00e5 vackert och om Paris som s\u00e5 speciellt. F\u00f6ljden blev f\u00f6rst\u00e5s, att jag fn\u00f6s \u00e5t allt som hade med Frankrike att g\u00f6ra och v\u00e4nde blicken mot det amerikanska br\u00e4kandet i st\u00e4llet (ordvalet har jag l\u00e5nat fr\u00e5n en ledande import\u00f6r av Hollywoodfilm, Conny Pl\u00e5nborg).<\/span><\/span><\/span><\/p>\n<p lang=\"sv-SE\" align=\"LEFT\"><span style=\"color: #800000;\"><span style=\"font-family: Georgia,serif;\"><span style=\"font-size: large;\">Men s\u00e5 gjorde vi en p\u00e5skresa till Paris. Och jag baxnade! Vad var v\u00e4l skyskrapor mot att g\u00e5 omkring bland palats, tempel och all\u00e9er, som vore man mitt i Romarriket under dess glansperiod? Det \u00e4r ingen id\u00e9 att f\u00f6rs\u00f6ka \u00f6vertyga de klentrogna, inte ens med bilder. Man m\u00e5ste uppleva det, och jag upplevde, att de vuxna hade haft r\u00e4tt.<\/span><\/span><\/span><\/p>\n<p lang=\"sv-SE\" align=\"LEFT\"><span style=\"color: #800000;\"><span style=\"font-family: Georgia,serif;\"><span style=\"font-size: large;\">Om Paris, i alla fall. Spr\u00e5ket, d\u00e5? Nja, det var v\u00e4l p\u00e5 niv\u00e5 med svenskan, tyckte pubertetsynglingen. Inget att se film p\u00e5. Idag \u00e4r ynglingen \u00e4ldre, och nutida svenska sk\u00e5despelare talar inte p\u00e5 film som de g\u00f6r p\u00e5 teater; i st\u00e4llet talar de s\u00e5 naturligt, att man p\u00e5 teve m\u00e5ste sl\u00e5 p\u00e5 Text-tv sidan 199 f\u00f6r att uppfatta vad de s\u00e4ger. S\u00e5 \u00e4r det v\u00e4l med moderna engelsktalande sk\u00e5despelare ocks\u00e5, men det anar de svenske inte, eftersom det redan \u00e4r textat. Och franskan: den som f\u00f6r tv\u00e5 veckor sedan p\u00e5 filmstudion s\u00e5g den svenske konsuln p\u00e5 franska f\u00f6rs\u00f6ka \u00f6vertala den tyske generalguvern\u00f6ren att inte spr\u00e4nga Eiffeltornet och br\u00e4nna upp Mona Lisa \u2013 hur skulle den \u00e5sk\u00e5daren kunna klaga p\u00e5, att de talade franska? Minns ocks\u00e5 f\u00f6rra \u00e5rets filmer: var inte den allra mest sp\u00e4nnande filmen fransk, kanske <span style=\"font-family: Georgia-Italic,cursive;\"><i>(Ber\u00e4tta inte f\u00f6r n\u00e5gon)?<\/i><\/span> Och var inte det \u00e5rets roligaste film \u2013 och d\u00e4rtill den minst politiskt korrekta, alla kategorier \u2013 var inte den ocks\u00e5 fransk, va <span style=\"font-family: Georgia-Italic,cursive;\"><i>(Br\u00f6llopskaos)?<\/i><\/span><\/span><\/span><\/span><\/p>\n<p lang=\"sv-SE\" align=\"LEFT\"><span style=\"color: #800000;\"><span style=\"font-family: Georgia,serif;\"><span style=\"font-size: large;\">Man f\u00e5r t\u00e4nka om. N\u00e4r <span style=\"font-family: Georgia-Italic,cursive;\"><i>Audrey Tautou<\/i><\/span> 2001 slog igenom med buller och b\u00e5ng i <span style=\"font-family: Georgia-Italic,cursive;\"><i>Am\u00e9lie fr\u00e5n Montmartre,<\/i><\/span> s\u00e5 f\u00f6ljdes den av fler s\u00e5 kallade \u201dm\u00e5 bra-filmer\u201d p\u00e5 det tungom\u00e5let, som dock g\u00e5r utm\u00e4rkt att anv\u00e4nda ocks\u00e5 i de mest f\u00f6rh\u00e4rdade sammanhang som <span style=\"font-family: Georgia-Italic,cursive;\"><i>Nikita<\/i><\/span> (1990) och andra av <span style=\"font-family: Georgia-Italic,cursive;\"><i>Luc Bessons<\/i><\/span> filmer (som <span style=\"font-family: Georgia-Italic,cursive;\"><i>Den sista striden<\/i><\/span> fr\u00e5n 1983, en helt otextad film \u2013 inte f\u00f6r att franskan \u00e4r vacker utan d\u00e4rf\u00f6r att stridisarna ingenting har att s\u00e4ga, sedan m\u00e4nskligheten f\u00f6rlorat talf\u00f6rm\u00e5gan efter det stora k\u00e4rnvapenkriget; den m\u00e5ste filmstudion ta upp igen n\u00e5gon g\u00e5ng!).<\/span><\/span><\/span><\/p>\n<p lang=\"sv-SE\" align=\"LEFT\"><span style=\"color: #800000;\"><span style=\"font-family: Georgia,serif;\"><span style=\"font-size: large;\">Alltnog och emedan, det beh\u00f6vs inte k\u00e4rnvapenkrig f\u00f6r att f\u00e5 tyst p\u00e5 m\u00e4nniskorna. En del f\u00f6ds d\u00f6va redan idag. I 2014 \u00e5rs <span style=\"font-family: Georgia-Italic,cursive;\"><i>Familjen B\u00e9lier<\/i><\/span> nu p\u00e5 torsdag p\u00e5 Folkets hus \u00e4r alla i familjen stend\u00f6va. Utom en: \u00e4ldsta dottern, som g\u00e5r p\u00e5 h\u00f6gstadiet. Hon har f\u00e5tt inte bara talf\u00f6rm\u00e5ga utan \u00e4ven s\u00e5ngf\u00f6rm\u00e5ga. Detta aaanar inte vare sig brorsan eller f\u00f6r\u00e4ldrarna. Dock gl\u00e4der de sig \u00e5t talf\u00f6rm\u00e5gan. Ty d\u00e5 kan dottern anv\u00e4ndas som tolk vid l\u00e4karbes\u00f6k och annat och kan presentera v\u00e4nner hon tar med sig hem. Att ta hem kompisar undviker dock dottern, f\u00f6r f\u00f6r\u00e4ldrarna \u00e4r utstuderat pilska och \u00e4gnar sig s\u00e5 fort tillf\u00e4lle bjuds \u00e5t \u00e4lskog, som dem sj\u00e4lva ovetande h\u00f6rs h\u00f6gt och ljudligt f\u00f6r alla bes\u00f6kare. Dottern brukar ta p\u00e5 sig h\u00f6rlurar f\u00f6r att l\u00e5ta musik \u00f6verr\u00f6sta handp\u00e5l\u00e4ggningarna.<\/span><\/span><\/span><\/p>\n<p lang=\"sv-SE\" align=\"LEFT\"><span style=\"color: #800000;\"><span style=\"font-family: Georgia,serif;\"><span style=\"font-size: large;\">En f\u00f6rdel med m\u00e5 bra-filmer (p\u00e5 vilket spr\u00e5k som helst) \u00e4r, att man kan f\u00e5 tips av dem, p\u00e5 hur man kan \u00f6ka sin egen\u2026 ja, hur man m\u00e5r bra p\u00e5 olika s\u00e4tt.<\/span><\/span><\/span><\/p>\n<p lang=\"sv-SE\" align=\"LEFT\">\n<p align=\"RIGHT\"><span style=\"color: #800000;\"><em><span style=\"font-family: Arial Italic,sans-serif;\"><span style=\"font-size: large;\"><span lang=\"sv-SE\">En id\u00e9 i idet av Bj\u00f6rn Forseth<\/span><\/span><\/span><\/em><\/span><\/p>\n<p align=\"RIGHT\">\n<p align=\"RIGHT\">\n<p style=\"text-align: center;\" align=\"RIGHT\"><a href=\"..\/idet\">\u00c5ter<\/a><\/p>\n","protected":false},"excerpt":{"rendered":"<p>FAMILJEN B\u00c9LIER \u2013 gratistidning.com 2016-04-11 Familjen B\u00e9lier F\u00f6rr i v\u00e4rlden spelade man Roliga familjen. S\u00e5 kom Familjen Flinta p\u00e5 teve, den var rolig. Sedan kom Familjen Addams, den var orolig. Och nu kommer d\u00f6va Familjen B\u00e9lier. En filmtitel med ordet \u201dfamiljen\u201d i l\u00e5ter d\u00f6tr\u00e5kigt. Kanske mindre barn uppskattar det, men i den k\u00e4nsliga \u00e5ldern mellan &hellip; <\/p>\n<p class=\"link-more\"><a href=\"https:\/\/forseth.se\/?page_id=550\" class=\"more-link\">Forts\u00e4tt l\u00e4sa<span class=\"screen-reader-text\"> \u201dFamiljen B\u00e9lier\u201d<\/span><\/a><\/p>\n","protected":false},"author":1,"featured_media":0,"parent":0,"menu_order":61,"comment_status":"closed","ping_status":"closed","template":"","meta":{"footnotes":""},"class_list":["post-550","page","type-page","status-publish","hentry"],"_links":{"self":[{"href":"https:\/\/forseth.se\/index.php?rest_route=\/wp\/v2\/pages\/550","targetHints":{"allow":["GET"]}}],"collection":[{"href":"https:\/\/forseth.se\/index.php?rest_route=\/wp\/v2\/pages"}],"about":[{"href":"https:\/\/forseth.se\/index.php?rest_route=\/wp\/v2\/types\/page"}],"author":[{"embeddable":true,"href":"https:\/\/forseth.se\/index.php?rest_route=\/wp\/v2\/users\/1"}],"replies":[{"embeddable":true,"href":"https:\/\/forseth.se\/index.php?rest_route=%2Fwp%2Fv2%2Fcomments&post=550"}],"version-history":[{"count":1,"href":"https:\/\/forseth.se\/index.php?rest_route=\/wp\/v2\/pages\/550\/revisions"}],"predecessor-version":[{"id":552,"href":"https:\/\/forseth.se\/index.php?rest_route=\/wp\/v2\/pages\/550\/revisions\/552"}],"wp:attachment":[{"href":"https:\/\/forseth.se\/index.php?rest_route=%2Fwp%2Fv2%2Fmedia&parent=550"}],"curies":[{"name":"wp","href":"https:\/\/api.w.org\/{rel}","templated":true}]}}