{"id":594,"date":"2017-04-10T23:42:29","date_gmt":"2017-04-10T21:42:29","guid":{"rendered":"https:\/\/forseth.se\/idet\/?page_id=594"},"modified":"2017-04-10T23:43:36","modified_gmt":"2017-04-10T21:43:36","slug":"blabiff","status":"publish","type":"page","link":"https:\/\/forseth.se\/?page_id=594","title":{"rendered":"Bl\u00e5biff"},"content":{"rendered":"<p style=\"text-align: center;\"><span style=\"color: #800000;\">HITCHCOCK \u2013 gratistidning.com 2016-05-09<\/span><\/p>\n<p style=\"text-align: center;\">\n<style type=\"text\/css\">\n\t<!-- @page { margin: 2cm } P { margin-bottom: 0.21cm } --><br \/>\t<\/style>\n<\/p>\n<p><a href=\"https:\/\/forseth.se\/idet\/wp-content\/uploads\/2017\/04\/HitchcockarBabelsberg-kopia.jpg\"><img loading=\"lazy\" decoding=\"async\" class=\"aligncenter size-full wp-image-595\" src=\"https:\/\/forseth.se\/idet\/wp-content\/uploads\/2017\/04\/HitchcockarBabelsberg-kopia.jpg\" alt=\"\" width=\"1000\" height=\"656\" srcset=\"https:\/\/forseth.se\/wp-content\/uploads\/2017\/04\/HitchcockarBabelsberg-kopia.jpg 1000w, https:\/\/forseth.se\/wp-content\/uploads\/2017\/04\/HitchcockarBabelsberg-kopia-300x197.jpg 300w, https:\/\/forseth.se\/wp-content\/uploads\/2017\/04\/HitchcockarBabelsberg-kopia-768x504.jpg 768w\" sizes=\"auto, (max-width: 767px) 89vw, (max-width: 1000px) 54vw, (max-width: 1071px) 543px, 580px\" \/><\/a><\/p>\n<p lang=\"sv-SE\" align=\"CENTER\"><span style=\"color: #800000;\"><span style=\"font-family: Gotham-Bold;\"><span style=\"font-size: 300%;\"><b>Bl\u00e5biff<\/b><\/span><\/span><\/span><\/p>\n<p lang=\"sv-SE\" align=\"CENTER\"><span style=\"color: #800000;\"><span style=\"font-family: Gotham-BoldItalic,cursive;\"><span style=\"font-size: large;\"><i><b>N\u00e4r vi idag p\u00e5 tevenyheterna ser Aleppo och andra syriska st\u00e4der i ruiner f\u00e5r vi \u2013 kanske utan att f\u00f6rst\u00e5 det \u2013 en bild av hur m\u00e5nga tyska st\u00e4der s\u00e5g ut efter andra v\u00e4rldskriget.<\/b><\/i><\/span><\/span><\/span><\/p>\n<p lang=\"sv-SE\" align=\"LEFT\"><span style=\"color: #800000;\"><span style=\"font-family: Georgia,serif;\"><span style=\"font-size: large;\">Men \u201df\u00f6rorten\u201d Potsdam bombades f\u00f6rst under krigets sista m\u00e5nad, varvid v\u00e4rldens f\u00f6rsta och \u00e4n idag v\u00e4rldens st\u00f6rsta storfilmstudio gick oskadd ur kriget. P\u00e5 denna Studio Babelsberg gjorde den senare v\u00e4rldsber\u00f6mde regiss\u00f6ren <span style=\"font-family: Georgia-Italic,cursive;\"><i>Alfred Hitchcock<\/i><\/span> sina l\u00e4rosp\u00e5n. \u201dAllt jag m\u00e5ste veta om hur man g\u00f6r film har jag l\u00e4rt mig p\u00e5 Babelsberg\u201d, har han uttalat, s\u00e4kert p\u00e5 tyska, f\u00f6r det l\u00e4rde han sig grundligt under dessa \u00e5r (d\u00e5 var det stumfilm som g\u00e4llde, s\u00e5 sk\u00e5despelarna kunde prata hotentottspr\u00e5ket om de ville, men med filmbes\u00e4ttningen g\u00e4llde tyska). Hans f\u00f6rsta film gjorde han d\u00e4r 1924\/25. D\u00e4rf\u00f6r sitter ocks\u00e5 Hitchcocks portr\u00e4tt uppsatt p\u00e5 en portalv\u00e4gg inne p\u00e5 studioomr\u00e5det.<\/span><\/span><\/span><\/p>\n<p lang=\"sv-SE\" style=\"padding-left: 30px;\" align=\"LEFT\"><span style=\"color: #800000;\"><span style=\"font-family: Georgia,serif;\"><span style=\"font-size: large;\">Hans framg\u00e5ngar i tysk film drog brittiska \u00f6gon till sig, och han lockades till London. D\u00e4rf\u00f6r befann han sig under det andra v\u00e4rldskriget p\u00e5 den brittiska sidan, men n\u00e4r hans filmer l\u00e4ngre fram gick upp i Tyskland, l\u00e4ste han sj\u00e4lv in trailrarna f\u00f6r den tyska publiken p\u00e5 tyska.<\/span><\/span><\/span><\/p>\n<p lang=\"sv-SE\" align=\"LEFT\"><span style=\"color: #800000;\"><span style=\"font-family: Georgia,serif;\"><span style=\"font-size: large;\">Det var ocks\u00e5 i hemlandet som han gifte sig med sin regiassistent, <span style=\"font-family: Georgia-Italic,cursive;\"><i>Alma Reville,<\/i><\/span> varefter han och hon blev ett radarpar f\u00f6r \u00e5terstoden av \u201dhans\u201d filmproduktion. Man borde s\u00e5ledes d\u00e4refter kalla Hitchcocks filmer f\u00f6r \u201dderas\u201d produktion, f\u00f6r hennes roll i skapandet av filmerna kan nog inte underskattas. Huruvida Alma hade samma bisarra humor som Alfred vet jag inte, men han sa i en intervju i min ungdom, att han gillade att spela folk spratt s\u00e5som till exempel att bjuda hem dem p\u00e5 middag och med karamellf\u00e4rg g\u00f6ra hela m\u00e5ltiden knallbl\u00e5\u2026<\/span><\/span><\/span><\/p>\n<p lang=\"sv-SE\" align=\"LEFT\"><span style=\"color: #800000;\"><span style=\"font-family: Georgia,serif;\"><span style=\"font-size: large;\">Alltnog, Kiruna filmstudio har visat filmer av Hitchcockarna flera g\u00e5nger, g\u00e4rna under rubriken \u201dklassiker\u201d, f\u00f6r en stor del av deras produktion kan faktiskt h\u00e4nf\u00f6ras till den kategorin. Icke utan baktanke visade filmstudion i mars i \u00e5r deras l\u00e5gbudgetfilm <span style=\"font-family: Georgia-Italic,cursive;\"><i>Psycho<\/i><\/span> fr\u00e5n 1960, en film som slog ned som en bomb av olika sk\u00e4l. Hur de gjorde denna film visas i en spelfilm fr\u00e5n 2012, i vilken ett par av brittisk films mest v\u00f6rdnadsv\u00e4rda sk\u00e5despelare spelar paret Hitchcock: Alma i <span style=\"font-family: Georgia-Italic,cursive;\"><i>Helen Mirrens<\/i><\/span> gestalt, Alfred i <span style=\"font-family: Georgia-Italic,cursive;\"><i>Anthony Hopkins.<\/i><\/span> Under inspelningen av Psycho tillsatte de verkliga Hitchcockarna f\u00f6r den kvinnliga huvudrollen en uppburen sk\u00e5despelerska, <span style=\"font-family: Georgia-Italic,cursive;\"><i>Janet Leigh,<\/i><\/span> som i Psycho gick till himmelska h\u00f6jder i en ber\u00f6md duschscen. Hon spelas i \u201dfilmen om filmen\u201d av <span style=\"font-family: Georgia-Italic,cursive;\"><i>Scarlett Johansson.<\/i><\/span> I Psychos manliga huvudroll satte de den helt ok\u00e4nde <span style=\"font-family: Georgia-Italic,cursive;\"><i>Anthony Perkins<\/i><\/span> (som d\u00e4refter gick en stark karri\u00e4r till m\u00f6tes och tjugo \u00e5r senare faktiskt fick spela samma roll igen i en uppf\u00f6ljare till Psycho, d\u00e5 tjugo \u00e5r \u00e4ldre som han ju i verkligheten ocks\u00e5 var). Denna roll spelas i \u201dfilmen om filmen\u201d av <span style=\"font-family: Georgia-Italic,cursive;\"><i>James d\u2019Arcy.<\/i><\/span><\/span><\/span><\/span><\/p>\n<p lang=\"sv-SE\" align=\"LEFT\"><span style=\"color: #800000;\"><span style=\"font-family: Georgia,serif;\"><span style=\"font-size: large;\"><span lang=\"sv-SE\">Och vad heter d\u00e5 filmen om filmen? \u2013 Jo, <\/span><span style=\"font-family: Georgia-Italic,cursive;\"><span lang=\"sv-SE\"><i>Hitchcock.<\/i><\/span><\/span><span lang=\"sv-SE\"> En inte helt o\u00e4ven titel. Den visar filmstudion nu p\u00e5 torsdag p\u00e5 Folkets hus. Emellertid b\u00f6r k\u00e4nsliga tittare varnas \u2013 inte f\u00f6r v\u00e5ldsamt inneh\u00e5ll utan f\u00f6r alltf\u00f6r mycket f\u00f6rhandsinformation \u2013 ty i filmen Hitchcock avsl\u00f6jas s\u00e5 mycket om filmen Psycho, att de som senare vill se den inte l\u00e4r bli s\u00e5 skr\u00e4mda som de borde\u2026<\/span><\/span><\/span><\/span><\/p>\n<p align=\"RIGHT\"><span style=\"color: #800000;\"><em><span style=\"font-family: Verdana Italic,sans-serif;\"><span style=\"font-size: medium;\">En id\u00e9 i idet av Bj\u00f6rn Forseth<\/span><\/span><\/em><\/span><\/p>\n<p style=\"text-align: center;\" align=\"RIGHT\"><a href=\"..\/idet\">\u00c5ter<\/a><\/p>\n","protected":false},"excerpt":{"rendered":"<p>HITCHCOCK \u2013 gratistidning.com 2016-05-09 Bl\u00e5biff N\u00e4r vi idag p\u00e5 tevenyheterna ser Aleppo och andra syriska st\u00e4der i ruiner f\u00e5r vi \u2013 kanske utan att f\u00f6rst\u00e5 det \u2013 en bild av hur m\u00e5nga tyska st\u00e4der s\u00e5g ut efter andra v\u00e4rldskriget. Men \u201df\u00f6rorten\u201d Potsdam bombades f\u00f6rst under krigets sista m\u00e5nad, varvid v\u00e4rldens f\u00f6rsta och \u00e4n idag v\u00e4rldens &hellip; <\/p>\n<p class=\"link-more\"><a href=\"https:\/\/forseth.se\/?page_id=594\" class=\"more-link\">Forts\u00e4tt l\u00e4sa<span class=\"screen-reader-text\"> \u201dBl\u00e5biff\u201d<\/span><\/a><\/p>\n","protected":false},"author":1,"featured_media":0,"parent":0,"menu_order":66,"comment_status":"closed","ping_status":"closed","template":"","meta":{"footnotes":""},"class_list":["post-594","page","type-page","status-publish","hentry"],"_links":{"self":[{"href":"https:\/\/forseth.se\/index.php?rest_route=\/wp\/v2\/pages\/594","targetHints":{"allow":["GET"]}}],"collection":[{"href":"https:\/\/forseth.se\/index.php?rest_route=\/wp\/v2\/pages"}],"about":[{"href":"https:\/\/forseth.se\/index.php?rest_route=\/wp\/v2\/types\/page"}],"author":[{"embeddable":true,"href":"https:\/\/forseth.se\/index.php?rest_route=\/wp\/v2\/users\/1"}],"replies":[{"embeddable":true,"href":"https:\/\/forseth.se\/index.php?rest_route=%2Fwp%2Fv2%2Fcomments&post=594"}],"version-history":[{"count":3,"href":"https:\/\/forseth.se\/index.php?rest_route=\/wp\/v2\/pages\/594\/revisions"}],"predecessor-version":[{"id":598,"href":"https:\/\/forseth.se\/index.php?rest_route=\/wp\/v2\/pages\/594\/revisions\/598"}],"wp:attachment":[{"href":"https:\/\/forseth.se\/index.php?rest_route=%2Fwp%2Fv2%2Fmedia&parent=594"}],"curies":[{"name":"wp","href":"https:\/\/api.w.org\/{rel}","templated":true}]}}