{"id":599,"date":"2017-04-10T23:59:36","date_gmt":"2017-04-10T21:59:36","guid":{"rendered":"https:\/\/forseth.se\/idet\/?page_id=599"},"modified":"2017-04-12T22:57:54","modified_gmt":"2017-04-12T20:57:54","slug":"att-skumma-gradden","status":"publish","type":"page","link":"https:\/\/forseth.se\/?page_id=599","title":{"rendered":"Att skumma gr\u00e4dden&#8230;"},"content":{"rendered":"<p style=\"text-align: center;\"><span style=\"color: #800000;\">APPALOOSA p\u00e5 nytt \u2013 gratistidning.com 2016-05-15<\/span><\/p>\n<p style=\"text-align: center;\">\n<style type=\"text\/css\">\n\t<!-- @page { margin: 2cm } P { margin-bottom: 0.21cm } --><br \/>\t<\/style>\n<\/p>\n<p><a href=\"https:\/\/forseth.se\/idet\/wp-content\/uploads\/2017\/04\/Ed-Harris-Jan-Troell-och-Sven-Nykvist-kopia.jpg\"><img loading=\"lazy\" decoding=\"async\" class=\"aligncenter size-full wp-image-600\" src=\"https:\/\/forseth.se\/idet\/wp-content\/uploads\/2017\/04\/Ed-Harris-Jan-Troell-och-Sven-Nykvist-kopia.jpg\" alt=\"\" width=\"1000\" height=\"522\" srcset=\"https:\/\/forseth.se\/wp-content\/uploads\/2017\/04\/Ed-Harris-Jan-Troell-och-Sven-Nykvist-kopia.jpg 1000w, https:\/\/forseth.se\/wp-content\/uploads\/2017\/04\/Ed-Harris-Jan-Troell-och-Sven-Nykvist-kopia-300x157.jpg 300w, https:\/\/forseth.se\/wp-content\/uploads\/2017\/04\/Ed-Harris-Jan-Troell-och-Sven-Nykvist-kopia-768x401.jpg 768w\" sizes=\"auto, (max-width: 767px) 89vw, (max-width: 1000px) 54vw, (max-width: 1071px) 543px, 580px\" \/><\/a><\/p>\n<p lang=\"sv-SE\" align=\"CENTER\"><span style=\"color: #800000;\"><span style=\"font-family: Gotham-Bold;\"><span style=\"font-size: 300%;\"><b>Att skumma gr\u00e4dden\u2026<\/b><\/span><\/span><\/span><\/p>\n<p lang=\"sv-SE\" align=\"CENTER\"><span style=\"color: #800000;\"><span style=\"font-family: Gotham-BoldItalic,cursive;\"><span style=\"font-size: large;\"><i><b>Amrisarna \u00e4r fenomenala p\u00e5 att v\u00e4rva duktigt folk fr\u00e5n andra l\u00e4nder, vilket till en del kan f\u00f6rklara Hollywoods framst\u00e5ende st\u00e4llning i filmv\u00e4rlden.<\/b><\/i><\/span><\/span><\/span><\/p>\n<p lang=\"sv-SE\" align=\"LEFT\"><span style=\"color: #800000;\"><span style=\"font-family: Georgia,serif;\"><span style=\"font-size: large;\">Den store svenske, \u00e4n idag aktive, filmskaparen <span style=\"font-family: Georgia-Italic,cursive;\"><i>Jan Troell<\/i><\/span> ber\u00e4ttade en g\u00e5ng en historia fr\u00e5n sin tid i Hollywood. Han h\u00f6ll 1979 p\u00e5 att spela in den andra av de tv\u00e5 filmer han gjorde d\u00e4r, <span style=\"font-family: Georgia-Italic,cursive;\"><i>Orkanen<\/i><\/span> (normalt snarade Hollywood stj\u00e4rnor med krav p\u00e5 fem eller tio filmer; jag vet inte hur han kom undan med bara tv\u00e5). Till den f\u00f6rsta, <span style=\"font-family: Georgia-Italic,cursive;\"><i>Pionj\u00e4rerna<\/i><\/span> (1974), hade han f\u00e5tt en amerikansk fotograf. Men fotograf var han sj\u00e4lv lika mycket som regiss\u00f6r, och som man g\u00f6r i Europa ville han samverka kring bildskapandet. D\u00e4rf\u00f6r hade han till denna andra film beg\u00e4rt och f\u00e5tt den svenske stj\u00e4rnfotografen <span style=\"font-family: Georgia-Italic,cursive;\"><i>Sven Nykvist,<\/i><\/span> som redan bodde i Hollywood (en person v\u00e4rd en egen kr\u00f6nika, f\u00f6r \u00f6vrigt).<\/span><\/span><\/span><\/p>\n<p lang=\"sv-SE\" align=\"LEFT\"><span style=\"color: #800000;\"><span style=\"font-family: Georgia,serif;\"><span style=\"font-size: large;\">En morgon hade Troell och Nykvist \u00e5kt ut till en utomhus bel\u00e4gen inspelningsplats n\u00e5gra timmar innan det var best\u00e4mt med filmbolaget. De ville komma \u00f6verens om hur ljuset skulle falla och vilka vinklar de skulle ha i scenerna, som stod p\u00e5 tur att tas. De kikade i kameran tillsammans f\u00f6r att hitta det b\u00e4sta.<\/span><\/span><\/span><\/p>\n<p lang=\"sv-SE\" align=\"LEFT\"><span style=\"color: #800000;\"><span style=\"font-family: Georgia,serif;\"><span style=\"font-size: large;\">N\u00e4r Troell gl\u00f6msk av tiden v\u00e4nde sig \u00e5t andra h\u00e5llet, stod en armada d\u00e4r: utrustningsfordon, smink\u00f6sbodar, husvagnar till sk\u00e5despelare och m\u00e4ngder av personal. Det var dags att officiellt s\u00e4tta ig\u00e5ng. Vid ett tillf\u00e4lle under dagen kom producenten till Troell med en inbjudan till middag hemma hos denne, vilken Troell tackade ja till, dock aningen f\u00f6rv\u00e5nad. F\u00f6rv\u00e5ningen berodde p\u00e5, att inspelningen inte n\u00e5tt n\u00e5got avg\u00f6rande l\u00e4ge, det var ingen speciell dag, inget att fira.<\/span><\/span><\/span><\/p>\n<p lang=\"sv-SE\" align=\"LEFT\"><span style=\"color: #800000;\"><span style=\"font-family: Georgia,serif;\"><span style=\"font-size: large;\">Middagen med producenten och dennes hustru var v\u00e4l trevlig som sig borde, men Troell anade att n\u00e5got \u00e4nd\u00e5 var i g\u00f6rningen. Och till sist tog producenten bladet ifr\u00e5n munnen i det han sa:<\/span><\/span><\/span><\/p>\n<p lang=\"sv-SE\" style=\"padding-left: 30px;\" align=\"LEFT\"><span style=\"color: #800000;\">\u201d<span style=\"font-family: Georgia,serif;\"><span style=\"font-size: large;\">Herr Troell, i v\u00e5rt land tittar inte regiss\u00f6ren i kamerans okular. Kameran \u00e4r fotografens dom\u00e4n och endast fotografens.\u201d<\/span><\/span><\/span><\/p>\n<p lang=\"sv-SE\" align=\"LEFT\"><span style=\"color: #800000;\"><span style=\"font-family: Georgia,serif;\"><span style=\"font-size: large;\">Troell \u00e5terv\u00e4nde till Sverige f\u00f6r sin fortsatta filmproduktion. Bara sedan \u201dOrkanen\u201d 1979 har han hunnit med tolv l\u00e5ngfilmer och n\u00e5gra kortfilmer d\u00e4rtill (senaste l\u00e5ngfilmen var <span style=\"font-family: Georgia-Italic,cursive;\"><i>Dom \u00f6ver d\u00f6d man<\/i><\/span> 2012, och d\u00e5 var han 81 \u00e5r).<\/span><\/span><\/span><\/p>\n<p lang=\"sv-SE\" align=\"LEFT\"><span style=\"color: #800000;\"><span style=\"font-family: Georgia,serif;\"><span style=\"font-size: large;\">Men vad farao har nu detta med veckans film p\u00e5 filmstudion att g\u00f6ra <span style=\"font-family: Georgia-Italic,cursive;\"><i>(Appaloosa<\/i><\/span> fr\u00e5n 2008)? Det \u00e4r ju en vilda v\u00e4sternfilm som ingalunda \u00e4r regisserad av Jan Troell. Den skrev jag f\u00f6r \u00f6vrigt om redan i januari (d\u00e5 den skulle ha visats men biografen h\u00e4ndelsevis hade m\u00f6blerats om till garderob).<\/span><\/span><\/span><\/p>\n<p lang=\"sv-SE\" align=\"LEFT\"><span style=\"color: #800000;\"><span style=\"font-family: Georgia,serif;\"><span style=\"font-size: large;\">Svaret p\u00e5 fr\u00e5gan \u00e4r, att jag vid tangentbordet blev inspirerad av en nyss timad h\u00e4ndelse, som p\u00e5minde om producentens middagsinbjudan: USA-presidenten <span style=\"font-family: Georgia-Italic,cursive;\"><i>Obamas<\/i><\/span> inbjudan av de nordiska statsministrarna till Vita huset. I nyhetss\u00e4ndningarna p\u00e5 teve kunde vi se de stolta statsministrarna sola sig i glansen \u2013 s\u00e5 hedrade de var! Men precis som producenten p\u00e5 ett v\u00e4nligt s\u00e4tt ville \u00f6vertyga Troell om amerikanska metoder s\u00f6kte nu presidenten ena de nordiska ministrarna om den amerikanska synen p\u00e5 det \u00f6nskade handelsavtalet TTIP. Och hem kom de och betygade sin enighet med storebror om avtalets f\u00f6rtr\u00e4fflighet!<\/span><\/span><\/span><\/p>\n<p lang=\"sv-SE\" align=\"LEFT\"><span style=\"color: #800000;\"><span style=\"font-family: Georgia,serif;\"><span style=\"font-size: large;\">Inte sturska som en Troell, precis.<\/span><\/span><\/span><\/p>\n<p lang=\"sv-SE\" align=\"LEFT\"><span style=\"color: #800000;\"><span style=\"font-family: Georgia,serif;\"><span style=\"font-size: large;\">Blev det f\u00f6r mycket politik nu? \u2026 \u2013 Tja, jag kunde ju i st\u00e4llet ha g\u00e5tt n\u00e4rmare in p\u00e5 \u201dAppaloosa\u201d och kanske lockat medlemmar i Kiruna ridklubb till Folkets hus p\u00e5 torsdag. Ty <span style=\"font-family: Georgia-Italic,cursive;\"><i>appaloosa<\/i><\/span> \u00e4r en prickig h\u00e4stras med ett par hundra p\u00e5llar i Sverige. Den avlades fram av <span style=\"font-family: Georgia-Italic,cursive;\"><i>nez perc\u00e9-<\/i><\/span>indianerna, vilka sedan flyttade till reservat och \u00f6verl\u00e4t uppf\u00f6dningen p\u00e5 de nybyggare, som g\u00e4rna bosatte sig d\u00e4r indianerna tidigare levt. \u2013 Jag sa ju, att amrisarna var fenomenala p\u00e5 att ta till sig det b\u00e4sta fr\u00e5n andra\u2026<\/span><\/span><\/span><\/p>\n<p align=\"RIGHT\"><span style=\"font-family: NewCenturySchlbkLTStd-It,serif; color: #800000;\"><span style=\"font-size: medium;\"><span lang=\"sv-SE\"><i>En id\u00e9 i idet av Bj\u00f6rn Forseth<\/i><\/span><\/span><\/span><\/p>\n<p style=\"text-align: center;\" align=\"RIGHT\"><a href=\"..\/idet\">\u00c5ter<\/a><\/p>\n","protected":false},"excerpt":{"rendered":"<p>APPALOOSA p\u00e5 nytt \u2013 gratistidning.com 2016-05-15 Att skumma gr\u00e4dden\u2026 Amrisarna \u00e4r fenomenala p\u00e5 att v\u00e4rva duktigt folk fr\u00e5n andra l\u00e4nder, vilket till en del kan f\u00f6rklara Hollywoods framst\u00e5ende st\u00e4llning i filmv\u00e4rlden. Den store svenske, \u00e4n idag aktive, filmskaparen Jan Troell ber\u00e4ttade en g\u00e5ng en historia fr\u00e5n sin tid i Hollywood. Han h\u00f6ll 1979 p\u00e5 att &hellip; <\/p>\n<p class=\"link-more\"><a href=\"https:\/\/forseth.se\/?page_id=599\" class=\"more-link\">Forts\u00e4tt l\u00e4sa<span class=\"screen-reader-text\"> \u201dAtt skumma gr\u00e4dden&#8230;\u201d<\/span><\/a><\/p>\n","protected":false},"author":1,"featured_media":0,"parent":0,"menu_order":67,"comment_status":"closed","ping_status":"closed","template":"","meta":{"footnotes":""},"class_list":["post-599","page","type-page","status-publish","hentry"],"_links":{"self":[{"href":"https:\/\/forseth.se\/index.php?rest_route=\/wp\/v2\/pages\/599","targetHints":{"allow":["GET"]}}],"collection":[{"href":"https:\/\/forseth.se\/index.php?rest_route=\/wp\/v2\/pages"}],"about":[{"href":"https:\/\/forseth.se\/index.php?rest_route=\/wp\/v2\/types\/page"}],"author":[{"embeddable":true,"href":"https:\/\/forseth.se\/index.php?rest_route=\/wp\/v2\/users\/1"}],"replies":[{"embeddable":true,"href":"https:\/\/forseth.se\/index.php?rest_route=%2Fwp%2Fv2%2Fcomments&post=599"}],"version-history":[{"count":3,"href":"https:\/\/forseth.se\/index.php?rest_route=\/wp\/v2\/pages\/599\/revisions"}],"predecessor-version":[{"id":608,"href":"https:\/\/forseth.se\/index.php?rest_route=\/wp\/v2\/pages\/599\/revisions\/608"}],"wp:attachment":[{"href":"https:\/\/forseth.se\/index.php?rest_route=%2Fwp%2Fv2%2Fmedia&parent=599"}],"curies":[{"name":"wp","href":"https:\/\/api.w.org\/{rel}","templated":true}]}}