{"id":625,"date":"2017-04-17T12:19:34","date_gmt":"2017-04-17T10:19:34","guid":{"rendered":"https:\/\/forseth.se\/idet\/?page_id=625"},"modified":"2017-04-17T12:19:34","modified_gmt":"2017-04-17T10:19:34","slug":"fallna-flickor","status":"publish","type":"page","link":"https:\/\/forseth.se\/?page_id=625","title":{"rendered":"Fallna flickor"},"content":{"rendered":"<p style=\"text-align: center;\"><span style=\"color: #800000;\">NOJOOM \u2013 gratistidning.com 2016-09-05<\/span><\/p>\n<p style=\"text-align: center;\">\n<p style=\"text-align: center;\"><span style=\"color: #800000;\"><a style=\"color: #800000;\" href=\"https:\/\/forseth.se\/idet\/wp-content\/uploads\/2017\/04\/Nojoom.jpeg\"><img loading=\"lazy\" decoding=\"async\" class=\"aligncenter size-full wp-image-626\" src=\"https:\/\/forseth.se\/idet\/wp-content\/uploads\/2017\/04\/Nojoom.jpeg\" alt=\"\" width=\"1000\" height=\"500\" srcset=\"https:\/\/forseth.se\/wp-content\/uploads\/2017\/04\/Nojoom.jpeg 1000w, https:\/\/forseth.se\/wp-content\/uploads\/2017\/04\/Nojoom-300x150.jpeg 300w, https:\/\/forseth.se\/wp-content\/uploads\/2017\/04\/Nojoom-768x384.jpeg 768w\" sizes=\"auto, (max-width: 767px) 89vw, (max-width: 1000px) 54vw, (max-width: 1071px) 543px, 580px\" \/><\/a><\/span><\/p>\n<p style=\"text-align: center;\"><span style=\"color: #800000;\"><\/p>\n<style type=\"text\/css\">\n\t<!--\n\t\t@page { margin: 2cm }\n\t\tP { margin-bottom: 0.21cm }\n\t-->\n\t<\/style>\n<p><\/span><\/p>\n<p lang=\"sv-SE\" align=\"CENTER\"><span style=\"color: #800000;\"><span style=\"font-family: Gotham-Bold;\"><span style=\"font-size: 300%;\"><b>Fallna flickor<\/b><\/span><\/span><\/span><\/p>\n<p lang=\"sv-SE\" align=\"CENTER\"><span style=\"color: #800000;\"><span style=\"font-family: Gotham-BoldItalic,cursive;\"><span style=\"font-size: large;\"><i><b>FLICKAN: God morgon, herr domare!<\/b><\/i><\/span><\/span><\/span><\/p>\n<p lang=\"sv-SE\" align=\"CENTER\"><span style=\"color: #800000;\"><span style=\"font-family: Gotham-BoldItalic,cursive;\"><span style=\"font-size: large;\"><i><b>TINGSDOMAREN: God morgon, lilla v\u00e4n\u2026 Vem \u00e4r du?<\/b><\/i><\/span><\/span><\/span><\/p>\n<p lang=\"sv-SE\" align=\"CENTER\"><span style=\"color: #800000;\"><span style=\"font-family: Gotham-BoldItalic,cursive;\"><span style=\"font-size: large;\"><i><b>FLICKAN: Jag heter Nojoom och \u00e4r tio \u00e5r, herr domare.<\/b><\/i><\/span><\/span><\/span><\/p>\n<p lang=\"sv-SE\" align=\"CENTER\"><span style=\"color: #800000;\"><span style=\"font-family: Gotham-BoldItalic,cursive;\"><span style=\"font-size: large;\"><i><b>TINGSDOMAREN: Och vad kan en s\u00e5dan liten flicka vilja?<\/b><\/i><\/span><\/span><\/span><\/p>\n<p lang=\"sv-SE\" align=\"CENTER\"><span style=\"color: #800000;\"><span style=\"font-family: Gotham-BoldItalic,cursive;\"><span style=\"font-size: large;\"><i><b>FLICKAN: Jag vill ans\u00f6ka om skilsm\u00e4ssa. <\/b><\/i><\/span><\/span><\/span><\/p>\n<p lang=\"sv-SE\" align=\"LEFT\"><span style=\"color: #800000;\"><span style=\"font-family: Georgia,serif;\"><span style=\"font-size: large;\">Kanske gick inte samtalet till precis p\u00e5 det viset, men huvuddragen st\u00e4mmer. En tio\u00e5rig flicka s\u00f6kte verkligen upp en r\u00e4ttstj\u00e4nare f\u00f6r att beg\u00e4ra skilsm\u00e4ssa, vilket skildras i en bok fr\u00e5n 2009.<\/span><\/span><\/span><\/p>\n<p lang=\"sv-SE\" align=\"LEFT\"><span style=\"color: #800000;\"><span style=\"font-family: Georgia,serif;\"><span style=\"font-size: large;\">Men, undrar ni, var i all v\u00e4rlden skedde detta? Och <span style=\"font-family: Georgia-Italic,cursive;\"><i>n\u00e4r,<\/i><\/span> f\u00f6r gl\u00f6dheta h-e? \u2013 P\u00e5 medeltiden?<\/span><\/span><\/span><\/p>\n<p lang=\"sv-SE\" align=\"LEFT\"><span style=\"color: #800000;\"><span style=\"font-family: Georgia,serif;\"><span style=\"font-size: large;\">Nej, det var i v\u00e5ra dagar. Tingsr\u00e4tten l\u00e5g i Sana, som \u00e4r huvudstad i Jemen. Och h\u00e4ndelsen slutade inte med att domaren avf\u00e4rdade flickebarnet, ty denna unga dam visste vad hon ville. Hur det gick ska inte avsl\u00f6jas h\u00e4r, men uppslag till en bok blev det \u2013 och till en film.<\/span><\/span><\/span><\/p>\n<p lang=\"sv-SE\" align=\"LEFT\"><span style=\"color: #800000;\"><span style=\"font-family: Georgia,serif;\"><span style=\"font-size: large;\">Ty en annan liten flicka, som gifts bort vid elva \u00e5rs \u00e5lder, tog sig ur sin situation och fick vid sexton \u00e5rs \u00e5lder ett stipendium, med vilket hon tog sig till en filmskola i USA. Titlarna p\u00e5 dokument\u00e4rer hon gjort antyder, vad hon anser beh\u00f6ver ber\u00e4ttas (jag har grovt \u00f6versatt dem fr\u00e5n franska och engelska):<\/span><\/span><\/span><\/p>\n<p lang=\"sv-SE\" style=\"padding-left: 30px;\" align=\"LEFT\"><span style=\"color: #800000;\"><span style=\"font-family: Georgia,serif;\"><span style=\"font-size: large;\"><span style=\"font-family: Georgia-Italic,cursive;\"><i>Kvinnorna och demokratin i Jemen<\/i><\/span> (2003)<\/span><\/span><\/span><\/p>\n<p lang=\"sv-SE\" style=\"padding-left: 30px;\" align=\"LEFT\"><span style=\"color: #800000;\"><span style=\"font-family: Georgia,serif;\"><span style=\"font-size: large;\"><span style=\"font-family: Georgia-Italic,cursive;\"><i>Fr\u00e4mling i sin stad <\/i><\/span>(2005)<\/span><\/span><\/span><\/p>\n<p lang=\"sv-SE\" style=\"padding-left: 30px;\" align=\"LEFT\"><span style=\"color: #800000;\"><span style=\"font-family: Georgia,serif;\"><span style=\"font-size: large;\"><span style=\"font-family: Georgia-Italic,cursive;\"><i>Amina<\/i><\/span> (2006, Amina \u00e4r ett arabiskt kvinnonamn)<\/span><\/span><\/span><\/p>\n<p lang=\"sv-SE\" style=\"padding-left: 30px;\" align=\"LEFT\"><span style=\"color: #800000;\"><span style=\"font-family: Georgia,serif;\"><span style=\"font-size: large;\"><span style=\"font-family: Georgia-Italic,cursive;\"><i>Al Sarkha<\/i><\/span> (2012, Al Sarkha \u00e4r en by i Syrien)<\/span><\/span><\/span><\/p>\n<p lang=\"sv-SE\" style=\"padding-left: 30px;\" align=\"LEFT\"><span style=\"color: #800000;\"><span style=\"font-family: Georgia,serif;\"><span style=\"font-size: large;\"><span style=\"font-family: Georgia-Italic,cursive;\"><i>Att d\u00f6da henne ger biljett till paradiset<\/i><\/span> (2013)<\/span><\/span><\/span><\/p>\n<p lang=\"sv-SE\" align=\"LEFT\"><span style=\"color: #800000;\"><span style=\"font-family: Georgia,serif;\"><span style=\"font-size: large;\">Och s\u00e5 tog hon steget till spelfilm. Som Jemens f\u00f6rsta kvinnliga regiss\u00f6r spelade hon 2014 in <span style=\"font-family: Georgia-Italic,cursive;\"><i>Nojoom<\/i><\/span> om tio\u00e5ringen som vill ha skilsm\u00e4ssa. Och bara n\u00e5gra veckor d\u00e4refter br\u00f6t det fruktansv\u00e4rda krig ut, som just nu \u00e4r ett gl\u00f6dhett helvete i Jemen.<\/span><\/span><\/span><\/p>\n<p lang=\"sv-SE\" align=\"LEFT\"><span style=\"color: #800000;\"><span style=\"font-family: Georgia,serif;\"><span style=\"font-size: large;\">N\u00e4r undertecknad gick i skolan, f\u00f6rekom det att n\u00e5gon elev fick slippa skolplikten i f\u00f6rtid f\u00f6r att hon blivit gravid. Flickor i s\u00e5dana situationer kallades \u201dfallna\u201d. De inblandade pojkarna borde v\u00e4l ocks\u00e5 kallas fallna, med tanke p\u00e5 att de ofta var l\u00e4ngre, s\u00e5 att fallet varit st\u00f6rre. Men nej, ordet \u201dfallen\u201d hade i detta sammanhang en grammatiskt feminin pr\u00e4gling. Dock brukade flickan och barnafadern mer eller mindre tvingas gifta sig, vilket ocks\u00e5 kr\u00e4vde dispens fr\u00e5n lagen. Det var skam och tandagnisslan i v\u00e5rt kristna folkhem.<\/span><\/span><\/span><\/p>\n<p lang=\"sv-SE\" align=\"LEFT\"><span style=\"color: #800000;\"><span style=\"font-family: Georgia,serif;\"><span style=\"font-size: large;\">I det nu s\u00e5 framg\u00e5ngsrika EU-landet Irland kunde vid samma tid den havande av familjen s\u00e4ttas i kloster f\u00f6r att f\u00f6r alltid gl\u00f6mmas. Barnafadern d\u00e4remot fick bara en uppstr\u00e4ckning. Filmstudion visade f\u00f6r n\u00e5gra \u00e5r sedan <span style=\"font-family: Georgia-Italic,cursive;\"><i>Magdalenasystrarna<\/i><\/span> fr\u00e5n 2002, som handlade om fyra fallna flickors \u00f6den. \u00c5r 1964 v\u00e5ldtogs en av dem av en kusin och blev med barn. Barnet togs ifr\u00e5n henne p\u00e5 BB och hon sattes i kloster, grabben h\u00e4nde inget. En andra flicka sattes i kloster f\u00f6r att hon ans\u00e5gs f\u00f6r vacker och f\u00f6r koketterande. En tredje f\u00f6r att hon hade barn utom \u00e4ktenskapet och en fj\u00e4rde f\u00f6r att hon var utvecklingsh\u00e4mmad med barn.<\/span><\/span><\/span><\/p>\n<p lang=\"sv-SE\" align=\"LEFT\"><span style=\"color: #800000;\"><span style=\"font-family: Georgia,serif;\"><span style=\"font-size: large;\">S\u00e5 kallade <span style=\"font-family: Georgia-Italic,cursive;\"><i>Magdalenahem<\/i><\/span> f\u00f6r fallna kvinnor fanns \u00e4ven i Sverige in p\u00e5 1900-talet. Kloster eller f\u00e5ngl\u00e4ger var de dock inte som i Irland, d\u00e4r detta system fanns kvar till 1996. S\u00e5 l\u00e5ngt om v\u00e5rt kristna Europa.<\/span><\/span><\/span><\/p>\n<p lang=\"sv-SE\" align=\"LEFT\"><span style=\"color: #800000;\"><span style=\"font-family: Georgia,serif;\"><span style=\"font-size: large;\">Att kalla ena k\u00f6net f\u00f6r fallet och ge frikort \u00e5t det andra skulle kunna kallas medeltida, men det vore att f\u00f6renkla. Dock man kan med fog peka ut kyrkoinstitutionerna bakom de tre stora v\u00e4stasiatiska religionerna judendom, kristendom och islam f\u00f6r att ligga bakom denna h\u00e5llning, som ytterst kan f\u00f6rklaras med jordbrukets och boskapssk\u00f6tselns samh\u00e4lle, d\u00e4r \u00e4gande av mark och hjord blivit kulturens infrastruktur. D\u00e5 var det n\u00e4mligen viktigt vem som \u00e4gde och \u00e4rvde. \u00c4ktenskapsband var helt avg\u00f6rande. Det fick ju inte dyka upp ok\u00e4nda barn, som kunde g\u00f6ra anspr\u00e5k p\u00e5 \u00e4gande.<\/span><\/span><\/span><\/p>\n<p lang=\"sv-SE\" align=\"LEFT\"><span style=\"color: #800000;\"><span style=\"font-family: Georgia,serif;\"><span style=\"font-size: large;\">S\u00e5dant var fullkomligt obegripligt f\u00f6r det ursprungliga samh\u00e4llet, samlar- och j\u00e4garsamh\u00e4llet, d\u00e4r ett folk hade ett landomr\u00e5de inom vilket det plockade f\u00f6da ur v\u00e4xtriket och jagade i djurriket. Varken v\u00e4xter eller djur var odlade och kunde lika lite som marken och luften \u00e4gas. Det tror fan det, att Nordmerikas indianer inte passade in i europ\u00e9ernas planer p\u00e5 markanv\u00e4ndning, och barn till vita och indianer <span style=\"font-family: Georgia-Italic,cursive;\"><i>(mestiser) <\/i><\/span>s\u00e5gs \u00e4nda in i v\u00e5r tid ner p\u00e5 i Kanada. De var faktiskt p\u00e5 sitt s\u00e4tt \u00e4ttlingar till \u201dfallna\u201d. Just h\u00e4r kanske vi kan s\u00e4ga fallna kvinnor <span style=\"font-family: Georgia-Bold;\"><b>och<\/b><\/span> m\u00e4n.<\/span><\/span><\/span><\/p>\n<p lang=\"sv-SE\" align=\"LEFT\"><span style=\"color: #800000;\"><span style=\"font-family: Georgia,serif;\"><span style=\"font-size: large;\">Men vad heter d\u00e5 Nojooms regiss\u00f6r, kvinnan som br\u00f6t sig ut? Jo \u2013 <span style=\"font-family: Georgia-Italic,cursive;\"><i>Khadija Al-Salami.<\/i><\/span> L\u00e4gg namnet p\u00e5 minnet, sedan ni sett den prisbel\u00f6nta filmen nu p\u00e5 torsdag.<\/span><\/span><\/span><\/p>\n<p align=\"RIGHT\"><span style=\"font-family: NewCenturySchlbkLTStd-It,serif; color: #800000;\"><span style=\"font-size: medium;\"><span lang=\"sv-SE\"><i>En id\u00e9 i idet av Bj\u00f6rn Forseth<\/i><\/span><\/span><\/span><\/p>\n<p align=\"RIGHT\">\n<p style=\"text-align: center;\" align=\"RIGHT\"><a href=\"..\/idet\">\u00c5ter<\/a><\/p>\n","protected":false},"excerpt":{"rendered":"<p>NOJOOM \u2013 gratistidning.com 2016-09-05 Fallna flickor FLICKAN: God morgon, herr domare! TINGSDOMAREN: God morgon, lilla v\u00e4n\u2026 Vem \u00e4r du? FLICKAN: Jag heter Nojoom och \u00e4r tio \u00e5r, herr domare. TINGSDOMAREN: Och vad kan en s\u00e5dan liten flicka vilja? FLICKAN: Jag vill ans\u00f6ka om skilsm\u00e4ssa. Kanske gick inte samtalet till precis p\u00e5 det viset, men huvuddragen &hellip; <\/p>\n<p class=\"link-more\"><a href=\"https:\/\/forseth.se\/?page_id=625\" class=\"more-link\">Forts\u00e4tt l\u00e4sa<span class=\"screen-reader-text\"> \u201dFallna flickor\u201d<\/span><\/a><\/p>\n","protected":false},"author":1,"featured_media":0,"parent":0,"menu_order":73,"comment_status":"closed","ping_status":"closed","template":"","meta":{"footnotes":""},"class_list":["post-625","page","type-page","status-publish","hentry"],"_links":{"self":[{"href":"https:\/\/forseth.se\/index.php?rest_route=\/wp\/v2\/pages\/625","targetHints":{"allow":["GET"]}}],"collection":[{"href":"https:\/\/forseth.se\/index.php?rest_route=\/wp\/v2\/pages"}],"about":[{"href":"https:\/\/forseth.se\/index.php?rest_route=\/wp\/v2\/types\/page"}],"author":[{"embeddable":true,"href":"https:\/\/forseth.se\/index.php?rest_route=\/wp\/v2\/users\/1"}],"replies":[{"embeddable":true,"href":"https:\/\/forseth.se\/index.php?rest_route=%2Fwp%2Fv2%2Fcomments&post=625"}],"version-history":[{"count":1,"href":"https:\/\/forseth.se\/index.php?rest_route=\/wp\/v2\/pages\/625\/revisions"}],"predecessor-version":[{"id":627,"href":"https:\/\/forseth.se\/index.php?rest_route=\/wp\/v2\/pages\/625\/revisions\/627"}],"wp:attachment":[{"href":"https:\/\/forseth.se\/index.php?rest_route=%2Fwp%2Fv2%2Fmedia&parent=625"}],"curies":[{"name":"wp","href":"https:\/\/api.w.org\/{rel}","templated":true}]}}