{"id":631,"date":"2017-04-17T12:31:11","date_gmt":"2017-04-17T10:31:11","guid":{"rendered":"https:\/\/forseth.se\/idet\/?page_id=631"},"modified":"2017-04-17T12:31:11","modified_gmt":"2017-04-17T10:31:11","slug":"den-tyste-hardingen","status":"publish","type":"page","link":"https:\/\/forseth.se\/?page_id=631","title":{"rendered":"Den tyste h\u00e5rdingen"},"content":{"rendered":"<p style=\"text-align: center;\"><span style=\"color: #800000;\">L\u00c9ON \u2013 gratistidning.com 2016-09-09<\/span><\/p>\n<p style=\"text-align: center;\">\n<p style=\"text-align: center;\"><span style=\"color: #800000;\"><a style=\"color: #800000;\" href=\"https:\/\/forseth.se\/idet\/wp-content\/uploads\/2017\/04\/Leon.jpg\"><img loading=\"lazy\" decoding=\"async\" class=\"aligncenter size-full wp-image-632\" src=\"https:\/\/forseth.se\/idet\/wp-content\/uploads\/2017\/04\/Leon.jpg\" alt=\"\" width=\"1000\" height=\"731\" srcset=\"https:\/\/forseth.se\/wp-content\/uploads\/2017\/04\/Leon.jpg 1000w, https:\/\/forseth.se\/wp-content\/uploads\/2017\/04\/Leon-300x219.jpg 300w, https:\/\/forseth.se\/wp-content\/uploads\/2017\/04\/Leon-768x561.jpg 768w\" sizes=\"auto, (max-width: 767px) 89vw, (max-width: 1000px) 54vw, (max-width: 1071px) 543px, 580px\" \/><\/a><\/span><\/p>\n<p style=\"text-align: center;\"><span style=\"color: #800000;\"><\/p>\n<style type=\"text\/css\">\n\t<!--\n\t\t@page { margin: 2cm }\n\t\tP { margin-bottom: 0.21cm }\n\t-->\n\t<\/style>\n<p><\/span><\/p>\n<p lang=\"sv-SE\" align=\"CENTER\"><span style=\"color: #800000;\"><span style=\"font-family: Gotham-Bold;\"><span style=\"font-size: 300%;\"><b>Den tyste h\u00e5rdingen<\/b><\/span><\/span><\/span><\/p>\n<p lang=\"sv-SE\" align=\"CENTER\"><span style=\"color: #800000;\"><span style=\"font-family: Gotham-BoldItalic,cursive;\"><span style=\"font-size: large;\"><i><b>Har du full koll p\u00e5 din granne? \u00c4r du helt s\u00e4ker p\u00e5, att den sn\u00e4lle farbrorn p\u00e5 andra v\u00e5ningen inte i sj\u00e4lva verket \u00e4r en kallhamrad yrkesm\u00f6rdare?<\/b><\/i><\/span><\/span><\/span><\/p>\n<p lang=\"sv-SE\" align=\"LEFT\"><span style=\"color: #800000;\"><span style=\"font-family: Georgia,serif;\"><span style=\"font-size: large;\">S\u00e5 t\u00e4nker bara den, som spelar f\u00f6r m\u00e5nga dataspel eller g\u00e5r f\u00f6r mycket p\u00e5 bio. Som undertecknad. Men jag vet \u00e4ven andra, som kan hysa misstankar. En granne jag f\u00f6rr hade tryckte en g\u00e5ng upp mig mot v\u00e4ggen inne i hissen, n\u00e4r den var p\u00e5 v\u00e4g. Hon fr\u00e5gade mig anklagande, om jag jobbade f\u00f6r CIA. Det f\u00f6rnekade jag, men om jag vore som hon skulle jag ta nekandet som en misst\u00e4nkt bekr\u00e4ftelse. Inte kan man ju svara ja p\u00e5 en s\u00e5dan fr\u00e5ga.<\/span><\/span><\/span><\/p>\n<p lang=\"sv-SE\" align=\"LEFT\"><span style=\"color: #800000;\"><span style=\"font-family: Georgia,serif;\"><span style=\"font-size: large;\">\u00c4nnu tidigare, n\u00e4r man s\u00e5lde Vietnam-bulletinen utanf\u00f6r Systemet, kunde folk ropa \u00bbStick hem till Ryssland!\u00ab. D\u00e5 var man KGB-agent. S\u00e5 p\u00e5 l\u00e5ng sikt har det liksom j\u00e4mnat ut sig, om man s\u00e4ger s\u00e5.<\/span><\/span><\/span><\/p>\n<p lang=\"sv-SE\" align=\"LEFT\"><span style=\"color: #800000;\"><span style=\"font-family: Georgia,serif;\"><span style=\"font-size: large;\">Nog f\u00f6r att CIA och KGB gjort sig k\u00e4nda f\u00f6r \u00bbutomr\u00e4ttsliga avr\u00e4ttningar\u00ab, men deras grej \u00e4r nog mer vanligt spioneri och polisarbete \u00e4r nog mer typiskt f\u00f6r dem. S\u00e5 kallade yrkesm\u00f6rdare ska v\u00e4l vara frilansare, inte statstj\u00e4nstem\u00e4n. Och i litteratur och film finns de. Kanske i s\u00e5 stor m\u00e4ngd, att deckarl\u00e4saren riskerar att se sp\u00f6ken p\u00e5 ljusan dag.<\/span><\/span><\/span><\/p>\n<p lang=\"sv-SE\" align=\"LEFT\"><span style=\"color: #800000;\"><span style=\"font-family: Georgia,serif;\"><span style=\"font-size: large;\">En del f\u00f6rfattare och regiss\u00f6rer har pippi p\u00e5 den genren. Fransmannen <span style=\"font-family: Georgia-Italic,cursive;\"><i>Luc Besson<\/i><\/span> \u00e4r en av dem. M\u00e5nne han m\u00f6tt n\u00e5gon yrkesm\u00f6rdare \u00f6ga mot \u00f6ga? I alla fall slog han igenom med en riktigt h\u00e5rdkokt film: <span style=\"font-family: Georgia-Italic,cursive;\"><i>Den sista striden<\/i><\/span> (1983). Den var lika h\u00e5rdkokt som ett h\u00e5rdkokt \u00e4gg, s\u00e5 den beh\u00f6vde inte ens textas p\u00e5 svenska. Handlingen g\u00e4llde en dyster framtid efter det globala k\u00e4rnvapenkriget, vars str\u00e5lning s\u00e5 gott som utrotat kvinnorna och skadat m\u00e4nniskan talorgan. I den v\u00e4rlden spelar den reslige <span style=\"font-family: Georgia-Italic,cursive;\"><i>Jean Reno<\/i><\/span> inte en yrkesm\u00f6rdare \u2013 yrken finns inte i den nya v\u00e4rlden \u2013 utan en karl som sl\u00e5ss p\u00e5 liv och d\u00f6d med vem som helst f\u00f6r revir d\u00e4r det finns mat och husrum. Reno blev genom den filmen sinnebilden f\u00f6r den tyste h\u00e5rdingen. Och det \u00e4r v\u00e4l klart, m\u00e4nniskorna kunde inte tala. \u00d6vers\u00e4ttningen blev billig.<\/span><\/span><\/span><\/p>\n<p lang=\"sv-SE\" align=\"LEFT\"><span style=\"color: #800000;\"><span style=\"font-family: Georgia,serif;\"><span style=\"font-size: large;\">Reno kom att bli Bessons manlige favoritsk\u00e5despelare och var fram till den film jag strax ska ber\u00e4tta om med i alla Bessons filmer i stora eller sm\u00e5 roller, bland annat i <span style=\"font-family: Georgia-Italic,cursive;\"><i>Nikita<\/i><\/span> (1990), som st\u00e4mmer in p\u00e5 temat yrkesm\u00f6rdare. Fast i den filmen \u00e4r det en kvinna, som \u00e4r ett slags statsanst\u00e4lld m\u00f6rdare. I huvudrollen kom Jean Reno 1994 igen, och d\u00e5 uttryckligen som yrkesm\u00f6rdare i den amerikanska filmen <span style=\"font-family: Georgia-Italic,cursive;\"><i>L\u00e9on.<\/i><\/span><\/span><\/span><\/span><\/p>\n<p lang=\"sv-SE\" align=\"LEFT\"><span style=\"color: #800000;\"><span style=\"font-family: Georgia,serif;\"><span style=\"font-size: large;\">Hollywood \u00e4r urbra p\u00e5 att v\u00e4rva beg\u00e5vningar, men i L\u00e9on har fransm\u00e4nnen bakom och framf\u00f6r kameran \u00e4nnu inte blivit utsl\u00e4tade. Det \u00e4r en tydlig Bessonfilm med \u00e4nnu en stenh\u00e5rd Reno, fast filmen \u00e4r p\u00e5 engelska och utspelas i New York. Det blev sedan s\u00e5, att man kom att blanda ihop namnen: L\u00e9on Reno, Jean L\u00e9on eller hur det nu var\u2026<\/span><\/span><\/span><\/p>\n<p lang=\"sv-SE\" align=\"LEFT\"><span style=\"color: #800000;\"><span style=\"font-family: Georgia,serif;\"><span style=\"font-size: large;\">H\u00e4r kommer farbrorn i trappen in. En farbror som aldrig talar med sina grannar och kanske till och med \u00e4r lite utvecklingsst\u00f6rd. Men det finns anledning till hans inst\u00e4ngdhet. L\u00e9on \u00e4r ett levande vapen, som bara apteras n\u00e4r det\/han f\u00e5r ett uppdrag.<\/span><\/span><\/span><\/p>\n<p lang=\"sv-SE\" align=\"LEFT\"><span style=\"color: #800000;\"><span style=\"font-family: Georgia,serif;\"><span style=\"font-size: large;\">Men s\u00e5 kommer ett tolv\u00e5rigt barn in i bilden, och Luc Besson och Jean Reno tar ett dramaturgiskt grepp om \u00e5sk\u00e5daren. Barnet \u00e4r i sig n\u00e5got att f\u00e4sta blicken vid, ty det \u00e4r ingen annan \u00e4n <span style=\"font-family: Georgia-Italic,cursive;\"><i>Nathalie Portman,<\/i><\/span> som h\u00e4r gjorde sin debut (som sk\u00e5despelerska, menar jag). Hon har sedan blivit v\u00e5r tids <span style=\"font-family: Georgia-Italic,cursive;\"><i>Audrey Hepburn,<\/i><\/span> tycker jag (om n\u00e5gon f\u00f6rst\u00e5r vad jag menar).<\/span><\/span><\/span><\/p>\n<p lang=\"sv-SE\" align=\"LEFT\"><span style=\"color: #800000;\"><span style=\"font-family: Georgia,serif;\"><span style=\"font-size: large;\">P\u00e5 torsdag ses L\u00e9on p\u00e5 folkh\u00f6gskolan. Men l\u00e5t nu inte denna kr\u00f6nika f\u00e5 er att b\u00f6rja misst\u00e4nka alla tystl\u00e5tna grannar, f\u00f6r allt i v\u00e4rlden! De flesta g\u00f6r inte en fluga f\u00f6rn\u00e4r. Tror jag best\u00e4mt.<\/span><\/span><\/span><\/p>\n<p align=\"RIGHT\"><span style=\"font-family: NewCenturySchlbkLTStd-It,serif; color: #800000;\"><span style=\"font-size: medium;\"><span lang=\"sv-SE\"><i>En id\u00e9 i idet av Bj\u00f6rn Forseth<\/i><\/span><\/span><\/span><\/p>\n<p align=\"RIGHT\">\n<p style=\"text-align: center;\" align=\"RIGHT\"><a href=\"..\/idet\">\u00c5ter<\/a><\/p>\n","protected":false},"excerpt":{"rendered":"<p>L\u00c9ON \u2013 gratistidning.com 2016-09-09 Den tyste h\u00e5rdingen Har du full koll p\u00e5 din granne? \u00c4r du helt s\u00e4ker p\u00e5, att den sn\u00e4lle farbrorn p\u00e5 andra v\u00e5ningen inte i sj\u00e4lva verket \u00e4r en kallhamrad yrkesm\u00f6rdare? S\u00e5 t\u00e4nker bara den, som spelar f\u00f6r m\u00e5nga dataspel eller g\u00e5r f\u00f6r mycket p\u00e5 bio. Som undertecknad. Men jag vet \u00e4ven &hellip; <\/p>\n<p class=\"link-more\"><a href=\"https:\/\/forseth.se\/?page_id=631\" class=\"more-link\">Forts\u00e4tt l\u00e4sa<span class=\"screen-reader-text\"> \u201dDen tyste h\u00e5rdingen\u201d<\/span><\/a><\/p>\n","protected":false},"author":1,"featured_media":0,"parent":0,"menu_order":75,"comment_status":"closed","ping_status":"closed","template":"","meta":{"footnotes":""},"class_list":["post-631","page","type-page","status-publish","hentry"],"_links":{"self":[{"href":"https:\/\/forseth.se\/index.php?rest_route=\/wp\/v2\/pages\/631","targetHints":{"allow":["GET"]}}],"collection":[{"href":"https:\/\/forseth.se\/index.php?rest_route=\/wp\/v2\/pages"}],"about":[{"href":"https:\/\/forseth.se\/index.php?rest_route=\/wp\/v2\/types\/page"}],"author":[{"embeddable":true,"href":"https:\/\/forseth.se\/index.php?rest_route=\/wp\/v2\/users\/1"}],"replies":[{"embeddable":true,"href":"https:\/\/forseth.se\/index.php?rest_route=%2Fwp%2Fv2%2Fcomments&post=631"}],"version-history":[{"count":1,"href":"https:\/\/forseth.se\/index.php?rest_route=\/wp\/v2\/pages\/631\/revisions"}],"predecessor-version":[{"id":633,"href":"https:\/\/forseth.se\/index.php?rest_route=\/wp\/v2\/pages\/631\/revisions\/633"}],"wp:attachment":[{"href":"https:\/\/forseth.se\/index.php?rest_route=%2Fwp%2Fv2%2Fmedia&parent=631"}],"curies":[{"name":"wp","href":"https:\/\/api.w.org\/{rel}","templated":true}]}}