{"id":638,"date":"2017-04-21T16:10:27","date_gmt":"2017-04-21T14:10:27","guid":{"rendered":"https:\/\/forseth.se\/idet\/?page_id=638"},"modified":"2017-04-21T16:10:27","modified_gmt":"2017-04-21T14:10:27","slug":"det-som-doljs-i-sand-dyker-upp-ibland","status":"publish","type":"page","link":"https:\/\/forseth.se\/?page_id=638","title":{"rendered":"Det som d\u00f6ljs i sand dyker upp ibland"},"content":{"rendered":"<p style=\"text-align: center;\"><span style=\"color: #800000;\">UNDER SANDEN \u2013 gratistidning.com 2016-10-03<\/span><\/p>\n<p style=\"text-align: center;\">\n<p style=\"text-align: center;\"><span style=\"color: #800000;\"><a style=\"color: #800000;\" href=\"https:\/\/forseth.se\/idet\/wp-content\/uploads\/2017\/04\/Under-sanden.jpg\"><img loading=\"lazy\" decoding=\"async\" class=\"aligncenter size-full wp-image-639\" src=\"https:\/\/forseth.se\/idet\/wp-content\/uploads\/2017\/04\/Under-sanden.jpg\" alt=\"\" width=\"1000\" height=\"563\" srcset=\"https:\/\/forseth.se\/wp-content\/uploads\/2017\/04\/Under-sanden.jpg 1000w, https:\/\/forseth.se\/wp-content\/uploads\/2017\/04\/Under-sanden-300x169.jpg 300w, https:\/\/forseth.se\/wp-content\/uploads\/2017\/04\/Under-sanden-768x432.jpg 768w\" sizes=\"auto, (max-width: 767px) 89vw, (max-width: 1000px) 54vw, (max-width: 1071px) 543px, 580px\" \/><\/a><\/span><\/p>\n<p style=\"text-align: center;\"><span style=\"color: #800000;\"><\/p>\n<style type=\"text\/css\">\n\t<!--\n\t\t@page { margin: 2cm }\n\t\tP { margin-bottom: 0.21cm }\n\t\tP.indraget-stycke { margin-left: 0.28cm; font-family: \"Gotham-Bold\"; font-weight: bold }\n\t-->\n\t<\/style>\n<p><\/span><\/p>\n<p lang=\"sv-SE\" align=\"CENTER\"><span style=\"color: #800000; font-size: 300%;\"><span style=\"font-family: Gotham-Bold;\"><b>Det som d\u00f6ljs i sand dyker upp ibland<\/b><\/span><\/span><\/p>\n<p lang=\"sv-SE\" align=\"CENTER\"><span style=\"color: #800000; font-size: large;\"><span style=\"font-family: Gotham-BoldItalic,cursive;\"><i><b>En bil som k\u00f6r p\u00e5 en mina kan slungas femton meter upp i luften. S\u00e5dana mackap\u00e4rer vill vi inte ha i terr\u00e4ngen, n\u00e4r vi ska ut och fiska.<\/b><\/i><\/span><\/span><\/p>\n<p lang=\"sv-SE\" align=\"LEFT\"><span style=\"color: #800000; font-size: large;\"><span style=\"font-family: Georgia,sans-serif;\">Barn hittar minor och vill i tron att de \u00e4r leksaker ta upp och leka med dem. Sedan d\u00f6r eller leml\u00e4stas barnen. S\u00e5dant h\u00f6r vi om titt som t\u00e4tt fr\u00e5n fr\u00e4mmande land. Vem har d\u00e5 lagt ut dessa minor? Dessa m\u00e4nniskor m\u00e5ste vara ondskefulla.<\/span><\/span><\/p>\n<p lang=\"sv-SE\" align=\"LEFT\"><span style=\"color: #800000; font-size: large;\"><span style=\"font-family: Georgia,sans-serif;\">Nja, f\u00f6r att till exempel f\u00f6rdr\u00f6ja en fientlig styrkas framryckning l\u00e4gger man ut minor. De v\u00e4gar fienden f\u00f6rv\u00e4ntas ta perforeras med minor och \u00e4ven terr\u00e4ngen n\u00e4rmast intill, ifall fienden skulle ana or\u00e5d. Minorna gr\u00e4vs ned och d\u00f6ljs. Det \u00e4r element\u00e4rt. Hur man i detalj ska g\u00f6ra detta anges i reglementen och handb\u00f6cker s\u00e5som <i>F\u00e4ltarbR F<\/i> och <i>SoldF<\/i> <i>(F\u00e4ltarbetsreglemente f\u00f6r F\u00f6rsvarsmakten<\/i> och <i>Soldaten i f\u00e4lt).<\/i> F\u00f6rfattarna bakom s\u00e5dana publikationer \u00e4r inte mer ondskefulla \u00e4n du och jag. Varje soldat vet, att minorna ska hejda fientlig trupp eller fordon, inte barn. och det fungerar, f\u00f6rst\u00e5s: fiendens framryckning f\u00f6rdr\u00f6js.<\/span><\/span><\/p>\n<p class=\"indraget-stycke\" lang=\"sv-SE\" style=\"padding-left: 30px;\" align=\"LEFT\"><span style=\"color: #800000; font-size: large;\"><span style=\"font-family: Georgia,sans-serif;\"><b>Att d\u00e4remot g\u00f6ra minor i form av leksaker och urskillningsl\u00f6st sprida s\u00e5dana i terr\u00e4ngen \u2013 det \u00e4r d\u00e4remot i h\u00f6gsta grad ondskefullt.<\/b><\/span><\/span><\/p>\n<p lang=\"sv-SE\" align=\"LEFT\"><span style=\"color: #800000; font-size: large;\"><span style=\"font-family: Georgia,sans-serif;\">Men, s\u00e4ger uppr\u00f6rd medborgare, \u00e4ven aldrig s\u00e5 godhj\u00e4rtade minutl\u00e4ggares utlagda minor d\u00f6dar barn lika l\u00e4tt som de d\u00f6dar fiendesoldater. S\u00e5 sant s\u00e5, men ett svenskt milit\u00e4rt f\u00f6rband \u2013 eller vilken professionell styrka som helst under ansvarig ledning \u2013 l\u00e4gger inte ut minor p\u00e5 m\u00e5f\u00e5. De noterar varenda minas exakta placering i rutn\u00e4t p\u00e5 minkartor, s\u00e5 att de sj\u00e4lva inte g\u00e5r p\u00e5 minorna och s\u00e5 att de efter kriget kan komma tillbaka med sina d\u00e5 inte l\u00e4ngre hemliga minkartor och i lugn och ro r\u00f6ja minorna, b\u00e5de i hemlandet och p\u00e5 den gamla fiendesidans territorium. Detta har skett och sker efter \u00e5tskilliga av det senaste \u00e5rhundradets krig.<\/span><\/span><\/p>\n<p lang=\"sv-SE\" align=\"LEFT\"><span style=\"color: #800000; font-size: large;\"><span style=\"font-family: Georgia,sans-serif;\">Men s\u00e5 finns det mindre nogr\u00e4knade amat\u00f6rer och vettvillingar bland de stridande i en del krig, s\u00e5dana som bara vill panga p\u00e5 och inte fattar, att om man hanterar spr\u00e4ng\u00e4mnen m\u00e5ste man ocks\u00e5 ha bokh\u00e5llare.<\/span><\/span><\/p>\n<p lang=\"sv-SE\" align=\"LEFT\"><span style=\"color: #800000; font-size: large;\"><span style=\"font-family: Georgia,sans-serif;\">I det dramatiskt kuperade, skogiga och lockande vackra landet Bosnien och Hercegovina fanns det under 1990-talets inb\u00f6rdeskrig gott om galningar med trupp- och stridsvagnsminor i bagaget \u2013 men som saknade papper och penna. N\u00e4r undertecknad under ett \u00e5rs tid var d\u00e4r, steg vi aldrig ur terr\u00e4ngbilen f\u00f6r att sl\u00e5 en drill i skogen. Ett steg ut i Guds gr\u00f6na natur kunde bli ens sista, s\u00e5 vid behov kissade vi p\u00e5 v\u00e4gen. En g\u00e5ng p\u00e5 patrull hade jag med mig den regionala representanten f\u00f6r FNs flyktingorgan unhcr. Vi hade l\u00e4rt k\u00e4nna varandra v\u00e4l, och n\u00e4r hon beh\u00f6vde kissa, sa hon till och satte sig mitt p\u00e5 v\u00e4gen, medan jag och kollegan tittade bort.<\/span><\/span><\/p>\n<p lang=\"sv-SE\" align=\"LEFT\"><span style=\"color: #800000; font-size: large;\"><span style=\"font-family: Georgia,sans-serif;\">Det skulle vara asfalt eller betong, f\u00f6r att vi skulle k\u00e4nna oss s\u00e4kra. Men de boende i ett omr\u00e5de gick ofta frimodigt ute i terr\u00e4ngen, f\u00f6r de visste var strider hade varit och minor kunde t\u00e4nkas vara utlagda. \u00c4nd\u00e5 h\u00e4nde det att n\u00e5gon f\u00f6rlorade ett ben eller en arm ibland. S\u00e4rskilt utsatta var v\u00e4l de boskapssk\u00f6tande; om inte f\u00e5r eller getter utl\u00f6ste minor s\u00e5 gjorde herdarna det.<\/span><\/span><\/p>\n<p lang=\"sv-SE\" align=\"LEFT\"><span style=\"color: #800000; font-size: large;\"><span style=\"font-family: Georgia,sans-serif;\">Spr\u00e4ngmedel f\u00e5r en del vilsna ungdomar att dregla. De har antagligen sett f\u00f6r m\u00e5nga d\u00e5liga krigsfilmer. Spr\u00e4ng\u00e4mnen skildras alldeles f\u00f6r l\u00e4ttsinnigt p\u00e5 bio. I en f\u00e5nig hollywoodrulle skulle hj\u00e4lten fly med en dam i ena handen och en kpist i andra genom en korridor med ett f\u00f6nster l\u00e4ngst bort. Bovarna var dem i h\u00e4larna och kastade en handgranat efter dem. Hj\u00e4ltarna s\u00e5g handgranaten och la p\u00e5 ett kol l\u00e4ngs korridoren\u2026<\/span><\/span><\/p>\n<p lang=\"sv-SE\" align=\"LEFT\"><span style=\"color: #800000; font-size: large;\"><span style=\"font-family: Georgia,sans-serif;\">En svensk handgranat briserar 3,2 sekunder efter att man sl\u00e4ngt den. Man hinner l\u00e5ngt p\u00e5 den tiden, men n\u00e4r brisaden v\u00e4l kommer springer man inte ifr\u00e5n den. Splittret rusar fram med hastigheten hos en rymdraket \u2013 \u00e4nd\u00e5 sprang filmhj\u00e4ltarna ifr\u00e5n sm\u00e4llen och hoppade ut genom den st\u00e4ngda rutan. \u00c4r det d\u00e5 s\u00e5 konstigt, om man st\u00f6nar h\u00f6gt eller skrattar \u00e5t en s\u00e5dan film?<\/span><\/span><\/p>\n<p lang=\"sv-SE\" align=\"LEFT\"><span style=\"color: #800000; font-size: large;\"><span style=\"font-family: Georgia,sans-serif;\">Denna vecka skrattar vi inte \u00e5t den danska film, som handlar om de tv\u00e5 miljoner minor, som Hitlers Tyskland l\u00e4mnade efter sig i dansk jord vid fredsutbrottet i maj 1945. Minorna m\u00e5ste r\u00f6jas, och de r\u00e4tta att g\u00f6ra det var naturligtvis den avv\u00e4pnade tyska arm\u00e9n. Krigsf\u00e5ngar allts\u00e5. Men vid det laget hade den tyska arm\u00e9n tagit in sina sista reserver: skolpojkar. Och de danska f\u00e5ngvaktarna var inte n\u00e5diga, nu n\u00e4r de hade makten.<\/span><\/span><\/p>\n<p lang=\"sv-SE\"><span style=\"color: #800000; font-size: large;\"><span style=\"font-family: Georgia,sans-serif;\">P\u00e5 torsdag i Folkets hus, filmen heter <i>Under sanden<\/i> och gjordes ifjol av <i>Martin Zandvliet,<\/i> en regiss\u00f6r som inte gjort sig s\u00e5 k\u00e4nd \u00e4nnu men v\u00e4l kommer att bli det nu.<\/span><\/span><\/p>\n<p lang=\"sv-SE\" align=\"RIGHT\"><span style=\"color: #800000; font-size: medium;\"><span style=\"font-family: NewCenturySchlbkLTStd-It,serif;\"><i>En id\u00e9 i idet av Bj\u00f6rn Forseth<\/i><\/span><\/span><\/p>\n<p lang=\"sv-SE\" align=\"RIGHT\">\n<p lang=\"sv-SE\" align=\"RIGHT\">\n<p lang=\"sv-SE\" style=\"text-align: center;\" align=\"RIGHT\"><a href=\"..\/idet\">\u00c5ter<\/a><\/p>\n","protected":false},"excerpt":{"rendered":"<p>UNDER SANDEN \u2013 gratistidning.com 2016-10-03 Det som d\u00f6ljs i sand dyker upp ibland En bil som k\u00f6r p\u00e5 en mina kan slungas femton meter upp i luften. S\u00e5dana mackap\u00e4rer vill vi inte ha i terr\u00e4ngen, n\u00e4r vi ska ut och fiska. Barn hittar minor och vill i tron att de \u00e4r leksaker ta upp och &hellip; <\/p>\n<p class=\"link-more\"><a href=\"https:\/\/forseth.se\/?page_id=638\" class=\"more-link\">Forts\u00e4tt l\u00e4sa<span class=\"screen-reader-text\"> \u201dDet som d\u00f6ljs i sand dyker upp ibland\u201d<\/span><\/a><\/p>\n","protected":false},"author":1,"featured_media":0,"parent":0,"menu_order":77,"comment_status":"closed","ping_status":"closed","template":"","meta":{"footnotes":""},"class_list":["post-638","page","type-page","status-publish","hentry"],"_links":{"self":[{"href":"https:\/\/forseth.se\/index.php?rest_route=\/wp\/v2\/pages\/638","targetHints":{"allow":["GET"]}}],"collection":[{"href":"https:\/\/forseth.se\/index.php?rest_route=\/wp\/v2\/pages"}],"about":[{"href":"https:\/\/forseth.se\/index.php?rest_route=\/wp\/v2\/types\/page"}],"author":[{"embeddable":true,"href":"https:\/\/forseth.se\/index.php?rest_route=\/wp\/v2\/users\/1"}],"replies":[{"embeddable":true,"href":"https:\/\/forseth.se\/index.php?rest_route=%2Fwp%2Fv2%2Fcomments&post=638"}],"version-history":[{"count":1,"href":"https:\/\/forseth.se\/index.php?rest_route=\/wp\/v2\/pages\/638\/revisions"}],"predecessor-version":[{"id":640,"href":"https:\/\/forseth.se\/index.php?rest_route=\/wp\/v2\/pages\/638\/revisions\/640"}],"wp:attachment":[{"href":"https:\/\/forseth.se\/index.php?rest_route=%2Fwp%2Fv2%2Fmedia&parent=638"}],"curies":[{"name":"wp","href":"https:\/\/api.w.org\/{rel}","templated":true}]}}