{"id":641,"date":"2017-04-21T16:15:50","date_gmt":"2017-04-21T14:15:50","guid":{"rendered":"https:\/\/forseth.se\/idet\/?page_id=641"},"modified":"2017-04-21T16:15:50","modified_gmt":"2017-04-21T14:15:50","slug":"anglar-och-busar","status":"publish","type":"page","link":"https:\/\/forseth.se\/?page_id=641","title":{"rendered":"\u00c4nglar och busar"},"content":{"rendered":"<p style=\"text-align: center;\"><span style=\"color: #800000;\">ANGEL-A \u2013 gratistidning.com 2016-10-04<\/span><\/p>\n<p style=\"text-align: center;\">\n<p style=\"text-align: center;\"><span style=\"color: #800000;\"><a style=\"color: #800000;\" href=\"https:\/\/forseth.se\/idet\/wp-content\/uploads\/2017\/04\/Angel-A.jpg\"><img loading=\"lazy\" decoding=\"async\" class=\"aligncenter size-full wp-image-642\" src=\"https:\/\/forseth.se\/idet\/wp-content\/uploads\/2017\/04\/Angel-A.jpg\" alt=\"\" width=\"1000\" height=\"508\" srcset=\"https:\/\/forseth.se\/wp-content\/uploads\/2017\/04\/Angel-A.jpg 1000w, https:\/\/forseth.se\/wp-content\/uploads\/2017\/04\/Angel-A-300x152.jpg 300w, https:\/\/forseth.se\/wp-content\/uploads\/2017\/04\/Angel-A-768x390.jpg 768w\" sizes=\"auto, (max-width: 767px) 89vw, (max-width: 1000px) 54vw, (max-width: 1071px) 543px, 580px\" \/><\/a><\/span><\/p>\n<p style=\"text-align: center;\"><span style=\"color: #800000;\"><\/p>\n<style type=\"text\/css\">\n\t<!--\n\t\t@page { margin: 2cm }\n\t\tP { margin-bottom: 0.21cm }\n\t\tP.indraget-stycke { margin-left: 0.28cm; font-family: \"Gotham-Bold\"; font-weight: bold }\n\t-->\n\t<\/style>\n<p><\/span><\/p>\n<p lang=\"sv-SE\" align=\"CENTER\"><span style=\"color: #800000; font-size: 300%;\"><span style=\"font-family: Gotham-Bold;\"><b>\u00c4nglar och busar<\/b><\/span><\/span><\/p>\n<p lang=\"sv-SE\" align=\"CENTER\"><span style=\"color: #800000; font-size: large;\"><span style=\"font-family: Gotham-BoldItalic,cursive;\"><i><b>Film om l\u00e5ng blondin och kortv\u00e4xt snubbe \u2013 \u00e4r det lyteskomik?<\/b><\/i><\/span><\/span><\/p>\n<p lang=\"sv-SE\" align=\"LEFT\"><span style=\"color: #800000; font-size: large;\"><span style=\"font-family: NewCenturySchlbkLTStd-Roman,serif;\"><span style=\"font-family: NewCenturySchlbkLTStd-It,serif;\"><i>\u00c4nglar \u2013 finns dom?<\/i><\/span> S\u00e5 hette en svensk film fr\u00e5n 1961. <span style=\"font-family: NewCenturySchlbkLTStd-It,serif;\"><i>Jarl Kulle<\/i><\/span> och <span style=\"font-family: NewCenturySchlbkLTStd-It,serif;\"><i>Christina Schollin<\/i><\/span> var i den bara himmelskt k\u00e4ra, den handlade inte om riktiga \u00e4nglar. Det gjorde d\u00e4remot en tysk film av <span style=\"font-family: NewCenturySchlbkLTStd-It,serif;\"><i>Wim Wenders<\/i><\/span> fr\u00e5n 1987, <span style=\"font-family: NewCenturySchlbkLTStd-It,serif;\"><i>Himmel \u00f6ver Berlin.<\/i><\/span> Vid den tiden var staden fortfarande delad i DDRs huvudstad p\u00e5 ena sidan muren och V\u00e4stberlin p\u00e5 den andra (huvudstad i V\u00e4sttyskland var dock en annan). \u00c4ngeln i huvudrollen gick \u00bbs\u00f6ml\u00f6st\u00ab (som det heter i datasammanhang nuf\u00f6rtiden) igenom muren och lyssnade p\u00e5 m\u00e4nniskors l\u00e4ngtan och \u00e5ngest b\u00e5de h\u00e4r och d\u00e4r. Endast barn kunde fysiskt se honom, det var \u00e4nd\u00e5 ingen som trodde p\u00e5 dem.<\/span><\/span><\/p>\n<p lang=\"sv-SE\" align=\"LEFT\"><span style=\"color: #800000; font-size: large;\"><span style=\"font-family: NewCenturySchlbkLTStd-Roman,serif;\">Det d\u00e4r med att osedd kunna vandra omkring p\u00e5 jorden som en \u00e4ngel eller ande har alltid tilltalat mig \u2013 s\u00e5 mycket att jag n\u00e4stan kunnat bli religi\u00f6s, om jag f\u00e5tt garantier f\u00f6r att det fungerar p\u00e5 det d\u00e4r s\u00e4ttet i livet efter detta. Som skolgrabb s\u00e5g jag p\u00e5 teve <span style=\"font-family: NewCenturySchlbkLTStd-It,serif;\"><i>Ernst Lubitschs<\/i><\/span> gamla film fr\u00e5n 1943, <span style=\"font-family: NewCenturySchlbkLTStd-It,serif;\"><i>Himlen kan v\u00e4nta<\/i><\/span> (i ny version av <span style=\"font-family: NewCenturySchlbkLTStd-It,serif;\"><i>Warren Beatty<\/i><\/span> 1978). \u00bbHj\u00e4lten\u00ab tog hissen ned\u00e5t i filmens inledning, men den stannade inte f\u00f6rr\u00e4n det blivit olidligt hett. Han hamnade n\u00e4mligen i helvetet. Dock fick han en ny chans, om jag minns r\u00e4tt, och kunde sedan g\u00e5 omkring p\u00e5 stan. Det tyckte jag var en f\u00f6rdel med d\u00f6den, f\u00f6r d\u00e5 kunde man ju g\u00e5 p\u00e5 bio var som helst utan att betala (det kostade f\u00f6rst\u00e5s bara femtio \u00f6re om man satt p\u00e5 de fr\u00e4msta tre b\u00e4nkraderna, men veckopengen gick \u00e5t). Eftersom jag var i puberteten t\u00e4nkte jag ocks\u00e5 p\u00e5 hur man ouppt\u00e4ckt kunde spana in i privata kammare, men nog om det.<\/span><\/span><\/p>\n<p lang=\"sv-SE\" align=\"LEFT\"><span style=\"color: #800000; font-size: large;\"><span style=\"font-family: NewCenturySchlbkLTStd-Roman,serif;\">Den h\u00e4r veckan blir det \u00e4nglak\u00f6r i filmstudion. F\u00f6r andra g\u00e5ngen denna s\u00e4song visas en film av h\u00e5rdkokte <span style=\"font-family: NewCenturySchlbkLTStd-It,serif;\"><i>Luc Besson,<\/i><\/span> som emellertid inte alltid g\u00f6r h\u00e5rdkokta filmer. <span style=\"font-family: NewCenturySchlbkLTStd-It,serif;\"><i>Angel-A<\/i><\/span> fr\u00e5n 2005 verkar kanske som en s\u00e5dan, eftersom huvudpersonen \u00e4r en sm\u00e5gangster med skulder \u00f6verallt och d\u00e4rf\u00f6r ganska s\u00e5 mordhotad. Han hamnar i sin desperata skuldf\u00e4lla till slut p\u00e5 en av de parisiska broar \u00f6ver Seinen, fr\u00e5n vilka man hoppar, n\u00e4r livet inte l\u00e4ngre har n\u00e5got att erbjuda. P\u00e5 densamma ser han d\u00e5 en kvinna kl\u00e4nga\u2026<\/span><\/span><\/p>\n<p lang=\"sv-SE\" align=\"LEFT\"><span style=\"color: #800000; font-size: large;\"><span style=\"font-family: NewCenturySchlbkLTStd-Roman,serif;\">Kvinnan \u00e4r l\u00e5ng och blond, fifflaren \u00e4r motsatsen. Ens fysiska f\u00f6retr\u00e4den \u00e4r inte alltid att f\u00f6redra f\u00f6r sk\u00e5despelare. L\u00e5nga, blonda kvinnor hamnar ofta i facket f\u00f6r <span style=\"font-family: NewCenturySchlbkLTStd-It,serif;\"><i>femme fatale<\/i><\/span> (\u00bbd\u00f6dsbringande\u00ab kvinna), medan kortv\u00e4xta karlar f\u00f6rv\u00e4ntas vara roliga. De facken verkar de ha hamnat i h\u00e4r. Kanske utnyttjar den gode Luc Besson b\u00e4gge karakt\u00e4rsdragen fullt medvetet. \u00c4r han s\u00e5dan, eller driver han med oss? Fifflaren med skulder heter i alla fall Andr\u00e9 och spelas av mycket korte fransmannen <span style=\"font-family: NewCenturySchlbkLTStd-It,serif;\"><i>Jamel Debbouze,<\/i><\/span> medan kvinnan (Angela \u2013 eller \u00e4r det Angel-A, bokstaven A g\u00e5r igen?) spelas av l\u00e5nga blonda danskan <span style=\"font-family: NewCenturySchlbkLTStd-It,serif;\"><i>Rie Rasmussen.<\/i><\/span><\/span><\/span><\/p>\n<p lang=\"sv-SE\" align=\"LEFT\"><span style=\"color: #800000; font-size: large;\"><span style=\"font-family: NewCenturySchlbkLTStd-Roman,serif;\">Den fatala kvinnan inleder den el\u00e4ndige sm\u00e5boven \u2013 om inte i frestelse \u2013 s\u00e5 i alla fall i andra banor. \u00c4r hon m\u00e5nne en \u00e4ngel? \u00bb\u00c4ngeln och busen\u00ab \u2013 det l\u00e5ter som en variant av det klassiska radarparet \u00bbSk\u00f6nheten och odjuret\u00ab. Nu ska det vara en komedi, men m\u00f6jligen finns d\u00e4r ett drag av k\u00e4rlek ocks\u00e5.<\/span><\/span><\/p>\n<p class=\"indraget-stycke\" lang=\"sv-SE\" style=\"padding-left: 30px;\" align=\"LEFT\"><span style=\"color: #800000; font-size: large;\"><span style=\"font-family: Gotham-Bold;\"><b>Om k\u00e4rlek ska jag kanske inte skriva. Det kan eventuellt i Annonsbladet h\u00e4nda n\u00e5got liknande som h\u00e4nt filmstudions veckoutskick: att meddelandet hamnar i filtren f\u00f6r skr\u00e4ppost och s\u00e5lunda inte levereras eller trycks (filmstudions utskick lystes i bann f\u00f6r att f\u00f6rest\u00e4llningar presenterats som exempelvis<\/b><span style=\"font-family: Gotham-BookItalic,cursive;\"><i> 1.45 tim. + f\u00f6rspel; <\/i><\/span><b>uttrycket <\/b><span style=\"font-family: Gotham-BookItalic,cursive;\"><i>+ f\u00f6rspel<\/i><\/span><b> var \u00f6desdigert, d\u00e5 i samma meddelande kvinnonamn f\u00f6rekom samt \u2013 hemska sak \u2013 det \u00f6desm\u00e4ttade ordet <\/b><span style=\"font-family: Gotham-BookItalic,cursive;\"><i>k\u00e4rlek).<\/i><\/span><\/span><\/span><\/p>\n<p lang=\"sv-SE\" align=\"LEFT\"><span style=\"color: #800000; font-size: large;\"><span style=\"font-family: NewCenturySchlbkLTStd-Roman,serif;\">Jamel Debbouze k\u00e4nner vi igen fr\u00e5n flera filmer utan att kanske ha lagt namnet p\u00e5 minnet: <span style=\"font-family: NewCenturySchlbkLTStd-It,serif;\"><i>Am\u00e9lie fr\u00e5n Montmartre<\/i><\/span> 2001, n\u00e5gra <span style=\"font-family: NewCenturySchlbkLTStd-It,serif;\"><i>Ast\u00e9rix-<\/i><\/span>filmer och <span style=\"font-family: NewCenturySchlbkLTStd-It,serif;\"><i>Inf\u00f6dd soldat<\/i><\/span> 2006, f\u00f6r att n\u00e4mna n\u00e5gra som g\u00e5tt i Sverige. Honom ser vi allts\u00e5 i Angel-A p\u00e5 folkh\u00f6gskolan p\u00e5 torsdag.<\/span><\/span><\/p>\n<p lang=\"sv-SE\" align=\"LEFT\"><span style=\"color: #800000; font-size: large;\"><span style=\"font-family: NewCenturySchlbkLTStd-Roman,serif;\">Om bara ingen moralpolis s\u00e4tter k\u00e4ppar i hjulet.<\/span><\/span><\/p>\n<p lang=\"sv-SE\" align=\"RIGHT\"><span style=\"color: #800000; font-size: medium;\"><span style=\"font-family: NewCenturySchlbkLTStd-It,serif;\"><i>En id\u00e9 i idet av Bj\u00f6rn Forseth<\/i><\/span><\/span><\/p>\n<p lang=\"sv-SE\" align=\"RIGHT\">\n<p lang=\"sv-SE\" style=\"text-align: center;\" align=\"RIGHT\"><a href=\"..\/idet\">\u00c5ter<\/a><\/p>\n","protected":false},"excerpt":{"rendered":"<p>ANGEL-A \u2013 gratistidning.com 2016-10-04 \u00c4nglar och busar Film om l\u00e5ng blondin och kortv\u00e4xt snubbe \u2013 \u00e4r det lyteskomik? \u00c4nglar \u2013 finns dom? S\u00e5 hette en svensk film fr\u00e5n 1961. Jarl Kulle och Christina Schollin var i den bara himmelskt k\u00e4ra, den handlade inte om riktiga \u00e4nglar. Det gjorde d\u00e4remot en tysk film av Wim Wenders &hellip; <\/p>\n<p class=\"link-more\"><a href=\"https:\/\/forseth.se\/?page_id=641\" class=\"more-link\">Forts\u00e4tt l\u00e4sa<span class=\"screen-reader-text\"> \u201d\u00c4nglar och busar\u201d<\/span><\/a><\/p>\n","protected":false},"author":1,"featured_media":0,"parent":0,"menu_order":78,"comment_status":"closed","ping_status":"closed","template":"","meta":{"footnotes":""},"class_list":["post-641","page","type-page","status-publish","hentry"],"_links":{"self":[{"href":"https:\/\/forseth.se\/index.php?rest_route=\/wp\/v2\/pages\/641","targetHints":{"allow":["GET"]}}],"collection":[{"href":"https:\/\/forseth.se\/index.php?rest_route=\/wp\/v2\/pages"}],"about":[{"href":"https:\/\/forseth.se\/index.php?rest_route=\/wp\/v2\/types\/page"}],"author":[{"embeddable":true,"href":"https:\/\/forseth.se\/index.php?rest_route=\/wp\/v2\/users\/1"}],"replies":[{"embeddable":true,"href":"https:\/\/forseth.se\/index.php?rest_route=%2Fwp%2Fv2%2Fcomments&post=641"}],"version-history":[{"count":1,"href":"https:\/\/forseth.se\/index.php?rest_route=\/wp\/v2\/pages\/641\/revisions"}],"predecessor-version":[{"id":643,"href":"https:\/\/forseth.se\/index.php?rest_route=\/wp\/v2\/pages\/641\/revisions\/643"}],"wp:attachment":[{"href":"https:\/\/forseth.se\/index.php?rest_route=%2Fwp%2Fv2%2Fmedia&parent=641"}],"curies":[{"name":"wp","href":"https:\/\/api.w.org\/{rel}","templated":true}]}}