{"id":644,"date":"2017-04-21T16:19:55","date_gmt":"2017-04-21T14:19:55","guid":{"rendered":"https:\/\/forseth.se\/idet\/?page_id=644"},"modified":"2017-04-21T16:20:34","modified_gmt":"2017-04-21T14:20:34","slug":"nar-en-lumpen-typ-blir-filmens-hjalte","status":"publish","type":"page","link":"https:\/\/forseth.se\/?page_id=644","title":{"rendered":"N\u00e4r en lumpen typ blir filmens hj\u00e4lte"},"content":{"rendered":"<p style=\"text-align: center;\"><span style=\"color: #800000;\">DALLAS BUYERS CLUB \u2013 gratistidning.com 2016-10-17<\/span><\/p>\n<p style=\"text-align: center;\"><span style=\"color: #800000;\"><a style=\"color: #800000;\" href=\"https:\/\/forseth.se\/idet\/wp-content\/uploads\/2017\/04\/Dallas-buyers-club-2.jpg\"><img loading=\"lazy\" decoding=\"async\" class=\"aligncenter size-full wp-image-645\" src=\"https:\/\/forseth.se\/idet\/wp-content\/uploads\/2017\/04\/Dallas-buyers-club-2.jpg\" alt=\"\" width=\"1000\" height=\"1054\" srcset=\"https:\/\/forseth.se\/wp-content\/uploads\/2017\/04\/Dallas-buyers-club-2.jpg 1000w, https:\/\/forseth.se\/wp-content\/uploads\/2017\/04\/Dallas-buyers-club-2-285x300.jpg 285w, https:\/\/forseth.se\/wp-content\/uploads\/2017\/04\/Dallas-buyers-club-2-768x809.jpg 768w, https:\/\/forseth.se\/wp-content\/uploads\/2017\/04\/Dallas-buyers-club-2-972x1024.jpg 972w\" sizes=\"auto, (max-width: 767px) 89vw, (max-width: 1000px) 54vw, (max-width: 1071px) 543px, 580px\" \/><\/a><\/span><\/p>\n<p style=\"text-align: center;\">\n<p style=\"text-align: center;\">\n<style type=\"text\/css\">\n\t<!-- @page { margin: 2cm } P { margin-bottom: 0.21cm } P.indraget-stycke { margin-left: 0.28cm; font-family: \"Gotham-Bold\"; font-weight: bold } --><br \/>\n\t<\/style>\n<\/p>\n<p>&nbsp;<\/p>\n<p lang=\"sv-SE\" align=\"CENTER\"><span style=\"color: #800000; font-size: 300%;\"><span style=\"font-family: Gotham-Bold;\"><b>N\u00e4r en lumpen typ<\/b><\/span><\/span><\/p>\n<p lang=\"sv-SE\" align=\"CENTER\"><span style=\"color: #800000; font-size: 300%;\"><span style=\"font-family: Gotham-Bold;\"><b>blir filmens hj\u00e4lte<\/b><\/span><\/span><\/p>\n<p lang=\"sv-SE\" align=\"CENTER\"><span style=\"color: #800000; font-size: large;\"><span style=\"font-family: Gotham-BoldItalic,cursive;\"><i><b>Filmstudion visar en film med en homofob rasist i hj\u00e4lterollen. Dags att kr\u00e4va avb\u00f6n?<\/b><\/i><\/span><\/span><\/p>\n<p lang=\"sv-SE\" align=\"LEFT\"><span style=\"color: #800000; font-size: large;\"><span style=\"font-family: NewCenturySchlbkLTStd-Roman,serif;\">\u00bbTappa inte sugen, v\u00e4rlden \u00e4r full av tappade sugar\u00ab, sade redan <span style=\"font-family: NewCenturySchlbkLTStd-It,serif;\"><i>Nils Poppe<\/i><\/span> 1947 i filmen <span style=\"font-family: NewCenturySchlbkLTStd-It,serif;\"><i>Tappa inte sugen.<\/i><\/span><\/span><\/span><\/p>\n<p class=\"indraget-stycke\" lang=\"sv-SE\" style=\"padding-left: 30px;\" align=\"LEFT\"><span style=\"color: #800000; font-size: large;\"><span style=\"font-family: Gotham-Bold;\"><b>Tales\u00e4ttet utnyttjades f\u00f6r \u00f6vrigt skaml\u00f6st i den svenska titeln p\u00e5 en hollywoodrulle 1971: <\/b><span style=\"font-family: Gotham-BookItalic,cursive;\"><i>Tappa inte sugen fast du \u00e4r luden.<\/i><\/span><\/span><\/span><\/p>\n<p lang=\"sv-SE\" align=\"LEFT\"><span style=\"color: #800000; font-size: large;\"><span style=\"font-family: NewCenturySchlbkLTStd-Roman,serif;\">Uppenbarligen ett v\u00e4l anv\u00e4nt uttryck, som <span style=\"font-family: NewCenturySchlbkLTStd-It,serif;\"><i>Woody Allens<\/i><\/span> rollfigur i <span style=\"font-family: NewCenturySchlbkLTStd-It,serif;\"><i>Aldrig i livet<\/i><\/span> 1976 hurtfriskt anv\u00e4nde (fast p\u00e5 anglosaxiska) till kompisar som kallats till f\u00f6rh\u00f6r hos Kommitt\u00e9n mot oamerikansk verksamhet i b\u00f6rjan av nittonhundrafemtiotalet (att kallas inf\u00f6r den kommitt\u00e9n var liktydigt med att antingen bli en tjallare p\u00e5 kamraters \u00e5sikter eller f\u00f6rlora jobbet och kanske f\u00e4ngslas sj\u00e4lv).<\/span><\/span><\/p>\n<p lang=\"sv-SE\" align=\"LEFT\"><span style=\"color: #800000; font-size: large;\"><span style=\"font-family: NewCenturySchlbkLTStd-Roman,serif;\">Att vara hurtfrisk kan som i f\u00f6reg\u00e5ende fall vara ett utslag av att man var bl\u00e5st och inte fattade situationens allvar. Men ibland kan ett makabert sk\u00e4mt om d\u00f6den g\u00f6ra gott. <span style=\"font-family: NewCenturySchlbkLTStd-It,serif;\"><i>Helan och Halvan<\/i><\/span> var ett radarpar p\u00e5 bio fr\u00e5n stumfilmstiden till in p\u00e5 femtiotalet. Den tjocke amerikanen Helan <span style=\"font-family: NewCenturySchlbkLTStd-It,serif;\"><i>(Oliver Hardy) <\/i><\/span>var den som trodde sig st\u00e5 f\u00f6r tankeverksamheten och den magre engelsmannen Halvan <span style=\"font-family: NewCenturySchlbkLTStd-It,serif;\"><i>(Stan Laurel)<\/i><\/span> den, som l\u00e4t honom tro det. Ofta n\u00e4r filmfigurerna r\u00e5kade i sv\u00e5righeter, sa Helan till Halvan: \u00bb\u00c4nnu en sk\u00f6n soppa du f\u00f6rsatt mig i!\u00ab. N\u00e4r den verklige Laurel tynade bort i sjukdom, gick Hardy hem till honom och fick en chock av anblicken av sin utm\u00e4rglade kompis. Han visste inte vad han kunde s\u00e4ga f\u00f6r att visa sin medk\u00e4nsla, s\u00e5 han utbrast: \u00bb\u00c4nnu en sk\u00f6n soppa du f\u00f6rsatt mig i!\u00ab. S\u00e5 brutalt kan en v\u00e4n tr\u00f6sta en v\u00e4n.<\/span><\/span><\/p>\n<p lang=\"sv-SE\" align=\"LEFT\"><span style=\"color: #800000; font-size: large;\"><span style=\"font-family: NewCenturySchlbkLTStd-Roman,serif;\">I b\u00f6rjan av \u00e5ttiotalet skulle man lika hurtfriskt kunna sk\u00e4mta med kompisar som f\u00e5tt <span style=\"font-family: NewCenturySchlbkLTStd-Bd,serif;\"><b>aids<\/b><\/span>, vilket vid den tiden var rena d\u00f6dsdomen. Kanske var galghumor den enda tr\u00f6sten? Men det \u00e4r l\u00e4tt f\u00f6r en annan att t\u00e4nka; ska n\u00e5gon kunna sk\u00e4mta p\u00e5 det viset, ska det nog vara n\u00e5gon som \u00e4r som en Helan gentemot en Halvan.<\/span><\/span><\/p>\n<p lang=\"sv-SE\" align=\"LEFT\"><span style=\"color: #800000; font-size: large;\"><span style=\"font-family: NewCenturySchlbkLTStd-Roman,serif;\">Nu har det g\u00e5tt s\u00e5 l\u00e5ng tid, att unga vuxna s\u00e4kert inte k\u00e4nner till hur det l\u00e4t, n\u00e4r farsoten aids var ny. Det var b\u00f6garnas fel, helt klart. Och det var Guds straff mot dem. Vi vet b\u00e4ttre idag, och numera kan d\u00f6den uppskjutas med medicinering.<\/span><\/span><\/p>\n<p lang=\"sv-SE\" align=\"LEFT\"><span style=\"color: #800000; font-size: large;\"><span style=\"font-family: NewCenturySchlbkLTStd-Roman,serif;\">Flera filmer har gjorts p\u00e5 temat aids. <span style=\"font-family: NewCenturySchlbkLTStd-It,serif;\"><i>Philadelphia<\/i><\/span> var en amerikansk s\u00e5dan 1993. Det var tidigt, fast farsoten vid det laget h\u00e4rjat i tio \u00e5rs tid. Starkast har den skildrats av m\u00e4nniskor som var med, n\u00e4r liemannen sk\u00f6rdade som flest offer. <span style=\"font-family: NewCenturySchlbkLTStd-It,serif;\"><i>Jonas Gardells<\/i><\/span> teveserie <span style=\"font-family: NewCenturySchlbkLTStd-It,serif;\"><i>Torka aldrig t\u00e5rar utan handskar<\/i><\/span> fr\u00e5n 2012 m\u00e5ste r\u00e4knas som en av v\u00e4rldens b\u00e4sta i genren och dess upphovsman som den fula ankungen som blev en av de stora dramatikerna.<\/span><\/span><\/p>\n<p lang=\"sv-SE\" align=\"LEFT\"><span style=\"color: #800000; font-size: large;\"><span style=\"font-family: NewCenturySchlbkLTStd-Roman,serif;\">Denna torsdag visar filmstudion en rulle fr\u00e5n 2013 p\u00e5 aids-temat. Efter verkliga h\u00e4ndelser, som det brukar heta \u2013 men sl\u00e5 f\u00f6r all del upp det och se om det st\u00e4mmer. I den g\u00e5r en helylleamerikansk rumlare omkring och hatar svartskallar och b\u00f6gar. R\u00e4tt \u00e5t dem att de drar p\u00e5 sig b\u00f6gsjukan. \u2013 Och s\u00e5 f\u00e5r han sj\u00e4lv aids!<\/span><\/span><\/p>\n<p lang=\"sv-SE\" align=\"LEFT\"><span style=\"color: #800000; font-size: large;\"><span style=\"font-family: NewCenturySchlbkLTStd-Roman,serif;\">Hur han hanterar detta f\u00e5r vi se i trefaldigt oscarsbel\u00f6nade <span style=\"font-family: NewCenturySchlbkLTStd-It,serif;\"><i>Dallas buyers club.<\/i><\/span> P\u00e5 folkh\u00f6gskolan denna g\u00e5ng!<\/span><\/span><\/p>\n<p lang=\"sv-SE\" align=\"RIGHT\"><span style=\"color: #800000; font-size: medium;\"><span style=\"font-family: NewCenturySchlbkLTStd-It,serif;\"><i>En id\u00e9 i idet av Bj\u00f6rn Forseth<\/i><\/span><\/span><\/p>\n<p lang=\"sv-SE\" align=\"RIGHT\">\n<p lang=\"sv-SE\" style=\"text-align: center;\" align=\"RIGHT\"><a href=\"..\/idet\">\u00c5ter<\/a><\/p>\n","protected":false},"excerpt":{"rendered":"<p>DALLAS BUYERS CLUB \u2013 gratistidning.com 2016-10-17 &nbsp; N\u00e4r en lumpen typ blir filmens hj\u00e4lte Filmstudion visar en film med en homofob rasist i hj\u00e4lterollen. Dags att kr\u00e4va avb\u00f6n? \u00bbTappa inte sugen, v\u00e4rlden \u00e4r full av tappade sugar\u00ab, sade redan Nils Poppe 1947 i filmen Tappa inte sugen. Tales\u00e4ttet utnyttjades f\u00f6r \u00f6vrigt skaml\u00f6st i den svenska &hellip; <\/p>\n<p class=\"link-more\"><a href=\"https:\/\/forseth.se\/?page_id=644\" class=\"more-link\">Forts\u00e4tt l\u00e4sa<span class=\"screen-reader-text\"> \u201dN\u00e4r en lumpen typ blir filmens hj\u00e4lte\u201d<\/span><\/a><\/p>\n","protected":false},"author":1,"featured_media":0,"parent":0,"menu_order":79,"comment_status":"closed","ping_status":"closed","template":"","meta":{"footnotes":""},"class_list":["post-644","page","type-page","status-publish","hentry"],"_links":{"self":[{"href":"https:\/\/forseth.se\/index.php?rest_route=\/wp\/v2\/pages\/644","targetHints":{"allow":["GET"]}}],"collection":[{"href":"https:\/\/forseth.se\/index.php?rest_route=\/wp\/v2\/pages"}],"about":[{"href":"https:\/\/forseth.se\/index.php?rest_route=\/wp\/v2\/types\/page"}],"author":[{"embeddable":true,"href":"https:\/\/forseth.se\/index.php?rest_route=\/wp\/v2\/users\/1"}],"replies":[{"embeddable":true,"href":"https:\/\/forseth.se\/index.php?rest_route=%2Fwp%2Fv2%2Fcomments&post=644"}],"version-history":[{"count":2,"href":"https:\/\/forseth.se\/index.php?rest_route=\/wp\/v2\/pages\/644\/revisions"}],"predecessor-version":[{"id":647,"href":"https:\/\/forseth.se\/index.php?rest_route=\/wp\/v2\/pages\/644\/revisions\/647"}],"wp:attachment":[{"href":"https:\/\/forseth.se\/index.php?rest_route=%2Fwp%2Fv2%2Fmedia&parent=644"}],"curies":[{"name":"wp","href":"https:\/\/api.w.org\/{rel}","templated":true}]}}