{"id":665,"date":"2017-05-02T15:26:58","date_gmt":"2017-05-02T13:26:58","guid":{"rendered":"https:\/\/forseth.se\/idet\/?page_id=665"},"modified":"2017-05-02T15:26:58","modified_gmt":"2017-05-02T13:26:58","slug":"klovertrask-10-ar-ingen-bergmanfilm","status":"publish","type":"page","link":"https:\/\/forseth.se\/?page_id=665","title":{"rendered":"Kl\u00f6vertr\u00e4sk 10 \u00e4r ingen Bergmanfilm"},"content":{"rendered":"<p style=\"text-align: center;\"><span style=\"color: #800000;\">10 CLOVERFIELD LANE \u2013 gratistidning.com 2016-10-30<\/span><\/p>\n<p style=\"text-align: center;\">\n<p style=\"text-align: center;\"><span style=\"color: #800000;\"><a style=\"color: #800000;\" href=\"https:\/\/forseth.se\/idet\/wp-content\/uploads\/2017\/05\/10-Cloverfield-lane.jpeg\"><img loading=\"lazy\" decoding=\"async\" class=\"aligncenter size-full wp-image-666\" src=\"https:\/\/forseth.se\/idet\/wp-content\/uploads\/2017\/05\/10-Cloverfield-lane.jpeg\" alt=\"\" width=\"1000\" height=\"646\" srcset=\"https:\/\/forseth.se\/wp-content\/uploads\/2017\/05\/10-Cloverfield-lane.jpeg 1000w, https:\/\/forseth.se\/wp-content\/uploads\/2017\/05\/10-Cloverfield-lane-300x194.jpeg 300w, https:\/\/forseth.se\/wp-content\/uploads\/2017\/05\/10-Cloverfield-lane-768x496.jpeg 768w\" sizes=\"auto, (max-width: 767px) 89vw, (max-width: 1000px) 54vw, (max-width: 1071px) 543px, 580px\" \/><\/a><\/span><\/p>\n<p style=\"text-align: center;\"><span style=\"color: #800000;\"><\/p>\n<style type=\"text\/css\">\n\t<!--\n\t\t@page { margin: 2cm }\n\t\tP { margin-bottom: 0.21cm }\n\t-->\n\t<\/style>\n<p><\/span><\/p>\n<p lang=\"sv-SE\" align=\"CENTER\"><span style=\"color: #800000; font-size: 300%;\"><span style=\"font-family: Gotham-Bold;\"><b>Kl\u00f6vertr\u00e4sk 10<\/b><\/span><\/span><\/p>\n<p lang=\"sv-SE\" align=\"CENTER\"><span style=\"color: #800000; font-size: 300%;\"><span style=\"font-family: Gotham-Bold;\"><b>\u00e4r ingen Bergmanfilm<\/b><\/span><\/span><\/p>\n<p lang=\"sv-SE\" align=\"CENTER\"><span style=\"color: #800000; font-size: large;\"><span style=\"font-family: Gotham-BoldItalic,cursive;\"><i><b>En g\u00e5ng i tiden tyckte jag det var fasansfullt dyrt att betala fyrtio kronor f\u00f6r ett glas \u00f6l. Men s\u00e5 hade jag inte vare sig l\u00e4rt mig dricka \u00f6l eller \u00bbg\u00e5 p\u00e5 krogen\u00ab. F\u00f6r fyrtio kronor kunde man f\u00e5 mycket p\u00e5 den tiden, \u00e4nd\u00e5 k\u00f6pte min kompis ett stop utan att tveka. Sj\u00e4lv tvekade jag. Det g\u00f6r jag inte l\u00e4ngre, jag \u00e4r en fallen man.<\/b><\/i><\/span><\/span><\/p>\n<p lang=\"sv-SE\" align=\"LEFT\"><span style=\"color: #800000; font-size: large;\"><span style=\"font-family: Georgia,serif;\">Tro det eller ej, men man blir inte utkastad, om man best\u00e4ller en kopp kaffe p\u00e5 puben. Och vare sig det \u00e4r det ena eller andra man dricker, f\u00e5r man i Kiruna bereda sig p\u00e5, att de som sitter i \u00f6lb\u00e5set och ser ut som vanliga ynglingar eller tjejer kanske inte kan svenska men \u00e4r fena p\u00e5 att r\u00e4kna ut raketbanor, skanna aurora borealis eller m\u00e4ta solar plexus.<\/span><\/span><\/p>\n<p lang=\"sv-SE\" align=\"LEFT\"><span style=\"color: #800000; font-size: large;\"><span style=\"font-family: Georgia,serif;\">N\u00e5gra s\u00e5dana forskare fr\u00e5n diverse europeiska l\u00e4nder satt en kv\u00e4ll fridfullt p\u00e5 puben, n\u00e4r jag kom och st\u00f6rde. En av dem k\u00e4nde jag n\u00e4mligen, och d\u00e5 blev jag f\u00f6r de andra presenterad som filmklubbsordf\u00f6rande. Det f\u00f6ranledde ett livligt meningsutbyte. \u00bbS\u00e5 ni visar Ingmar Bergman-filmer\u00ab, fr\u00e5gade en turk, fast det inte l\u00e4t som en fr\u00e5ga. \u00bbHan gjorde skumma filmer\u00ab, sa en cypriot. \u00bbSkumma \u00e4r ordet\u00ab, sa en spanjor.<\/span><\/span><\/p>\n<p lang=\"sv-SE\" align=\"LEFT\"><span style=\"color: #800000; font-size: large;\"><span style=\"font-family: Georgia,serif;\">T\u00e4nk, att man ska beh\u00f6va f\u00e5 en st\u00e4mpel i pannan, n\u00e4r ordet filmklubb eller filmstudio n\u00e4mns! En st\u00e4mpel som det st\u00e5r <span style=\"font-family: Georgia-Italic,cursive;\"><i>Ingmar Bergman<\/i><\/span> p\u00e5. Det finns dock de, som uttrycker sig mindre burdust: \u00bbD\u00e5 visar ni smal film, d\u00e5?\u00ab.<\/span><\/span><\/p>\n<p lang=\"sv-SE\" align=\"LEFT\"><span style=\"color: #800000; font-size: large;\"><span style=\"font-family: Georgia,serif;\"><span style=\"font-family: Georgia-Bold;\"><b>Smalfilm<\/b><\/span> \u00e4r 8 mm eller 16 mm breda celluloidremsor, som hackar sig igenom en kamera eller projektor med 16, 18 eller 24 bilder i sekunden, varvid den m\u00e4nskliga hj\u00e4rnan tror att det \u00e4r en levande bild som \u00f6gonen ser <span style=\"font-family: Georgia-Italic,cursive;\"><i>(elokuva<\/i><\/span> [fi] eller <span style=\"font-family: Georgia-Italic,cursive;\"><i>ealligovva<\/i><\/span> [sa] = levande bild).<\/span><\/span><\/p>\n<p lang=\"sv-SE\" align=\"LEFT\"><span style=\"color: #800000; font-size: large;\"><span style=\"font-family: Georgia,serif;\"><span style=\"font-family: Georgia-Bold;\"><b>Smal film<\/b><\/span> d\u00e4remot ska syfta p\u00e5 filmer som inte drar s\u00e5 stor publik. Drar de inte stor publik i stora st\u00e4der kommer de inte att visas i sm\u00e5 st\u00e4der \u00f6ver huvud taget (f\u00f6r drar de inte in mer pengar \u00e4n popcornen p\u00e5 f\u00f6rest\u00e4llningarna, s\u00e5 anses det inte vara n\u00e5gon id\u00e9 att ens best\u00e4lla dem). Och best\u00e4lls s\u00e5dana filmer inte till mindre st\u00e4der, kommer de inte att dra in pengar. Filmer som inte drar in pengar kommer ju inte att visas och kommer d\u00e4rf\u00f6r inte att dra in pengar \u2013 ja, ni hajar.<\/span><\/span><\/p>\n<p lang=\"sv-SE\" align=\"LEFT\"><span style=\"color: #800000; font-size: large;\"><span style=\"font-family: Georgia,serif;\">Filmer de flesta aldrig f\u00e5r h\u00f6ra talas om och allts\u00e5 inte f\u00e5r en chans att testa kallas d\u00e5 smala. Den som \u00e4nd\u00e5 p\u00e5 n\u00e5got s\u00e4tt f\u00e5r tag p\u00e5 och ser smal film kan nog ses som en aning <span style=\"font-family: Georgia-Italic,cursive;\"><i>knapsu.<\/i><\/span> Sedan kanske det som ans\u00e5gs vara smalt vinner Oscar, Guldbj\u00f6rnen eller Gyllene palmen och d\u00e5 \u00e4r filmen ju inte smal l\u00e4ngre. Men d\u00e5 \u00e4r det f\u00f6r sent.<\/span><\/span><\/p>\n<p lang=\"sv-SE\" align=\"LEFT\"><span style=\"color: #800000; font-size: large;\"><span style=\"font-family: Georgia,serif;\">Spanjorerna, turkarna och cyprioterna fick h\u00f6ra ett sanningens ord, om att filmklubben i Kiruna helt enkelt gillar att se film p\u00e5 bio (liksom filmfestivalen, som startar snart). Pr\u00f6va bara hur pass smal filmstudions film nu p\u00e5 torsdag \u00e4r p\u00e5 Folkets hus:<\/span><\/span><\/p>\n<p lang=\"sv-SE\" style=\"padding-left: 30px;\" align=\"LEFT\"><span style=\"color: #800000; font-size: large;\"><span style=\"font-family: Georgia,serif;\">Filmen \u00e4r inte gjord av en <span style=\"font-family: Georgia-Italic,cursive;\"><i>Bergman, Antonioni<\/i><\/span> eller <span style=\"font-family: Georgia-Italic,cursive;\"><i>Tarkovskij.<\/i><\/span> Dess handling \u00e4r inte sj\u00e4lfullt grubbel vid en \u00f6de strand. Den \u00e4r inte ens gammal utan inspelad i \u00e5r. Filmen heter \u00bbKl\u00f6vertr\u00e4sk \u2116 10\u00ab.<\/span><\/span><\/p>\n<p lang=\"sv-SE\" align=\"LEFT\"><span style=\"color: #800000; font-size: large;\"><span style=\"font-family: Georgia,serif;\">N\u00e5, inte p\u00e5 svenska. Om nu n\u00e5gon l\u00e4sare k\u00e4nner den familj, som bor p\u00e5 angiven adress, s\u00e5 \u00e4r det en ren tillf\u00e4llighet, som det heter. P\u00e5 Eniro kan man se g\u00e5rden uppifr\u00e5n, en fastighet med skr\u00e4mmande likhet med filmens centralpunkt, <span style=\"font-family: Georgia-Italic,cursive;\"><i>10 Cloverfield lane.<\/i><\/span> D\u00e4r under finns en bunker, som en ung kvinna vaknar upp i efter en bilolycka. \u2013 Hur i allsin dar? undrar ni v\u00e4l nu, och inte utan sk\u00e4l.<\/span><\/span><\/p>\n<p lang=\"sv-SE\" align=\"LEFT\"><span style=\"color: #800000; font-size: large;\"><span style=\"font-family: Georgia,serif;\"><span lang=\"sv-SE\">Grubbla p\u00e5 det mentala mysteriet, ni. En del filmer ska man inte ber\u00e4tta f\u00f6r mycket om. Det h\u00e4r \u00e4r en s\u00e5dan. Fr\u00e5ga inte, g\u00e5 och se den i st\u00e4llet. Och \u2013 surpris, surpris \u2013 det blir en Ingmar Bergman i december!<\/span><\/span><\/span><\/p>\n<p align=\"RIGHT\"><span style=\"font-size: medium; color: #800000;\"><em><span style=\"font-family: Verdana Italic,sans-serif;\">En id\u00e9 i idet av Bj\u00f6rn Forseth<\/span><\/em><\/span><\/p>\n<p align=\"RIGHT\">\n<p style=\"text-align: center;\" align=\"RIGHT\"><a href=\"..\/idet\">\u00c5ter<\/a><\/p>\n","protected":false},"excerpt":{"rendered":"<p>10 CLOVERFIELD LANE \u2013 gratistidning.com 2016-10-30 Kl\u00f6vertr\u00e4sk 10 \u00e4r ingen Bergmanfilm En g\u00e5ng i tiden tyckte jag det var fasansfullt dyrt att betala fyrtio kronor f\u00f6r ett glas \u00f6l. Men s\u00e5 hade jag inte vare sig l\u00e4rt mig dricka \u00f6l eller \u00bbg\u00e5 p\u00e5 krogen\u00ab. F\u00f6r fyrtio kronor kunde man f\u00e5 mycket p\u00e5 den tiden, \u00e4nd\u00e5 &hellip; <\/p>\n<p class=\"link-more\"><a href=\"https:\/\/forseth.se\/?page_id=665\" class=\"more-link\">Forts\u00e4tt l\u00e4sa<span class=\"screen-reader-text\"> \u201dKl\u00f6vertr\u00e4sk 10 \u00e4r ingen Bergmanfilm\u201d<\/span><\/a><\/p>\n","protected":false},"author":1,"featured_media":0,"parent":0,"menu_order":81,"comment_status":"closed","ping_status":"closed","template":"","meta":{"footnotes":""},"class_list":["post-665","page","type-page","status-publish","hentry"],"_links":{"self":[{"href":"https:\/\/forseth.se\/index.php?rest_route=\/wp\/v2\/pages\/665","targetHints":{"allow":["GET"]}}],"collection":[{"href":"https:\/\/forseth.se\/index.php?rest_route=\/wp\/v2\/pages"}],"about":[{"href":"https:\/\/forseth.se\/index.php?rest_route=\/wp\/v2\/types\/page"}],"author":[{"embeddable":true,"href":"https:\/\/forseth.se\/index.php?rest_route=\/wp\/v2\/users\/1"}],"replies":[{"embeddable":true,"href":"https:\/\/forseth.se\/index.php?rest_route=%2Fwp%2Fv2%2Fcomments&post=665"}],"version-history":[{"count":1,"href":"https:\/\/forseth.se\/index.php?rest_route=\/wp\/v2\/pages\/665\/revisions"}],"predecessor-version":[{"id":667,"href":"https:\/\/forseth.se\/index.php?rest_route=\/wp\/v2\/pages\/665\/revisions\/667"}],"wp:attachment":[{"href":"https:\/\/forseth.se\/index.php?rest_route=%2Fwp%2Fv2%2Fmedia&parent=665"}],"curies":[{"name":"wp","href":"https:\/\/api.w.org\/{rel}","templated":true}]}}