{"id":675,"date":"2017-05-02T16:59:33","date_gmt":"2017-05-02T14:59:33","guid":{"rendered":"https:\/\/forseth.se\/idet\/?page_id=675"},"modified":"2017-05-02T17:00:14","modified_gmt":"2017-05-02T15:00:14","slug":"bunt-ihop-och-sla-ihjal","status":"publish","type":"page","link":"https:\/\/forseth.se\/?page_id=675","title":{"rendered":"Bunt\u2019 ihop och sl\u00e5 ihj\u00e4l!"},"content":{"rendered":"<p style=\"text-align: center;\"><span style=\"color: #800000;\">I GRYNINGENS TIMMAR \u2013 gratistidning.com 2016-11-21<\/span><\/p>\n<p style=\"text-align: center;\"><span style=\"color: #800000;\"><a style=\"color: #800000;\" href=\"https:\/\/forseth.se\/idet\/wp-content\/uploads\/2017\/05\/I-gryningens-timmar.jpg\"><img loading=\"lazy\" decoding=\"async\" class=\"aligncenter size-full wp-image-676\" src=\"https:\/\/forseth.se\/idet\/wp-content\/uploads\/2017\/05\/I-gryningens-timmar.jpg\" alt=\"\" width=\"1000\" height=\"482\" srcset=\"https:\/\/forseth.se\/wp-content\/uploads\/2017\/05\/I-gryningens-timmar.jpg 1000w, https:\/\/forseth.se\/wp-content\/uploads\/2017\/05\/I-gryningens-timmar-300x145.jpg 300w, https:\/\/forseth.se\/wp-content\/uploads\/2017\/05\/I-gryningens-timmar-768x370.jpg 768w\" sizes=\"auto, (max-width: 767px) 89vw, (max-width: 1000px) 54vw, (max-width: 1071px) 543px, 580px\" \/><\/a><\/span><\/p>\n<p style=\"text-align: center;\">\n<p style=\"text-align: center;\">\n<style type=\"text\/css\">\n\t<!-- @page { margin: 2cm } P { margin-bottom: 0.21cm } --><br \/>\n\t<\/style>\n<\/p>\n<p>&nbsp;<\/p>\n<p lang=\"sv-SE\" align=\"CENTER\"><span style=\"color: #800000; font-size: 300%;\"><span style=\"font-family: Gotham-Bold;\"><b>Bunt\u2019 ihop<\/b><\/span><\/span><\/p>\n<p lang=\"sv-SE\" align=\"CENTER\"><span style=\"color: #800000; font-size: 300%;\"><span style=\"font-family: Gotham-Bold;\"><b>och sl\u00e5 ihj\u00e4l!<\/b><\/span><\/span><\/p>\n<p lang=\"sv-SE\" align=\"CENTER\"><span style=\"color: #800000; font-size: large;\"><span style=\"font-family: Gotham-BoldItalic,cursive;\"><i><b>\u00bbDen lyckliga dalen\u00ab, \u00bbLeendets land\u00ab och \u00bbEn liten fransk stad\u00ab \u2013 se d\u00e4r n\u00e5gra s\u00f6ta titlar, som inte skulle locka n\u00e5gon actiont\u00f6rstande att k\u00f6pa biljett.<\/b><\/i><\/span><\/span><\/p>\n<p lang=\"sv-SE\" align=\"LEFT\"><span style=\"color: #800000; font-size: large;\"><span style=\"font-family: Georgia,serif;\">Ty \u00bbDen lyckliga dalen\u00ab l\u00e5ter som n\u00e5gon tidig novell av <span style=\"font-family: Georgia-Italic,cursive;\"><i>J R R Tolkien<\/i><\/span> om hobbitarnas stillsamma liv mellan Kullen och Vattnet. P\u00e5 \u00bbLeendets land\u00ab h\u00f6r man ju, att det \u00e4r n\u00e5gon f\u00e5nig familjekomedi, och \u00bbEn liten fransk stad\u00ab m\u00e5ste vara en s\u00f6mnig reseskildring.<\/span><\/span><\/p>\n<p lang=\"sv-SE\" align=\"LEFT\"><span style=\"color: #800000; font-size: large;\"><span style=\"font-family: Georgia,serif;\">Sj\u00e4lv tolkar jag alla tre titlarna som ironi. I det f\u00f6rsta fallet g\u00e5r visserligen ironin de svenska tevetittarna f\u00f6rbi genom att femtekolonnen s\u00e4tter engelska titlar p\u00e5 det mesta; <span style=\"font-family: Georgia-Italic,cursive;\"><i>Happy valley<\/i><\/span> (fr\u00e5n 2o14 och fram\u00e5t) \u00e4r en hj\u00e4rtsk\u00e4rande engelsk dramaserie om en luttrad kvinnlig polis arbete med samh\u00e4llets st\u00f6kigaste i allm\u00e4nhet och en v\u00e5ldsam psykopat i synnerhet i ett allt annat \u00e4n lyckligt engelskt polisdistrikt med \u00bbdal\u00ab i sitt namn.<\/span><\/span><\/p>\n<p lang=\"sv-SE\" align=\"LEFT\"><span style=\"color: #800000; font-size: large;\"><span style=\"font-family: Georgia,serif;\">I fallet <span style=\"font-family: Georgia-Italic,cursive;\"><i>Leendets land,<\/i><\/span> en operett av <span style=\"font-family: Georgia-Italic,cursive;\"><i>Franz Leh\u00e1r<\/i><\/span> fr\u00e5n 1929, \u00e4r ironin att en lycklig k\u00e4rlekssaga mellan en \u00f6sterrikisk adelsfr\u00f6ken och en kinesisk prins i sj\u00e4lva verket \u00e4r en tragisk kulturkrock. (Ett m\u00e5h\u00e4nda tidstypiskt sm\u00e5rasistiskt alternativ till ironiteorin \u00e4r, att titeln anspelar p\u00e5 att kineserna hela tiden ler f\u00f6r att beh\u00e5lla ansiktet.)<\/span><\/span><\/p>\n<p lang=\"sv-SE\" align=\"LEFT\"><span style=\"color: #800000; font-size: large;\"><span style=\"font-family: Georgia,serif;\">Den tredje titeln \u00e5syftar en fransk teveserie fr\u00e5n 2009 med nya omg\u00e5ngar vartenda \u00e5r i s\u00e5 att s\u00e4ga realtid i f\u00f6rh\u00e5llande till inneh\u00e5llet: livet i <span style=\"font-family: Georgia-Italic,cursive;\"><i>En liten fransk stad<\/i><\/span> s\u00e5 som det kan ha utspelat sig under andra v\u00e4rldskriget. \u00d6verklass, b\u00f6nder och arbetarklass finner sig ockuperade av Tyskland och de flesta anpassar sig till en ny vardag. Inte m\u00e5nga \u00e4r upproriska, desto fler finner sig tillr\u00e4tta med att g\u00f6ra aff\u00e4rer och till och med f\u00f6rlusta sig med tyskarna. Det inneb\u00e4r f\u00f6rst\u00e5s ocks\u00e5 att skvallra p\u00e5 eventuella motst\u00e5ndare till ockupationen och sj\u00e4lvklart ber\u00e4tta var det bor judar, n\u00e4r tyskarna vill ha listor p\u00e5 s\u00e5dana. F\u00f6r nu p\u00e5 tjugohundratalet har s\u00e5 l\u00e5ng tid g\u00e5tt, att man kan g\u00f6ra s\u00e5dana h\u00e4r filmer som visar m\u00e4nniskans skr\u00f6plighet i st\u00e4llet f\u00f6r att slappt glorifiera en tapper motst\u00e5ndsr\u00f6relse. \u00bbEn liten fransk stad\u00ab \u00e4r ingen gl\u00e4ttig turistbroschyr.<\/span><\/span><\/p>\n<p lang=\"sv-SE\" align=\"LEFT\"><span style=\"color: #800000; font-size: large;\"><span style=\"font-family: Georgia,serif;\">En av seriens m\u00e5nga h\u00e4ndelser med verklighetsbakgrund omn\u00e4mndes ocks\u00e5 i den film filmstudion visade f\u00f6rra v\u00e5ren, <span style=\"font-family: Georgia-Italic,cursive;\"><i>Mannen som r\u00e4ddade Paris<\/i><\/span> (fr\u00e5n 2014): den d\u00e5 13.000 judar i Paris den 16 juli 1942 greps av fransk polis och samlades p\u00e5 en velodrom (cykelt\u00e4vlingsbana) f\u00f6r att skjutsas med t\u00e5g till koncentrationsl\u00e4ger i Tyskland. I \u00bbEn liten fransk stad\u00ab hj\u00e4lper den lokala polisen till s\u00e5 gott den kan med att uppfylla tyskarnas <span style=\"font-family: Georgia-Bold;\"><b>kvot<\/b><\/span> p\u00e5 antal judar att samla ihop f\u00f6r att skickas iv\u00e4g till <span style=\"font-family: Georgia-Italic,cursive;\"><i>Operation v\u00e5rvind<\/i><\/span> i Paris, en v\u00e5rvind som naturligtvis bl\u00e5ste upp i gryningen.<\/span><\/span><\/p>\n<p lang=\"sv-SE\" align=\"LEFT\"><span style=\"color: #800000; font-size: large;\"><span style=\"font-family: Georgia,serif;\">Det franska r\u00e4ttsv\u00e4sendet ser inte n\u00e5got problem i att samla ihop och deportera judar \u2013 inte annat \u00e4n rent praktiskt \u2013 f\u00f6r Frankrike har en antisemitisk tradition, v\u00e4lk\u00e4nd sedan <span style=\"font-family: Georgia-Italic,cursive;\"><i>Dreyfusaff\u00e4ren<\/i><\/span> mellan 1894 och 1906. \u2013 Bortsett fr\u00e5n n\u00e4r den enskilde polisen \u00e4r k\u00e4r i en judinna och m\u00e5ste ge henne falsk identitet och hitta n\u00e5gon annan jude att fylla kvoten med\u2026<\/span><\/span><\/p>\n<p lang=\"sv-SE\" align=\"LEFT\"><span style=\"color: #800000; font-size: large;\"><span style=\"font-family: Georgia,serif;\">Nu p\u00e5 torsdag visar filmstudion en hel film om denna h\u00e4ndelse, <span style=\"font-family: Georgia-Italic,cursive;\"><i>I gryningens timmar<\/i><\/span> fr\u00e5n 2010 (den titeln kan ocks\u00e5 verka ironisk, i det den invaggar biobes\u00f6karen i romantisk trygghet). Regiss\u00f6r \u00e4r den h\u00e5rdkokta filmens m\u00e4stare <span style=\"font-family: Georgia-Italic,cursive;\"><i>Luc Besson (Nikita, L\u00e9on, Det stora bl\u00e5),<\/i><\/span> och huvudrollen spelar hans favoritsk\u00e5despelare \u2013 tillika urbilden f\u00f6r \u00bbh\u00e5rdingen\u00ab \u2013 <span style=\"font-family: Georgia-Italic,cursive;\"><i>Jean Reno (L\u00e9on, Det stora bl\u00e5, Den sista striden).<\/i><\/span> En f\u00f6r svensk publik (fr\u00e5n <span style=\"font-family: Georgia-Italic,cursive;\"><i>Inglourious Basterds)<\/i><\/span> k\u00e4nd fransyska har den kvinnliga huvudrollen: <span style=\"font-family: Georgia-Italic,cursive;\"><i>M\u00e9lanie Laurent.<\/i><\/span> Nyligen s\u00e5gs hon som yrkesm\u00f6rdare p\u00e5 SVT i <span style=\"font-family: Georgia-Italic,cursive;\"><i>Requiem f\u00f6r en m\u00f6rderska<\/i><\/span> (2011), h\u00e4r vill hon i st\u00e4llet r\u00e4dda liv.<\/span><\/span><\/p>\n<p lang=\"sv-SE\" align=\"LEFT\"><span style=\"color: #800000; font-size: large;\"><span style=\"font-family: Georgia,serif;\">P\u00e5 ett s\u00e4tt hamnar denna veckas film p\u00e5 Folkets hus r\u00e4tt i tiden. Undertecknads f\u00f6rra kr\u00f6nika handlade om tre omtalade presidentval, idag \u00e4r en fj\u00e4rde omtalad president \u00e5ter p\u00e5 tapeten, Filippinernas <span style=\"font-family: Georgia-Italic,cursive;\"><i>Rodrigo Duterte,<\/i><\/span> d\u00e5 han just tangerat \u00e4mnet f\u00f6r den h\u00e4r veckans kr\u00f6nika med dessa ord:<\/span><\/span><\/p>\n<p lang=\"sv-SE\" style=\"padding-left: 30px;\" align=\"LEFT\"><span style=\"color: #800000; font-size: large;\"><span style=\"font-family: Georgia,serif;\">Hitler d\u00f6dade tre miljoner judar. Det finns tre miljoner drogmissbrukare. Jag skulle g\u00e4rna slakta dem. Om Tyskland hade Hitler, s\u00e5 skulle Filippinerna ha\u2026 [pekar p\u00e5 sig sj\u00e4lv]<\/span><\/span><\/p>\n<p lang=\"sv-SE\" align=\"LEFT\"><span style=\"color: #800000; font-size: large;\"><span style=\"font-family: Georgia,serif;\"><span lang=\"sv-SE\">Duterte s\u00e4ger sig vilja r\u00e4dda landets n\u00e4sta generation fr\u00e5n underg\u00e5ng. Den skr\u00f6pliga m\u00e4nniskan i det landet m\u00e5 inse presidentens r\u00e4ttsvidriga metoder men \u00e4nd\u00e5 godk\u00e4nna dem i ljuset av de m\u00e4ktiga brottssyndikatens fasansfulla framfart. \u2013 Fast inser de l\u00e5ngt d\u00e4r borta i Fj\u00e4rran \u00d6stern, vilka krafter som uppeldas h\u00e4r i Europa av hans j\u00e4mf\u00f6relse mellan drogmissbrukare och judar?<\/span><\/span><\/span><\/p>\n<p align=\"RIGHT\"><span style=\"font-size: medium; color: #800000;\"><em><span style=\"font-family: Verdana Italic,sans-serif;\">En id\u00e9 i idet av Bj\u00f6rn Forseth<\/span><\/em><\/span><\/p>\n<p style=\"text-align: center;\" align=\"RIGHT\"><a href=\"..\/idet\">\u00c5ter<\/a><\/p>\n","protected":false},"excerpt":{"rendered":"<p>I GRYNINGENS TIMMAR \u2013 gratistidning.com 2016-11-21 &nbsp; Bunt\u2019 ihop och sl\u00e5 ihj\u00e4l! \u00bbDen lyckliga dalen\u00ab, \u00bbLeendets land\u00ab och \u00bbEn liten fransk stad\u00ab \u2013 se d\u00e4r n\u00e5gra s\u00f6ta titlar, som inte skulle locka n\u00e5gon actiont\u00f6rstande att k\u00f6pa biljett. Ty \u00bbDen lyckliga dalen\u00ab l\u00e5ter som n\u00e5gon tidig novell av J R R Tolkien om hobbitarnas stillsamma liv &hellip; <\/p>\n<p class=\"link-more\"><a href=\"https:\/\/forseth.se\/?page_id=675\" class=\"more-link\">Forts\u00e4tt l\u00e4sa<span class=\"screen-reader-text\"> \u201dBunt\u2019 ihop och sl\u00e5 ihj\u00e4l!\u201d<\/span><\/a><\/p>\n","protected":false},"author":1,"featured_media":0,"parent":0,"menu_order":84,"comment_status":"closed","ping_status":"closed","template":"","meta":{"footnotes":""},"class_list":["post-675","page","type-page","status-publish","hentry"],"_links":{"self":[{"href":"https:\/\/forseth.se\/index.php?rest_route=\/wp\/v2\/pages\/675","targetHints":{"allow":["GET"]}}],"collection":[{"href":"https:\/\/forseth.se\/index.php?rest_route=\/wp\/v2\/pages"}],"about":[{"href":"https:\/\/forseth.se\/index.php?rest_route=\/wp\/v2\/types\/page"}],"author":[{"embeddable":true,"href":"https:\/\/forseth.se\/index.php?rest_route=\/wp\/v2\/users\/1"}],"replies":[{"embeddable":true,"href":"https:\/\/forseth.se\/index.php?rest_route=%2Fwp%2Fv2%2Fcomments&post=675"}],"version-history":[{"count":2,"href":"https:\/\/forseth.se\/index.php?rest_route=\/wp\/v2\/pages\/675\/revisions"}],"predecessor-version":[{"id":678,"href":"https:\/\/forseth.se\/index.php?rest_route=\/wp\/v2\/pages\/675\/revisions\/678"}],"wp:attachment":[{"href":"https:\/\/forseth.se\/index.php?rest_route=%2Fwp%2Fv2%2Fmedia&parent=675"}],"curies":[{"name":"wp","href":"https:\/\/api.w.org\/{rel}","templated":true}]}}