{"id":719,"date":"2017-05-09T17:52:04","date_gmt":"2017-05-09T15:52:04","guid":{"rendered":"https:\/\/forseth.se\/idet\/?page_id=719"},"modified":"2017-05-09T17:52:04","modified_gmt":"2017-05-09T15:52:04","slug":"tre-kulorer","status":"publish","type":"page","link":"https:\/\/forseth.se\/?page_id=719","title":{"rendered":"Tre kul\u00f6rer"},"content":{"rendered":"<p style=\"text-align: center;\"><span style=\"color: #800000;\">TRIKOLOREN \u2013 gratistidning.com 2017-02-10<\/span><\/p>\n<p style=\"text-align: center;\">\n<p style=\"text-align: center;\"><span style=\"color: #800000;\"><a style=\"color: #800000;\" href=\"https:\/\/forseth.se\/idet\/wp-content\/uploads\/2017\/05\/Trikoloren.jpg\"><img loading=\"lazy\" decoding=\"async\" class=\"aligncenter size-full wp-image-720\" src=\"https:\/\/forseth.se\/idet\/wp-content\/uploads\/2017\/05\/Trikoloren.jpg\" alt=\"\" width=\"1000\" height=\"631\" srcset=\"https:\/\/forseth.se\/wp-content\/uploads\/2017\/05\/Trikoloren.jpg 1000w, https:\/\/forseth.se\/wp-content\/uploads\/2017\/05\/Trikoloren-300x189.jpg 300w, https:\/\/forseth.se\/wp-content\/uploads\/2017\/05\/Trikoloren-768x485.jpg 768w\" sizes=\"auto, (max-width: 767px) 89vw, (max-width: 1000px) 54vw, (max-width: 1071px) 543px, 580px\" \/><\/a><\/span><\/p>\n<p style=\"text-align: center;\"><span style=\"color: #800000;\"><\/p>\n<style type=\"text\/css\">\n\t<!--\n\t\t@page { margin: 2cm }\n\t\tP { margin-bottom: 0.21cm }\n\t-->\n\t<\/style>\n<p><\/span><\/p>\n<p lang=\"sv-SE\" align=\"CENTER\"><span style=\"color: #800000; font-size: 300%;\"><span style=\"font-family: Gotham-Bold;\"><b>Tre kul\u00f6rer<\/b><\/span><\/span><\/p>\n<p lang=\"sv-SE\" align=\"CENTER\"><span style=\"color: #800000; font-size: large;\"><span style=\"font-family: Gotham-BoldItalic,cursive;\"><i><b>Hur ska han nu f\u00e5 r\u00f6kt vildsvin, f\u00e4rggrant kl\u00e4de och stark m\u00f6gelost att ha n\u00e5got med film att g\u00f6ra? fr\u00e5gar ni. V\u00e4nta och se!<\/b><\/i><\/span><\/span><\/p>\n<p lang=\"sv-SE\" align=\"LEFT\"><span style=\"color: #800000; font-size: large;\"><span style=\"font-family: Georgia,serif;\">Teveserier som aldrig tar slut lockar inte mig, men de lockar m\u00e5ngen. Okej om de best\u00e5r av avslutade avsnitt, men inte okej om de \u00e4r o\u00e4ndliga f\u00f6ljetonger <span style=\"font-family: Georgia-Italic,cursive;\"><i>(inte f\u00f6ljet\u00e4nger! \u2013 Jag har kollat upp det).<\/i><\/span> Man har v\u00e4l annat f\u00f6r sig \u00e4n att sitta och se p\u00e5 en turkisk dramaserie i hundrafyra avsnitt eller <span style=\"font-family: Georgia-Italic,cursive;\"><i>Homeland<\/i><\/span> i tio avsnitt g\u00e5nger tio g\u00e5nger tio g\u00e5nger\u2026 \u2013 ja, n\u00e4r tar den egentligen slut?<\/span><\/span><\/p>\n<p lang=\"sv-SE\" align=\"LEFT\"><span style=\"color: #800000; font-size: large;\"><span style=\"font-family: Georgia,serif;\">Men si, besserwisser d\u00e4r, det finns m\u00e5nga som inte har n\u00e5got annat f\u00f6r sig. Och k\u00f6ttet \u00e4r svagt p\u00e5 den mest principfaste: har man b\u00f6rjat se dem \u00e4r man fast lika s\u00e4kert som r\u00f6kare \u00e4r fast vid sina papyrosser.<\/span><\/span><\/p>\n<p lang=\"sv-SE\" align=\"LEFT\"><span style=\"color: #800000; font-size: large;\"><span style=\"font-family: Georgia,serif;\">Detta uppt\u00e4ckte man redan innan teven var uppfunnen. Som barn kunde jag h\u00f6ra \u00e4ldre tala om en <span style=\"font-family: Georgia-Italic,cursive;\"><i>Tom Mix,<\/i><\/span> som ocks\u00e5 fanns som filmstj\u00e4rnebild att byta mot n\u00e5gon annan filmstj\u00e4rna, fast vi aldrig hade sett den d\u00e4r figuren i n\u00e5gon film. F\u00f6r han var stumfilmshj\u00e4lte i en l\u00e5ng serie v\u00e4sternfilmer, d\u00e4r huvudpersonen alltid hette Tom. Biograferna hade d\u00e5f\u00f6rtiden alltid f\u00f6rspel <span style=\"font-family: Georgia-Italic,cursive;\"><i>(och d\u00e5 menar jag kortfilmer f\u00f6re huvudfilmen \u2013 inte det som vissa snuskhumrar t\u00e4nker p\u00e5)<\/i><\/span> i form av nyhetsjournaler och just serier.<\/span><\/span><\/p>\n<p lang=\"sv-SE\" align=\"LEFT\"><span style=\"color: #800000; font-size: large;\"><span style=\"font-family: Georgia,serif;\">I modern tid dyker det \u00e5ter upp serier p\u00e5 bio. <span style=\"font-family: Georgia-Italic,cursive;\"><i>Sergio Leone<\/i><\/span> b\u00f6rjade p\u00e5 serien \u00bbC\u2019era una volta\u00ab (Det var en g\u00e5ng) med en vilda v\u00e4stern-film: \u00bbC\u2019era una volta il West\u00ab (p\u00e5 svenska <span style=\"font-family: Georgia-Italic,cursive;\"><i>Harmonica \u2013 en h\u00e4mnare<\/i><\/span> 1968), sedan <span style=\"font-family: Georgia-Italic,cursive;\"><i>Once upon a time in America<\/i><\/span> (1984). N\u00e5gon tredje \u00bbDet var en g\u00e5ng\u00ab blev det inte. Leone avled.<\/span><\/span><\/p>\n<p lang=\"sv-SE\" align=\"LEFT\"><span style=\"color: #800000; font-size: large;\"><span style=\"font-family: Georgia,serif;\">Ocks\u00e5 <span style=\"font-family: Georgia-Italic,cursive;\"><i>Lars von Trier<\/i><\/span> p\u00e5b\u00f6rjade en trilogi om USA (som f\u00f6ljetong) med <span style=\"font-family: Georgia-Italic,cursive;\"><i>Dogville<\/i><\/span> 2003, sedan <span style=\"font-family: Georgia-Italic,cursive;\"><i>Manderlay<\/i><\/span> 2005 och\u2026 ja, den tredje filmen <span style=\"font-family: Georgia-Italic,cursive;\"><i>Wasington<\/i><\/span> p\u00e5st\u00e5s ha gjorts 2009, men det finns inga bevis p\u00e5 det.<\/span><\/span><\/p>\n<p lang=\"sv-SE\" align=\"LEFT\"><span style=\"color: #800000; font-size: large;\"><span style=\"font-family: Georgia,serif;\">En riktig matin\u00e9serie \u00e4r <span style=\"font-family: Georgia-Italic,cursive;\"><i>Star wars-<\/i><\/span>filmerna, som b\u00f6rjade med <span style=\"font-family: Georgia-Italic,cursive;\"><i>Stj\u00e4rnornas krig<\/i><\/span> (1977). Att det verkligen var biopubliken man ville \u00e5t kunde man se av att den spelades in i 70 mm-format, som teven aldrig kunde g\u00f6ra r\u00e4ttvisa.<\/span><\/span><\/p>\n<p lang=\"sv-SE\" align=\"LEFT\"><span style=\"color: #800000; font-size: large;\"><span style=\"font-family: Georgia,serif;\">I Sovjetunionen spelade <span style=\"font-family: Georgia-Italic,cursive;\"><i>Sergej Bondartjuk<\/i><\/span> in <span style=\"font-family: Georgia-Italic,cursive;\"><i>Leo Tolstojs<\/i><\/span> roman <span style=\"font-family: Georgia-Italic,cursive;\"><i>Krig och fred<\/i><\/span> 1967\u20131968, ocks\u00e5 den en serie f\u00f6r bio i 70 mm: tre l\u00e5ngfilmer (i Sverige hopskarvade till tv\u00e5 helaftonsfilmer), och den polske regiss\u00f6ren <span style=\"font-family: Georgia-Italic,cursive;\"><i>Krzysztof Kie\u015blowski<\/i><\/span> gjorde 1993\u20131994 en annan trilogi, <span style=\"font-family: Georgia-Italic,cursive;\"><i>Trikoloren. <\/i><\/span>Mer om den senare.<\/span><\/span><\/p>\n<p lang=\"sv-SE\" align=\"LEFT\"><span style=\"color: #800000; font-size: large;\"><span style=\"font-family: Georgia,serif;\">Kie\u015blowski hade strax innan (1988\u20131990) gjort en serie om tio filmer. D\u00e5 skulle det heta dekalogi, och <span style=\"font-family: Georgia-Italic,cursive;\"><i>tio Guds bud<\/i><\/span> i <span style=\"font-family: Georgia-Italic,cursive;\"><i>Bibeln<\/i><\/span> kallas just <span style=\"font-family: Georgia-Italic,cursive;\"><i>dekalogen.<\/i><\/span> F\u00f6ljdaktligen kallades ocks\u00e5 Kie\u015blowskis serie \u2013 <span style=\"font-family: Georgia-Italic,cursive;\"><i>Dekalog.<\/i><\/span> I den till\u00e4mpade han ett av de tio budorden p\u00e5 polsk vardag per film. Eftersom de bara var en timme l\u00e5nga avs\u00e5gs de f\u00f6r teve, men tv\u00e5 av budorden fick l\u00e4ngre versioner f\u00f6r biograferna: <span style=\"font-family: Georgia-Italic,cursive;\"><i>En liten film om k\u00e4rlek<\/i><\/span> (efter budordet <span style=\"font-family: Georgia-Italic,cursive;\"><i>Du skall inte beg\u00e5 \u00e4ktenskapsbrott)<\/i><\/span> och <span style=\"font-family: Georgia-Italic,cursive;\"><i>En liten film om konsten att d\u00f6da<\/i><\/span> (efter budordet <span style=\"font-family: Georgia-Italic,cursive;\"><i>Du skall inte dr\u00e4pa). <\/i><\/span>Serien innebar ett stort internationellt genombrott f\u00f6r Kie\u015blowski.<\/span><\/span><\/p>\n<p lang=\"sv-SE\" align=\"LEFT\"><span style=\"color: #800000; font-size: large;\"><span style=\"font-family: Georgia,serif;\">I den tidigare n\u00e4mnda trilogin (som betyder \u00bbtre f\u00e4rger\u00ab) utg\u00e5r varje film fr\u00e5n en av f\u00e4rgerna i den franska flaggan, trikoloren: <span style=\"font-family: Georgia-Italic,cursive;\"><i>Frihet \u2013 den bl\u00e5 filmen, Den vita filmen<\/i><\/span> och <span style=\"font-family: Georgia-Italic,cursive;\"><i>Den r\u00f6da filmen.<\/i><\/span> Den franska revolutionens paroller var ocks\u00e5 tre: <span style=\"font-family: Georgia-Italic,cursive;\"><i>frihet, j\u00e4mlikhet<\/i><\/span> och <span style=\"font-family: Georgia-Italic,cursive;\"><i>broderskap,<\/i><\/span> vilket Kie\u015blowski anspelar p\u00e5 i tre separata historier fr\u00e5n var sin stad (Paris, Warszawa och Gen\u00e8ve). De har ber\u00f6ringspunkter, och s\u00e5 knyts s\u00e4cken ihop i den sista av de tre.<\/span><\/span><\/p>\n<p lang=\"sv-SE\" align=\"LEFT\"><span style=\"color: #800000; font-size: large;\"><span style=\"font-family: Georgia,serif;\">Den seriens genomslag var enormt, vilket f\u00f6rklarar varf\u00f6r man nu har b\u00f6rjat visa den i nyrustade kopior. F\u00f6r Kie\u015blowski kanske det d\u00e4rmed var nog, ungef\u00e4r som n\u00e4r V\u00e4in\u00f6 Linna hade skrivit <span style=\"font-family: Georgia-Italic,cursive;\"><i>Ok\u00e4nd soldat<\/i><\/span> och sin trilogi om Finlands moderna historia, <span style=\"font-family: Georgia-Italic,cursive;\"><i>H\u00e4r under polstj\u00e4rnan.<\/i><\/span> Han la ner pennan, skrev inte mer. Kie\u015blowski la ner sin, och tv\u00e5 \u00e5r senare var han d\u00f6d.<\/span><\/span><\/p>\n<p lang=\"sv-SE\" align=\"LEFT\"><span style=\"color: #800000; font-size: large;\"><span style=\"font-family: Georgia,serif;\">Den bl\u00e5 filmen drog in 19 internationella priser, den vita \u00bbbara\u00ab ett och den r\u00f6da 17 stycken. Filmv\u00e4rlden hade velat se mer av Kie\u015blowski, men det fick den inte.<\/span><\/span><\/p>\n<p lang=\"sv-SE\" align=\"LEFT\"><span style=\"color: #800000; font-size: large;\"><span style=\"font-family: Georgia,serif;\">Vi i Kiruna f\u00e5r d\u00e4remot under marknadshelgen chans att se hela Trikoloren. Filmstudion visar de tv\u00e5 f\u00f6rsta p\u00e5 l\u00f6rdagskv\u00e4llen, den tredje p\u00e5 s\u00f6ndagskv\u00e4llen. Man hinner s\u00e5ledes f\u00f6rst p\u00e5 dagen k\u00f6pa kryddstark r\u00f6d vildsvinskorv, vackert vitt kl\u00e4de och doftande bl\u00e5m\u00f6gelost p\u00e5 marknaden innan man till kv\u00e4llen b\u00e4nkar sig f\u00f6r de bl\u00e5, vita och r\u00f6da filmerna i Folkets hus.<\/span><\/span><\/p>\n<p align=\"RIGHT\"><span style=\"font-family: NewCenturySchlbkLTStd-It,serif; color: #800000; font-size: small;\"><span lang=\"sv-SE\"><i>En id\u00e9 i idet av Bj\u00f6rn Forseth<\/i><\/span><\/span><\/p>\n<p align=\"RIGHT\">\n<p style=\"text-align: center;\" align=\"RIGHT\"><a href=\"..\/idet\">\u00c5ter<\/a><\/p>\n","protected":false},"excerpt":{"rendered":"<p>TRIKOLOREN \u2013 gratistidning.com 2017-02-10 Tre kul\u00f6rer Hur ska han nu f\u00e5 r\u00f6kt vildsvin, f\u00e4rggrant kl\u00e4de och stark m\u00f6gelost att ha n\u00e5got med film att g\u00f6ra? fr\u00e5gar ni. V\u00e4nta och se! Teveserier som aldrig tar slut lockar inte mig, men de lockar m\u00e5ngen. Okej om de best\u00e5r av avslutade avsnitt, men inte okej om de \u00e4r &hellip; <\/p>\n<p class=\"link-more\"><a href=\"https:\/\/forseth.se\/?page_id=719\" class=\"more-link\">Forts\u00e4tt l\u00e4sa<span class=\"screen-reader-text\"> \u201dTre kul\u00f6rer\u201d<\/span><\/a><\/p>\n","protected":false},"author":1,"featured_media":0,"parent":0,"menu_order":92,"comment_status":"closed","ping_status":"closed","template":"","meta":{"footnotes":""},"class_list":["post-719","page","type-page","status-publish","hentry"],"_links":{"self":[{"href":"https:\/\/forseth.se\/index.php?rest_route=\/wp\/v2\/pages\/719","targetHints":{"allow":["GET"]}}],"collection":[{"href":"https:\/\/forseth.se\/index.php?rest_route=\/wp\/v2\/pages"}],"about":[{"href":"https:\/\/forseth.se\/index.php?rest_route=\/wp\/v2\/types\/page"}],"author":[{"embeddable":true,"href":"https:\/\/forseth.se\/index.php?rest_route=\/wp\/v2\/users\/1"}],"replies":[{"embeddable":true,"href":"https:\/\/forseth.se\/index.php?rest_route=%2Fwp%2Fv2%2Fcomments&post=719"}],"version-history":[{"count":1,"href":"https:\/\/forseth.se\/index.php?rest_route=\/wp\/v2\/pages\/719\/revisions"}],"predecessor-version":[{"id":721,"href":"https:\/\/forseth.se\/index.php?rest_route=\/wp\/v2\/pages\/719\/revisions\/721"}],"wp:attachment":[{"href":"https:\/\/forseth.se\/index.php?rest_route=%2Fwp%2Fv2%2Fmedia&parent=719"}],"curies":[{"name":"wp","href":"https:\/\/api.w.org\/{rel}","templated":true}]}}